{"id":998,"date":"2011-08-15T09:36:07","date_gmt":"2011-08-15T08:36:07","guid":{"rendered":"http:\/\/www.jugulaire.fr\/?page_id=998"},"modified":"2021-12-05T08:15:56","modified_gmt":"2021-12-05T07:15:56","slug":"zykofaj","status":"publish","type":"page","link":"https:\/\/www.jugulaire.fr\/wordpress\/zykofaj\/","title":{"rendered":"Zykofaj"},"content":{"rendered":"<p style=\"text-align: justify;\"><strong>\u00a0Zykofaj<\/strong> est un groupe compos\u00e9 de <strong>FredQ<\/strong> (guitares et leadership), <strong>Ana\u00efs <\/strong>(chant), et <strong>Jug <\/strong>(programmation, synth\u00e9s, basse,\u00a0 mixage). Trois titres issus du r\u00e9pertoire de Diagramme ou de Cobaye ont \u00e9t\u00e9 enregistr\u00e9s en home-studio en hiver 2010 et finalis\u00e9s en 2011.<\/p>\n<ul>\n<li style=\"text-align: left;\"><strong>Violet<\/strong> <em>(paroles &amp; musique : FredQ)<\/em><\/li>\n<li style=\"text-align: left;\"><strong>De plus ou moins grands d\u00e9tours<\/strong> <em>(Jug \/ FredQ et Jug)<\/em><\/li>\n<li style=\"text-align: left;\"><strong>Souvienne<\/strong> <em>(paroles : Harry, musique : FredQ)<\/em><\/li>\n<\/ul>\n<div class=\"wp-playlist wp-audio-playlist wp-playlist-light\">\n\t\t\t<div class=\"wp-playlist-current-item\"><\/div>\n\t\t<audio controls=\"controls\" preload=\"none\" width=\"582\"\n\t\t\t><\/audio>\n\t<div class=\"wp-playlist-next\"><\/div>\n\t<div class=\"wp-playlist-prev\"><\/div>\n\t<noscript>\n\t<ol>\n\t\t<li><a href='https:\/\/www.jugulaire.fr\/wordpress\/wp-content\/uploads\/Zykofaj-Violet-record-hiver-2009-2010-mix-2011-07-23.mp3'>Violet<\/a><\/li><li><a href='https:\/\/www.jugulaire.fr\/wordpress\/wp-content\/uploads\/Zykofaj-De-plus-ou-moins-grands-detours-2011-07-24.mp3'>De plus ou moins grands d\u00e9tours<\/a><\/li><li><a href='https:\/\/www.jugulaire.fr\/wordpress\/wp-content\/uploads\/Zykofaj-Souvienne-record-hiver-2009-2010-mix-2011-07-24.mp3'>Souvienne<\/a><\/li>\t<\/ol>\n\t<\/noscript>\n\t<script type=\"application\/json\" class=\"wp-playlist-script\">{\"type\":\"audio\",\"tracklist\":true,\"tracknumbers\":true,\"images\":true,\"artists\":true,\"tracks\":[{\"src\":\"https:\/\/www.jugulaire.fr\/wordpress\/wp-content\/uploads\/Zykofaj-Violet-record-hiver-2009-2010-mix-2011-07-23.mp3\",\"type\":\"audio\/mpeg\",\"title\":\"Violet\",\"caption\":\"\",\"description\":\"\\u003Ci\\u003EViolet\\u003C\/i\\u003E tir\\u00e9 de \\u003Ci\\u003EZykofaj\\u003C\/i\\u003E par Zykofaj. Date de sortie\\u00a0: 2011. Genre\\u00a0: www.jugulaire.fr.\",\"meta\":{\"artist\":\"Zykofaj\",\"album\":\"Zykofaj\",\"genre\":\"www.jugulaire.fr\",\"year\":\"2011\",\"length_formatted\":\"3:57\"},\"image\":{\"src\":\"https:\/\/www.jugulaire.fr\/wordpress\/wp-content\/uploads\/Zykofaj-De-plus-ou-moins-grands-detours-2011-07-24-mp3-image.jpg\",\"width\":691,\"height\":433},\"thumb\":{\"src\":\"https:\/\/www.jugulaire.fr\/wordpress\/wp-content\/uploads\/Zykofaj-De-plus-ou-moins-grands-detours-2011-07-24-mp3-image-150x150.jpg\",\"width\":150,\"height\":150}},{\"src\":\"https:\/\/www.jugulaire.fr\/wordpress\/wp-content\/uploads\/Zykofaj-De-plus-ou-moins-grands-detours-2011-07-24.mp3\",\"type\":\"audio\/mpeg\",\"title\":\"De plus ou moins grands d\\u00e9tours\",\"caption\":\"\",\"description\":\"\\u003Ci\\u003EDe plus ou moins grands d\\u00e9tours\\u003C\/i\\u003E tir\\u00e9 de \\u003Ci\\u003EZykofaj\\u003C\/i\\u003E par Zykofaj. Date de sortie\\u00a0: 2011.\",\"meta\":{\"artist\":\"Zykofaj\",\"album\":\"Zykofaj\",\"year\":\"2011\",\"length_formatted\":\"3:15\"},\"image\":{\"src\":\"https:\/\/www.jugulaire.fr\/wordpress\/wp-content\/uploads\/Zykofaj-De-plus-ou-moins-grands-detours-2011-07-24-mp3-image.jpg\",\"width\":691,\"height\":433},\"thumb\":{\"src\":\"https:\/\/www.jugulaire.fr\/wordpress\/wp-content\/uploads\/Zykofaj-De-plus-ou-moins-grands-detours-2011-07-24-mp3-image-150x150.jpg\",\"width\":150,\"height\":150}},{\"src\":\"https:\/\/www.jugulaire.fr\/wordpress\/wp-content\/uploads\/Zykofaj-Souvienne-record-hiver-2009-2010-mix-2011-07-24.mp3\",\"type\":\"audio\/mpeg\",\"title\":\"Souvienne\",\"caption\":\"\",\"description\":\"\\u003Ci\\u003ESouvienne\\u003C\/i\\u003E tir\\u00e9 de \\u003Ci\\u003EZykofaj\\u003C\/i\\u003E par Zykofaj. Date de sortie\\u00a0: 2011.\",\"meta\":{\"artist\":\"Zykofaj\",\"album\":\"Zykofaj\",\"year\":\"2011\",\"length_formatted\":\"3:33\"},\"image\":{\"src\":\"https:\/\/www.jugulaire.fr\/wordpress\/wp-content\/uploads\/Zykofaj-De-plus-ou-moins-grands-detours-2011-07-24-mp3-image.jpg\",\"width\":691,\"height\":433},\"thumb\":{\"src\":\"https:\/\/www.jugulaire.fr\/wordpress\/wp-content\/uploads\/Zykofaj-De-plus-ou-moins-grands-detours-2011-07-24-mp3-image-150x150.jpg\",\"width\":150,\"height\":150}}]}<\/script>\n<\/div>\n\t\n<p><strong>De plus ou moins grands d\u00e9tours<\/strong><\/p>\n<p>paroles : Julien Garde<br \/>\nmusique : Fred Queva et Julien Garde<\/p>\n<p>(1)<br \/>\nLe p\u00e9riph\u00e9rique dessert<br \/>\nChacun de mes rendez-vous<br \/>\nLe p\u00e9riple n\u00e9cessaire<br \/>\nSe d\u00e9roule par mes quatre roues<br \/>\nPasser par le circulaire,<br \/>\nParis sans dessus ni dessous<br \/>\nPar ici on perd \u00e0 faire<br \/>\nDe plus ou moins grands d\u00e9tours<\/p>\n<p>(2)<br \/>\nJusqu&rsquo;\u00e0 ta porte je fends l&rsquo;air<br \/>\nParfum\u00e9e de bouff\u00e9es de mazout<br \/>\nEt moi j&rsquo;apporte le dessert<br \/>\nMais peu importe tes go\u00fbts.<br \/>\nCar ce soir on d\u00e9blat\u00e8re<br \/>\nLes potins et les 400 coups<br \/>\nEn prolongeant le dernier verre<br \/>\nDe plus ou moins grands d\u00e9tours<\/p>\n<p>Stop !<br \/>\nFlash\u00e9e<br \/>\nSur lui j&rsquo;ai flash\u00e9<br \/>\nMais surprise flash\u00e9e<br \/>\nJe vais lever le pied<br \/>\n(Dans la limite autoris\u00e9e&#8230;)<\/p>\n<p>Maintes et maintes manies nous m\u00e8nent au d\u00e9lit<br \/>\nJe ne roulais pas au pas !<br \/>\nJe ne roulais pas au pas !<br \/>\nMaintes et maintes manies nous m\u00e8nent au d\u00e9lice<br \/>\nTenterai-je ou pas l&rsquo;impasse ?<br \/>\nTenterai-je ou pas l&rsquo;impasse ?<br \/>\n(Dans la limite autoris\u00e9e&#8230;)<\/p>\n<p>(3)<br \/>\nLe p\u00e9riph\u00e9rique d\u00e9sert<br \/>\nAucun chat aux alentours<br \/>\nPour les p\u00e9rip\u00e9ties n\u00e9cessaires<br \/>\nEntre quatre yeux de velours<br \/>\nPasser par tant de myst\u00e8re<br \/>\nPour d\u00e9couvrir tous les dessous<br \/>\nPour aboutir \u00e0 mettre au clair<br \/>\nDe plus ou moins grands d\u00e9tours.<\/p>\n<p>(4)<br \/>\nEt moi j&rsquo;exhorte l&rsquo;ordinaire<br \/>\nParcourue de bouff\u00e9es d&rsquo;amour<br \/>\nEt moite et morte, je prends des airs<br \/>\nMais ralentis au carrefour<br \/>\nCar ce soir vraiment je gal\u00e8re<br \/>\nJe la loue mais je la gare o\u00f9 ?<br \/>\nCherchant qu&rsquo;une place lib\u00e8re<br \/>\nPar de plus ou moins grands d\u00e9tours.<\/p>\n<p>Stop !<\/p>\n","protected":false},"excerpt":{"rendered":"<p>\u00a0Zykofaj est un groupe compos\u00e9 de FredQ (guitares et leadership), Ana\u00efs (chant), et Jug (programmation, synth\u00e9s, basse,\u00a0 mixage). Trois titres issus du r\u00e9pertoire de Diagramme ou de Cobaye ont \u00e9t\u00e9 enregistr\u00e9s en home-studio en hiver 2010 et finalis\u00e9s en 2011. Violet (paroles &amp; musique : FredQ) De plus ou moins grands d\u00e9tours (Jug \/ FredQ &hellip; <a href=\"https:\/\/www.jugulaire.fr\/wordpress\/zykofaj\/\" class=\"more-link\">Continuer la lecture de <span class=\"screen-reader-text\">Zykofaj<\/span> <span class=\"meta-nav\">&rarr;<\/span><\/a><\/p>\n","protected":false},"author":1,"featured_media":0,"parent":0,"menu_order":0,"comment_status":"open","ping_status":"closed","template":"","meta":{"footnotes":""},"class_list":["post-998","page","type-page","status-publish","hentry"],"_links":{"self":[{"href":"https:\/\/www.jugulaire.fr\/wordpress\/wp-json\/wp\/v2\/pages\/998","targetHints":{"allow":["GET"]}}],"collection":[{"href":"https:\/\/www.jugulaire.fr\/wordpress\/wp-json\/wp\/v2\/pages"}],"about":[{"href":"https:\/\/www.jugulaire.fr\/wordpress\/wp-json\/wp\/v2\/types\/page"}],"author":[{"embeddable":true,"href":"https:\/\/www.jugulaire.fr\/wordpress\/wp-json\/wp\/v2\/users\/1"}],"replies":[{"embeddable":true,"href":"https:\/\/www.jugulaire.fr\/wordpress\/wp-json\/wp\/v2\/comments?post=998"}],"version-history":[{"count":21,"href":"https:\/\/www.jugulaire.fr\/wordpress\/wp-json\/wp\/v2\/pages\/998\/revisions"}],"predecessor-version":[{"id":2239,"href":"https:\/\/www.jugulaire.fr\/wordpress\/wp-json\/wp\/v2\/pages\/998\/revisions\/2239"}],"wp:attachment":[{"href":"https:\/\/www.jugulaire.fr\/wordpress\/wp-json\/wp\/v2\/media?parent=998"}],"curies":[{"name":"wp","href":"https:\/\/api.w.org\/{rel}","templated":true}]}}