{"id":84,"date":"2008-04-18T11:39:34","date_gmt":"2008-04-18T10:39:34","guid":{"rendered":"http:\/\/www.jugulaire.fr\/?p=84"},"modified":"2016-08-06T13:47:02","modified_gmt":"2016-08-06T12:47:02","slug":"le-foulard-et-le-chiffon","status":"publish","type":"page","link":"https:\/\/www.jugulaire.fr\/wordpress\/le-foulard-et-le-chiffon\/","title":{"rendered":"Le foulard et le chiffon"},"content":{"rendered":"<p>Am Dm Am Dm (riff reggae)<br \/>\nDm Am Em\/G F7 x2<br \/>\nC Gm EbM7 F#dim7 Gm A4 A<br \/>\nDm C<\/p>\n<p>Un foulard rencontre un chiffon<br \/>\nLui dit : \u00ab\u00a0regarde t&rsquo;es mal ras\u00e9\u00a0\u00bb<br \/>\nL&rsquo;autre r\u00e9torque : \u00ab\u00a0petit con<br \/>\nTu t&rsquo;es vu sortant de la machine \u00e0\u00a0 laver\u00a0\u00bb.<\/p>\n<p>Le foulard acquiesce : \u00ab\u00a0tu as raison,<br \/>\nje suis un peu \u00e9bouriff\u00e9<br \/>\nAllons donner un vote-sanction<br \/>\nComme \u00e7a apr\u00e8s ce sera pli\u00e9\u00a0\u00bb.<\/p>\n<p>On ne va pas lancer<br \/>\nUn d\u00e9bat de soci\u00e9t\u00e9<br \/>\nOn ne va pas se froisser.<\/p>\n<p>Le chiffon s&rsquo;y est frott\u00e9.<br \/>\nIl est parti manifester<br \/>\nla solution est toute trouv\u00e9e<br \/>\nIl faut changer la machine \u00e0\u00a0 laver.<\/p>\n<p>Le patron du teinturier<br \/>\nEssuye un revers, un ourlet.<br \/>\nLe costard est rapi\u00e9c\u00e9<br \/>\nMais on va s&rsquo;en raccommoder<\/p>\n<p>On ne va pas lancer<br \/>\nUn d\u00e9bat de soci\u00e9t\u00e9<br \/>\nOn ne va pas se froisser.<\/p>\n<p>Si celui que l&rsquo;on exempte<br \/>\nN&rsquo;est ni vainqueur ni vaincu<br \/>\nCe sont de petites mains innocentes<br \/>\nQui tirent au sort dans les chapeaux pointus<\/p>\n<p>On punit les enfants qui mentent<br \/>\nMais des menteurs ont leur avenue<br \/>\nLa patrie est reconnaissante<br \/>\nMais reste le soldat inconnu<\/p>\n<p>On ne va pas lancer<br \/>\nUn d\u00e9bat de sots cet \u00e9t\u00e9.<br \/>\nOn ne va pas se froisser.<\/p>\n","protected":false},"excerpt":{"rendered":"<p>Am Dm Am Dm (riff reggae) Dm Am Em\/G F7 x2 C Gm EbM7 F#dim7 Gm A4 A Dm C Un foulard rencontre un chiffon Lui dit : \u00ab\u00a0regarde t&rsquo;es mal ras\u00e9\u00a0\u00bb L&rsquo;autre r\u00e9torque : \u00ab\u00a0petit con Tu t&rsquo;es vu sortant de la machine \u00e0\u00a0 laver\u00a0\u00bb. Le foulard acquiesce : \u00ab\u00a0tu as raison, je suis &hellip; <a href=\"https:\/\/www.jugulaire.fr\/wordpress\/le-foulard-et-le-chiffon\/\" class=\"more-link\">Continuer la lecture de <span class=\"screen-reader-text\">Le foulard et le chiffon<\/span> <span class=\"meta-nav\">&rarr;<\/span><\/a><\/p>\n","protected":false},"author":1,"featured_media":0,"parent":0,"menu_order":0,"comment_status":"closed","ping_status":"closed","template":"","meta":{"footnotes":""},"class_list":["post-84","page","type-page","status-publish","hentry"],"_links":{"self":[{"href":"https:\/\/www.jugulaire.fr\/wordpress\/wp-json\/wp\/v2\/pages\/84","targetHints":{"allow":["GET"]}}],"collection":[{"href":"https:\/\/www.jugulaire.fr\/wordpress\/wp-json\/wp\/v2\/pages"}],"about":[{"href":"https:\/\/www.jugulaire.fr\/wordpress\/wp-json\/wp\/v2\/types\/page"}],"author":[{"embeddable":true,"href":"https:\/\/www.jugulaire.fr\/wordpress\/wp-json\/wp\/v2\/users\/1"}],"replies":[{"embeddable":true,"href":"https:\/\/www.jugulaire.fr\/wordpress\/wp-json\/wp\/v2\/comments?post=84"}],"version-history":[{"count":1,"href":"https:\/\/www.jugulaire.fr\/wordpress\/wp-json\/wp\/v2\/pages\/84\/revisions"}],"predecessor-version":[{"id":1423,"href":"https:\/\/www.jugulaire.fr\/wordpress\/wp-json\/wp\/v2\/pages\/84\/revisions\/1423"}],"wp:attachment":[{"href":"https:\/\/www.jugulaire.fr\/wordpress\/wp-json\/wp\/v2\/media?parent=84"}],"curies":[{"name":"wp","href":"https:\/\/api.w.org\/{rel}","templated":true}]}}