{"id":82,"date":"2008-04-21T16:18:53","date_gmt":"2008-04-21T15:18:53","guid":{"rendered":"http:\/\/www.jugulaire.fr\/?p=82"},"modified":"2016-08-22T20:43:38","modified_gmt":"2016-08-22T19:43:38","slug":"fou-de-patienter","status":"publish","type":"page","link":"https:\/\/www.jugulaire.fr\/wordpress\/fou-de-patienter\/","title":{"rendered":"Fou de patienter"},"content":{"rendered":"<p><span style=\"color: #999999;\">102 bpm<\/span><br \/>\n<span style=\"color: #999999;\"> 1er couplet<\/span><br \/>\n<span style=\"color: #999999;\"> F# F#7 Bm Bm7<\/span><br \/>\n<span style=\"color: #999999;\"> F# F#7 Bm&#8230;<\/span><\/p>\n<p style=\"padding-left: 30px;\"><strong>Pour savoir comment je vais m\u2019y prendre<\/strong><br \/>\n<strong> Tout le temps d\u2019y penser<\/strong><\/p>\n<p><span style=\"color: #999999;\">F# F#7 Bm Bm7<\/span><br \/>\n<span style=\"color: #999999;\"> F# F#7 Bm F#<\/span><\/p>\n<p style=\"padding-left: 30px;\"><strong>Respirer, simplifier, se d\u00e9tendre<\/strong><br \/>\n<strong> Laisser l\u2019univers pourvoyer<\/strong><\/p>\n<p><span style=\"color: #999999;\">Bm D Bm D F#<\/span><br \/>\n<span style=\"color: #999999;\">Bm D Bm F#<\/span><\/p>\n<p style=\"padding-left: 30px;\"><strong>Tout vient \u00e0 point \u00e0 qui sait attendre<\/strong><br \/>\n<strong> Tout vient \u00e0 point nomm\u00e9<\/strong><br \/>\n<strong>Tout vient au point o\u00f9 l\u2019on va comprendre<\/strong><br \/>\n<strong> Que l\u2019on est pr\u00e9par\u00e9<\/strong><\/p>\n<p><span style=\"color: #999999;\">2\u00e8me couplet<\/span><\/p>\n<p style=\"padding-left: 30px;\"><strong>Pour trouver le bon chemin \u00e0 prendre<\/strong><br \/>\n<strong> Par le haut regarder<\/strong><br \/>\n<strong> Regarder loin n\u2019est pas redescendre<\/strong><br \/>\n<strong> A trop anticiper l\u2019ann\u00e9e<\/strong><\/p>\n<p style=\"padding-left: 30px;\"><strong>Les revers, les d\u00e9tails, les m\u00e9andres<\/strong><br \/>\n<strong> Pour plus tard les garder<\/strong><br \/>\n<strong> Visualiser de l\u2019envers et non tendre<\/strong><br \/>\n<strong> Vers la ligne d\u2019arriv\u00e9e<\/strong><\/p>\n<p><span style=\"color: #999999;\">Refrain<\/span><br \/>\n<span style=\"color: #999999;\"> Bm D x3<\/span><\/p>\n<p style=\"padding-left: 30px;\"><strong>Etais-je fou de patienter<\/strong><br \/>\n<strong> Que la roue se mette \u00e0 tourner,<\/strong><br \/>\n<strong> Que ma moue soit effac\u00e9e ?<\/strong><br \/>\n<strong> Ca valait le coup pour constater<\/strong><\/p>\n<p><span style=\"color: #999999;\">E7 G C D<\/span><\/p>\n<p style=\"padding-left: 30px;\"><strong>Quand le rouet se met \u00e0 tourner,<\/strong><br \/>\n<strong> Qu\u2019aux d\u00e9tours, il \u00e9chappe \u00e0 ma volont\u00e9<\/strong><\/p>\n<p><span style=\"color: #999999;\">Pont (glisse vers C#)<\/span><br \/>\n<span style=\"color: #999999;\"> F# D D7M D7 G G\/F<\/span><br \/>\n<span style=\"color: #999999;\"> Em G\/D A\/C# C G<\/span><\/p>\n<p style=\"padding-left: 30px;\"><strong>Comme un colima\u00e7on<\/strong><br \/>\n<strong> Mont\u00e9 pas \u00e0 pas<\/strong><br \/>\n<strong> A chaque d\u00e9cision<\/strong><br \/>\n<strong> J\u2019ai donn\u00e9 le ton<\/strong><br \/>\n<strong> Et jeter les jetons<\/strong><\/p>\n<p><span style=\"color: #999999;\">F# D D7M D7 G G\/F<\/span><br \/>\n<span style=\"color: #999999;\"> Em Ddim F#<\/span><\/p>\n<p style=\"padding-left: 30px;\"><strong>Et les \u201cqu\u2019en dira-t-on\u201d<\/strong><br \/>\n<strong> Des candidats candides<\/strong><br \/>\n<strong> Et donneurs d\u2019opinions<\/strong><br \/>\n<strong> Ma motivation<\/strong><br \/>\n<strong> Est d\u2019en tirer les le\u00e7ons<\/strong><\/p>\n<p><span style=\"color: #999999;\">Bm C# G D Bm F#m C#<\/span><br \/>\n<span style=\"color: #999999;\"> ouh&#8230;<\/span><\/p>\n<p><span style=\"color: #999999;\">Refrain 108 bpm<\/span><br \/>\n<span style=\"color: #999999;\"> F#m A x3<\/span><\/p>\n<p style=\"padding-left: 30px;\"><strong>Etais-je fou de patienter<\/strong><br \/>\n<strong> Que la roue se mette \u00e0 tourner,<\/strong><br \/>\n<strong> Que ma moue soit effac\u00e9e ?<\/strong><br \/>\n<strong> Ca valait les coups pour constater<\/strong><\/p>\n<p><span style=\"color: #999999;\">B7 D G A<\/span><\/p>\n<p style=\"padding-left: 30px;\"><strong>Quand le rouet se met \u00e0 tourner,<\/strong><br \/>\n<strong> Aux d\u00e9tours, les fils s\u2019\u00e9charpent \u00e0 volont\u00e9<\/strong><\/p>\n<p><span style=\"color: #999999;\">Fin 88 bpm<\/span><br \/>\n<span style=\"color: #999999;\"> B7 D G F#<\/span><\/p>\n<p style=\"padding-left: 30px;\"><strong>Mais dans cette cour<\/strong><br \/>\n<strong> Le cours des choses<\/strong><br \/>\n<strong> Ne s\u2019\u00e9chappe-t-il pas de ma volont\u00e9 ?<\/strong><\/p>\n<p style=\"padding-left: 30px;\">\n","protected":false},"excerpt":{"rendered":"<p>102 bpm 1er couplet F# F#7 Bm Bm7 F# F#7 Bm&#8230; Pour savoir comment je vais m\u2019y prendre Tout le temps d\u2019y penser F# F#7 Bm Bm7 F# F#7 Bm F# Respirer, simplifier, se d\u00e9tendre Laisser l\u2019univers pourvoyer Bm D Bm D F# Bm D Bm F# Tout vient \u00e0 point \u00e0 qui sait attendre &hellip; <a href=\"https:\/\/www.jugulaire.fr\/wordpress\/fou-de-patienter\/\" class=\"more-link\">Continuer la lecture de <span class=\"screen-reader-text\">Fou de patienter<\/span> <span class=\"meta-nav\">&rarr;<\/span><\/a><\/p>\n","protected":false},"author":1,"featured_media":0,"parent":0,"menu_order":0,"comment_status":"closed","ping_status":"closed","template":"","meta":{"footnotes":""},"class_list":["post-82","page","type-page","status-publish","hentry"],"_links":{"self":[{"href":"https:\/\/www.jugulaire.fr\/wordpress\/wp-json\/wp\/v2\/pages\/82","targetHints":{"allow":["GET"]}}],"collection":[{"href":"https:\/\/www.jugulaire.fr\/wordpress\/wp-json\/wp\/v2\/pages"}],"about":[{"href":"https:\/\/www.jugulaire.fr\/wordpress\/wp-json\/wp\/v2\/types\/page"}],"author":[{"embeddable":true,"href":"https:\/\/www.jugulaire.fr\/wordpress\/wp-json\/wp\/v2\/users\/1"}],"replies":[{"embeddable":true,"href":"https:\/\/www.jugulaire.fr\/wordpress\/wp-json\/wp\/v2\/comments?post=82"}],"version-history":[{"count":5,"href":"https:\/\/www.jugulaire.fr\/wordpress\/wp-json\/wp\/v2\/pages\/82\/revisions"}],"predecessor-version":[{"id":1592,"href":"https:\/\/www.jugulaire.fr\/wordpress\/wp-json\/wp\/v2\/pages\/82\/revisions\/1592"}],"wp:attachment":[{"href":"https:\/\/www.jugulaire.fr\/wordpress\/wp-json\/wp\/v2\/media?parent=82"}],"curies":[{"name":"wp","href":"https:\/\/api.w.org\/{rel}","templated":true}]}}