{"id":81,"date":"2008-04-18T11:04:44","date_gmt":"2008-04-18T10:04:44","guid":{"rendered":"http:\/\/www.jugulaire.fr\/?p=81"},"modified":"2023-07-08T08:51:34","modified_gmt":"2023-07-08T07:51:34","slug":"a-mi-chemin","status":"publish","type":"page","link":"https:\/\/www.jugulaire.fr\/wordpress\/a-mi-chemin\/","title":{"rendered":"A mi-chemin"},"content":{"rendered":"\n<p class=\"has-off-white-background-color has-background\">paroles &amp; musique : Jug<br>chant : Mag<br>solo : Fred<br><em>Une chanson \u00e0 propos des projets dont l&rsquo;ach\u00e8vement \u00e9tait finalement \u00e0 une \u00e9tape pr\u00e9coce<\/em><\/p>\n\n\n\n<figure class=\"wp-block-audio\"><audio controls src=\"https:\/\/www.jugulaire.fr\/wordpress\/wp-content\/uploads\/14-A-mi-chemin.mp3\"><\/audio><\/figure>\n\n\n\n<figure class=\"wp-block-image size-large\"><a href=\"https:\/\/www.jugulaire.fr\/wordpress\/wp-content\/uploads\/a-mi-chemin-intro-guitare-1.png\"><img loading=\"lazy\" decoding=\"async\" width=\"1024\" height=\"818\" src=\"https:\/\/www.jugulaire.fr\/wordpress\/wp-content\/uploads\/a-mi-chemin-intro-guitare-1-1024x818.png\" alt=\"\" class=\"wp-image-2693\" srcset=\"https:\/\/www.jugulaire.fr\/wordpress\/wp-content\/uploads\/a-mi-chemin-intro-guitare-1-1024x818.png 1024w, https:\/\/www.jugulaire.fr\/wordpress\/wp-content\/uploads\/a-mi-chemin-intro-guitare-1-300x240.png 300w, https:\/\/www.jugulaire.fr\/wordpress\/wp-content\/uploads\/a-mi-chemin-intro-guitare-1-768x613.png 768w, https:\/\/www.jugulaire.fr\/wordpress\/wp-content\/uploads\/a-mi-chemin-intro-guitare-1-1536x1227.png 1536w, https:\/\/www.jugulaire.fr\/wordpress\/wp-content\/uploads\/a-mi-chemin-intro-guitare-1-2048x1635.png 2048w\" sizes=\"auto, (max-width: 1024px) 100vw, 1024px\" \/><\/a><\/figure>\n\n\n\n<p><em>(intro)<\/em><br>Em Gm7 Em C2 Em Gm7 A7 Em A7 Em<\/p>\n\n\n\n<figure class=\"wp-block-image size-large\"><a href=\"https:\/\/www.jugulaire.fr\/wordpress\/wp-content\/uploads\/a-mi-chemin-couplet-1.png\"><img loading=\"lazy\" decoding=\"async\" width=\"1024\" height=\"534\" src=\"https:\/\/www.jugulaire.fr\/wordpress\/wp-content\/uploads\/a-mi-chemin-couplet-1-1024x534.png\" alt=\"\" class=\"wp-image-2694\" srcset=\"https:\/\/www.jugulaire.fr\/wordpress\/wp-content\/uploads\/a-mi-chemin-couplet-1-1024x534.png 1024w, https:\/\/www.jugulaire.fr\/wordpress\/wp-content\/uploads\/a-mi-chemin-couplet-1-300x156.png 300w, https:\/\/www.jugulaire.fr\/wordpress\/wp-content\/uploads\/a-mi-chemin-couplet-1-768x400.png 768w, https:\/\/www.jugulaire.fr\/wordpress\/wp-content\/uploads\/a-mi-chemin-couplet-1-1536x801.png 1536w, https:\/\/www.jugulaire.fr\/wordpress\/wp-content\/uploads\/a-mi-chemin-couplet-1-2048x1067.png 2048w\" sizes=\"auto, (max-width: 1024px) 100vw, 1024px\" \/><\/a><\/figure>\n\n\n\n<p><em>(couplet 1)<\/em><br>Em D Am C x 3<br><strong>Lorsqu&rsquo;amie cale, mon amie r\u00e2le, amidonn\u00e9e.<br>Mon amie dit qu&rsquo;un ami nuit, \u00e2me isol\u00e9e.<br>A mi-mot, amie c\u00e2lin, nous en resterons \u00e0 mi-chemin.<\/strong><\/p>\n\n\n\n<figure class=\"wp-block-image size-large\"><a href=\"https:\/\/www.jugulaire.fr\/wordpress\/wp-content\/uploads\/a-mi-chemin-pont-1.png\"><img loading=\"lazy\" decoding=\"async\" width=\"1024\" height=\"961\" src=\"https:\/\/www.jugulaire.fr\/wordpress\/wp-content\/uploads\/a-mi-chemin-pont-1-1024x961.png\" alt=\"\" class=\"wp-image-2695\" srcset=\"https:\/\/www.jugulaire.fr\/wordpress\/wp-content\/uploads\/a-mi-chemin-pont-1-1024x961.png 1024w, https:\/\/www.jugulaire.fr\/wordpress\/wp-content\/uploads\/a-mi-chemin-pont-1-300x282.png 300w, https:\/\/www.jugulaire.fr\/wordpress\/wp-content\/uploads\/a-mi-chemin-pont-1-768x721.png 768w, https:\/\/www.jugulaire.fr\/wordpress\/wp-content\/uploads\/a-mi-chemin-pont-1-1536x1442.png 1536w, https:\/\/www.jugulaire.fr\/wordpress\/wp-content\/uploads\/a-mi-chemin-pont-1-2048x1922.png 2048w\" sizes=\"auto, (max-width: 1024px) 100vw, 1024px\" \/><\/a><\/figure>\n\n\n\n<p>E C#m7 C2 Am x2 G B7<br><em>ouhouuuu<\/em><\/p>\n\n\n\n<p><em>(couplet 2)<\/em><\/p>\n\n\n\n<p><strong>Lorsqu&rsquo;\u00e0 miracle, ses habits taclent mon cloche-pied<br>Tousse, am\u00e9liore, et n&rsquo;en d\u00e9mord de m&rsquo;irradier<br>Mais \u00e0 mi- cils tourne l&rsquo;idylle, admirable \u00e2me irritable<\/strong><\/p>\n\n\n\n<p><em>(refrain)<\/em><\/p>\n\n\n\n<p><strong>Amie, je te prend la main&#8230;. (dans le sac)<br>Amie tu restes demain&#8230;. (opaque)<br>Animaux, ou g\u00e9nie alcalin, nous en resterons \u00e0  mi-chemin.<\/strong><\/p>\n\n\n\n<figure class=\"wp-block-image size-large\"><a href=\"https:\/\/www.jugulaire.fr\/wordpress\/wp-content\/uploads\/a-mi-chemin-refrain-1.png\"><img loading=\"lazy\" decoding=\"async\" width=\"724\" height=\"1024\" src=\"https:\/\/www.jugulaire.fr\/wordpress\/wp-content\/uploads\/a-mi-chemin-refrain-1-724x1024.png\" alt=\"\" class=\"wp-image-2697\" srcset=\"https:\/\/www.jugulaire.fr\/wordpress\/wp-content\/uploads\/a-mi-chemin-refrain-1-724x1024.png 724w, https:\/\/www.jugulaire.fr\/wordpress\/wp-content\/uploads\/a-mi-chemin-refrain-1-212x300.png 212w, https:\/\/www.jugulaire.fr\/wordpress\/wp-content\/uploads\/a-mi-chemin-refrain-1-768x1086.png 768w, https:\/\/www.jugulaire.fr\/wordpress\/wp-content\/uploads\/a-mi-chemin-refrain-1-1086x1536.png 1086w, https:\/\/www.jugulaire.fr\/wordpress\/wp-content\/uploads\/a-mi-chemin-refrain-1-1448x2048.png 1448w\" sizes=\"auto, (max-width: 724px) 100vw, 724px\" \/><\/a><\/figure>\n","protected":false},"excerpt":{"rendered":"<p>paroles &amp; musique : Jugchant : Magsolo : FredUne chanson \u00e0 propos des projets dont l&rsquo;ach\u00e8vement \u00e9tait finalement \u00e0 une \u00e9tape pr\u00e9coce (intro)Em Gm7 Em C2 Em Gm7 A7 Em A7 Em (couplet 1)Em D Am C x 3Lorsqu&rsquo;amie cale, mon amie r\u00e2le, amidonn\u00e9e.Mon amie dit qu&rsquo;un ami nuit, \u00e2me isol\u00e9e.A mi-mot, amie c\u00e2lin, nous &hellip; <a href=\"https:\/\/www.jugulaire.fr\/wordpress\/a-mi-chemin\/\" class=\"more-link\">Continuer la lecture de <span class=\"screen-reader-text\">A mi-chemin<\/span> <span class=\"meta-nav\">&rarr;<\/span><\/a><\/p>\n","protected":false},"author":1,"featured_media":0,"parent":0,"menu_order":0,"comment_status":"closed","ping_status":"closed","template":"","meta":{"footnotes":""},"class_list":["post-81","page","type-page","status-publish","hentry"],"_links":{"self":[{"href":"https:\/\/www.jugulaire.fr\/wordpress\/wp-json\/wp\/v2\/pages\/81","targetHints":{"allow":["GET"]}}],"collection":[{"href":"https:\/\/www.jugulaire.fr\/wordpress\/wp-json\/wp\/v2\/pages"}],"about":[{"href":"https:\/\/www.jugulaire.fr\/wordpress\/wp-json\/wp\/v2\/types\/page"}],"author":[{"embeddable":true,"href":"https:\/\/www.jugulaire.fr\/wordpress\/wp-json\/wp\/v2\/users\/1"}],"replies":[{"embeddable":true,"href":"https:\/\/www.jugulaire.fr\/wordpress\/wp-json\/wp\/v2\/comments?post=81"}],"version-history":[{"count":13,"href":"https:\/\/www.jugulaire.fr\/wordpress\/wp-json\/wp\/v2\/pages\/81\/revisions"}],"predecessor-version":[{"id":2708,"href":"https:\/\/www.jugulaire.fr\/wordpress\/wp-json\/wp\/v2\/pages\/81\/revisions\/2708"}],"wp:attachment":[{"href":"https:\/\/www.jugulaire.fr\/wordpress\/wp-json\/wp\/v2\/media?parent=81"}],"curies":[{"name":"wp","href":"https:\/\/api.w.org\/{rel}","templated":true}]}}