{"id":79,"date":"2008-04-18T11:00:38","date_gmt":"2008-04-18T10:00:38","guid":{"rendered":"http:\/\/www.jugulaire.fr\/?p=79"},"modified":"2023-04-23T18:07:29","modified_gmt":"2023-04-23T17:07:29","slug":"tete-a-tue-tete","status":"publish","type":"page","link":"https:\/\/www.jugulaire.fr\/wordpress\/tete-a-tue-tete\/","title":{"rendered":"T\u00eate \u00e0 tue-t\u00eate"},"content":{"rendered":"<p><strong>Em G D Am (en boucle)<\/strong><\/p>\n<p>Arr\u00eate s&rsquo;te pla\u00eet _ de me faire la t\u00eate,<br \/>\nEcoutes c&rsquo;qu&rsquo;j&rsquo;dis,<br \/>\nTu vois bien _ que je regrette.<\/p>\n<p>Clignes des yeux _ \u00e0\u00a0 d\u00e9faut d&rsquo;signe de t\u00eate,<br \/>\nEcoutes c&rsquo;qu&rsquo;j&rsquo;dis,<br \/>\nJe ne suis quand _ m\u00eame pas si b\u00eate.<\/p>\n<p><strong>E G E G C A B7<\/strong><\/p>\n<p>Je sais qu&rsquo;\u00e0\u00a0 se lamenter sur son sort,<br \/>\nOn se d\u00e9couvre en vrai beaucoup moins fort,<br \/>\nEt le tord _ j&rsquo;n&rsquo;en d\u00e9more _ pas m&rsquo;a tant ralenti.<\/p>\n<p>2<\/p>\n<p>Autant que j&rsquo;peux _ j&rsquo;ob\u00e9is \u00e0\u00a0 la lettre,<br \/>\nMais je t&rsquo;en prie<br \/>\nJe n&rsquo;peux pas _ tout retenir de t\u00eate.<\/p>\n<p>Soulages-moi _ de cette prise de t\u00eate,<br \/>\nQu&rsquo;est-ce qui t&rsquo;a pris ?<br \/>\nJe ne suis pas _ de nature trouble-f\u00eate.<\/p>\n<p>Je sais c&rsquo;est \u00e0\u00a0 celui qui a le moins tord<br \/>\nDe bien veiller \u00e0\u00a0 m\u00e9nager ses efforts.<br \/>\nEt mon fort _ tu ne l&rsquo;ignores _ pas est au ralenti.<\/p>\n<p><strong>pont : A7 D7 B7 Em A7 D7 F# B<\/strong><\/p>\n<p>Et si ca continue j&rsquo;endosserai tous les tords<br \/>\nAvec le wifi j&rsquo;irai dormir dehors<br \/>\nJe ruminerai le fond de nos d\u00e9saccords<br \/>\nJusqu&rsquo;\u00e0\u00a0 ce que l&rsquo;un de nous deux devienne dinosaure.<\/p>\n<p>3<\/p>\n<p>Mais je sais bien au fond ce qui t&rsquo;inqui\u00e8te<br \/>\nDans la vraie vie<br \/>\nTout le rose et dor\u00e9 n&rsquo;est pas si chouette<\/p>\n<p>Par dessus tout le syndrome des chaussettes<br \/>\n\u00c9ternellement<br \/>\nD\u00e9nouer ce si navrant casse-t\u00eate<\/p>\n<p>Je sais c&rsquo;est \u00e0\u00a0 celui qui a le moins tord<br \/>\nDe bien veiller \u00e0\u00a0 m\u00e9nager ses efforts.<br \/>\nEt mon fort _ tu ne l&rsquo;ignores _ pas est au ralenti.<\/p>\n","protected":false},"excerpt":{"rendered":"<p>Em G D Am (en boucle) Arr\u00eate s&rsquo;te pla\u00eet _ de me faire la t\u00eate, Ecoutes c&rsquo;qu&rsquo;j&rsquo;dis, Tu vois bien _ que je regrette. Clignes des yeux _ \u00e0\u00a0 d\u00e9faut d&rsquo;signe de t\u00eate, Ecoutes c&rsquo;qu&rsquo;j&rsquo;dis, Je ne suis quand _ m\u00eame pas si b\u00eate. E G E G C A B7 Je sais qu&rsquo;\u00e0\u00a0 se &hellip; <a href=\"https:\/\/www.jugulaire.fr\/wordpress\/tete-a-tue-tete\/\" class=\"more-link\">Continuer la lecture de <span class=\"screen-reader-text\">T\u00eate \u00e0 tue-t\u00eate<\/span> <span class=\"meta-nav\">&rarr;<\/span><\/a><\/p>\n","protected":false},"author":1,"featured_media":0,"parent":0,"menu_order":0,"comment_status":"closed","ping_status":"closed","template":"","meta":{"footnotes":""},"class_list":["post-79","page","type-page","status-publish","hentry"],"_links":{"self":[{"href":"https:\/\/www.jugulaire.fr\/wordpress\/wp-json\/wp\/v2\/pages\/79","targetHints":{"allow":["GET"]}}],"collection":[{"href":"https:\/\/www.jugulaire.fr\/wordpress\/wp-json\/wp\/v2\/pages"}],"about":[{"href":"https:\/\/www.jugulaire.fr\/wordpress\/wp-json\/wp\/v2\/types\/page"}],"author":[{"embeddable":true,"href":"https:\/\/www.jugulaire.fr\/wordpress\/wp-json\/wp\/v2\/users\/1"}],"replies":[{"embeddable":true,"href":"https:\/\/www.jugulaire.fr\/wordpress\/wp-json\/wp\/v2\/comments?post=79"}],"version-history":[{"count":3,"href":"https:\/\/www.jugulaire.fr\/wordpress\/wp-json\/wp\/v2\/pages\/79\/revisions"}],"predecessor-version":[{"id":2654,"href":"https:\/\/www.jugulaire.fr\/wordpress\/wp-json\/wp\/v2\/pages\/79\/revisions\/2654"}],"wp:attachment":[{"href":"https:\/\/www.jugulaire.fr\/wordpress\/wp-json\/wp\/v2\/media?parent=79"}],"curies":[{"name":"wp","href":"https:\/\/api.w.org\/{rel}","templated":true}]}}