{"id":78,"date":"2008-06-05T10:40:54","date_gmt":"2008-06-05T09:40:54","guid":{"rendered":"http:\/\/www.jugulaire.fr\/?p=78"},"modified":"2023-07-08T07:30:50","modified_gmt":"2023-07-08T06:30:50","slug":"differe","status":"publish","type":"page","link":"https:\/\/www.jugulaire.fr\/wordpress\/differe\/","title":{"rendered":"Diff\u00e8re"},"content":{"rendered":"\n<p class=\"has-off-white-background-color has-background\">paroles &amp; musique : Jug<br>chant : Ptiju<br><em>Une chanson \u00e0 propos de l&rsquo;incapacit\u00e9 \u00e0 convaincre quand on ne voit pas voir les choses de la m\u00eame mani\u00e8re<\/em><\/p>\n\n\n\n<figure class=\"wp-block-audio\"><audio controls src=\"https:\/\/www.jugulaire.fr\/wordpress\/wp-content\/uploads\/03-Differe.mp3\"><\/audio><\/figure>\n\n\n\n<p>F#m A7 DM7 F4<br>A E C D<\/p>\n\n\n\n<p>Tout ce que je pr\u00e9f\u00e8re<br>Tout ce que je peux faire<br>Tout ce que tu prof\u00e8res<br>Tout ce \u00e0&nbsp; quoi j\u2019adh\u00e8re,<br>Diff\u00e8re !<\/p>\n\n\n\n<p><strong>Diff\u00e8re, faut s\u2019y faire,<br>Car \u00e7a t\u2019indiff\u00e8re<br>D\u2019y faire oh d\u2019y faire<br>Un peu attention.<\/strong><\/p>\n\n\n\n<p><strong>Diff\u00e8re, faut s\u2019y faire,<br>Je voudrais que tu diff\u00e8res<br>tant qu\u2019\u00e0\u00a0 faire<br>un peu tes interventions.<\/strong><\/p>\n\n\n\n<p>Tout ce qui s\u2019av\u00e8re<br>Dans nos jugements s\u00e9v\u00e8res<br>Tout ce que j\u2019ai souffert.<br>Mais tout ce que j\u2019ai su faire,<br>Diff\u00e8re !<\/p>\n\n\n\n<p><strong>Diff\u00e8re, dur comme fer,<br>Car \u00e7a t\u2019indiff\u00e8re<br>D\u2019y faire oh d\u2019y faire<br>Un peu attention.<\/strong><\/p>\n\n\n\n<p><strong>L&rsquo;enfer, je vocif\u00e8re,<br>Je voudrais que tu diff\u00e8res<br>tant qu\u2019\u00e0\u00a0 faire<br>un peu tes interventions.<\/strong><\/p>\n\n\n\n<p><strong>Temp\u00e8re ou obtemp\u00e8re<br>Mais je voudrais que tu lib\u00e8res<br>Le nerf de la guerre<br>En demandant pardon<\/strong><\/p>\n\n\n\n<p><strong>D\u00e9faire et refaire,<br>Il faudrait que je d\u00e9f\u00e8re<br>L\u2019affaire toute enti\u00e8re<br>Jusqu\u2019au plus haut patron.<\/strong><\/p>\n\n\n\n<figure class=\"wp-block-image size-large\"><a href=\"https:\/\/www.jugulaire.fr\/wordpress\/wp-content\/uploads\/differe-1.png\"><img loading=\"lazy\" decoding=\"async\" width=\"724\" height=\"1024\" src=\"https:\/\/www.jugulaire.fr\/wordpress\/wp-content\/uploads\/differe-1-724x1024.png\" alt=\"\" class=\"wp-image-2702\" srcset=\"https:\/\/www.jugulaire.fr\/wordpress\/wp-content\/uploads\/differe-1-724x1024.png 724w, https:\/\/www.jugulaire.fr\/wordpress\/wp-content\/uploads\/differe-1-212x300.png 212w, https:\/\/www.jugulaire.fr\/wordpress\/wp-content\/uploads\/differe-1-768x1086.png 768w, https:\/\/www.jugulaire.fr\/wordpress\/wp-content\/uploads\/differe-1-1086x1536.png 1086w, https:\/\/www.jugulaire.fr\/wordpress\/wp-content\/uploads\/differe-1-1448x2048.png 1448w\" sizes=\"auto, (max-width: 724px) 100vw, 724px\" \/><\/a><\/figure>\n","protected":false},"excerpt":{"rendered":"<p>paroles &amp; musique : Jugchant : PtijuUne chanson \u00e0 propos de l&rsquo;incapacit\u00e9 \u00e0 convaincre quand on ne voit pas voir les choses de la m\u00eame mani\u00e8re F#m A7 DM7 F4A E C D Tout ce que je pr\u00e9f\u00e8reTout ce que je peux faireTout ce que tu prof\u00e8resTout ce \u00e0&nbsp; quoi j\u2019adh\u00e8re,Diff\u00e8re ! Diff\u00e8re, faut s\u2019y &hellip; <a href=\"https:\/\/www.jugulaire.fr\/wordpress\/differe\/\" class=\"more-link\">Continuer la lecture de <span class=\"screen-reader-text\">Diff\u00e8re<\/span> <span class=\"meta-nav\">&rarr;<\/span><\/a><\/p>\n","protected":false},"author":1,"featured_media":0,"parent":0,"menu_order":0,"comment_status":"closed","ping_status":"closed","template":"","meta":{"footnotes":""},"class_list":["post-78","page","type-page","status-publish","hentry"],"_links":{"self":[{"href":"https:\/\/www.jugulaire.fr\/wordpress\/wp-json\/wp\/v2\/pages\/78","targetHints":{"allow":["GET"]}}],"collection":[{"href":"https:\/\/www.jugulaire.fr\/wordpress\/wp-json\/wp\/v2\/pages"}],"about":[{"href":"https:\/\/www.jugulaire.fr\/wordpress\/wp-json\/wp\/v2\/types\/page"}],"author":[{"embeddable":true,"href":"https:\/\/www.jugulaire.fr\/wordpress\/wp-json\/wp\/v2\/users\/1"}],"replies":[{"embeddable":true,"href":"https:\/\/www.jugulaire.fr\/wordpress\/wp-json\/wp\/v2\/comments?post=78"}],"version-history":[{"count":6,"href":"https:\/\/www.jugulaire.fr\/wordpress\/wp-json\/wp\/v2\/pages\/78\/revisions"}],"predecessor-version":[{"id":2706,"href":"https:\/\/www.jugulaire.fr\/wordpress\/wp-json\/wp\/v2\/pages\/78\/revisions\/2706"}],"wp:attachment":[{"href":"https:\/\/www.jugulaire.fr\/wordpress\/wp-json\/wp\/v2\/media?parent=78"}],"curies":[{"name":"wp","href":"https:\/\/api.w.org\/{rel}","templated":true}]}}