{"id":73,"date":"2008-04-18T10:46:25","date_gmt":"2008-04-18T09:46:25","guid":{"rendered":"http:\/\/www.jugulaire.fr\/?p=73"},"modified":"2023-07-30T17:16:08","modified_gmt":"2023-07-30T16:16:08","slug":"73-2","status":"publish","type":"page","link":"https:\/\/www.jugulaire.fr\/wordpress\/73-2\/","title":{"rendered":"La bonne formule"},"content":{"rendered":"\n<blockquote class=\"wp-block-quote is-layout-flow wp-block-quote-is-layout-flow\">\n<figure class=\"wp-block-audio\"><audio controls src=\"https:\/\/www.jugulaire.fr\/wordpress\/wp-content\/uploads\/02-La-bonne-formule.mp3\"><\/audio><\/figure>\n\n\n\n<p>(intro = pont)<br>couplet : A B C G x2, F# A, E A, C Bb, Eb<br>riff : F#m A F#m D<br>refrain : Em B G# C#m F# B A D7<br>pont : F#m A, F#m E, A C E<\/p>\n\n\n\n<figure class=\"wp-block-image size-large\"><a href=\"https:\/\/www.jugulaire.fr\/wordpress\/wp-content\/uploads\/La-bonne-formule-1.png\"><img loading=\"lazy\" decoding=\"async\" width=\"724\" height=\"1024\" src=\"https:\/\/www.jugulaire.fr\/wordpress\/wp-content\/uploads\/La-bonne-formule-1-724x1024.png\" alt=\"\" class=\"wp-image-2786\" srcset=\"https:\/\/www.jugulaire.fr\/wordpress\/wp-content\/uploads\/La-bonne-formule-1-724x1024.png 724w, https:\/\/www.jugulaire.fr\/wordpress\/wp-content\/uploads\/La-bonne-formule-1-212x300.png 212w, https:\/\/www.jugulaire.fr\/wordpress\/wp-content\/uploads\/La-bonne-formule-1-768x1086.png 768w, https:\/\/www.jugulaire.fr\/wordpress\/wp-content\/uploads\/La-bonne-formule-1-1087x1536.png 1087w, https:\/\/www.jugulaire.fr\/wordpress\/wp-content\/uploads\/La-bonne-formule-1-1449x2048.png 1449w\" sizes=\"auto, (max-width: 724px) 100vw, 724px\" \/><\/a><\/figure>\n<\/blockquote>\n\n\n\n<div class=\"wp-block-group is-vertical is-layout-flex wp-container-core-group-is-layout-8cf370e7 wp-block-group-is-layout-flex\">\n<p class=\"has-medium-font-size\">Chat bott\u00e9 sur mar\u00e9e chauss\u00e9e, o\u00f9 se m\u00e9langent<br>Herbivores et carnassiers usant m\u00e9ninges.<br>Dans la perspective, \u00e0 bon escient<br>Que tu prescrives \u00e0 tes enfants<\/p>\n\n\n\n<p class=\"has-medium-font-size\">La bonne\/m\u00eame formule<br>Garde l\u00e0&nbsp;ou annule<br>Voil\u00e0&nbsp; l&rsquo;effet subliminal<br>Du r\u00e8gne animal<br>Dont nous sommes les cobayes.<br>L&rsquo;\u00e9cho good-bye !<\/p>\n\n\n\n<p class=\"has-medium-font-size\">La bonne\/m\u00eame formule<br>Garde l\u00e0&nbsp;ou annule<br>Voil\u00e0&nbsp; l&rsquo;effet subliminal<br>Du r\u00e8gne animal<br>Dont nous sommes les cobayes.<br>L&rsquo;\u00e9cho good-bye !<\/p>\n<\/div>\n\n\n\n<p><strong><em><mark style=\"background-color:#f7f5e7\" class=\"has-inline-color has-dark-gray-color\">Traduction fran\u00e7ais vers fran\u00e7ais\u2026<\/mark><\/em><\/strong><\/p>\n\n\n\n<p><strong>Chat bott\u00e9 sur mar\u00e9e chauss\u00e9e, o\u00f9 se m\u00e9langent<\/strong><br><em>Humain moderne dans la ville o\u00f9 \u00e9voluent<\/em><\/p>\n\n\n\n<p><strong>Herbivores et carnassiers usant m\u00e9ninges.<\/strong><br><em>Diff\u00e9rentes personnalit\u00e9s qui r\u00e9fl\u00e9chissent<\/em><\/p>\n\n\n\n<p><strong>Dans la perspective, \u00e0 bon escient<\/strong><br><em>Dans l&rsquo;objectif esp\u00e9r<\/em>\u00e9<\/p>\n\n\n\n<p><strong>Que tu prescrives \u00e0 tes enfants<\/strong><br><em>De transmettre \u00e0 la g\u00e9n\u00e9ration suivante<\/em><\/p>\n\n\n\n<p><strong>La bonne formule<\/strong><br><em>Les bonnes connaissances<\/em><\/p>\n\n\n\n<p><strong>Garde l\u00e0&nbsp;ou annule<\/strong><br><em>Comme des le\u00e7ons<\/em> de vie<\/p>\n\n\n\n<p><strong>Voil\u00e0&nbsp; l&rsquo;effet subliminal<\/strong><br><em>Voil\u00e0 le myst\u00e8re<\/em><\/p>\n\n\n\n<p><strong>Du r\u00e8gne animal<\/strong><br><em>De l&rsquo;humanit\u00e9<\/em><\/p>\n\n\n\n<p><strong>Dont nous sommes les cobayes.<\/strong><br><em>De g\u00e9n\u00e9ration en g\u00e9n\u00e9ration<\/em><\/p>\n\n\n\n<p><strong>L&rsquo;\u00e9cho good-bye !<\/strong><br><em>R\u00e9manente<\/em><\/p>\n\n\n\n<p><strong>Chat butt\u00e9 sur mari\u00e9e chauss\u00e9e, le saut de l&rsquo;ange,<\/strong><br><em>Focaliser sur une mauvaise passion est p\u00e9rilleux<\/em><\/p>\n\n\n\n<p><strong>Tend sa joue civilis\u00e9e, descend du singe.<\/strong><br><em>Spirituel dans le monde moderne, malgr\u00e9 notre nature animal<\/em><\/p>\n\n\n\n<p><strong>Dans la perspective \u00e0 bon escient,<\/strong><br><em>Dans l&rsquo;objectif<\/em> <em>naturel<\/em><\/p>\n\n\n\n<p><strong>Que tu proscrives et pour longtemps.<\/strong><br><em>De ne pas commettre plusieurs fois les m\u00eames erreurs.<\/em><\/p>\n\n\n\n<p>La m\u00eame formule\u2026 (refrain)<\/p>\n\n\n\n<p><strong>M\u00eame le petit chaton griffe avec un air innocent<br>Dieu qu&rsquo;il est subjectif d&rsquo;\u00eatre intelligent<\/strong><br><em>Distinguer le bien et le mal<\/em><\/p>\n\n\n\n<p><strong>Quelque soit le motif de la guerre de 100 ans<br>Elle e\u00fbt \u00e9t\u00e9 h\u00e2tive dans une m\u00e9moire d&rsquo;\u00e9l\u00e9phant<\/strong><br><em>Tout passe avec le temps<\/em><\/p>\n\n\n\n<p><strong>Tour chez le coupe-tif tout beau toboggan<br>Voil\u00e0&nbsp;qui ravive tout air \u00e9l\u00e9gant<\/strong><br><em>Laisser le pass\u00e9 et rebondir dans la vie<\/em><\/p>\n\n\n\n<p><strong>Quand au bord de l&rsquo;eau vive sommeille un serpent<\/strong><br><em>Le flot de l&rsquo;univers permet la kundalini<\/em><\/p>\n\n\n\n<p><strong>Balance une ogive pour se baigner dedans<\/strong><br><em>L&rsquo;humanit\u00e9 \u00e9volue dans la guerre<\/em><\/p>\n\n\n\n<p><strong>Car les cobayes comme les cowboys sont des gens.<\/strong><br><em>Car les gentils et les m\u00e9chants sont tous humains<\/em><br><br><\/p>\n\n\n\n<blockquote class=\"wp-block-quote is-layout-flow wp-block-quote-is-layout-flow\">\n<p><\/p>\n<\/blockquote>\n","protected":false},"excerpt":{"rendered":"<p>Chat bott\u00e9 sur mar\u00e9e chauss\u00e9e, o\u00f9 se m\u00e9langentHerbivores et carnassiers usant m\u00e9ninges.Dans la perspective, \u00e0 bon escientQue tu prescrives \u00e0 tes enfants La bonne\/m\u00eame formuleGarde l\u00e0&nbsp;ou annuleVoil\u00e0&nbsp; l&rsquo;effet subliminalDu r\u00e8gne animalDont nous sommes les cobayes.L&rsquo;\u00e9cho good-bye ! La bonne\/m\u00eame formuleGarde l\u00e0&nbsp;ou annuleVoil\u00e0&nbsp; l&rsquo;effet subliminalDu r\u00e8gne animalDont nous sommes les cobayes.L&rsquo;\u00e9cho good-bye ! Traduction fran\u00e7ais vers &hellip; <a href=\"https:\/\/www.jugulaire.fr\/wordpress\/73-2\/\" class=\"more-link\">Continuer la lecture de <span class=\"screen-reader-text\">La bonne formule<\/span> <span class=\"meta-nav\">&rarr;<\/span><\/a><\/p>\n","protected":false},"author":1,"featured_media":0,"parent":0,"menu_order":0,"comment_status":"closed","ping_status":"closed","template":"","meta":{"footnotes":""},"class_list":["post-73","page","type-page","status-publish","hentry"],"_links":{"self":[{"href":"https:\/\/www.jugulaire.fr\/wordpress\/wp-json\/wp\/v2\/pages\/73","targetHints":{"allow":["GET"]}}],"collection":[{"href":"https:\/\/www.jugulaire.fr\/wordpress\/wp-json\/wp\/v2\/pages"}],"about":[{"href":"https:\/\/www.jugulaire.fr\/wordpress\/wp-json\/wp\/v2\/types\/page"}],"author":[{"embeddable":true,"href":"https:\/\/www.jugulaire.fr\/wordpress\/wp-json\/wp\/v2\/users\/1"}],"replies":[{"embeddable":true,"href":"https:\/\/www.jugulaire.fr\/wordpress\/wp-json\/wp\/v2\/comments?post=73"}],"version-history":[{"count":9,"href":"https:\/\/www.jugulaire.fr\/wordpress\/wp-json\/wp\/v2\/pages\/73\/revisions"}],"predecessor-version":[{"id":2797,"href":"https:\/\/www.jugulaire.fr\/wordpress\/wp-json\/wp\/v2\/pages\/73\/revisions\/2797"}],"wp:attachment":[{"href":"https:\/\/www.jugulaire.fr\/wordpress\/wp-json\/wp\/v2\/media?parent=73"}],"curies":[{"name":"wp","href":"https:\/\/api.w.org\/{rel}","templated":true}]}}