{"id":72,"date":"2008-04-18T10:44:14","date_gmt":"2008-04-18T09:44:14","guid":{"rendered":"http:\/\/www.jugulaire.fr\/?p=72"},"modified":"2016-08-06T13:46:49","modified_gmt":"2016-08-06T12:46:49","slug":"eccyhmose","status":"publish","type":"page","link":"https:\/\/www.jugulaire.fr\/wordpress\/eccyhmose\/","title":{"rendered":"Ecchymose"},"content":{"rendered":"<blockquote><p>BG D Bb C<br \/>\nEm A Em A<br \/>\nF# G A<\/p><\/blockquote>\n<p>Par del\u00e0\u00a0 la hantise<br \/>\nDes liens qui se recousent<br \/>\nQue veux-tu que je dise ?<br \/>\nCar tu m&rsquo;\u00e9puises<br \/>\nEt je t&rsquo;\u00e9pouse<\/p>\n<p>Par del\u00e0\u00a0 la sottise<br \/>\nComble de la loose<br \/>\nChassons les id\u00e9es grises<br \/>\nCar tu m&rsquo;\u00e9puises<br \/>\nQuand je t &lsquo;\u00e9pouse.<\/p>\n<blockquote><p>Jeunesse, je n&rsquo;ai pas le temps<br \/>\nDe jeter \u00e0\u00a0 l&rsquo;eau mes incidents<br \/>\nJeunesse, je n&rsquo;ai pas le talent<br \/>\nDe l\u00e2cher du leste autant<br \/>\nAu temps.<\/p><\/blockquote>\n<p>Par del\u00e0\u00a0 les b\u00eatises<br \/>\nHeureuses ou jalouses<br \/>\nMarchons jusqu&rsquo;\u00e0\u00a0 l&rsquo;\u00e9glise<br \/>\nCar tu m&rsquo;\u00e9puises<br \/>\nEt je t&rsquo;\u00e9pouse<\/p>\n<p>Bien avant l&rsquo;analyse<br \/>\nEmp\u00eatr\u00e9 dans la bouse<br \/>\nJe r\u00e9cite mes devises<br \/>\nQuand tu m&rsquo;\u00e9puises<br \/>\nSi je t&rsquo;\u00e9pouse.<\/p>\n<blockquote><p>Jeunesse, je n&rsquo;ai pas le temps<br \/>\nDe jeter \u00e0\u00a0 l&rsquo;eau mes incidents<br \/>\nJeunesse, je n&rsquo;ai pas le talent<br \/>\nDe l\u00e2cher du leste autant,<br \/>\nAu temps.<\/p><\/blockquote>\n<p>Remets \u00e0\u00a0 demain<br \/>\nMon coeur en ecchymose<br \/>\nSaches bien qu&rsquo;il n&rsquo;y a rien<br \/>\nQue je ne puisse<br \/>\nEt que tu n&rsquo;oses&#8230;<\/p>\n","protected":false},"excerpt":{"rendered":"<p>BG D Bb C Em A Em A F# G A Par del\u00e0\u00a0 la hantise Des liens qui se recousent Que veux-tu que je dise ? Car tu m&rsquo;\u00e9puises Et je t&rsquo;\u00e9pouse Par del\u00e0\u00a0 la sottise Comble de la loose Chassons les id\u00e9es grises Car tu m&rsquo;\u00e9puises Quand je t &lsquo;\u00e9pouse. Jeunesse, je n&rsquo;ai pas &hellip; <a href=\"https:\/\/www.jugulaire.fr\/wordpress\/eccyhmose\/\" class=\"more-link\">Continuer la lecture de <span class=\"screen-reader-text\">Ecchymose<\/span> <span class=\"meta-nav\">&rarr;<\/span><\/a><\/p>\n","protected":false},"author":1,"featured_media":0,"parent":0,"menu_order":0,"comment_status":"closed","ping_status":"closed","template":"","meta":{"footnotes":""},"class_list":["post-72","page","type-page","status-publish","hentry"],"_links":{"self":[{"href":"https:\/\/www.jugulaire.fr\/wordpress\/wp-json\/wp\/v2\/pages\/72","targetHints":{"allow":["GET"]}}],"collection":[{"href":"https:\/\/www.jugulaire.fr\/wordpress\/wp-json\/wp\/v2\/pages"}],"about":[{"href":"https:\/\/www.jugulaire.fr\/wordpress\/wp-json\/wp\/v2\/types\/page"}],"author":[{"embeddable":true,"href":"https:\/\/www.jugulaire.fr\/wordpress\/wp-json\/wp\/v2\/users\/1"}],"replies":[{"embeddable":true,"href":"https:\/\/www.jugulaire.fr\/wordpress\/wp-json\/wp\/v2\/comments?post=72"}],"version-history":[{"count":1,"href":"https:\/\/www.jugulaire.fr\/wordpress\/wp-json\/wp\/v2\/pages\/72\/revisions"}],"predecessor-version":[{"id":1410,"href":"https:\/\/www.jugulaire.fr\/wordpress\/wp-json\/wp\/v2\/pages\/72\/revisions\/1410"}],"wp:attachment":[{"href":"https:\/\/www.jugulaire.fr\/wordpress\/wp-json\/wp\/v2\/media?parent=72"}],"curies":[{"name":"wp","href":"https:\/\/api.w.org\/{rel}","templated":true}]}}