{"id":71,"date":"2008-04-18T10:18:51","date_gmt":"2008-04-18T09:18:51","guid":{"rendered":"http:\/\/www.jugulaire.fr\/?p=71"},"modified":"2023-08-02T17:37:20","modified_gmt":"2023-08-02T16:37:20","slug":"copie-colle","status":"publish","type":"page","link":"https:\/\/www.jugulaire.fr\/wordpress\/copie-colle\/","title":{"rendered":"Copi\u00e9-coll\u00e9"},"content":{"rendered":"\n<p><em>3 versions sur l&rsquo;album :<\/em><\/p>\n\n\n\n<ul class=\"wp-block-list\">\n<li><em>[version \u00e9lectronique]<\/em><\/li>\n\n\n\n<li><em>[reprise l\u00e9thargique]<\/em><\/li>\n\n\n\n<li><em>[objet pivot] montage sonore de tout l&rsquo;album Con&rsquo;Jug&amp;son<\/em><\/li>\n<\/ul>\n\n\n\n<figure class=\"wp-block-image size-large\"><a href=\"https:\/\/www.jugulaire.fr\/wordpress\/wp-content\/uploads\/Lethargique-1.png\"><img loading=\"lazy\" decoding=\"async\" width=\"724\" height=\"1024\" src=\"https:\/\/www.jugulaire.fr\/wordpress\/wp-content\/uploads\/Lethargique-1-724x1024.png\" alt=\"\" class=\"wp-image-2812\" srcset=\"https:\/\/www.jugulaire.fr\/wordpress\/wp-content\/uploads\/Lethargique-1-724x1024.png 724w, https:\/\/www.jugulaire.fr\/wordpress\/wp-content\/uploads\/Lethargique-1-212x300.png 212w, https:\/\/www.jugulaire.fr\/wordpress\/wp-content\/uploads\/Lethargique-1-768x1086.png 768w, https:\/\/www.jugulaire.fr\/wordpress\/wp-content\/uploads\/Lethargique-1-1087x1536.png 1087w, https:\/\/www.jugulaire.fr\/wordpress\/wp-content\/uploads\/Lethargique-1-1449x2048.png 1449w\" sizes=\"auto, (max-width: 724px) 100vw, 724px\" \/><\/a><\/figure>\n\n\n\n<figure class=\"wp-block-image size-large\"><a href=\"https:\/\/www.jugulaire.fr\/wordpress\/wp-content\/uploads\/Lethargique-2.png\"><img loading=\"lazy\" decoding=\"async\" width=\"724\" height=\"1024\" src=\"https:\/\/www.jugulaire.fr\/wordpress\/wp-content\/uploads\/Lethargique-2-724x1024.png\" alt=\"\" class=\"wp-image-2813\" srcset=\"https:\/\/www.jugulaire.fr\/wordpress\/wp-content\/uploads\/Lethargique-2-724x1024.png 724w, https:\/\/www.jugulaire.fr\/wordpress\/wp-content\/uploads\/Lethargique-2-212x300.png 212w, https:\/\/www.jugulaire.fr\/wordpress\/wp-content\/uploads\/Lethargique-2-768x1086.png 768w, https:\/\/www.jugulaire.fr\/wordpress\/wp-content\/uploads\/Lethargique-2-1087x1536.png 1087w, https:\/\/www.jugulaire.fr\/wordpress\/wp-content\/uploads\/Lethargique-2-1449x2048.png 1449w\" sizes=\"auto, (max-width: 724px) 100vw, 724px\" \/><\/a><\/figure>\n\n\n\n<p><strong><span style=\"color: #808080;\">Bm&#8230;. G A Bm<\/span><\/strong><br><strong> <span style=\"color: #808080;\"> D&nbsp;&nbsp; A E<\/span><\/strong><br><strong> <span style=\"color: #808080;\"> Bm A E<\/span><\/strong><br><strong> <span style=\"color: #808080;\"> F#m Bm D<\/span><\/strong><br><strong> <span style=\"color: #808080;\"> B7 (ou A en reprise l\u00e9thargique)<\/span><\/strong><br><strong> <span style=\"color: #808080;\"> E<\/span><\/strong><\/p>\n\n\n\n<p>Regardes les stars d\u00e9cortiqu\u00e9es<br>Regardes l&rsquo;Histoire se r\u00e9p\u00e9ter<br>Regardes les armes au d\u00e9fil\u00e9<br>Regardes ce soir illumin\u00e9<br>(tout \u00e7a c&rsquo;est du) Copi\u00e9-coll\u00e9 !<\/p>\n\n\n\n<p>(et pourtant&#8230;)<br>Comme un tsar dans son palais<br>Comme un l\u00e9zard ensoleill\u00e9<br>Comme un foulard parfum\u00e9<br>Comme un regard pronon\u00e7\u00e9<br>(c&rsquo;est encore du) Copi\u00e9-coll\u00e9 !<\/p>\n\n\n\n<p>(alors)<br>Que murmures ta bouche<br>Quand tu am\u00e8nes<br>Un peu de ton souffle<br>Sur la mienne ?<br>Des banalit\u00e9s jolies<br>Et qui deviennent<br>Mes r\u00e9vasseries<br>En semaine.<\/p>\n\n\n\n<p>Comme un d\u00e9part improvis\u00e9<br>Comme un boulevard travers\u00e9<br>Comme un billard presque gagn\u00e9<br>Comme un miroir qui s&rsquo;est bris\u00e9<br>Copi\u00e9-coll\u00e9 !<\/p>\n\n\n\n<p>Car \u00e0&nbsp; l&rsquo;\u00e9cart de tes caresses<br>Car \u00e0&nbsp; l&rsquo;abris de tes abus<br>Car on s&rsquo;arr\u00eate o\u00f9 le bas baisse<br>Quand on s&rsquo;appr\u00eate pour de hautes vues<br>Confi\u00e9es-cod\u00e9es !<\/p>\n\n\n\n<figure class=\"wp-block-image size-large\"><a href=\"https:\/\/www.jugulaire.fr\/wordpress\/wp-content\/uploads\/Copie-colle-lethargique-1.png\"><img loading=\"lazy\" decoding=\"async\" width=\"724\" height=\"1024\" src=\"https:\/\/www.jugulaire.fr\/wordpress\/wp-content\/uploads\/Copie-colle-lethargique-1-724x1024.png\" alt=\"\" class=\"wp-image-2815\" srcset=\"https:\/\/www.jugulaire.fr\/wordpress\/wp-content\/uploads\/Copie-colle-lethargique-1-724x1024.png 724w, https:\/\/www.jugulaire.fr\/wordpress\/wp-content\/uploads\/Copie-colle-lethargique-1-212x300.png 212w, https:\/\/www.jugulaire.fr\/wordpress\/wp-content\/uploads\/Copie-colle-lethargique-1-768x1086.png 768w, https:\/\/www.jugulaire.fr\/wordpress\/wp-content\/uploads\/Copie-colle-lethargique-1-1087x1536.png 1087w, https:\/\/www.jugulaire.fr\/wordpress\/wp-content\/uploads\/Copie-colle-lethargique-1-1449x2048.png 1449w\" sizes=\"auto, (max-width: 724px) 100vw, 724px\" \/><\/a><\/figure>\n\n\n\n<figure class=\"wp-block-image size-large\"><a href=\"https:\/\/www.jugulaire.fr\/wordpress\/wp-content\/uploads\/Copie-colle-Riff-guitare-1.png\"><img loading=\"lazy\" decoding=\"async\" width=\"724\" height=\"1024\" src=\"https:\/\/www.jugulaire.fr\/wordpress\/wp-content\/uploads\/Copie-colle-Riff-guitare-1-724x1024.png\" alt=\"\" class=\"wp-image-2816\" srcset=\"https:\/\/www.jugulaire.fr\/wordpress\/wp-content\/uploads\/Copie-colle-Riff-guitare-1-724x1024.png 724w, https:\/\/www.jugulaire.fr\/wordpress\/wp-content\/uploads\/Copie-colle-Riff-guitare-1-212x300.png 212w, https:\/\/www.jugulaire.fr\/wordpress\/wp-content\/uploads\/Copie-colle-Riff-guitare-1-768x1086.png 768w, https:\/\/www.jugulaire.fr\/wordpress\/wp-content\/uploads\/Copie-colle-Riff-guitare-1-1087x1536.png 1087w, https:\/\/www.jugulaire.fr\/wordpress\/wp-content\/uploads\/Copie-colle-Riff-guitare-1-1449x2048.png 1449w\" sizes=\"auto, (max-width: 724px) 100vw, 724px\" \/><\/a><\/figure>\n","protected":false},"excerpt":{"rendered":"<p>3 versions sur l&rsquo;album : Bm&#8230;. G A Bm D&nbsp;&nbsp; A E Bm A E F#m Bm D B7 (ou A en reprise l\u00e9thargique) E Regardes les stars d\u00e9cortiqu\u00e9esRegardes l&rsquo;Histoire se r\u00e9p\u00e9terRegardes les armes au d\u00e9fil\u00e9Regardes ce soir illumin\u00e9(tout \u00e7a c&rsquo;est du) Copi\u00e9-coll\u00e9 ! (et pourtant&#8230;)Comme un tsar dans son palaisComme un l\u00e9zard ensoleill\u00e9Comme un &hellip; <a href=\"https:\/\/www.jugulaire.fr\/wordpress\/copie-colle\/\" class=\"more-link\">Continuer la lecture de <span class=\"screen-reader-text\">Copi\u00e9-coll\u00e9<\/span> <span class=\"meta-nav\">&rarr;<\/span><\/a><\/p>\n","protected":false},"author":1,"featured_media":0,"parent":0,"menu_order":0,"comment_status":"closed","ping_status":"closed","template":"","meta":{"footnotes":""},"class_list":["post-71","page","type-page","status-publish","hentry"],"_links":{"self":[{"href":"https:\/\/www.jugulaire.fr\/wordpress\/wp-json\/wp\/v2\/pages\/71","targetHints":{"allow":["GET"]}}],"collection":[{"href":"https:\/\/www.jugulaire.fr\/wordpress\/wp-json\/wp\/v2\/pages"}],"about":[{"href":"https:\/\/www.jugulaire.fr\/wordpress\/wp-json\/wp\/v2\/types\/page"}],"author":[{"embeddable":true,"href":"https:\/\/www.jugulaire.fr\/wordpress\/wp-json\/wp\/v2\/users\/1"}],"replies":[{"embeddable":true,"href":"https:\/\/www.jugulaire.fr\/wordpress\/wp-json\/wp\/v2\/comments?post=71"}],"version-history":[{"count":5,"href":"https:\/\/www.jugulaire.fr\/wordpress\/wp-json\/wp\/v2\/pages\/71\/revisions"}],"predecessor-version":[{"id":2817,"href":"https:\/\/www.jugulaire.fr\/wordpress\/wp-json\/wp\/v2\/pages\/71\/revisions\/2817"}],"wp:attachment":[{"href":"https:\/\/www.jugulaire.fr\/wordpress\/wp-json\/wp\/v2\/media?parent=71"}],"curies":[{"name":"wp","href":"https:\/\/api.w.org\/{rel}","templated":true}]}}