{"id":61,"date":"2007-07-03T00:00:16","date_gmt":"2007-07-02T23:00:16","guid":{"rendered":"http:\/\/www.jugulaire.fr\/?p=61"},"modified":"2026-03-30T06:42:26","modified_gmt":"2026-03-30T05:42:26","slug":"citations","status":"publish","type":"page","link":"https:\/\/www.jugulaire.fr\/wordpress\/citations\/","title":{"rendered":"Citations et inspirations"},"content":{"rendered":"\n<p class=\"has-off-white-background-color has-background\">Visiteur soit auditeur de ces mouvements d&rsquo;air dont l&rsquo;\u00e9coute \u00e9vasive ne portera pas sur ce qui m&rsquo;est essentiel. Voici de quoi JuG e\u00fbt l&rsquo;air lorsque JuG e\u00fbt l&rsquo;air.<\/p>\n\n\n\n<p class=\"has-off-white-background-color has-background\">Des chansons me viennent, comme un loisir, une distraction.<br>Des chansons me viennent, comme un moyen d&rsquo;expression.<br>Des chansons me viennent, comme une trace, une introspection.<br>Je les met en musique, je les enregistre, je les publie.<br>Voil\u00e0 l&rsquo;id\u00e9e !<\/p>\n\n\n\n<h2 class=\"wp-block-heading\">Jug e\u00fbt l&rsquo;air<\/h2>\n\n\n\n<blockquote class=\"wp-block-quote is-layout-flow wp-block-quote-is-layout-flow\">\n<p>comme la voix<\/p>\n<\/blockquote>\n\n\n\n<ul class=\"wp-block-list\">\n<li><strong>jugulaire <\/strong>[adj.] : de la gorge (* veines jugulaires, &#8230;<em>\u00ab\u00a0n\u00e9cessaire \u00e0 la vie d&rsquo;un peu d&rsquo;importe qui\u00a0\u00bb<\/em>)<\/li>\n<\/ul>\n\n\n\n<blockquote class=\"wp-block-quote is-layout-flow wp-block-quote-is-layout-flow\">\n<p>comme la t\u00eate<\/p>\n<\/blockquote>\n\n\n\n<ul class=\"wp-block-list\">\n<li><strong>jugulaire <\/strong>[ n.f\u00e9m].: bride (* la jugulaire d&rsquo;un casque)<\/li>\n<\/ul>\n\n\n\n<blockquote class=\"wp-block-quote is-layout-flow wp-block-quote-is-layout-flow\">\n<p>comme l&rsquo;action<\/p>\n<\/blockquote>\n\n\n\n<ul class=\"wp-block-list\">\n<li><strong>juguler <\/strong>[v.] : \u00e9trangler ; enrayer<\/li>\n<\/ul>\n\n\n\n<blockquote class=\"wp-block-quote is-layout-flow wp-block-quote-is-layout-flow\">\n<p>comme l&rsquo;eau<\/p>\n<\/blockquote>\n\n\n\n<ul class=\"wp-block-list\">\n<li><strong>jug <\/strong>(anglais) : a jug is a type of container for liquid (en fran\u00e7ais : une cruche)<\/li>\n<\/ul>\n\n\n\n<blockquote class=\"wp-block-quote is-layout-flow wp-block-quote-is-layout-flow\">\n<p>comme la blague<\/p>\n<\/blockquote>\n\n\n\n<ul class=\"wp-block-list\">\n<li><strong>jug band<\/strong> (litt\u00e9ralement : groupe pichet) : groupe de musique compos\u00e9 de musiciens qui utilisent \u00e0 la fois des instruments traditionnels et des instruments bricol\u00e9s<\/li>\n<\/ul>\n\n\n\n<h2 class=\"wp-block-heading\">Citations<\/h2>\n\n\n\n<hr class=\"wp-block-separator has-alpha-channel-opacity\"\/>\n\n\n\n<blockquote class=\"wp-block-quote is-layout-flow wp-block-quote-is-layout-flow\">\n<p>\u00ab Carl Orff a \u00e9crit une m\u00e9thode pour apprendre la musique qui disait \u00e0 peu pr\u00e8s ceci : \u00e0 chaque note correspond une image. Si tu joues trois notes (une grave, une aigu\u00eb, une grave) et que tu demandes \u00e0 un enfant de dessiner, il dessinera une montagne. Moi, je proc\u00e8de de la m\u00eame mani\u00e8re. J\u2019ai un son et je lui associe une id\u00e9e, que ma femme traduit en paroles. \u00bb<\/p>\n<cite>Angelo Branduardi<\/cite><\/blockquote>\n\n\n\n<hr class=\"wp-block-separator has-alpha-channel-opacity\"\/>\n\n\n\n<blockquote class=\"wp-block-quote is-layout-flow wp-block-quote-is-layout-flow\">\n<p>\u00ab L&rsquo;\u00e9tincelle.<\/p>\n\n\n\n<p>Je joue par plaisir de jouer. N&rsquo;importe quoi. Je commence \u00e0 divaguer sur un clavier ou une guitare et puis, parfois, tombe sur quelque chose que je \u00ab\u00a0sens\u00a0\u00bb, mais que je ne \u00ab\u00a0sais\u00a0\u00bb pas encore. En fait, l&rsquo;important, c&rsquo;est de d\u00e9tecter. Certains vont continuer \u00e0 jouer comme si de rien n&rsquo;\u00e9tait. D&rsquo;autres vont penser : voil\u00e0, c&rsquo;est \u00e7a.<\/p>\n\n\n\n<p>On dit g\u00e9n\u00e9ralement que ce qui marche dans une chanson c&rsquo;est l&rsquo;ensemble texte et musique. Moi je crois que c&rsquo;est plus complexe, plus fragile et plus profond que cela. C&rsquo;est un moment qui cr\u00e9e l&rsquo;\u00e9motion. Un accord, une mont\u00e9e de violon, une entr\u00e9e de guitare, une instant de voix. Une \u00e9tincelle. Enfouie, dissimul\u00e9e dans des kilom\u00e8tres de musique. C&rsquo;est autour de ce millim\u00e8tre l\u00e0 qu&rsquo;il faut travailler. En sculptant l&rsquo;\u00e9crin o\u00f9 repose l&rsquo;\u00e9tincelle. Mais en la respectant telle qu&rsquo;elle \u00e9tait \u00e0 l&rsquo;origine, en pr\u00e9servant cette source de plaisir pur. Cette spontan\u00e9it\u00e9. Un arrangement trop rude et elle dispara\u00eet. Un arrangement trop sophistiqu\u00e9 et tu la perds.<\/p>\n\n\n\n<p>A court terme, fondamentalement, c&rsquo;est la musique qui fait le succ\u00e8s d&rsquo;une chanson. Mais \u00e0 long terme, c&rsquo;est le texte. Le texte aussi qui fait la fidelit\u00e9 \u00e0 un chanteur. Bien apr\u00e8s la chanson, c&rsquo;est en relisant le texte qu&rsquo;on n&rsquo;a pas honte du plaisir pris avec la musique. \u00bb<\/p>\n<cite>Jean-Jacques Goldman<\/cite><\/blockquote>\n\n\n\n<hr class=\"wp-block-separator has-alpha-channel-opacity\"\/>\n\n\n\n<blockquote class=\"wp-block-quote is-layout-flow wp-block-quote-is-layout-flow\">\n<p>\u00ab C&rsquo;est moins valorisant que la guitare, mais il n&rsquo;est pas d&rsquo;axe plus strat\u00e9gique que celui du bassiste&#8230; quand on sait s&rsquo;en servir ! Comme tous les autres, j&rsquo;avais les Beatles en ligne de mire : mais moi, c&rsquo;est la place de McCartney que je visais&#8230; \u00bb<\/p>\n<cite>Roger Waters<\/cite><\/blockquote>\n\n\n\n<hr class=\"wp-block-separator has-alpha-channel-opacity\"\/>\n\n\n\n<blockquote class=\"wp-block-quote is-layout-flow wp-block-quote-is-layout-flow\">\n<p>\u00ab The bass is a soulful monster that keeps everyone movin \u00bb<\/p>\n<cite>Lenny Kravitz<\/cite><\/blockquote>\n\n\n\n<hr class=\"wp-block-separator has-alpha-channel-opacity\"\/>\n\n\n\n<blockquote class=\"wp-block-quote is-layout-flow wp-block-quote-is-layout-flow\">\n<p>\u00ab Roger travaille dans une usine&#8230;. le dimanche il joue du trombone \u00bb<\/p>\n<cite>Thierry Hazard<\/cite><\/blockquote>\n\n\n\n<blockquote class=\"wp-block-quote is-layout-flow wp-block-quote-is-layout-flow\">\n<p>\u00ab\u00a0La fa\u00e7on dont nous avons r\u00e9ussi \u00e0 obtenir du succ\u00e8s, tout en faisant une musique plut\u00f4t bizarre, m\u2019a toujours d\u00e9concert\u00e9.\u00a0\u00bb<\/p>\n<cite>Martin Gore<\/cite><\/blockquote>\n\n\n\n<blockquote class=\"wp-block-quote is-layout-flow wp-block-quote-is-layout-flow\">\n<p>\u00ab\u00a0Tant que le bassiste n&rsquo;a pas jou\u00e9 sa note, on ne sait pas quel est l&rsquo;accord.\u00a0\u00bb<\/p>\n<cite>Sting<\/cite><\/blockquote>\n\n\n\n<blockquote class=\"wp-block-quote is-layout-flow wp-block-quote-is-layout-flow\">\n<p>\u00ab\u00a0Il ne faut jamais oublier qu&rsquo;en perfectionnant un seul morceau, on gagne et on apprend plus qu&rsquo;en en commen\u00e7ant ou en en finissant \u00e0 moiti\u00e9 une douzaine.\u00a0\u00bb <\/p>\n\n\n\n<blockquote class=\"wp-block-quote is-layout-flow wp-block-quote-is-layout-flow\"><cite>Johannes Brahms<\/cite><\/blockquote>\n\n\n\n<p>\u201cMusic is like a psychiatrist. You can tell your guitar things that you can&rsquo;t tell people. And it will answer you with things people can&rsquo;t tell you.\u00a0\u00bb <\/p>\n<\/blockquote>\n\n\n\n<blockquote class=\"wp-block-quote is-layout-flow wp-block-quote-is-layout-flow\">\n<blockquote class=\"wp-block-quote is-layout-flow wp-block-quote-is-layout-flow\"><\/blockquote>\n<\/blockquote>\n\n\n\n<blockquote class=\"wp-block-quote is-layout-flow wp-block-quote-is-layout-flow\">\n<p><\/p>\n<cite>Paul McCartney<\/cite><\/blockquote>\n\n\n\n<p><\/p>\n","protected":false},"excerpt":{"rendered":"<p>Visiteur soit auditeur de ces mouvements d&rsquo;air dont l&rsquo;\u00e9coute \u00e9vasive ne portera pas sur ce qui m&rsquo;est essentiel. Voici de quoi JuG e\u00fbt l&rsquo;air lorsque JuG e\u00fbt l&rsquo;air. Des chansons me viennent, comme un loisir, une distraction.Des chansons me viennent, comme un moyen d&rsquo;expression.Des chansons me viennent, comme une trace, une introspection.Je les met en &hellip; <a href=\"https:\/\/www.jugulaire.fr\/wordpress\/citations\/\" class=\"more-link\">Continuer la lecture de <span class=\"screen-reader-text\">Citations et inspirations<\/span> <span class=\"meta-nav\">&rarr;<\/span><\/a><\/p>\n","protected":false},"author":1,"featured_media":0,"parent":0,"menu_order":0,"comment_status":"closed","ping_status":"open","template":"","meta":{"footnotes":""},"class_list":["post-61","page","type-page","status-publish","hentry"],"_links":{"self":[{"href":"https:\/\/www.jugulaire.fr\/wordpress\/wp-json\/wp\/v2\/pages\/61","targetHints":{"allow":["GET"]}}],"collection":[{"href":"https:\/\/www.jugulaire.fr\/wordpress\/wp-json\/wp\/v2\/pages"}],"about":[{"href":"https:\/\/www.jugulaire.fr\/wordpress\/wp-json\/wp\/v2\/types\/page"}],"author":[{"embeddable":true,"href":"https:\/\/www.jugulaire.fr\/wordpress\/wp-json\/wp\/v2\/users\/1"}],"replies":[{"embeddable":true,"href":"https:\/\/www.jugulaire.fr\/wordpress\/wp-json\/wp\/v2\/comments?post=61"}],"version-history":[{"count":16,"href":"https:\/\/www.jugulaire.fr\/wordpress\/wp-json\/wp\/v2\/pages\/61\/revisions"}],"predecessor-version":[{"id":2985,"href":"https:\/\/www.jugulaire.fr\/wordpress\/wp-json\/wp\/v2\/pages\/61\/revisions\/2985"}],"wp:attachment":[{"href":"https:\/\/www.jugulaire.fr\/wordpress\/wp-json\/wp\/v2\/media?parent=61"}],"curies":[{"name":"wp","href":"https:\/\/api.w.org\/{rel}","templated":true}]}}