{"id":58,"date":"2009-05-01T22:00:48","date_gmt":"2009-05-01T20:00:48","guid":{"rendered":"http:\/\/www.jugulaire.fr\/?p=58"},"modified":"2025-10-06T09:59:05","modified_gmt":"2025-10-06T08:59:05","slug":"cv-musical","status":"publish","type":"page","link":"https:\/\/www.jugulaire.fr\/wordpress\/cv-musical\/","title":{"rendered":"Curriculum vitae musical de Jug e\u00fbt l&rsquo;air"},"content":{"rendered":"\n<p class=\"has-off-white-background-color has-background has-medium-font-size\"><a rel=\"noreferrer noopener\" href=\"mailto:jug@jugulaire.fr\" target=\"_blank\">jug@jugulaire.fr<\/a><\/p>\n\n\n\n<p class=\"has-sunset-yellow-gradient-background has-background has-medium-font-size\"><strong>composition, paroles, arrangement, enregistrement<\/strong><\/p>\n\n\n\n<p class=\"has-yellow-background-color has-background has-medium-font-size\"><strong>guitares, claviers, chant, bidouillages audio<\/strong><\/p>\n\n\n\n<ul class=\"wp-block-list has-white-color has-medium-brown-background-color has-text-color has-background\">\n<li>240 titres<\/li>\n\n\n\n<li>72 chansons compos\u00e9es<\/li>\n\n\n\n<li>7 albums auto-produits<\/li>\n\n\n\n<li>50 exp\u00e9riences de concerts<\/li>\n\n\n\n<li><small>SACEM <strong>CO<\/strong>mpte <strong>A<\/strong>yant <strong>D<\/strong>roit Sacem (COAD) 431 165<\/small><\/li>\n<\/ul>\n\n\n\n<p><\/p>\n\n\n\n<p><\/p>\n\n\n\n<h2 class=\"wp-block-heading\">2016-2025 : p\u00e9riode back to home-studio<\/h2>\n\n\n\n<ul class=\"wp-block-list\">\n<li>prochain album \u00ab\u00a0<strong><a href=\"https:\/\/www.jugulaire.fr\/wordpress\/quadrature\/\" data-type=\"page\" data-id=\"2923\">QUADRATURE<\/a><\/strong>\u00a0\u00bb\n<ul class=\"wp-block-list\">\n<li>&#8230; en travaux<br><\/li>\n<\/ul>\n<\/li>\n\n\n\n<li>2021 : <strong>Album auto-produit \u00ab\u00a0<a href=\"https:\/\/www.jugulaire.fr\/wordpress\/?page_id=1323\">GRENIER<\/a>\u00ab\u00a0<\/strong>\n<ul class=\"wp-block-list\">\n<li>7 nouvelles chansons + 1 instrumental<\/li>\n\n\n\n<li>3\u00e8me tiers de la d\u00e9marche \u00ab\u00a0Triptyque\u00a0\u00bb<\/li>\n<\/ul>\n<\/li>\n<\/ul>\n\n\n\n<ul class=\"wp-block-list\">\n<li>2016 : <strong>Album auto-produit \u00ab\u00a0<a href=\"https:\/\/www.jugulaire.fr\/wordpress\/?page_id=1183\" data-type=\"page\" data-id=\"1183\">BALCON<\/a>\u00a0\u00bb <\/strong>\n<ul class=\"wp-block-list\">\n<li>7 nouvelles chansons +&nbsp; 2 bonus<\/li>\n\n\n\n<li>2\u00e8me tiers de la d\u00e9marche \u00ab\u00a0Triptyque\u00a0\u00bb <\/li>\n<\/ul>\n<\/li>\n<\/ul>\n\n\n\n<h2 class=\"wp-block-heading\">2011-2015 : p\u00e9riode gospel<\/h2>\n\n\n\n<ul class=\"wp-block-list\">\n<li><strong>t\u00e9nor \u00e0 <a href=\"http:\/\/www.thevoiceoffreedom.fr\">THE VOICE OF FREEDOM<\/a><\/strong> chorale de Spirituals, Gospels et chants Africains <\/li>\n\n\n\n<li>r\u00e9p\u00e9titions Basses-T\u00e9nors-Alto-Sopranes hebdomadaires \u00e0 Paris avec Marc Mir directeur artistique<\/li>\n\n\n\n<li>26 concerts\n<ul class=\"wp-block-list\">\n<li>concert VoF : 2015 10 10 Paris 9\u00e8me, Christuskirche<\/li>\n\n\n\n<li>concert VoF : 2015 06 05 Billettes, Paris<\/li>\n\n\n\n<li>concert VoF : 2015 03 14 Javel, Paris<\/li>\n\n\n\n<li>concert VoF : 2015 01 25 Batignolles, Paris<\/li>\n\n\n\n<li>concert VoF : 2014 12 06 Suresnes<\/li>\n\n\n\n<li>concert VoF : 2014 10 25 Paris 9\u00e8me<\/li>\n\n\n\n<li>concert VoF : 2014 06 21 square du Temple, Paris<\/li>\n\n\n\n<li>concert VoF : 2014 06 06 Billettes, Paris<\/li>\n\n\n\n<li>concert VoF : 2014 03 29 Saint-Germain-en-Laye<\/li>\n\n\n\n<li>concert VoF : 2014 01 26 Batignolles, Paris<\/li>\n\n\n\n<li>concert VoF : 2013 11 17 Sartrouville<\/li>\n\n\n\n<li>concert VoF : 2013 09 28 Billettes, Paris<\/li>\n\n\n\n<li>concert VoF : 2013 05 17 Paris 17\u00e8me &#8211; avec Essence of Joy (from USA)<\/li>\n\n\n\n<li>concert VoF : 2013 04 13 Vert-le-Grand, IdF<\/li>\n\n\n\n<li>concert VoF : 2013 02 24 Beynes, IdF<\/li>\n\n\n\n<li>concert VoF : 2013 01 20 Batignolles<\/li>\n\n\n\n<li>concert VoF : 2012 12 08 Paris 16\u00e8me<\/li>\n\n\n\n<li>concert VoF : 2012 10 28 Boulogne, IdF<\/li>\n\n\n\n<li>concert VoF : 2012 06 17 Batignolles, Paris<\/li>\n\n\n\n<li>concert VoF : 2012 01 29 Batignoles, Paris<\/li>\n\n\n\n<li>concert VoF : 2011-12-11 Batignolles, Paris<\/li>\n\n\n\n<li>concert VoF : 2011-11-26 Billettes, Paris<\/li>\n\n\n\n<li>concert VoF : 2011-10-08 Rampillon, IdF<\/li>\n\n\n\n<li>concert VoF : 2011-06-21 Billettes, Paris<\/li>\n\n\n\n<li>concert VoF : 2011-03-05 Levallois, IdF<\/li>\n\n\n\n<li>concert VoF : 2011-01-23 Batignolles, Paris<\/li>\n<\/ul>\n<\/li>\n\n\n\n<li>stages\n<ul class=\"wp-block-list\">\n<li>2016 : Masterclass gospel Emmanuel P. Djob (26\/11\/2016 Gournay-en-Bray)<\/li>\n\n\n\n<li>2015 : stage \u00ab\u00a0en corps chant\u00e9\u00a0\u00bb avec Sarah Hohn &#8211; 05\/07\/2015<\/li>\n\n\n\n<li>2015 : s\u00e9minaire VoF, Neauphle, avril<\/li>\n\n\n\n<li>2013 : s\u00e9minaire VoF, Neauphle, f\u00e9vrier<\/li>\n\n\n\n<li>2012 : s\u00e9minaire VoF, Neauphle, f\u00e9vrier<\/li>\n\n\n\n<li>2011 : s\u00e9minaire VoF, Neauphle, f\u00e9vrier<\/li>\n<\/ul>\n<\/li>\n\n\n\n<li>enregistrement\n<ul class=\"wp-block-list\">\n<li>2012 participation \u00e0 l&rsquo;enregistrement de l&rsquo;album \u00ab\u00a0<a href=\"http:\/\/www.the-voice-of-freedom.com\/wordpress\/album-oh-freedom\/\">Oh Freedom<\/a>\u00a0\u00bb avec The Voice of Freedom<\/li>\n<\/ul>\n<\/li>\n<\/ul>\n\n\n\n<h2 class=\"wp-block-heading\">2000-2011 : p\u00e9riode albums home studio<\/h2>\n\n\n\n<ul class=\"wp-block-list\">\n<li>2013 : support \u00e0 l&rsquo;enregistrement de musique enfantines pour atelier de r\u00e9\u00e9quilibrage neurosensoriel et moteur (<a href=\"http:\/\/www.marie-claude-maisonneuve.eu\/\">Marie-Claude Maisonneuve<\/a>)<\/li>\n<\/ul>\n\n\n\n<ul class=\"wp-block-list\">\n<li>2011 : <strong>Album auto-produit \u00ab\u00a0<a href=\"https:\/\/www.jugulaire.fr\/wordpress\/?page_id=1041\" data-type=\"page\" data-id=\"1041\">CRYPTE<\/a>\u00a0\u00bb <\/strong><ul><li>7 morceaux instrumentaux<\/li><\/ul>\n<ul class=\"wp-block-list\">\n<li>7 versions alternatives (remix) <\/li>\n\n\n\n<li>1er tiers du \u00ab\u00a0<a href=\"https:\/\/www.jugulaire.fr\/wordpress\/?page_id=1291\" data-type=\"page\" data-id=\"1291\">Triptyque<\/a>\u00a0\u00bb (comme un 3\u00e8me album en 3 parties)<\/li>\n<\/ul>\n<\/li>\n<\/ul>\n\n\n\n<ul class=\"wp-block-list\">\n<li>2010 : activit\u00e9s home-studio diverses\n<ul class=\"wp-block-list\">\n<li><a href=\"https:\/\/www.jugulaire.fr\/wordpress\/?page_id=998\">Zykofaj<\/a> : 3 titres home-studio issus du r\u00e9pertoire Cobaye et Diagramme<\/li>\n\n\n\n<li>montages vid\u00e9os pastiches pour un mariage<\/li>\n\n\n\n<li>sonneries pour l&rsquo;application de r\u00e9veil <a rel=\"noreferrer noopener\" href=\"http:\/\/code.google.com\/p\/helios-application\/wiki\/ThanksTo\" target=\"_blank\">\u00ab\u00a0H\u00e9lios\u00a0\u00bb<\/a><\/li>\n<\/ul>\n<\/li>\n<\/ul>\n\n\n\n<ul class=\"wp-block-list\">\n<li>2009 : <strong>Album auto-produit \u00ab\u00a0<a href=\"https:\/\/www.jugulaire.fr\/wordpress\/?page_id=714\">CON&rsquo; JUG &amp; SON<\/a>\u00ab\u00a0<\/strong> avec collaborations des potes\n<ul class=\"wp-block-list\">\n<li>21 nouveaux morceaux<\/li>\n\n\n\n<li>12 interventions amicales<\/li>\n\n\n\n<li>second album du concept \u00ab\u00a0Jugulaire\u00a0\u00bb <\/li>\n<\/ul>\n<\/li>\n\n\n\n<li>Remix de <a href=\"https:\/\/www.jugulaire.fr\/wordpress\/?page_id=489\">\u00abYou better ask yourself\u00bb <em>de Femi Kuti<\/em><\/a> pour un concours<\/li>\n<\/ul>\n\n\n\n<ul class=\"wp-block-list\">\n<li>2007 : \u00e9dition du double album \u00ab\u00a0<a href=\"https:\/\/www.jugulaire.fr\/wordpress\/?page_id=20\" data-type=\"page\" data-id=\"20\">Brouillons les pistes<\/a>\u00a0\u00bb\n<ul class=\"wp-block-list\">\n<li>40 morceaux instrumentaux en 6 th\u00e8mes sur face A et face B<\/li>\n\n\n\n<li>r\u00e9-\u00e9ditions et affinage des instrumentaux de 1997 <\/li>\n\n\n\n<li>ouverture du site web \u00abJug e\u00fbt l&rsquo;air\u00bb. <\/li>\n<\/ul>\n<\/li>\n<\/ul>\n\n\n\n<ul class=\"wp-block-list\">\n<li>2005 : <strong>Album auto-produit \u00ab\u00a0<a href=\"https:\/\/www.jugulaire.fr\/wordpress\/?page_id=4\">MANUFACTURED BY JUG<\/a>\u00ab\u00a0<\/strong><ul><li>21 morceaux solo 100% home-studio<\/li><\/ul>\n<ul class=\"wp-block-list\">\n<li>20 exemplaires grav\u00e9s sur CD<\/li>\n\n\n\n<li>d\u00e9p\u00f4ts SACEM, d\u00e9p\u00f4t \u00e0 un concours des Inrocks<\/li>\n<\/ul>\n<\/li>\n<\/ul>\n\n\n\n<h2 class=\"wp-block-heading\">1998-2006 : p\u00e9riode groupes de rock<\/h2>\n\n\n\n<ul class=\"wp-block-list\">\n<li>de 2004 \u00e0 2006 : <a href=\"https:\/\/www.jugulaire.fr\/wordpress\/?page_id=19\"><strong>COBAYE<\/strong> <\/a>(bassiste &amp; compositeur)\n<ul class=\"wp-block-list\">\n<li>concert Cobaye : 2 septembre 2006 : festival \u00ab\u00a0De plus en plus rock\u00a0\u00bb, Rosny-sur-Seine<\/li>\n\n\n\n<li>concert Cobaye : 24 juin 2005 : f\u00eate de la saint-jean, Saint-Maurice<\/li>\n\n\n\n<li>concert Cobaye : 21 juin 2006 : f\u00eate de la musique sur l&rsquo;ile de la Jatte, Levallois<\/li>\n\n\n\n<li>concert Cobaye : 21 juin 2005 : f\u00eate de la musique sur l&rsquo;ile de la Jatte, Levallois<\/li>\n\n\n\n<li>concert Cobaye : 25 mars 2005 : <a rel=\"noopener\" href=\"http:\/\/www.emergenza.net\/fra\/default.asp\" target=\"_blank\">festival Emergenza<\/a> 2\u00e8me tour, au <strong>Gibus<\/strong>, Paris 11e<\/li>\n\n\n\n<li>concert Cobaye : 17 d\u00e9c. 2004 : festival Emergenza 1er tour, au Gibus, Paris 11e <\/li>\n<\/ul>\n<\/li>\n<\/ul>\n\n\n\n<ul class=\"wp-block-list\">\n<li> 2003 : <strong>Diagramme<\/strong> (bassiste) : concert f\u00eate de la musique, Paris 12e<\/li>\n\n\n\n<li>collaborations diverses : productions home-studio (Freddy, Baptiste, Mag, Ga\u00eblle, David F,&#8230;) ou groupes parisiens (Plasma Pudding, Diagramme, et autres courts passages&#8230;)<\/li>\n\n\n\n<li>2002 : remix de \u00ab\u00a0<em>I feel love<\/em>\u00a0\u00bb de <em>Depeche Mode<\/em> pour un concours<\/li>\n<\/ul>\n\n\n\n<ul class=\"wp-block-list\">\n<li>2000 : <strong>spectacle musique <a href=\"https:\/\/www.jugulaire.fr\/wordpress\/?page_id=94\">ILION<\/a><\/strong>\n<ul class=\"wp-block-list\">\n<li>production musicale de l&rsquo;op\u00e9ra rock (Haut-Brion Home-Studio)<\/li>\n\n\n\n<li>repr\u00e9sentation unique le 16 juin 2000 \u00e0&nbsp; l&rsquo;Enserb, Bordeaux : 250 personnes<\/li>\n\n\n\n<li>plus de 200 exemplaires \u00e9coul\u00e9s du <strong>double album CD<\/strong><\/li>\n\n\n\n<li>reprise en 2002 : nouvelle version par une nouvelle \u00e9quipe : deux repr\u00e9sentations \u00e0&nbsp; Bordeaux) <\/li>\n<\/ul>\n<\/li>\n<\/ul>\n\n\n\n<ul class=\"wp-block-list\">\n<li><strong>Couac<\/strong> (batteur)\n<ul class=\"wp-block-list\">\n<li>concerts Enserb Mosfete 1998 et 1999<\/li>\n\n\n\n<li>concerts Enserb 1998 &amp; 1999 <\/li>\n<\/ul>\n<\/li>\n\n\n\n<li>1999 : <strong>FMR<\/strong> (bassiste)\n<ul class=\"wp-block-list\">\n<li>enregistrement de \u00ab\u00a0<a href=\"https:\/\/www.jugulaire.fr\/wordpress\/?page_id=743\">Got to know<\/a>\u00a0\u00bb au studio <a rel=\"noopener\" href=\"http:\/\/www.rocketchanson.com\" target=\"_blank\">Arema, Bordeaux<\/a><\/li>\n\n\n\n<li>concerts Enserb 1999<\/li>\n\n\n\n<li>responsable du club zik de l&rsquo;<a title=\"enseirb\" rel=\"noopener\" href=\"http:\/\/www.enseirb.fr\" target=\"_blank\">Enserb <\/a>Bordeaux<\/li>\n\n\n\n<li>boeuf pour la f\u00eate de la musique, bar de l&rsquo;Europe \u00e0&nbsp; l&rsquo;angle de la rue Sainte-Catherine, \u00e0&nbsp; Bordeaux <\/li>\n<\/ul>\n<\/li>\n\n\n\n<li>1998 : <strong>Vacuum Cleaner<\/strong> (guitare &amp; clavier)\n<ul class=\"wp-block-list\">\n<li>enregistrement de \u00ab\u00a0<a href=\"https:\/\/www.jugulaire.fr\/wordpress\/?page_id=743\">Dust<\/a>\u00a0\u00bb au studio <a rel=\"noopener\" href=\"http:\/\/www.rocketchanson.com\/stud_pres.aspx\" target=\"_blank\">Arema, Bordeaux<\/a><\/li>\n\n\n\n<li>concert Enserb Mosfete 1998 Bordeaux<\/li>\n\n\n\n<li>concert Enserb hiver 1998 Bordeaux <\/li>\n<\/ul>\n<\/li>\n\n\n\n<li>1995 : <strong>\u00ab\u00a0le groupe du lyc\u00e9e\u00a0\u00bb<\/strong> (clavier) : Juin 1995 : concert au lyc\u00e9e d&rsquo;Yzeure, Allier<\/li>\n<\/ul>\n\n\n\n<h2 class=\"wp-block-heading\">1977-1997 : p\u00e9riode apprentissages<\/h2>\n\n\n\n<ul class=\"wp-block-list\">\n<li> 1995-1997 : enregistrements du futur album \u00ab\u00a0<a href=\"https:\/\/www.jugulaire.fr\/wordpress\/?page_id=20\"><strong>Brouillons les pistes<\/strong><\/a>\u00a0\u00bb et productions home-studio diverses (Bellecroix Home-Studio) avec le <a href=\"https:\/\/www.jugulaire.fr\/wordpress\/?page_id=952\" data-type=\"page\" data-id=\"952\">SY85<\/a>, le ME-30 et des K7.<\/li>\n\n\n\n<li>1987-1995 : 8 ann\u00e9es \u00e0 l&rsquo;<a rel=\"noreferrer noopener\" href=\"https:\/\/fr.yamaha.com\/fr\/education\/yms\/index.html\" target=\"_blank\">\u00e9cole musicale<\/a> d&rsquo;orgue Yamaha avec Sylvie Campredon (\u00e9tablissement Michard), auditions de fin d&rsquo;ann\u00e9es et animations de th\u00e9 dansant<\/li>\n\n\n\n<li>1983-1986 : 3 ann\u00e9es de solf\u00e8ge et chorale au Conservatoire de Moulins, Allier, dont 1 an de cours de violon en 1986<\/li>\n\n\n\n<li>1977-1983 : initiation musicale \u00e0 Dompierre s\/Besbre, Allier et surtout sur le vieux piano chez mes grands-parents \u00e0 Saulcet<\/li>\n\n\n\n<li>1977 : naissance \u00e0 Moulins, Bourbonnais (Allier, 03), premi\u00e8re \u00e9coute des <a rel=\"noreferrer noopener\" href=\"https:\/\/www.beatlesbible.com\/\" target=\"_blank\">Beatles<\/a><\/li>\n<\/ul>\n\n\n\n<figure class=\"wp-block-image size-full\"><a href=\"https:\/\/www.jugulaire.fr\/wordpress\/wp-content\/uploads\/Jug-pochettes-avec-ombres.png\"><img loading=\"lazy\" decoding=\"async\" width=\"960\" height=\"720\" src=\"https:\/\/www.jugulaire.fr\/wordpress\/wp-content\/uploads\/Jug-pochettes-avec-ombres.png\" alt=\"\" class=\"wp-image-1372\" srcset=\"https:\/\/www.jugulaire.fr\/wordpress\/wp-content\/uploads\/Jug-pochettes-avec-ombres.png 960w, https:\/\/www.jugulaire.fr\/wordpress\/wp-content\/uploads\/Jug-pochettes-avec-ombres-300x225.png 300w, https:\/\/www.jugulaire.fr\/wordpress\/wp-content\/uploads\/Jug-pochettes-avec-ombres-768x576.png 768w\" sizes=\"auto, (max-width: 960px) 100vw, 960px\" \/><\/a><\/figure>\n\n\n\n<p><\/p>\n","protected":false},"excerpt":{"rendered":"<p>jug@jugulaire.fr composition, paroles, arrangement, enregistrement guitares, claviers, chant, bidouillages audio 2016-2025 : p\u00e9riode back to home-studio 2011-2015 : p\u00e9riode gospel 2000-2011 : p\u00e9riode albums home studio 1998-2006 : p\u00e9riode groupes de rock 1977-1997 : p\u00e9riode apprentissages<\/p>\n","protected":false},"author":1,"featured_media":0,"parent":0,"menu_order":0,"comment_status":"closed","ping_status":"open","template":"","meta":{"footnotes":""},"class_list":["post-58","page","type-page","status-publish","hentry"],"_links":{"self":[{"href":"https:\/\/www.jugulaire.fr\/wordpress\/wp-json\/wp\/v2\/pages\/58","targetHints":{"allow":["GET"]}}],"collection":[{"href":"https:\/\/www.jugulaire.fr\/wordpress\/wp-json\/wp\/v2\/pages"}],"about":[{"href":"https:\/\/www.jugulaire.fr\/wordpress\/wp-json\/wp\/v2\/types\/page"}],"author":[{"embeddable":true,"href":"https:\/\/www.jugulaire.fr\/wordpress\/wp-json\/wp\/v2\/users\/1"}],"replies":[{"embeddable":true,"href":"https:\/\/www.jugulaire.fr\/wordpress\/wp-json\/wp\/v2\/comments?post=58"}],"version-history":[{"count":74,"href":"https:\/\/www.jugulaire.fr\/wordpress\/wp-json\/wp\/v2\/pages\/58\/revisions"}],"predecessor-version":[{"id":2942,"href":"https:\/\/www.jugulaire.fr\/wordpress\/wp-json\/wp\/v2\/pages\/58\/revisions\/2942"}],"wp:attachment":[{"href":"https:\/\/www.jugulaire.fr\/wordpress\/wp-json\/wp\/v2\/media?parent=58"}],"curies":[{"name":"wp","href":"https:\/\/api.w.org\/{rel}","templated":true}]}}