{"id":53,"date":"2005-09-08T18:50:54","date_gmt":"2005-09-08T17:50:54","guid":{"rendered":"http:\/\/www.jugulaire.fr\/?p=53"},"modified":"2023-07-08T10:11:58","modified_gmt":"2023-07-08T09:11:58","slug":"contre-toi","status":"publish","type":"page","link":"https:\/\/www.jugulaire.fr\/wordpress\/contre-toi\/","title":{"rendered":"Contre toi"},"content":{"rendered":"\n<p><em>(Cassandre)<\/em><br><strong>Ce n&rsquo;est pas de cette fa\u00e7on l\u00e0, dont j&rsquo;aurais voulu \u00eatre contre toi.<br>Mais contre toi me d\u00e9tendre, et attendre de toi, que tu \u00e9tendes le temps qui tarde<\/strong><\/p>\n\n\n\n<p>Le sort est sans doute beaucoup plus engag\u00e9 que nous.<br>Le sort est sans nul doute beaucoup plus engag\u00e9 que nous.<\/p>\n\n\n\n<p><strong>Je me souviens encore de ces fois, o\u00f9 j&rsquo;\u00e9tais si blottie contre toi.<br>Non contre toi \u00e0\u00a0 me d\u00e9fendre et \u00e0\u00a0 te rendre la foi, que j&rsquo;avais plac\u00e9, h\u00e9las, l\u00e0.<\/strong><\/p>\n\n\n\n<p>Le sort est sans doute beaucoup plus engag\u00e9 que nous.<br>Le sort est sans nul doute beaucoup plus engag\u00e9 que nous.<\/p>\n\n\n\n<p><em>(Apollon)<\/em><br><strong>Ce n&rsquo;est pas non plus de cette fa\u00e7on l\u00e0, dont j&rsquo;aurais voulu \u00eatre contre toi.<br>Mais contre toi Cassandre m&rsquo;attendre \u00e0 apprendre \u00e0 d\u00e9tendre le temps qui tarde.<\/strong><\/p>\n\n\n\n<p>Les hommes sont sans doute beaucoup plus enrag\u00e9s que fous.<br>Les hommes sont sans nul doute beaucoup plus enrag\u00e9s que fous.<\/p>\n\n\n\n<p><strong>Si les dieux sauvaient Troie du tr\u00e9pas, tu ne serais pas envers et contre moi,<br>Mais contre moi, si tendre, \u00e0 prendre \u00e0 l&rsquo;endroit, ce que nous offre le temps qui tarde.<\/strong><\/p>\n\n\n\n<p>Les hommes sont sans doute beaucoup plus enrag\u00e9s que fous.<br>Le sort est sans nul doute beaucoup plus engag\u00e9 que nous.<br>Les dieux sont sans nul doute beaucoup plus d\u00e9tach\u00e9s de tout.<\/p>\n\n\n\n<figure class=\"wp-block-image size-large\"><a href=\"https:\/\/www.jugulaire.fr\/wordpress\/wp-content\/uploads\/Contre-toi-1.png\"><img loading=\"lazy\" decoding=\"async\" width=\"724\" height=\"1024\" src=\"https:\/\/www.jugulaire.fr\/wordpress\/wp-content\/uploads\/Contre-toi-1-724x1024.png\" alt=\"\" class=\"wp-image-2740\" srcset=\"https:\/\/www.jugulaire.fr\/wordpress\/wp-content\/uploads\/Contre-toi-1-724x1024.png 724w, https:\/\/www.jugulaire.fr\/wordpress\/wp-content\/uploads\/Contre-toi-1-212x300.png 212w, https:\/\/www.jugulaire.fr\/wordpress\/wp-content\/uploads\/Contre-toi-1-768x1086.png 768w, https:\/\/www.jugulaire.fr\/wordpress\/wp-content\/uploads\/Contre-toi-1-1086x1536.png 1086w, https:\/\/www.jugulaire.fr\/wordpress\/wp-content\/uploads\/Contre-toi-1-1448x2048.png 1448w\" sizes=\"auto, (max-width: 724px) 100vw, 724px\" \/><\/a><\/figure>\n","protected":false},"excerpt":{"rendered":"<p>(Cassandre)Ce n&rsquo;est pas de cette fa\u00e7on l\u00e0, dont j&rsquo;aurais voulu \u00eatre contre toi.Mais contre toi me d\u00e9tendre, et attendre de toi, que tu \u00e9tendes le temps qui tarde Le sort est sans doute beaucoup plus engag\u00e9 que nous.Le sort est sans nul doute beaucoup plus engag\u00e9 que nous. Je me souviens encore de ces fois, &hellip; <a href=\"https:\/\/www.jugulaire.fr\/wordpress\/contre-toi\/\" class=\"more-link\">Continuer la lecture de <span class=\"screen-reader-text\">Contre toi<\/span> <span class=\"meta-nav\">&rarr;<\/span><\/a><\/p>\n","protected":false},"author":1,"featured_media":0,"parent":0,"menu_order":0,"comment_status":"closed","ping_status":"open","template":"","meta":{"footnotes":""},"class_list":["post-53","page","type-page","status-publish","hentry"],"_links":{"self":[{"href":"https:\/\/www.jugulaire.fr\/wordpress\/wp-json\/wp\/v2\/pages\/53","targetHints":{"allow":["GET"]}}],"collection":[{"href":"https:\/\/www.jugulaire.fr\/wordpress\/wp-json\/wp\/v2\/pages"}],"about":[{"href":"https:\/\/www.jugulaire.fr\/wordpress\/wp-json\/wp\/v2\/types\/page"}],"author":[{"embeddable":true,"href":"https:\/\/www.jugulaire.fr\/wordpress\/wp-json\/wp\/v2\/users\/1"}],"replies":[{"embeddable":true,"href":"https:\/\/www.jugulaire.fr\/wordpress\/wp-json\/wp\/v2\/comments?post=53"}],"version-history":[{"count":4,"href":"https:\/\/www.jugulaire.fr\/wordpress\/wp-json\/wp\/v2\/pages\/53\/revisions"}],"predecessor-version":[{"id":2742,"href":"https:\/\/www.jugulaire.fr\/wordpress\/wp-json\/wp\/v2\/pages\/53\/revisions\/2742"}],"wp:attachment":[{"href":"https:\/\/www.jugulaire.fr\/wordpress\/wp-json\/wp\/v2\/media?parent=53"}],"curies":[{"name":"wp","href":"https:\/\/api.w.org\/{rel}","templated":true}]}}