{"id":51,"date":"2005-09-08T18:49:01","date_gmt":"2005-09-08T17:49:01","guid":{"rendered":"http:\/\/www.jugulaire.fr\/?p=51"},"modified":"2024-05-17T18:40:02","modified_gmt":"2024-05-17T17:40:02","slug":"_-athee-ou-sot-_","status":"publish","type":"page","link":"https:\/\/www.jugulaire.fr\/wordpress\/_-athee-ou-sot-_\/","title":{"rendered":"Ath\u00e9e ou sot"},"content":{"rendered":"<p>G Em Bm C<br \/>\nG Em Bm Am Em Bm<br \/>\nC Am Em Bm C Am<br \/>\nD Am Em G x2 D C Em<br \/>\npont : Em C Bm Am x4<\/p>\n<p><strong>Dans un sens,<\/strong><br \/>\n<strong>C&rsquo;est une offense,<\/strong><br \/>\n<strong>Un manque d&rsquo;\u00e9l\u00e9gance,<\/strong><br \/>\n<strong>La promesse d&rsquo;un sursis<\/strong><br \/>\n<strong>Et depuis : 2000 ans sans messie.<\/strong><br \/>\n<strong>Les r\u00e9ticences<\/strong><br \/>\n<strong>Affectant ta croyance,<\/strong><br \/>\n<strong>La d\u00e9ficience<\/strong><br \/>\n<strong>Des mots b\u00e9nis,<\/strong><br \/>\n<strong>Vers d&rsquo;autres alpages les brebis.<\/strong><br \/>\n<strong>La n\u00e9gligence, une \u00e9poque : une croyance<\/strong><br \/>\n<strong>Et l&rsquo;\u00e9mergence TV\/Hi-Fi,<\/strong><br \/>\n<strong>Loin d&rsquo;\u00e9glises, sans pri\u00e8res ni zombies<\/strong><br \/>\n<strong>A Venise plut\u00f4t qu&rsquo; \u00e0\u00a0 Rome car le soucis,<\/strong><br \/>\n<strong>C&rsquo;est pas les psaumes \u00e0\u00a0 la lueur des bougies.<\/strong><\/p>\n<p><strong>Marche sur l&rsquo;eau,<\/strong><br \/>\n<strong>Apporte les mots<\/strong><br \/>\n<strong>Qui viennent d&rsquo;en haut,<\/strong><br \/>\n<strong>L\u00e0\u00a0 o\u00f9, convive, je verrai un jour o\u00f9 mes a\u00efeux vivent.<\/strong><br \/>\n<strong>Ouvre mes yeux<\/strong><br \/>\n<strong>Et gu\u00e9ri les l\u00e9preux<\/strong><br \/>\n<strong>Car agneaux de dieu<\/strong><br \/>\n<strong>Attendent Gabriel :<\/strong><br \/>\n<strong>Archange, pointe le bout de tes ailes.<\/strong><br \/>\n<strong>F\u00fbt un temps o\u00f9, les anges parmi nous,<\/strong><br \/>\n<strong>A tout instant, nous \u00e0\u00a0 genoux<\/strong><br \/>\n<strong>Pour un nom qui n&rsquo;est plus qu&rsquo;un tabou,<\/strong><br \/>\n<strong>A d\u00e9faut de n&rsquo;\u00eatre plus rien du tout,<\/strong><br \/>\n<strong>Mon Dieu, allo j&rsquo;\u00e9coute, vous \u00eates o\u00f9 ? (vous \u00eates tout)<\/strong><\/p>\n<p><strong>Vous \u00eates tant tentant&#8230; tant tentant&#8230; tant tentant&#8230;<\/strong><\/p>\n<p><strong>Signe de faiblesse<\/strong><br \/>\n<strong>Mais qui te confesse ?<\/strong><br \/>\n<strong>On te d\u00e9laisse,<\/strong><br \/>\n<strong>Et tu t&rsquo;affaisses.<\/strong><br \/>\n<strong>Pas de moral, plus de bataille, ath\u00e9e ou sot !<\/strong><br \/>\n<strong>Les jours f\u00e9ri\u00e9s,<\/strong><br \/>\n<strong>Homme ne ch\u00f4me pas,<\/strong><br \/>\n<strong>Pour le livre,<\/strong><br \/>\n<strong>Pour revivre<\/strong><br \/>\n<strong>La lumi\u00e8re du retour de l&rsquo;\u00e9ternel.<\/strong><br \/>\n<strong>Sur le tr\u00f4ne, la poussi\u00e8re,<\/strong><br \/>\n<strong>V\u00e9n\u00e9r\u00e9 et glorieux nagu\u00e8re.<\/strong><br \/>\n<strong>Ecoutes-les louer les enfers.<\/strong><br \/>\n<strong>Dans le vol des oiseaux, tout est flou.<\/strong><br \/>\n<strong>Purgatoire surcharg\u00e9 au mois d&rsquo;ao\u00fbt<\/strong><br \/>\n<strong>Mon Dieu, \u00e0\u00a0 mon tour j&rsquo;\u00e9coute, vous en \u00eates o\u00f9 ?<\/strong><\/p>\n","protected":false},"excerpt":{"rendered":"<p>G Em Bm C G Em Bm Am Em Bm C Am Em Bm C Am D Am Em G x2 D C Em pont : Em C Bm Am x4 Dans un sens, C&rsquo;est une offense, Un manque d&rsquo;\u00e9l\u00e9gance, La promesse d&rsquo;un sursis Et depuis : 2000 ans sans messie. Les r\u00e9ticences Affectant ta &hellip; <a href=\"https:\/\/www.jugulaire.fr\/wordpress\/_-athee-ou-sot-_\/\" class=\"more-link\">Continuer la lecture de <span class=\"screen-reader-text\">Ath\u00e9e ou sot<\/span> <span class=\"meta-nav\">&rarr;<\/span><\/a><\/p>\n","protected":false},"author":1,"featured_media":0,"parent":0,"menu_order":0,"comment_status":"closed","ping_status":"closed","template":"","meta":{"footnotes":""},"class_list":["post-51","page","type-page","status-publish","hentry"],"_links":{"self":[{"href":"https:\/\/www.jugulaire.fr\/wordpress\/wp-json\/wp\/v2\/pages\/51","targetHints":{"allow":["GET"]}}],"collection":[{"href":"https:\/\/www.jugulaire.fr\/wordpress\/wp-json\/wp\/v2\/pages"}],"about":[{"href":"https:\/\/www.jugulaire.fr\/wordpress\/wp-json\/wp\/v2\/types\/page"}],"author":[{"embeddable":true,"href":"https:\/\/www.jugulaire.fr\/wordpress\/wp-json\/wp\/v2\/users\/1"}],"replies":[{"embeddable":true,"href":"https:\/\/www.jugulaire.fr\/wordpress\/wp-json\/wp\/v2\/comments?post=51"}],"version-history":[{"count":4,"href":"https:\/\/www.jugulaire.fr\/wordpress\/wp-json\/wp\/v2\/pages\/51\/revisions"}],"predecessor-version":[{"id":2859,"href":"https:\/\/www.jugulaire.fr\/wordpress\/wp-json\/wp\/v2\/pages\/51\/revisions\/2859"}],"wp:attachment":[{"href":"https:\/\/www.jugulaire.fr\/wordpress\/wp-json\/wp\/v2\/media?parent=51"}],"curies":[{"name":"wp","href":"https:\/\/api.w.org\/{rel}","templated":true}]}}