{"id":489,"date":"2009-06-27T17:30:25","date_gmt":"2009-06-27T16:30:25","guid":{"rendered":"http:\/\/www.jugulaire.fr\/?p=489"},"modified":"2017-01-04T22:19:16","modified_gmt":"2017-01-04T21:19:16","slug":"remix-de-femi-kuti","status":"publish","type":"page","link":"https:\/\/www.jugulaire.fr\/wordpress\/remix-de-femi-kuti\/","title":{"rendered":"Concours de Remix"},"content":{"rendered":"<p>Voici deux remix r\u00e9alis\u00e9s par des concours de remix<br \/>\n(mais je n&rsquo;ai pas gagn\u00e9&#8230; ;-) )<\/p>\n<p>2003 &#8211; Depeche Mode &#8211; I feel loved (remix jugulaire)<br \/>\n<a href=\"https:\/\/www.youtube.com\/watch?v=OL8Wqe-QWM8\">Depeche Mode &#8211; I feel loved : version originale<\/a><\/p>\n<p>2009 &#8211; Femi Kuti &#8211; You better ask yourself (remix jugulaire)<br \/>\n<a href=\"https:\/\/www.youtube.com\/watch?v=oVASZ-NsMws\">Femi Kuti &#8211; You better ask yourself : version originale<\/a><\/p>\n<p>[wonderplugin_audio id=\u00a0\u00bb18&Prime;]<\/p>\n","protected":false},"excerpt":{"rendered":"<p>Voici deux remix r\u00e9alis\u00e9s par des concours de remix (mais je n&rsquo;ai pas gagn\u00e9&#8230; ;-) ) 2003 &#8211; Depeche Mode &#8211; I feel loved (remix jugulaire) Depeche Mode &#8211; I feel loved : version originale 2009 &#8211; Femi Kuti &#8211; You better ask yourself (remix jugulaire) Femi Kuti &#8211; You better ask yourself : version &hellip; <a href=\"https:\/\/www.jugulaire.fr\/wordpress\/remix-de-femi-kuti\/\" class=\"more-link\">Continuer la lecture de <span class=\"screen-reader-text\">Concours de Remix<\/span> <span class=\"meta-nav\">&rarr;<\/span><\/a><\/p>\n","protected":false},"author":1,"featured_media":0,"parent":0,"menu_order":0,"comment_status":"closed","ping_status":"closed","template":"","meta":{"footnotes":""},"class_list":["post-489","page","type-page","status-publish","hentry"],"_links":{"self":[{"href":"https:\/\/www.jugulaire.fr\/wordpress\/wp-json\/wp\/v2\/pages\/489","targetHints":{"allow":["GET"]}}],"collection":[{"href":"https:\/\/www.jugulaire.fr\/wordpress\/wp-json\/wp\/v2\/pages"}],"about":[{"href":"https:\/\/www.jugulaire.fr\/wordpress\/wp-json\/wp\/v2\/types\/page"}],"author":[{"embeddable":true,"href":"https:\/\/www.jugulaire.fr\/wordpress\/wp-json\/wp\/v2\/users\/1"}],"replies":[{"embeddable":true,"href":"https:\/\/www.jugulaire.fr\/wordpress\/wp-json\/wp\/v2\/comments?post=489"}],"version-history":[{"count":6,"href":"https:\/\/www.jugulaire.fr\/wordpress\/wp-json\/wp\/v2\/pages\/489\/revisions"}],"predecessor-version":[{"id":1881,"href":"https:\/\/www.jugulaire.fr\/wordpress\/wp-json\/wp\/v2\/pages\/489\/revisions\/1881"}],"wp:attachment":[{"href":"https:\/\/www.jugulaire.fr\/wordpress\/wp-json\/wp\/v2\/media?parent=489"}],"curies":[{"name":"wp","href":"https:\/\/api.w.org\/{rel}","templated":true}]}}