{"id":48,"date":"2008-04-18T11:24:03","date_gmt":"2008-04-18T10:24:03","guid":{"rendered":"http:\/\/www.jugulaire.fr\/?p=48"},"modified":"2016-08-31T15:36:52","modified_gmt":"2016-08-31T14:36:52","slug":"_-le-bruit-des-voisins-_","status":"publish","type":"page","link":"https:\/\/www.jugulaire.fr\/wordpress\/_-le-bruit-des-voisins-_\/","title":{"rendered":"Le bruit des voisins"},"content":{"rendered":"<p>Am Am\/F# F Dm Em x4, F G<br \/>\nA A7 D FM7 x3, E D7<br \/>\nAm&#8230;<\/p>\n<p>Un col en v\u00e9, une chemise en lin<br \/>\nUn verre de lait, un verre de vin<br \/>\nMonsieur temp\u00e8re ses petits chagrins<br \/>\nCouleur vert-de-gris, un verre plein<br \/>\nMonsieur voit rouge, sous son air s\u00e9v\u00e8re,<br \/>\nLe vert \u00e0\u00a0 l&rsquo;envers daltonien<br \/>\nLe champagne c&rsquo;est comme l&rsquo;atmosph\u00e8re<br \/>\nDes bulles de verre sans go\u00fbt de raisin<\/p>\n<p>Parfois dentaire, parfois angelin,<br \/>\nMonsieur montre ses crocs canins<br \/>\nMonsieur s&rsquo;enterre, mais est sans jardin<br \/>\nChaque verre vide l&rsquo;eau du bain<br \/>\nMonsieur boit du rouge, mais monsieur perd ses verres<br \/>\nRenvers\u00e9s chaque fois moiti\u00e9 pleins<br \/>\nLe champagne c&rsquo;est pas pour lui d\u00e9plaire,<br \/>\nMais il y a un moment o\u00f9 on ne sent plus rien.<\/p>\n<p>Et Belz\u00e9buth lui dit bien<br \/>\nQu&rsquo;apr\u00e8s tout c&rsquo;est du jus de raisin<br \/>\nIl a de la bouteille mais je crains<br \/>\nQu&rsquo;il ne gobe le barratin<br \/>\nEt s&rsquo;il \u00e9coute son ange gardien<br \/>\nOn pourrait changer l&rsquo;eau en vain<\/p>\n<p>Monsieur lib\u00e8re un peu de son trop plein<br \/>\nNouvel \u00e9lan vers le tremplin<br \/>\nA la lumi\u00e8re de son quotidien<br \/>\nSans lanterne et sans parchemin<br \/>\nParmi la foule de faits divers<br \/>\nComme des motifs de papiers-peints<br \/>\nCe qui le sao\u00fble plus que le fond des verres<br \/>\nC&rsquo;est le bruit que font les voisins.<\/p>\n","protected":false},"excerpt":{"rendered":"<p>Am Am\/F# F Dm Em x4, F G A A7 D FM7 x3, E D7 Am&#8230; Un col en v\u00e9, une chemise en lin Un verre de lait, un verre de vin Monsieur temp\u00e8re ses petits chagrins Couleur vert-de-gris, un verre plein Monsieur voit rouge, sous son air s\u00e9v\u00e8re, Le vert \u00e0\u00a0 l&rsquo;envers daltonien Le &hellip; <a href=\"https:\/\/www.jugulaire.fr\/wordpress\/_-le-bruit-des-voisins-_\/\" class=\"more-link\">Continuer la lecture de <span class=\"screen-reader-text\">Le bruit des voisins<\/span> <span class=\"meta-nav\">&rarr;<\/span><\/a><\/p>\n","protected":false},"author":1,"featured_media":0,"parent":0,"menu_order":0,"comment_status":"closed","ping_status":"closed","template":"","meta":{"footnotes":""},"class_list":["post-48","page","type-page","status-publish","hentry"],"_links":{"self":[{"href":"https:\/\/www.jugulaire.fr\/wordpress\/wp-json\/wp\/v2\/pages\/48","targetHints":{"allow":["GET"]}}],"collection":[{"href":"https:\/\/www.jugulaire.fr\/wordpress\/wp-json\/wp\/v2\/pages"}],"about":[{"href":"https:\/\/www.jugulaire.fr\/wordpress\/wp-json\/wp\/v2\/types\/page"}],"author":[{"embeddable":true,"href":"https:\/\/www.jugulaire.fr\/wordpress\/wp-json\/wp\/v2\/users\/1"}],"replies":[{"embeddable":true,"href":"https:\/\/www.jugulaire.fr\/wordpress\/wp-json\/wp\/v2\/comments?post=48"}],"version-history":[{"count":2,"href":"https:\/\/www.jugulaire.fr\/wordpress\/wp-json\/wp\/v2\/pages\/48\/revisions"}],"predecessor-version":[{"id":1672,"href":"https:\/\/www.jugulaire.fr\/wordpress\/wp-json\/wp\/v2\/pages\/48\/revisions\/1672"}],"wp:attachment":[{"href":"https:\/\/www.jugulaire.fr\/wordpress\/wp-json\/wp\/v2\/media?parent=48"}],"curies":[{"name":"wp","href":"https:\/\/api.w.org\/{rel}","templated":true}]}}