{"id":41,"date":"2006-08-14T13:14:19","date_gmt":"2006-08-14T12:14:19","guid":{"rendered":""},"modified":"2016-08-31T15:47:17","modified_gmt":"2016-08-31T14:47:17","slug":"douze","status":"publish","type":"page","link":"https:\/\/www.jugulaire.fr\/wordpress\/douze\/","title":{"rendered":"Douze"},"content":{"rendered":"<p>[ Em C Am D Bm ]<br \/>\n[ Am D Am D G Am C B7 ]<\/p>\n<p>Plus de tr\u00e9sors que de femmes<br \/>\nPlus de porcs que de m\u00e2les<br \/>\nPlus de faux jeux que de bals<br \/>\nPlus de faucheuse que de p\u00e9tales<\/p>\n<p>Chaque jour je revois et cotoie<br \/>\nLes douze<br \/>\nElles sont si ponctuelles<br \/>\nChacune d&rsquo;entre elles devient l&rsquo;\u00e9pouse<br \/>\nDe mes ritournelles<\/p>\n<p>Et le rythme de leurs pas<br \/>\nSur les choses d&rsquo;ici bas<br \/>\nImpose la  parano\u00efa<br \/>\nDe l&rsquo;alpha \u00e0\u00a0 l&rsquo;om\u00e9ga.<\/p>\n<p>Chaque ann\u00e9e je revois et re\u00e7ois<br \/>\nLes douze<br \/>\nIls sont si fid\u00e8les<br \/>\nDans les joies, dans les doutes, et m\u00eame dans les blues<br \/>\nPrenez-en de la graine<\/p>\n<p>Leurs noms d&rsquo;autrefois<br \/>\nMes souvenirs auvergnats<br \/>\nTout ce qui arrivera<br \/>\nBoussole dans le panorama<\/p>\n<p>Tous ap\u00f4tres et entre autres<br \/>\nils \u00e9taient douze<br \/>\nJe ne serai pas le treizi\u00e8me<br \/>\nPoint je ne les jalouse<br \/>\nNi honte ni flemme<br \/>\nMa flamme flambe<br \/>\nPour un autre id\u00e9al<br \/>\nEt que jamais je n&rsquo;entende<br \/>\nMon proc\u00e8s cl\u00e9rical.<\/p>\n<p>[ C G D Em G Am B7 ]<\/p>\n<p>lalala lala<\/p>\n","protected":false},"excerpt":{"rendered":"<p>[ Em C Am D Bm ] [ Am D Am D G Am C B7 ] Plus de tr\u00e9sors que de femmes Plus de porcs que de m\u00e2les Plus de faux jeux que de bals Plus de faucheuse que de p\u00e9tales Chaque jour je revois et cotoie Les douze Elles sont si ponctuelles Chacune &hellip; <a href=\"https:\/\/www.jugulaire.fr\/wordpress\/douze\/\" class=\"more-link\">Continuer la lecture de <span class=\"screen-reader-text\">Douze<\/span> <span class=\"meta-nav\">&rarr;<\/span><\/a><\/p>\n","protected":false},"author":1,"featured_media":0,"parent":0,"menu_order":0,"comment_status":"closed","ping_status":"closed","template":"","meta":{"footnotes":""},"class_list":["post-41","page","type-page","status-publish","hentry"],"_links":{"self":[{"href":"https:\/\/www.jugulaire.fr\/wordpress\/wp-json\/wp\/v2\/pages\/41","targetHints":{"allow":["GET"]}}],"collection":[{"href":"https:\/\/www.jugulaire.fr\/wordpress\/wp-json\/wp\/v2\/pages"}],"about":[{"href":"https:\/\/www.jugulaire.fr\/wordpress\/wp-json\/wp\/v2\/types\/page"}],"author":[{"embeddable":true,"href":"https:\/\/www.jugulaire.fr\/wordpress\/wp-json\/wp\/v2\/users\/1"}],"replies":[{"embeddable":true,"href":"https:\/\/www.jugulaire.fr\/wordpress\/wp-json\/wp\/v2\/comments?post=41"}],"version-history":[{"count":2,"href":"https:\/\/www.jugulaire.fr\/wordpress\/wp-json\/wp\/v2\/pages\/41\/revisions"}],"predecessor-version":[{"id":1691,"href":"https:\/\/www.jugulaire.fr\/wordpress\/wp-json\/wp\/v2\/pages\/41\/revisions\/1691"}],"wp:attachment":[{"href":"https:\/\/www.jugulaire.fr\/wordpress\/wp-json\/wp\/v2\/media?parent=41"}],"curies":[{"name":"wp","href":"https:\/\/api.w.org\/{rel}","templated":true}]}}