{"id":4,"date":"2010-02-20T18:00:49","date_gmt":"2010-02-20T17:00:49","guid":{"rendered":"http:\/\/www.jugulaire.fr\/?p=4"},"modified":"2021-12-05T08:19:13","modified_gmt":"2021-12-05T07:19:13","slug":"manufactured-by","status":"publish","type":"page","link":"https:\/\/www.jugulaire.fr\/wordpress\/manufactured-by\/","title":{"rendered":"album \u00ab\u00a0Manufactured by JuG\u00a0\u00bb"},"content":{"rendered":"<p style=\"text-align: justify;\">21 morceaux r\u00e9unies sur un album 100% auto-produit, publi\u00e9 en 2005 et intitul\u00e9 \u00ab\u00a0<strong>Manufactured by JuG<\/strong>\u00ab\u00a0. Musiques, paroles, orchestration, clavier synth\u00e9tiseur, guitare, basse, programmation, batterie, bruitage, chant, mixage en st\u00e9r\u00e9ophonie et graphismes par JuG. Merci \u00e0 tous ceux qui ont contribu\u00e9 \u00e0 ces chansons et \u00e0 leur enregistrement artisanal. (<em>Les phrases parl\u00e9es ont \u00e9t\u00e9 enregistr\u00e9es au hasard \u00e0 la radio&#8230; ou trouv\u00e9es le soir sur mon r\u00e9pondeur t\u00e9l\u00e9phonique.)<\/em><\/p>\n<div class=\"wp-playlist wp-audio-playlist wp-playlist-light\">\n\t\t\t<div class=\"wp-playlist-current-item\"><\/div>\n\t\t<audio controls=\"controls\" preload=\"none\" width=\"582\"\n\t\t\t><\/audio>\n\t<div class=\"wp-playlist-next\"><\/div>\n\t<div class=\"wp-playlist-prev\"><\/div>\n\t<noscript>\n\t<ol>\n\t\t<li><a href='https:\/\/www.jugulaire.fr\/wordpress\/wp-content\/uploads\/01-Alveoles.mp3'>Alv\u00e9oles<\/a><\/li><li><a href='https:\/\/www.jugulaire.fr\/wordpress\/wp-content\/uploads\/02-Cardionaif.mp3'>Cardiona\u00eff<\/a><\/li><li><a href='https:\/\/www.jugulaire.fr\/wordpress\/wp-content\/uploads\/03-Bon-Citoyen.mp3'>Bon Citoyen<\/a><\/li><li><a href='https:\/\/www.jugulaire.fr\/wordpress\/wp-content\/uploads\/04-Plume-de-fer.mp3'>Plume de fer<\/a><\/li><li><a href='https:\/\/www.jugulaire.fr\/wordpress\/wp-content\/uploads\/05-Plethore-didees.mp3'>Pl\u00e9thore d'id\u00e9es<\/a><\/li><li><a href='https:\/\/www.jugulaire.fr\/wordpress\/wp-content\/uploads\/06-La-chanson-lunaire.mp3'>La chanson lunaire<\/a><\/li><li><a href='https:\/\/www.jugulaire.fr\/wordpress\/wp-content\/uploads\/07-Le-deluge.mp3'>Le d\u00e9luge<\/a><\/li><li><a href='https:\/\/www.jugulaire.fr\/wordpress\/wp-content\/uploads\/08-Motus.mp3'>Motus<\/a><\/li><li><a href='https:\/\/www.jugulaire.fr\/wordpress\/wp-content\/uploads\/09-Le-pire-des-cas.mp3'>Le pire des cas<\/a><\/li><li><a href='https:\/\/www.jugulaire.fr\/wordpress\/wp-content\/uploads\/10-Ensuite-Room.mp3'>Ensuite + Room<\/a><\/li><li><a href='https:\/\/www.jugulaire.fr\/wordpress\/wp-content\/uploads\/11-Citadine.mp3'>Citadine<\/a><\/li><li><a href='https:\/\/www.jugulaire.fr\/wordpress\/wp-content\/uploads\/12-Fortune.mp3'>Fortune<\/a><\/li><li><a href='https:\/\/www.jugulaire.fr\/wordpress\/wp-content\/uploads\/13-Douze.mp3'>Douze<\/a><\/li><li><a href='https:\/\/www.jugulaire.fr\/wordpress\/wp-content\/uploads\/14-Dans-nos-cervelles.mp3'>Dans nos cervelles<\/a><\/li><li><a href='https:\/\/www.jugulaire.fr\/wordpress\/wp-content\/uploads\/15-Les-fees-blessent.mp3'>Les f\u00e9es blessent<\/a><\/li><li><a href='https:\/\/www.jugulaire.fr\/wordpress\/wp-content\/uploads\/16-Les-petits-icebergs.mp3'>Les petits icebergs<\/a><\/li><li><a href='https:\/\/www.jugulaire.fr\/wordpress\/wp-content\/uploads\/17-Temps-mort.mp3'>Temps mort<\/a><\/li><li><a href='https:\/\/www.jugulaire.fr\/wordpress\/wp-content\/uploads\/18-Des-cernes-sous-les-cieux.mp3'>Des cernes sous les cieux<\/a><\/li><li><a href='https:\/\/www.jugulaire.fr\/wordpress\/wp-content\/uploads\/19-Pire.mp3'>Pire<\/a><\/li><li><a href='https:\/\/www.jugulaire.fr\/wordpress\/wp-content\/uploads\/20-La-complainte-nevrotique.mp3'>La complainte n\u00e9vrotique<\/a><\/li><li><a href='https:\/\/www.jugulaire.fr\/wordpress\/wp-content\/uploads\/21-Les-tourmentes-revolues.mp3'>Les tourmentes r\u00e9volues<\/a><\/li>\t<\/ol>\n\t<\/noscript>\n\t<script type=\"application\/json\" class=\"wp-playlist-script\">{\"type\":\"audio\",\"tracklist\":true,\"tracknumbers\":true,\"images\":true,\"artists\":true,\"tracks\":[{\"src\":\"https:\/\/www.jugulaire.fr\/wordpress\/wp-content\/uploads\/01-Alveoles.mp3\",\"type\":\"audio\/mpeg\",\"title\":\"Alv\\u00e9oles\",\"caption\":\"\",\"description\":\"\\u003Ci\\u003EAlv\\u00e9oles\\u003C\/i\\u003E tir\\u00e9 de \\u003Ci\\u003EManufactured by JuG\\u003C\/i\\u003E par Jug. Date de sortie\\u00a0: 2005. Piste 1. Genre\\u00a0: www.jugulaire.fr.\",\"meta\":{\"artist\":\"Jug\",\"album\":\"Manufactured by JuG\",\"genre\":\"www.jugulaire.fr\",\"year\":\"2005\",\"length_formatted\":\"3:30\"},\"image\":{\"src\":\"https:\/\/www.jugulaire.fr\/wordpress\/wp-content\/uploads\/01-Alveoles-mp3-image.jpg\",\"width\":1199,\"height\":1199},\"thumb\":{\"src\":\"https:\/\/www.jugulaire.fr\/wordpress\/wp-content\/uploads\/01-Alveoles-mp3-image-150x150.jpg\",\"width\":150,\"height\":150}},{\"src\":\"https:\/\/www.jugulaire.fr\/wordpress\/wp-content\/uploads\/02-Cardionaif.mp3\",\"type\":\"audio\/mpeg\",\"title\":\"Cardiona\\u00eff\",\"caption\":\"\",\"description\":\"\\u003Ci\\u003ECardiona\\u00eff\\u003C\/i\\u003E tir\\u00e9 de \\u003Ci\\u003EManufactured by JuG\\u003C\/i\\u003E par Jug. Date de sortie\\u00a0: 2005. Piste 2. Genre\\u00a0: www.jugulaire.fr.\",\"meta\":{\"artist\":\"Jug\",\"album\":\"Manufactured by JuG\",\"genre\":\"www.jugulaire.fr\",\"year\":\"2005\",\"length_formatted\":\"3:20\"},\"image\":{\"src\":\"https:\/\/www.jugulaire.fr\/wordpress\/wp-content\/uploads\/01-Alveoles-mp3-image.jpg\",\"width\":1199,\"height\":1199},\"thumb\":{\"src\":\"https:\/\/www.jugulaire.fr\/wordpress\/wp-content\/uploads\/01-Alveoles-mp3-image-150x150.jpg\",\"width\":150,\"height\":150}},{\"src\":\"https:\/\/www.jugulaire.fr\/wordpress\/wp-content\/uploads\/03-Bon-Citoyen.mp3\",\"type\":\"audio\/mpeg\",\"title\":\"Bon Citoyen\",\"caption\":\"\",\"description\":\"\\u003Ci\\u003EBon Citoyen\\u003C\/i\\u003E tir\\u00e9 de \\u003Ci\\u003EManufactured by JuG\\u003C\/i\\u003E par Jug. Date de sortie\\u00a0: 2005. Piste 3. Genre\\u00a0: www.jugulaire.fr.\",\"meta\":{\"artist\":\"Jug\",\"album\":\"Manufactured by JuG\",\"genre\":\"www.jugulaire.fr\",\"year\":\"2005\",\"length_formatted\":\"4:15\"},\"image\":{\"src\":\"https:\/\/www.jugulaire.fr\/wordpress\/wp-content\/uploads\/01-Alveoles-mp3-image.jpg\",\"width\":1199,\"height\":1199},\"thumb\":{\"src\":\"https:\/\/www.jugulaire.fr\/wordpress\/wp-content\/uploads\/01-Alveoles-mp3-image-150x150.jpg\",\"width\":150,\"height\":150}},{\"src\":\"https:\/\/www.jugulaire.fr\/wordpress\/wp-content\/uploads\/04-Plume-de-fer.mp3\",\"type\":\"audio\/mpeg\",\"title\":\"Plume de fer\",\"caption\":\"\",\"description\":\"\\u003Ci\\u003EPlume de fer\\u003C\/i\\u003E tir\\u00e9 de \\u003Ci\\u003EManufactured by JuG\\u003C\/i\\u003E par Jug. Date de sortie\\u00a0: 2005. Piste 4. Genre\\u00a0: www.jugulaire.fr.\",\"meta\":{\"artist\":\"Jug\",\"album\":\"Manufactured by JuG\",\"genre\":\"www.jugulaire.fr\",\"year\":\"2005\",\"length_formatted\":\"3:33\"},\"image\":{\"src\":\"https:\/\/www.jugulaire.fr\/wordpress\/wp-content\/uploads\/01-Alveoles-mp3-image.jpg\",\"width\":1199,\"height\":1199},\"thumb\":{\"src\":\"https:\/\/www.jugulaire.fr\/wordpress\/wp-content\/uploads\/01-Alveoles-mp3-image-150x150.jpg\",\"width\":150,\"height\":150}},{\"src\":\"https:\/\/www.jugulaire.fr\/wordpress\/wp-content\/uploads\/05-Plethore-didees.mp3\",\"type\":\"audio\/mpeg\",\"title\":\"Pl\\u00e9thore d'id\\u00e9es\",\"caption\":\"\",\"description\":\"\\u003Ci\\u003EPl\\u00e9thore d'id\\u00e9es\\u003C\/i\\u003E tir\\u00e9 de \\u003Ci\\u003EManufactured by JuG\\u003C\/i\\u003E par Jug. Date de sortie\\u00a0: 2005. Piste 5. Genre\\u00a0: www.jugulaire.fr.\",\"meta\":{\"artist\":\"Jug\",\"album\":\"Manufactured by JuG\",\"genre\":\"www.jugulaire.fr\",\"year\":\"2005\",\"length_formatted\":\"4:15\"},\"image\":{\"src\":\"https:\/\/www.jugulaire.fr\/wordpress\/wp-content\/uploads\/01-Alveoles-mp3-image.jpg\",\"width\":1199,\"height\":1199},\"thumb\":{\"src\":\"https:\/\/www.jugulaire.fr\/wordpress\/wp-content\/uploads\/01-Alveoles-mp3-image-150x150.jpg\",\"width\":150,\"height\":150}},{\"src\":\"https:\/\/www.jugulaire.fr\/wordpress\/wp-content\/uploads\/06-La-chanson-lunaire.mp3\",\"type\":\"audio\/mpeg\",\"title\":\"La chanson lunaire\",\"caption\":\"\",\"description\":\"\\u003Ci\\u003ELa chanson lunaire\\u003C\/i\\u003E tir\\u00e9 de \\u003Ci\\u003EManufactured by JuG\\u003C\/i\\u003E par Jug. Date de sortie\\u00a0: 2005. Piste 6. Genre\\u00a0: www.jugulaire.fr.\",\"meta\":{\"artist\":\"Jug\",\"album\":\"Manufactured by JuG\",\"genre\":\"www.jugulaire.fr\",\"year\":\"2005\",\"length_formatted\":\"3:08\"},\"image\":{\"src\":\"https:\/\/www.jugulaire.fr\/wordpress\/wp-content\/uploads\/01-Alveoles-mp3-image.jpg\",\"width\":1199,\"height\":1199},\"thumb\":{\"src\":\"https:\/\/www.jugulaire.fr\/wordpress\/wp-content\/uploads\/01-Alveoles-mp3-image-150x150.jpg\",\"width\":150,\"height\":150}},{\"src\":\"https:\/\/www.jugulaire.fr\/wordpress\/wp-content\/uploads\/07-Le-deluge.mp3\",\"type\":\"audio\/mpeg\",\"title\":\"Le d\\u00e9luge\",\"caption\":\"\",\"description\":\"\\u003Ci\\u003ELe d\\u00e9luge\\u003C\/i\\u003E tir\\u00e9 de \\u003Ci\\u003EManufactured by JuG\\u003C\/i\\u003E par Jug. Date de sortie\\u00a0: 2005. Piste 7. Genre\\u00a0: www.jugulaire.fr.\",\"meta\":{\"artist\":\"Jug\",\"album\":\"Manufactured by JuG\",\"genre\":\"www.jugulaire.fr\",\"year\":\"2005\",\"length_formatted\":\"2:52\"},\"image\":{\"src\":\"https:\/\/www.jugulaire.fr\/wordpress\/wp-content\/uploads\/01-Alveoles-mp3-image.jpg\",\"width\":1199,\"height\":1199},\"thumb\":{\"src\":\"https:\/\/www.jugulaire.fr\/wordpress\/wp-content\/uploads\/01-Alveoles-mp3-image-150x150.jpg\",\"width\":150,\"height\":150}},{\"src\":\"https:\/\/www.jugulaire.fr\/wordpress\/wp-content\/uploads\/08-Motus.mp3\",\"type\":\"audio\/mpeg\",\"title\":\"Motus\",\"caption\":\"\",\"description\":\"\\u003Ci\\u003EMotus\\u003C\/i\\u003E tir\\u00e9 de \\u003Ci\\u003EManufactured by JuG\\u003C\/i\\u003E par Jug. Date de sortie\\u00a0: 2005. Piste 8. Genre\\u00a0: www.jugulaire.fr.\",\"meta\":{\"artist\":\"Jug\",\"album\":\"Manufactured by JuG\",\"genre\":\"www.jugulaire.fr\",\"year\":\"2005\",\"length_formatted\":\"3:24\"},\"image\":{\"src\":\"https:\/\/www.jugulaire.fr\/wordpress\/wp-content\/uploads\/01-Alveoles-mp3-image.jpg\",\"width\":1199,\"height\":1199},\"thumb\":{\"src\":\"https:\/\/www.jugulaire.fr\/wordpress\/wp-content\/uploads\/01-Alveoles-mp3-image-150x150.jpg\",\"width\":150,\"height\":150}},{\"src\":\"https:\/\/www.jugulaire.fr\/wordpress\/wp-content\/uploads\/09-Le-pire-des-cas.mp3\",\"type\":\"audio\/mpeg\",\"title\":\"Le pire des cas\",\"caption\":\"\",\"description\":\"\\u003Ci\\u003ELe pire des cas\\u003C\/i\\u003E tir\\u00e9 de \\u003Ci\\u003EManufactured by JuG\\u003C\/i\\u003E par Jug. Date de sortie\\u00a0: 2005. Piste 9. Genre\\u00a0: www.jugulaire.fr.\",\"meta\":{\"artist\":\"Jug\",\"album\":\"Manufactured by JuG\",\"genre\":\"www.jugulaire.fr\",\"year\":\"2005\",\"length_formatted\":\"2:38\"},\"image\":{\"src\":\"https:\/\/www.jugulaire.fr\/wordpress\/wp-content\/uploads\/01-Alveoles-mp3-image.jpg\",\"width\":1199,\"height\":1199},\"thumb\":{\"src\":\"https:\/\/www.jugulaire.fr\/wordpress\/wp-content\/uploads\/01-Alveoles-mp3-image-150x150.jpg\",\"width\":150,\"height\":150}},{\"src\":\"https:\/\/www.jugulaire.fr\/wordpress\/wp-content\/uploads\/10-Ensuite-Room.mp3\",\"type\":\"audio\/mpeg\",\"title\":\"Ensuite + Room\",\"caption\":\"\",\"description\":\"\\u003Ci\\u003EEnsuite + Room\\u003C\/i\\u003E tir\\u00e9 de \\u003Ci\\u003EManufactured by JuG\\u003C\/i\\u003E par Jug. Date de sortie\\u00a0: 2005. Piste 10. Genre\\u00a0: www.jugulaire.fr.\",\"meta\":{\"artist\":\"Jug\",\"album\":\"Manufactured by JuG\",\"genre\":\"www.jugulaire.fr\",\"year\":\"2005\",\"length_formatted\":\"2:23\"},\"image\":{\"src\":\"https:\/\/www.jugulaire.fr\/wordpress\/wp-content\/uploads\/01-Alveoles-mp3-image.jpg\",\"width\":1199,\"height\":1199},\"thumb\":{\"src\":\"https:\/\/www.jugulaire.fr\/wordpress\/wp-content\/uploads\/01-Alveoles-mp3-image-150x150.jpg\",\"width\":150,\"height\":150}},{\"src\":\"https:\/\/www.jugulaire.fr\/wordpress\/wp-content\/uploads\/11-Citadine.mp3\",\"type\":\"audio\/mpeg\",\"title\":\"Citadine\",\"caption\":\"\",\"description\":\"\\u003Ci\\u003ECitadine\\u003C\/i\\u003E tir\\u00e9 de \\u003Ci\\u003EManufactured by JuG\\u003C\/i\\u003E par Jug. Date de sortie\\u00a0: 2005. Piste 11. Genre\\u00a0: www.jugulaire.fr.\",\"meta\":{\"artist\":\"Jug\",\"album\":\"Manufactured by JuG\",\"genre\":\"www.jugulaire.fr\",\"year\":\"2005\",\"length_formatted\":\"1:33\"},\"image\":{\"src\":\"https:\/\/www.jugulaire.fr\/wordpress\/wp-content\/uploads\/01-Alveoles-mp3-image.jpg\",\"width\":1199,\"height\":1199},\"thumb\":{\"src\":\"https:\/\/www.jugulaire.fr\/wordpress\/wp-content\/uploads\/01-Alveoles-mp3-image-150x150.jpg\",\"width\":150,\"height\":150}},{\"src\":\"https:\/\/www.jugulaire.fr\/wordpress\/wp-content\/uploads\/12-Fortune.mp3\",\"type\":\"audio\/mpeg\",\"title\":\"Fortune\",\"caption\":\"\",\"description\":\"\\u003Ci\\u003EFortune\\u003C\/i\\u003E tir\\u00e9 de \\u003Ci\\u003EManufactured by JuG\\u003C\/i\\u003E par Jug. Date de sortie\\u00a0: 2005. Piste 12. Genre\\u00a0: www.jugulaire.fr.\",\"meta\":{\"artist\":\"Jug\",\"album\":\"Manufactured by JuG\",\"genre\":\"www.jugulaire.fr\",\"year\":\"2005\",\"length_formatted\":\"4:15\"},\"image\":{\"src\":\"https:\/\/www.jugulaire.fr\/wordpress\/wp-content\/uploads\/01-Alveoles-mp3-image.jpg\",\"width\":1199,\"height\":1199},\"thumb\":{\"src\":\"https:\/\/www.jugulaire.fr\/wordpress\/wp-content\/uploads\/01-Alveoles-mp3-image-150x150.jpg\",\"width\":150,\"height\":150}},{\"src\":\"https:\/\/www.jugulaire.fr\/wordpress\/wp-content\/uploads\/13-Douze.mp3\",\"type\":\"audio\/mpeg\",\"title\":\"Douze\",\"caption\":\"\",\"description\":\"\\u003Ci\\u003EDouze\\u003C\/i\\u003E tir\\u00e9 de \\u003Ci\\u003EManufactured by JuG\\u003C\/i\\u003E par Jug. Date de sortie\\u00a0: 2005. Piste 13. Genre\\u00a0: www.jugulaire.fr.\",\"meta\":{\"artist\":\"Jug\",\"album\":\"Manufactured by JuG\",\"genre\":\"www.jugulaire.fr\",\"year\":\"2005\",\"length_formatted\":\"4:05\"},\"image\":{\"src\":\"https:\/\/www.jugulaire.fr\/wordpress\/wp-content\/uploads\/01-Alveoles-mp3-image.jpg\",\"width\":1199,\"height\":1199},\"thumb\":{\"src\":\"https:\/\/www.jugulaire.fr\/wordpress\/wp-content\/uploads\/01-Alveoles-mp3-image-150x150.jpg\",\"width\":150,\"height\":150}},{\"src\":\"https:\/\/www.jugulaire.fr\/wordpress\/wp-content\/uploads\/14-Dans-nos-cervelles.mp3\",\"type\":\"audio\/mpeg\",\"title\":\"Dans nos cervelles\",\"caption\":\"\",\"description\":\"\\u003Ci\\u003EDans nos cervelles\\u003C\/i\\u003E tir\\u00e9 de \\u003Ci\\u003EManufactured by JuG\\u003C\/i\\u003E par Jug. Date de sortie\\u00a0: 2005. Piste 14. Genre\\u00a0: www.jugulaire.fr.\",\"meta\":{\"artist\":\"Jug\",\"album\":\"Manufactured by JuG\",\"genre\":\"www.jugulaire.fr\",\"year\":\"2005\",\"length_formatted\":\"4:35\"},\"image\":{\"src\":\"https:\/\/www.jugulaire.fr\/wordpress\/wp-content\/uploads\/01-Alveoles-mp3-image.jpg\",\"width\":1199,\"height\":1199},\"thumb\":{\"src\":\"https:\/\/www.jugulaire.fr\/wordpress\/wp-content\/uploads\/01-Alveoles-mp3-image-150x150.jpg\",\"width\":150,\"height\":150}},{\"src\":\"https:\/\/www.jugulaire.fr\/wordpress\/wp-content\/uploads\/15-Les-fees-blessent.mp3\",\"type\":\"audio\/mpeg\",\"title\":\"Les f\\u00e9es blessent\",\"caption\":\"\",\"description\":\"\\u003Ci\\u003ELes f\\u00e9es blessent\\u003C\/i\\u003E tir\\u00e9 de \\u003Ci\\u003EManufactured by JuG\\u003C\/i\\u003E par Jug. Date de sortie\\u00a0: 2005. Piste 15. Genre\\u00a0: www.jugulaire.fr.\",\"meta\":{\"artist\":\"Jug\",\"album\":\"Manufactured by JuG\",\"genre\":\"www.jugulaire.fr\",\"year\":\"2005\",\"length_formatted\":\"4:03\"},\"image\":{\"src\":\"https:\/\/www.jugulaire.fr\/wordpress\/wp-content\/uploads\/01-Alveoles-mp3-image.jpg\",\"width\":1199,\"height\":1199},\"thumb\":{\"src\":\"https:\/\/www.jugulaire.fr\/wordpress\/wp-content\/uploads\/01-Alveoles-mp3-image-150x150.jpg\",\"width\":150,\"height\":150}},{\"src\":\"https:\/\/www.jugulaire.fr\/wordpress\/wp-content\/uploads\/16-Les-petits-icebergs.mp3\",\"type\":\"audio\/mpeg\",\"title\":\"Les petits icebergs\",\"caption\":\"\",\"description\":\"\\u003Ci\\u003ELes petits icebergs\\u003C\/i\\u003E tir\\u00e9 de \\u003Ci\\u003EManufactured by JuG\\u003C\/i\\u003E par Jug. Date de sortie\\u00a0: 2005. Piste 16. Genre\\u00a0: www.jugulaire.fr.\",\"meta\":{\"artist\":\"Jug\",\"album\":\"Manufactured by JuG\",\"genre\":\"www.jugulaire.fr\",\"year\":\"2005\",\"length_formatted\":\"3:42\"},\"image\":{\"src\":\"https:\/\/www.jugulaire.fr\/wordpress\/wp-content\/uploads\/01-Alveoles-mp3-image.jpg\",\"width\":1199,\"height\":1199},\"thumb\":{\"src\":\"https:\/\/www.jugulaire.fr\/wordpress\/wp-content\/uploads\/01-Alveoles-mp3-image-150x150.jpg\",\"width\":150,\"height\":150}},{\"src\":\"https:\/\/www.jugulaire.fr\/wordpress\/wp-content\/uploads\/17-Temps-mort.mp3\",\"type\":\"audio\/mpeg\",\"title\":\"Temps mort\",\"caption\":\"\",\"description\":\"\\u003Ci\\u003ETemps mort\\u003C\/i\\u003E tir\\u00e9 de \\u003Ci\\u003EManufactured by JuG\\u003C\/i\\u003E par Jug. Date de sortie\\u00a0: 2005. Piste 17. Genre\\u00a0: www.jugulaire.fr.\",\"meta\":{\"artist\":\"Jug\",\"album\":\"Manufactured by JuG\",\"genre\":\"www.jugulaire.fr\",\"year\":\"2005\",\"length_formatted\":\"4:18\"},\"image\":{\"src\":\"https:\/\/www.jugulaire.fr\/wordpress\/wp-content\/uploads\/01-Alveoles-mp3-image.jpg\",\"width\":1199,\"height\":1199},\"thumb\":{\"src\":\"https:\/\/www.jugulaire.fr\/wordpress\/wp-content\/uploads\/01-Alveoles-mp3-image-150x150.jpg\",\"width\":150,\"height\":150}},{\"src\":\"https:\/\/www.jugulaire.fr\/wordpress\/wp-content\/uploads\/18-Des-cernes-sous-les-cieux.mp3\",\"type\":\"audio\/mpeg\",\"title\":\"Des cernes sous les cieux\",\"caption\":\"\",\"description\":\"\\u003Ci\\u003EDes cernes sous les cieux\\u003C\/i\\u003E tir\\u00e9 de \\u003Ci\\u003EManufactured by JuG\\u003C\/i\\u003E par Jug. Date de sortie\\u00a0: 2005. Piste 18. Genre\\u00a0: www.jugulaire.fr.\",\"meta\":{\"artist\":\"Jug\",\"album\":\"Manufactured by JuG\",\"genre\":\"www.jugulaire.fr\",\"year\":\"2005\",\"length_formatted\":\"5:09\"},\"image\":{\"src\":\"https:\/\/www.jugulaire.fr\/wordpress\/wp-content\/uploads\/01-Alveoles-mp3-image.jpg\",\"width\":1199,\"height\":1199},\"thumb\":{\"src\":\"https:\/\/www.jugulaire.fr\/wordpress\/wp-content\/uploads\/01-Alveoles-mp3-image-150x150.jpg\",\"width\":150,\"height\":150}},{\"src\":\"https:\/\/www.jugulaire.fr\/wordpress\/wp-content\/uploads\/19-Pire.mp3\",\"type\":\"audio\/mpeg\",\"title\":\"Pire\",\"caption\":\"\",\"description\":\"\\u003Ci\\u003EPire\\u003C\/i\\u003E tir\\u00e9 de \\u003Ci\\u003EManufactured by JuG\\u003C\/i\\u003E par Jug. Date de sortie\\u00a0: 2005. Piste 19. Genre\\u00a0: www.jugulaire.fr.\",\"meta\":{\"artist\":\"Jug\",\"album\":\"Manufactured by JuG\",\"genre\":\"www.jugulaire.fr\",\"year\":\"2005\",\"length_formatted\":\"3:37\"},\"image\":{\"src\":\"https:\/\/www.jugulaire.fr\/wordpress\/wp-content\/uploads\/01-Alveoles-mp3-image.jpg\",\"width\":1199,\"height\":1199},\"thumb\":{\"src\":\"https:\/\/www.jugulaire.fr\/wordpress\/wp-content\/uploads\/01-Alveoles-mp3-image-150x150.jpg\",\"width\":150,\"height\":150}},{\"src\":\"https:\/\/www.jugulaire.fr\/wordpress\/wp-content\/uploads\/20-La-complainte-nevrotique.mp3\",\"type\":\"audio\/mpeg\",\"title\":\"La complainte n\\u00e9vrotique\",\"caption\":\"\",\"description\":\"\\u003Ci\\u003ELa complainte n\\u00e9vrotique\\u003C\/i\\u003E tir\\u00e9 de \\u003Ci\\u003EManufactured by JuG\\u003C\/i\\u003E par Jug. Date de sortie\\u00a0: 2005. Piste 20. Genre\\u00a0: www.jugulaire.fr.\",\"meta\":{\"artist\":\"Jug\",\"album\":\"Manufactured by JuG\",\"genre\":\"www.jugulaire.fr\",\"year\":\"2005\",\"length_formatted\":\"1:23\"},\"image\":{\"src\":\"https:\/\/www.jugulaire.fr\/wordpress\/wp-content\/uploads\/01-Alveoles-mp3-image.jpg\",\"width\":1199,\"height\":1199},\"thumb\":{\"src\":\"https:\/\/www.jugulaire.fr\/wordpress\/wp-content\/uploads\/01-Alveoles-mp3-image-150x150.jpg\",\"width\":150,\"height\":150}},{\"src\":\"https:\/\/www.jugulaire.fr\/wordpress\/wp-content\/uploads\/21-Les-tourmentes-revolues.mp3\",\"type\":\"audio\/mpeg\",\"title\":\"Les tourmentes r\\u00e9volues\",\"caption\":\"\",\"description\":\"\\u003Ci\\u003ELes tourmentes r\\u00e9volues\\u003C\/i\\u003E tir\\u00e9 de \\u003Ci\\u003EManufactured by JuG\\u003C\/i\\u003E par Jug. Date de sortie\\u00a0: 2005. Piste 21. Genre\\u00a0: www.jugulaire.fr.\",\"meta\":{\"artist\":\"Jug\",\"album\":\"Manufactured by JuG\",\"genre\":\"www.jugulaire.fr\",\"year\":\"2005\",\"length_formatted\":\"5:07\"},\"image\":{\"src\":\"https:\/\/www.jugulaire.fr\/wordpress\/wp-content\/uploads\/01-Alveoles-mp3-image.jpg\",\"width\":1199,\"height\":1199},\"thumb\":{\"src\":\"https:\/\/www.jugulaire.fr\/wordpress\/wp-content\/uploads\/01-Alveoles-mp3-image-150x150.jpg\",\"width\":150,\"height\":150}}]}<\/script>\n<\/div>\n\t\n<ul>\n<li><a href=\"https:\/\/www.jugulaire.fr\/wordpress\/?page_id=37\">[ 01 ] Alv\u00e9oles 3:30<\/a><\/li>\n<li><a href=\"https:\/\/www.jugulaire.fr\/wordpress\/?page_id=33\">[ 02 ] Cardiona\u00eff 3:19 <\/a><\/li>\n<li><a href=\"https:\/\/www.jugulaire.fr\/wordpress\/?page_id=31\">[ 03 ] Bon Citoyen 4:15 <\/a><\/li>\n<li><a href=\"https:\/\/www.jugulaire.fr\/wordpress\/?page_id=22\">[ 04 ] Plume de fer 3:32 <\/a><\/li>\n<li><a href=\"https:\/\/www.jugulaire.fr\/wordpress\/?page_id=28\">[ 05 ] Pl\u00e9thore d&rsquo;id\u00e9es 4:15 <\/a><\/li>\n<li><a href=\"https:\/\/www.jugulaire.fr\/wordpress\/?page_id=34\">[ 06 ] La chanson lunaire 3:07 <\/a><\/li>\n<li><a href=\"https:\/\/www.jugulaire.fr\/wordpress\/?page_id=24\">[ 07 ] Le d\u00e9luge 2:52 <\/a><\/li>\n<li><a href=\"https:\/\/www.jugulaire.fr\/wordpress\/?page_id=27\">[ 08 ] Motus 3:24 <\/a><\/li>\n<li><a href=\"https:\/\/www.jugulaire.fr\/wordpress\/?page_id=38\">[ 09 ] Le pire des cas 2:37 <\/a><\/li>\n<li><a href=\"https:\/\/www.jugulaire.fr\/wordpress\/?page_id=32\">[ 10 ] Ensuite + Room 2:23 <\/a><\/li>\n<li><a href=\"https:\/\/www.jugulaire.fr\/wordpress\/?page_id=39\">[ 11 ] Citadine 1:33 <\/a><\/li>\n<li><a href=\"https:\/\/www.jugulaire.fr\/wordpress\/?page_id=23\">[ 12 ] Fortune 4:15 <\/a><\/li>\n<li><a href=\"https:\/\/www.jugulaire.fr\/wordpress\/?page_id=41\">[ 13 ] Douze 4:05 <\/a><\/li>\n<li><a href=\"https:\/\/www.jugulaire.fr\/wordpress\/?page_id=30\">[ 14 ] Dans nos cervelles 4:34 <\/a><\/li>\n<li><a href=\"https:\/\/www.jugulaire.fr\/wordpress\/?page_id=25\">[ 15 ] Les f\u00e9es blessent 4:02 <\/a><\/li>\n<li><a href=\"https:\/\/www.jugulaire.fr\/wordpress\/?page_id=26\">[ 16 ] Les petits icebergs 3:41 <\/a><\/li>\n<li><a href=\"https:\/\/www.jugulaire.fr\/wordpress\/?page_id=29\">[ 17 ] Temps mort 4:17 <\/a><\/li>\n<li><a href=\"https:\/\/www.jugulaire.fr\/wordpress\/?page_id=40\">[ 18 ] Des cernes sous les cieux 5:08 <\/a><\/li>\n<li><a href=\"https:\/\/www.jugulaire.fr\/wordpress\/?page_id=36\">[ 19 ] Pire 3:37 <\/a><\/li>\n<li><a href=\"https:\/\/www.jugulaire.fr\/wordpress\/?page_id=35\">[ 20 ] La complainte n\u00e9vrotique 1:22 <\/a><\/li>\n<li><a href=\"https:\/\/www.jugulaire.fr\/wordpress\/?page_id=21\">[ 21 ] Les tourmentes r\u00e9volues 5:07<\/a><\/li>\n<\/ul>\n<p><img decoding=\"async\" src=\"..\/audio\/2005_Manufactured_by_Jug\/Manufactured-1200x1200px.png\" \/><\/p>\n","protected":false},"excerpt":{"rendered":"<p>21 morceaux r\u00e9unies sur un album 100% auto-produit, publi\u00e9 en 2005 et intitul\u00e9 \u00ab\u00a0Manufactured by JuG\u00ab\u00a0. Musiques, paroles, orchestration, clavier synth\u00e9tiseur, guitare, basse, programmation, batterie, bruitage, chant, mixage en st\u00e9r\u00e9ophonie et graphismes par JuG. Merci \u00e0 tous ceux qui ont contribu\u00e9 \u00e0 ces chansons et \u00e0 leur enregistrement artisanal. (Les phrases parl\u00e9es ont \u00e9t\u00e9 enregistr\u00e9es &hellip; <a href=\"https:\/\/www.jugulaire.fr\/wordpress\/manufactured-by\/\" class=\"more-link\">Continuer la lecture de <span class=\"screen-reader-text\">album \u00ab\u00a0Manufactured by JuG\u00a0\u00bb<\/span> <span class=\"meta-nav\">&rarr;<\/span><\/a><\/p>\n","protected":false},"author":1,"featured_media":0,"parent":0,"menu_order":0,"comment_status":"closed","ping_status":"closed","template":"","meta":{"footnotes":""},"class_list":["post-4","page","type-page","status-publish","hentry"],"_links":{"self":[{"href":"https:\/\/www.jugulaire.fr\/wordpress\/wp-json\/wp\/v2\/pages\/4","targetHints":{"allow":["GET"]}}],"collection":[{"href":"https:\/\/www.jugulaire.fr\/wordpress\/wp-json\/wp\/v2\/pages"}],"about":[{"href":"https:\/\/www.jugulaire.fr\/wordpress\/wp-json\/wp\/v2\/types\/page"}],"author":[{"embeddable":true,"href":"https:\/\/www.jugulaire.fr\/wordpress\/wp-json\/wp\/v2\/users\/1"}],"replies":[{"embeddable":true,"href":"https:\/\/www.jugulaire.fr\/wordpress\/wp-json\/wp\/v2\/comments?post=4"}],"version-history":[{"count":19,"href":"https:\/\/www.jugulaire.fr\/wordpress\/wp-json\/wp\/v2\/pages\/4\/revisions"}],"predecessor-version":[{"id":2264,"href":"https:\/\/www.jugulaire.fr\/wordpress\/wp-json\/wp\/v2\/pages\/4\/revisions\/2264"}],"wp:attachment":[{"href":"https:\/\/www.jugulaire.fr\/wordpress\/wp-json\/wp\/v2\/media?parent=4"}],"curies":[{"name":"wp","href":"https:\/\/api.w.org\/{rel}","templated":true}]}}