{"id":34,"date":"2006-08-14T06:10:51","date_gmt":"2006-08-14T05:10:51","guid":{"rendered":""},"modified":"2016-08-31T15:45:32","modified_gmt":"2016-08-31T14:45:32","slug":"la-chanson-lunaire","status":"publish","type":"page","link":"https:\/\/www.jugulaire.fr\/wordpress\/la-chanson-lunaire\/","title":{"rendered":"La chanson lunaire"},"content":{"rendered":"<p>[ G7 F#7 Bm C<br \/>\nG7 F#7 D7 Em ]<\/p>\n<p>En 1969,<br \/>\nIl y avait des babas<br \/>\nEt il y avait surtout<br \/>\nDans un petit a\u00e9ronef<br \/>\nUn petit pas pour moi mais un grand pas pour vous.<\/p>\n<p>[ A7 A7 Dm7 A7<br \/>\nA7 A7 Dm7 G7 C<br \/>\nBb Am7 D4 D ]<\/p>\n<p>Moi je suis dans un module lunaire<br \/>\nJe suis loin de vous<br \/>\nJe me ballade loin de la Terre<br \/>\nSur un gros caillou<br \/>\nD&rsquo;o\u00f9 je vous fais coucou<\/p>\n<p>J&rsquo;ai laiss\u00e9 pr\u00eat des \u00e9toiles<br \/>\nLa bani\u00e8re \u00e9toil\u00e9e de mon pays natal<br \/>\nVous m&rsquo;avez vu \u00e0\u00a0 la t\u00e9l\u00e9<br \/>\nFaire le clown habill\u00e9 comme un gros b\u00e9b\u00e9<\/p>\n<p>[ C G C G C A7 D7 ]<\/p>\n<p>L&rsquo;apesanteur c&rsquo;est comme un bol d&rsquo;air<br \/>\nL\u00e0\u00a0  haut, y&rsquo;a personne qui vous pompe l&rsquo;air (lunaire)<br \/>\nLe nez en l&rsquo;air (lunaire)<br \/>\nJe regarde la Terre (lunaire)<\/p>\n<p>Pendant ce temps,<br \/>\nVous sur le Terre<br \/>\nVous subissez les guerres d\u00e9clench\u00e9es par des fous<br \/>\nJe vous ai ramen\u00e9<br \/>\nUn peu de poussi\u00e8re<br \/>\nPour nous rappeller de faire le m\u00e9nage chez nous.<\/p>\n","protected":false},"excerpt":{"rendered":"<p>[ G7 F#7 Bm C G7 F#7 D7 Em ] En 1969, Il y avait des babas Et il y avait surtout Dans un petit a\u00e9ronef Un petit pas pour moi mais un grand pas pour vous. [ A7 A7 Dm7 A7 A7 A7 Dm7 G7 C Bb Am7 D4 D ] Moi je suis &hellip; <a href=\"https:\/\/www.jugulaire.fr\/wordpress\/la-chanson-lunaire\/\" class=\"more-link\">Continuer la lecture de <span class=\"screen-reader-text\">La chanson lunaire<\/span> <span class=\"meta-nav\">&rarr;<\/span><\/a><\/p>\n","protected":false},"author":1,"featured_media":0,"parent":0,"menu_order":0,"comment_status":"closed","ping_status":"closed","template":"","meta":{"footnotes":""},"class_list":["post-34","page","type-page","status-publish","hentry"],"_links":{"self":[{"href":"https:\/\/www.jugulaire.fr\/wordpress\/wp-json\/wp\/v2\/pages\/34","targetHints":{"allow":["GET"]}}],"collection":[{"href":"https:\/\/www.jugulaire.fr\/wordpress\/wp-json\/wp\/v2\/pages"}],"about":[{"href":"https:\/\/www.jugulaire.fr\/wordpress\/wp-json\/wp\/v2\/types\/page"}],"author":[{"embeddable":true,"href":"https:\/\/www.jugulaire.fr\/wordpress\/wp-json\/wp\/v2\/users\/1"}],"replies":[{"embeddable":true,"href":"https:\/\/www.jugulaire.fr\/wordpress\/wp-json\/wp\/v2\/comments?post=34"}],"version-history":[{"count":2,"href":"https:\/\/www.jugulaire.fr\/wordpress\/wp-json\/wp\/v2\/pages\/34\/revisions"}],"predecessor-version":[{"id":1684,"href":"https:\/\/www.jugulaire.fr\/wordpress\/wp-json\/wp\/v2\/pages\/34\/revisions\/1684"}],"wp:attachment":[{"href":"https:\/\/www.jugulaire.fr\/wordpress\/wp-json\/wp\/v2\/media?parent=34"}],"curies":[{"name":"wp","href":"https:\/\/api.w.org\/{rel}","templated":true}]}}