{"id":2989,"date":"2026-04-13T18:39:10","date_gmt":"2026-04-13T17:39:10","guid":{"rendered":"https:\/\/www.jugulaire.fr\/wordpress\/?page_id=2989"},"modified":"2026-04-13T18:39:10","modified_gmt":"2026-04-13T17:39:10","slug":"piano-gewa-dp-345","status":"publish","type":"page","link":"https:\/\/www.jugulaire.fr\/wordpress\/piano-gewa-dp-345\/","title":{"rendered":"Piano Gewa DP 345"},"content":{"rendered":"\n<p><a href=\"https:\/\/gewakeys.com\/manuals\/gewakeys\/01%20Digital%20Pianos\/01%20Home%20Pianos\/dp-345\/BDA_DigitalPiano_345_FRA_052022_lowres-komprimiert.pdf\">https:\/\/gewakeys.com\/manuals\/gewakeys\/01%20Digital%20Pianos\/01%20Home%20Pianos\/dp-345\/BDA_DigitalPiano_345_FRA_052022_lowres-komprimiert.pdf<\/a><\/p>\n\n\n\n<blockquote class=\"wp-block-quote is-layout-flow wp-block-quote-is-layout-flow\">\n<pre class=\"wp-block-preformatted\">5.5 MENU ENREGISTREMENT<br><br>Votre piano num\u00e9rique GEWA dispose de fonctions d\u2018enregistrement MIDI et USB-WAV.<br><br>5.5.1 ENREGISTREMENT INTERNE<br><br>Pour utiliser l\u2018enregistreur interne, proc\u00e9dez comme suit :<br>1. Appuyez sur le bouton Enregistrement pour passer en mode d\u2018enregistrement.<br>2. Le piano est maintenant pr\u00eat pour l\u2018enregistrement. Vous pouvez enregistrer la main gauche et la main droite s\u00e9par\u00e9ment. Utilisez les touches de d\u00e9placement GAUCHE\/ DROITE pour s\u00e9lectionner la main \u00e0 enregistrer.<br>3. L\u2018enregistrement d\u00e9marre automatiquement d\u00e8s que vous jouez la premi\u00e8re note.<br>Vous pouvez voir si l\u2018enregistrement est en cours gr\u00e2ce \u00e0 l\u2018ic\u00f4ne d\u2018enregistrement.<br>4. Pour stopper l\u2018enregistrement, appuyez sur l\u2018ic\u00f4ne de lecteur. A ce moment-l\u00e0,vous pouvez \u00e9galement \u00e9couter votre performance.<br><br>5.5.2 ENREGISTREMENT SUR UNE USB<br><br>Pour enregistrer des fichiers audio sur une cl\u00e9 USB, proc\u00e9dez comme suit :<br>1. Branchez une cl\u00e9 USB sur la partie inf\u00e9rieure de la console.<br>2. Appuyez sur le bouton Enregistrement pour passer en mode d\u2018enregistrement.<br>Appuyez \u00e0 nouveau sur la touche Enregistrement pour passer en<br>mode d\u2018enregistrement USB.<br>3. Appuyez \u00e0 nouveau sur le bouton Lecture pour lancer l\u2018enregistrement.<br>4. Appuyez \u00e0 nouveau sur le bouton lecture pour arr\u00eater l\u2018enregistrement.<br>Le piano enregistre automatiquement un fichier nomm\u00e9 \u201e GEWA_S01.wav \u201e sur votre cl\u00e9 USB.<br><br>5.6 LECTEUR<br><br>Vous pouvez utiliser le lecteur pour lire vos enregistrements. Proc\u00e9dez comme suit :<br>1. Appuyez sur le bouton lecture pour ouvrir le menu du lecteur.<br>2. Utilisez les touches de d\u00e9placement vers le bas pour s\u00e9lectionner le morceau \u00e0 lire.<br>3. Appuyez sur la touche lecture pour d\u00e9marrer et mettre en pause le lecteur.<br>Pour lire des fichiers audio \u00e0 partir de votre lecteur flash USB, entrez dans le menu Lecteur<br>et appuyez sur la touche de d\u00e9placement vers le haut pour rechercher des fichiers audio<br>sur votre lecteur flash USB.<br><br>Pour \u00e9couter, proc\u00e9dez comme d\u00e9crit ci-dessus.<\/pre>\n<\/blockquote>\n","protected":false},"excerpt":{"rendered":"<p>https:\/\/gewakeys.com\/manuals\/gewakeys\/01%20Digital%20Pianos\/01%20Home%20Pianos\/dp-345\/BDA_DigitalPiano_345_FRA_052022_lowres-komprimiert.pdf 5.5 MENU ENREGISTREMENTVotre piano num\u00e9rique GEWA dispose de fonctions d\u2018enregistrement MIDI et USB-WAV.5.5.1 ENREGISTREMENT INTERNEPour utiliser l\u2018enregistreur interne, proc\u00e9dez comme suit :1. Appuyez sur le bouton Enregistrement pour passer en mode d\u2018enregistrement.2. Le piano est maintenant pr\u00eat pour l\u2018enregistrement. Vous pouvez enregistrer la main gauche et la main droite s\u00e9par\u00e9ment. Utilisez les touches de &hellip; <a href=\"https:\/\/www.jugulaire.fr\/wordpress\/piano-gewa-dp-345\/\" class=\"more-link\">Continuer la lecture de <span class=\"screen-reader-text\">Piano Gewa DP 345<\/span> <span class=\"meta-nav\">&rarr;<\/span><\/a><\/p>\n","protected":false},"author":1,"featured_media":0,"parent":0,"menu_order":0,"comment_status":"closed","ping_status":"closed","template":"","meta":{"footnotes":""},"class_list":["post-2989","page","type-page","status-publish","hentry"],"_links":{"self":[{"href":"https:\/\/www.jugulaire.fr\/wordpress\/wp-json\/wp\/v2\/pages\/2989","targetHints":{"allow":["GET"]}}],"collection":[{"href":"https:\/\/www.jugulaire.fr\/wordpress\/wp-json\/wp\/v2\/pages"}],"about":[{"href":"https:\/\/www.jugulaire.fr\/wordpress\/wp-json\/wp\/v2\/types\/page"}],"author":[{"embeddable":true,"href":"https:\/\/www.jugulaire.fr\/wordpress\/wp-json\/wp\/v2\/users\/1"}],"replies":[{"embeddable":true,"href":"https:\/\/www.jugulaire.fr\/wordpress\/wp-json\/wp\/v2\/comments?post=2989"}],"version-history":[{"count":1,"href":"https:\/\/www.jugulaire.fr\/wordpress\/wp-json\/wp\/v2\/pages\/2989\/revisions"}],"predecessor-version":[{"id":2990,"href":"https:\/\/www.jugulaire.fr\/wordpress\/wp-json\/wp\/v2\/pages\/2989\/revisions\/2990"}],"wp:attachment":[{"href":"https:\/\/www.jugulaire.fr\/wordpress\/wp-json\/wp\/v2\/media?parent=2989"}],"curies":[{"name":"wp","href":"https:\/\/api.w.org\/{rel}","templated":true}]}}