{"id":2903,"date":"2025-10-06T08:33:34","date_gmt":"2025-10-06T07:33:34","guid":{"rendered":"https:\/\/www.jugulaire.fr\/wordpress\/?page_id=2903"},"modified":"2025-12-30T09:37:18","modified_gmt":"2025-12-30T08:37:18","slug":"jamais-y-arriver","status":"publish","type":"page","link":"https:\/\/www.jugulaire.fr\/wordpress\/jamais-y-arriver\/","title":{"rendered":"Jamais y arriver"},"content":{"rendered":"\n<figure class=\"wp-block-audio\"><audio controls src=\"https:\/\/www.jugulaire.fr\/wordpress\/wp-content\/uploads\/Jug-Jamais-y-arriver-2025-09-24.mp3\"><\/audio><\/figure>\n\n\n\n<p><em>118bpm<br>intro F, F7<br>F, Am7, Gm6, C9b7<br>Dm, A7\/E, Bb7\/F, F F7, Bb, C, Am7, Dm7, Bb7, Bbm7<\/em><br><em>F, Am7, Gm6, C9b7<\/em><\/p>\n\n\n\n<p><\/p>\n\n\n\n<p><em>1\/<\/em><br><strong>On ne va jamais y arriver, on est d\u00e9j\u00e0 \u00e9puis\u00e9s<br>Compl\u00e8tement d\u00e9bord\u00e9s, c\u2019est fini on est noy\u00e9s<\/strong><\/p>\n\n\n\n<p><strong>On ne va jamais y arriver, en plus culpabilis\u00e9s<br>Compl\u00e8tement d\u00e9s\u0153uvr\u00e9s, c\u2019est fini on est grill\u00e9s<\/strong><\/p>\n\n\n\n<p><strong>On y laissera toutes nos billes, la sant\u00e9 et la famille,<br>Notre vie de soci\u00e9t\u00e9, tous nos r\u00eaves se sont envol\u00e9s.<br>On aurait d\u00fb se m\u00e9fier, tout pr\u00e9voir et verrouiller<br>Je n\u2019ai plus d\u2019id\u00e9es,<br>On va y arriver, on n\u2019a pas tout essay\u00e9<\/strong><\/p>\n\n\n\n<p><em>2\/<br><\/em><strong>Je ne vais jamais y arriver, je ne sais pas cuisiner<br>Compl\u00e8tement d\u00e9bord\u00e9, c\u2019est fini j\u2019ai fait grill\u00e9<br>Je suis trop nul en cuisine, pour nourrir toute la famille,<br>Repas et festivit\u00e9s, tout le weekend est bousill\u00e9<br>Il fallait mieux surveiller, tout pr\u00e9voir en surgel\u00e9s<br>Je n\u2019ai plus d\u2019id\u00e9es<br>Mais je peux rattraper, on n\u2019a pas tout essay\u00e9<\/strong><\/p>\n\n\n\n<p><em>pont <\/em><br><em>Bb, Am7, G, Gm, F, C, (D7)<\/em><br><strong>\u00c9teins cet homme de peu de foi, se rappelle chaque fois<br>N\u00e9 d\u2019un ciel d\u2019o\u00f9 tombe peu de foi, \u00e9tincelle encore une fois<\/strong><\/p>\n\n\n\n<p><em>3\/<\/em><br><strong>Nous allons tous y arriver, le chemin est tout trac\u00e9<br>Humains et humilit\u00e9, nous allons nous transcender<br>Si la plan\u00e8te part en vrille, belliqueuse et mercantile<br>Tu sais o\u00f9 me retrouver, quels que soient l\u2019heure et l\u2019orchid\u00e9e<br>Soit descendre s\u2019incarner, soit rester anges pantoufler<br>Maintenant c\u2019est fait<br>On va y arriver, on n\u2019a pas tout essay\u00e9<\/strong><\/p>\n","protected":false},"excerpt":{"rendered":"<p>118bpmintro F, F7F, Am7, Gm6, C9b7Dm, A7\/E, Bb7\/F, F F7, Bb, C, Am7, Dm7, Bb7, Bbm7F, Am7, Gm6, C9b7 1\/On ne va jamais y arriver, on est d\u00e9j\u00e0 \u00e9puis\u00e9sCompl\u00e8tement d\u00e9bord\u00e9s, c\u2019est fini on est noy\u00e9s On ne va jamais y arriver, en plus culpabilis\u00e9sCompl\u00e8tement d\u00e9s\u0153uvr\u00e9s, c\u2019est fini on est grill\u00e9s On y laissera toutes nos &hellip; <a href=\"https:\/\/www.jugulaire.fr\/wordpress\/jamais-y-arriver\/\" class=\"more-link\">Continuer la lecture de <span class=\"screen-reader-text\">Jamais y arriver<\/span> <span class=\"meta-nav\">&rarr;<\/span><\/a><\/p>\n","protected":false},"author":1,"featured_media":0,"parent":0,"menu_order":0,"comment_status":"closed","ping_status":"closed","template":"","meta":{"footnotes":""},"class_list":["post-2903","page","type-page","status-publish","hentry"],"_links":{"self":[{"href":"https:\/\/www.jugulaire.fr\/wordpress\/wp-json\/wp\/v2\/pages\/2903","targetHints":{"allow":["GET"]}}],"collection":[{"href":"https:\/\/www.jugulaire.fr\/wordpress\/wp-json\/wp\/v2\/pages"}],"about":[{"href":"https:\/\/www.jugulaire.fr\/wordpress\/wp-json\/wp\/v2\/types\/page"}],"author":[{"embeddable":true,"href":"https:\/\/www.jugulaire.fr\/wordpress\/wp-json\/wp\/v2\/users\/1"}],"replies":[{"embeddable":true,"href":"https:\/\/www.jugulaire.fr\/wordpress\/wp-json\/wp\/v2\/comments?post=2903"}],"version-history":[{"count":5,"href":"https:\/\/www.jugulaire.fr\/wordpress\/wp-json\/wp\/v2\/pages\/2903\/revisions"}],"predecessor-version":[{"id":2971,"href":"https:\/\/www.jugulaire.fr\/wordpress\/wp-json\/wp\/v2\/pages\/2903\/revisions\/2971"}],"wp:attachment":[{"href":"https:\/\/www.jugulaire.fr\/wordpress\/wp-json\/wp\/v2\/media?parent=2903"}],"curies":[{"name":"wp","href":"https:\/\/api.w.org\/{rel}","templated":true}]}}