{"id":2900,"date":"2025-10-06T08:18:29","date_gmt":"2025-10-06T07:18:29","guid":{"rendered":"https:\/\/www.jugulaire.fr\/wordpress\/?page_id=2900"},"modified":"2025-10-06T08:18:29","modified_gmt":"2025-10-06T07:18:29","slug":"nom-love-de-mon-velo","status":"publish","type":"page","link":"https:\/\/www.jugulaire.fr\/wordpress\/nom-love-de-mon-velo\/","title":{"rendered":"Nom lov\u00e9 de mon v\u00e9lo"},"content":{"rendered":"\n<figure class=\"wp-block-audio\"><audio controls src=\"https:\/\/www.jugulaire.fr\/wordpress\/wp-content\/uploads\/Jug-Nom-love-de-mon-velo-2025-09-14.mp3\"><\/audio><\/figure>\n\n\n\n<p><em>128 bpm (intro) Bdim7 Ddim6 C\/G G<\/em><\/p>\n\n\n\n<p><em>(couplet 1) C C7<\/em><br><strong>L\u2019aube soul\u00e8ve le bon matin, dans la saudade de la veille au soir<\/strong><br><em>Am7 G6 CM7<\/em><br><strong>Pour que s&rsquo;\u00e9l\u00e8ve le r\u00eave d&rsquo;un nouveau phare<\/strong><br><em>F F\/G C\/G G7<\/em><br><strong>Qui sorte enfin les gens de l\u2019or noir<br>Camp de lueur, \u00e0 l\u2019air ou marin, milieu rural ou cit\u00e9 dortoir<br>O\u00f9 les salades s\u2019\u00e9vadent sur les trottoirs<br>Bords de cyclables le long des boulevards. C\u2019est joli.<\/strong><\/p>\n\n\n\n<p><em>(refrain) C G G7 C x2 F C G C x2<\/em><br><strong>Jolly Jumper, Jolly Jumper, Jolly Jumper, Joe<br>Jolly Jumper, joli, nom lov\u00e9 de mon v\u00e9lo<\/strong><em> (x2)<\/em><strong><br>C&rsquo;est joli Jolly Jumper, joli, en boustroph\u00e9don.<\/strong><\/p>\n\n\n\n<p><em>(couplet 2)<\/em><br><strong>Alors je pars et fredonne, bafouille tout bas<br>Du franglais sur m\u00e9lodies sympas<br>Pour que s\u2019\u00e9l\u00e8ve le r\u00eave d\u2019un prochain soir<br>O\u00f9 ma musique diffuse dans les bars<br>Des chants de lueur sur un air malin<br>Milieu de salle entour\u00e9 de stars<br>O\u00f9 mes balades s\u2019\u00e9vadent sur des standards<br>Que je consid\u00e8re comme mon art. C\u2019est joli.<\/strong><br><br><em>(refrain) + (intro)<\/em><\/p>\n\n\n\n<p><em>(couplet 3)<\/em><br><strong>Comme la chenille mue en papillon<br>Un tramway devient-il un avion ?<br>Dans la biosph\u00e8re, la poussi\u00e8re ventile nos maisons<br>Comme mes devoirs balayent mes chansons<br>Quand mon v\u00e9lo lov\u00e9 roule par endroits<br>Comme d\u00e9roule un tapis de yoga<br>Alors s\u2019\u00e9l\u00e8ve le r\u00eave d\u2019un nouveau phare<br>O\u00f9 mes chansons me redonnent espoir. C\u2019est joli.<\/strong><br><em>refrain x2 et finir par F G C.<\/em><\/p>\n","protected":false},"excerpt":{"rendered":"<p>128 bpm (intro) Bdim7 Ddim6 C\/G G (couplet 1) C C7L\u2019aube soul\u00e8ve le bon matin, dans la saudade de la veille au soirAm7 G6 CM7Pour que s&rsquo;\u00e9l\u00e8ve le r\u00eave d&rsquo;un nouveau phareF F\/G C\/G G7Qui sorte enfin les gens de l\u2019or noirCamp de lueur, \u00e0 l\u2019air ou marin, milieu rural ou cit\u00e9 dortoirO\u00f9 les salades &hellip; <a href=\"https:\/\/www.jugulaire.fr\/wordpress\/nom-love-de-mon-velo\/\" class=\"more-link\">Continuer la lecture de <span class=\"screen-reader-text\">Nom lov\u00e9 de mon v\u00e9lo<\/span> <span class=\"meta-nav\">&rarr;<\/span><\/a><\/p>\n","protected":false},"author":1,"featured_media":0,"parent":0,"menu_order":0,"comment_status":"closed","ping_status":"closed","template":"","meta":{"footnotes":""},"class_list":["post-2900","page","type-page","status-publish","hentry"],"_links":{"self":[{"href":"https:\/\/www.jugulaire.fr\/wordpress\/wp-json\/wp\/v2\/pages\/2900","targetHints":{"allow":["GET"]}}],"collection":[{"href":"https:\/\/www.jugulaire.fr\/wordpress\/wp-json\/wp\/v2\/pages"}],"about":[{"href":"https:\/\/www.jugulaire.fr\/wordpress\/wp-json\/wp\/v2\/types\/page"}],"author":[{"embeddable":true,"href":"https:\/\/www.jugulaire.fr\/wordpress\/wp-json\/wp\/v2\/users\/1"}],"replies":[{"embeddable":true,"href":"https:\/\/www.jugulaire.fr\/wordpress\/wp-json\/wp\/v2\/comments?post=2900"}],"version-history":[{"count":1,"href":"https:\/\/www.jugulaire.fr\/wordpress\/wp-json\/wp\/v2\/pages\/2900\/revisions"}],"predecessor-version":[{"id":2902,"href":"https:\/\/www.jugulaire.fr\/wordpress\/wp-json\/wp\/v2\/pages\/2900\/revisions\/2902"}],"wp:attachment":[{"href":"https:\/\/www.jugulaire.fr\/wordpress\/wp-json\/wp\/v2\/media?parent=2900"}],"curies":[{"name":"wp","href":"https:\/\/api.w.org\/{rel}","templated":true}]}}