{"id":29,"date":"2006-08-14T17:06:56","date_gmt":"2006-08-14T16:06:56","guid":{"rendered":""},"modified":"2016-08-31T15:48:48","modified_gmt":"2016-08-31T14:48:48","slug":"temps-mort","status":"publish","type":"page","link":"https:\/\/www.jugulaire.fr\/wordpress\/temps-mort\/","title":{"rendered":"Temps Mort"},"content":{"rendered":"<p>[ Bm Bm Em Em<br \/>\nBm Bm7 Em G A<\/p>\n<p>Bm D A x6<\/p>\n<p>Em Em G A<br \/>\nBm Bm7 Em G A ]<\/p>\n<p>La stroboscopie des lampadaires d&rsquo;un boulevard<br \/>\nCis\u00e8le le temps et ampute l&rsquo;histoire.<br \/>\nEntre chaque instant, il manque une image,<br \/>\nComme dans un roman lorsqu&rsquo;on omet une page.<\/p>\n<p>Le risque patent c&rsquo;est de rater l&rsquo;essentiel,<br \/>\nCach\u00e9 dans l&rsquo;instant o\u00f9 les lumi\u00e8res s&rsquo;\u00e9teignent.<br \/>\nFaut-il d\u00e9truire la nuit ou rapprocher les lampadaires,<br \/>\nPour que, sans temps mort, on puisse y voir clair ?<\/p>\n<p>Comme un lapse de conscience \u00e0\u00a0 ce moment s&rsquo;\u00e9vapore,<br \/>\nC&rsquo;est l&rsquo;intuition qui compense et qui dirige mon corps.<br \/>\nPuis, je recouvre ma conscience recondens\u00e9e,<br \/>\nEntre chaque n\u00e9on qui z\u00e8bre la chauss\u00e9e.<\/p>\n<p>Quand la lune refuse \u00e0\u00a0  nos yeux sa lumi\u00e8re,<br \/>\nIl y a une carence de photons sur cet h\u00e9misph\u00e8re.<br \/>\nSemblant soumises \u00e0\u00a0  S\u00e9l\u00e9n\u00e9, les \u00e9toiles disparaissent,<br \/>\nLorsque l&rsquo;astre lunaire avec des temps morts nous laisse.<\/p>\n","protected":false},"excerpt":{"rendered":"<p>[ Bm Bm Em Em Bm Bm7 Em G A Bm D A x6 Em Em G A Bm Bm7 Em G A ] La stroboscopie des lampadaires d&rsquo;un boulevard Cis\u00e8le le temps et ampute l&rsquo;histoire. Entre chaque instant, il manque une image, Comme dans un roman lorsqu&rsquo;on omet une page. Le risque patent c&rsquo;est &hellip; <a href=\"https:\/\/www.jugulaire.fr\/wordpress\/temps-mort\/\" class=\"more-link\">Continuer la lecture de <span class=\"screen-reader-text\">Temps Mort<\/span> <span class=\"meta-nav\">&rarr;<\/span><\/a><\/p>\n","protected":false},"author":1,"featured_media":0,"parent":0,"menu_order":0,"comment_status":"closed","ping_status":"closed","template":"","meta":{"footnotes":""},"class_list":["post-29","page","type-page","status-publish","hentry"],"_links":{"self":[{"href":"https:\/\/www.jugulaire.fr\/wordpress\/wp-json\/wp\/v2\/pages\/29","targetHints":{"allow":["GET"]}}],"collection":[{"href":"https:\/\/www.jugulaire.fr\/wordpress\/wp-json\/wp\/v2\/pages"}],"about":[{"href":"https:\/\/www.jugulaire.fr\/wordpress\/wp-json\/wp\/v2\/types\/page"}],"author":[{"embeddable":true,"href":"https:\/\/www.jugulaire.fr\/wordpress\/wp-json\/wp\/v2\/users\/1"}],"replies":[{"embeddable":true,"href":"https:\/\/www.jugulaire.fr\/wordpress\/wp-json\/wp\/v2\/comments?post=29"}],"version-history":[{"count":2,"href":"https:\/\/www.jugulaire.fr\/wordpress\/wp-json\/wp\/v2\/pages\/29\/revisions"}],"predecessor-version":[{"id":1696,"href":"https:\/\/www.jugulaire.fr\/wordpress\/wp-json\/wp\/v2\/pages\/29\/revisions\/1696"}],"wp:attachment":[{"href":"https:\/\/www.jugulaire.fr\/wordpress\/wp-json\/wp\/v2\/media?parent=29"}],"curies":[{"name":"wp","href":"https:\/\/api.w.org\/{rel}","templated":true}]}}