{"id":2889,"date":"2025-10-05T16:19:13","date_gmt":"2025-10-05T15:19:13","guid":{"rendered":"https:\/\/www.jugulaire.fr\/wordpress\/?page_id=2889"},"modified":"2025-10-06T08:07:26","modified_gmt":"2025-10-06T07:07:26","slug":"au-tournois-des-sournois-sourds","status":"publish","type":"page","link":"https:\/\/www.jugulaire.fr\/wordpress\/au-tournois-des-sournois-sourds\/","title":{"rendered":"Au tournois des sournois sourds"},"content":{"rendered":"\n<figure class=\"wp-block-audio\"><audio controls src=\"https:\/\/www.jugulaire.fr\/wordpress\/wp-content\/uploads\/Jug-Au-tournois-des-sournois-sourds-2025-09-14.mp3\"><\/audio><\/figure>\n\n\n\n<p><em>92bpm<\/em><\/p>\n\n\n\n<p><em>couplet 1 Ab, Ab7, Db, Bbm7, Ab7, Bb7 Eb7, A7<\/em><br><strong>Au tournois des sournois sourds x3<br>Faut pas que j\u2019y sois<br>Ils grappillent au plus court<br>Des chiffres et des tambours<br>Des griffes dans du velours,<br>C\u2019est \u00e7a que je vois<\/strong><\/p>\n\n\n\n<p><em>refrain C# Fm\/C Bb\/C C, C# Fm Bb\/F C,<\/em><br><strong>Ca ne me convient pas<br>Je ne les convainc pas<\/strong><\/p>\n\n\n\n<p><em>C#dim, C, C#dim, C C\/Bb C\/Ab C\/G (C\/F)<\/em><br><strong>Mon sur-moi dit-moi<br>Faut bien que j\u2019y sois<\/strong><\/p>\n\n\n\n<p><em>Fm, AbM7, Db2, Bbm7<\/em><br><strong>lalalala<\/strong><\/p>\n\n\n\n<p><\/p>\n\n\n\n<p><em>couplet 2<\/em><br><strong>Au tournois des sournois sourds<br>Et des comptes \u00e0 rebours<br>Sur le dos de l\u2019emploi<br>De leurs sherpas,<br>Ils ont des tours balourds,<br>De tous les torts nous bourrent,<br>Nous font raquer de gras<br>Frais d\u2019avocats<\/strong><\/p>\n\n\n\n<p><em>refrain C# Fm\/C Bb\/C C, C# Fm Bb\/F C,<\/em><br><strong>Ca ne me convient pas<br>Je ne les convainc pas<\/strong><\/p>\n\n\n\n<p><em>C#dim, C, C#dim, C C\/Bb C\/Ab C\/G (C\/F)<\/em><br><strong>Mon sur-moi dit-moi<br>Faut bien que j\u2019y sois<\/strong><br><\/p>\n\n\n\n<p><\/p>\n\n\n\n<p><em>pont<\/em> &#8211; <em>Fm, AbM7, Db2, Bbm7<\/em><br><strong>Au tournois des sournois sourds<br>Se trouve mon gagne-pain<\/strong><\/p>\n\n\n\n<p><strong>Au tournois des sournois sourds<br>Marre des margoulins<\/strong><\/p>\n\n\n\n<p><strong>Au tournois des sournois sourds<br>Moins chafouins et plus malins<\/strong><\/p>\n\n\n\n<p><em>couplet 3<\/em><br><strong>Au tournois des sournois sourds,<br>Je pr\u00e9f\u00e8re les chants d\u2019amour<br>Ceux dont j\u2019ai fait le tour,<br>Au moins j\u2019y crois<\/strong><\/p>\n\n\n\n<p><em>E, Eb75+ Ab, B\/F# E<\/em><br><strong>Ce serait bien mieux pour moi, non ?<\/strong><br><em>Ebm7 Ab, B\/F# E<\/em><br><strong>J\u2019suis pas fait pour \u00e7a, mais bon.<\/strong><br><em>Eb75+ Ab, B\/F# E7<\/em><br><strong>Quel est le mal \u00e0 l&rsquo;\u00e9mulsion<br>Du c\u0153ur et encore du pognon ?<\/strong><\/p>\n\n\n\n<p><strong>J\u2019vais pas leur faire en r\u00e9unions,<br>Des discours et des chansons\u2026 d&rsquo;amour<\/strong><br><strong>Au tournois des sournois sourds<\/strong><br><\/p>\n\n\n\n<p><\/p>\n","protected":false},"excerpt":{"rendered":"<p>92bpm couplet 1 Ab, Ab7, Db, Bbm7, Ab7, Bb7 Eb7, A7Au tournois des sournois sourds x3Faut pas que j\u2019y soisIls grappillent au plus courtDes chiffres et des tamboursDes griffes dans du velours,C\u2019est \u00e7a que je vois refrain C# Fm\/C Bb\/C C, C# Fm Bb\/F C,Ca ne me convient pasJe ne les convainc pas C#dim, C, &hellip; <a href=\"https:\/\/www.jugulaire.fr\/wordpress\/au-tournois-des-sournois-sourds\/\" class=\"more-link\">Continuer la lecture de <span class=\"screen-reader-text\">Au tournois des sournois sourds<\/span> <span class=\"meta-nav\">&rarr;<\/span><\/a><\/p>\n","protected":false},"author":1,"featured_media":0,"parent":0,"menu_order":0,"comment_status":"closed","ping_status":"closed","template":"","meta":{"footnotes":""},"class_list":["post-2889","page","type-page","status-publish","hentry"],"_links":{"self":[{"href":"https:\/\/www.jugulaire.fr\/wordpress\/wp-json\/wp\/v2\/pages\/2889","targetHints":{"allow":["GET"]}}],"collection":[{"href":"https:\/\/www.jugulaire.fr\/wordpress\/wp-json\/wp\/v2\/pages"}],"about":[{"href":"https:\/\/www.jugulaire.fr\/wordpress\/wp-json\/wp\/v2\/types\/page"}],"author":[{"embeddable":true,"href":"https:\/\/www.jugulaire.fr\/wordpress\/wp-json\/wp\/v2\/users\/1"}],"replies":[{"embeddable":true,"href":"https:\/\/www.jugulaire.fr\/wordpress\/wp-json\/wp\/v2\/comments?post=2889"}],"version-history":[{"count":6,"href":"https:\/\/www.jugulaire.fr\/wordpress\/wp-json\/wp\/v2\/pages\/2889\/revisions"}],"predecessor-version":[{"id":2896,"href":"https:\/\/www.jugulaire.fr\/wordpress\/wp-json\/wp\/v2\/pages\/2889\/revisions\/2896"}],"wp:attachment":[{"href":"https:\/\/www.jugulaire.fr\/wordpress\/wp-json\/wp\/v2\/media?parent=2889"}],"curies":[{"name":"wp","href":"https:\/\/api.w.org\/{rel}","templated":true}]}}