{"id":28,"date":"2006-08-14T05:05:58","date_gmt":"2006-08-14T04:05:58","guid":{"rendered":""},"modified":"2016-08-31T15:45:18","modified_gmt":"2016-08-31T14:45:18","slug":"plethore-didees","status":"publish","type":"page","link":"https:\/\/www.jugulaire.fr\/wordpress\/plethore-didees\/","title":{"rendered":"Pl\u00e9thore d&rsquo;id\u00e9es"},"content":{"rendered":"<p>[Bm Bm\/A G G7\/F Em Em7 A x 2 puis F# ]<\/p>\n<p>Jaillies toute casqu\u00e9e<br \/>\nDe ma taie d&rsquo;oreiller,<br \/>\nPl\u00e9thore d&rsquo;id\u00e9es<br \/>\nPlanent \u00e0\u00a0  mon chevet.<br \/>\nSi je me r\u00e9veillais,<br \/>\nElles ne reviendraient plus jamais, jamais.<\/p>\n<p>\u00ab\u00a0Et la souplesse des esprits\u00a0\u00bb<\/p>\n<p>Il est l&rsquo;heure du lev\u00e9,<br \/>\nCe leurre \u00e9veill\u00e9<br \/>\nMoi feignant d&rsquo;ignorer<br \/>\nL&rsquo;enclenchement du cloch\u00e9<br \/>\nLes marques de l&rsquo;oreiller<br \/>\nResteront le restant de la journ\u00e9e.<\/p>\n","protected":false},"excerpt":{"rendered":"<p>[Bm Bm\/A G G7\/F Em Em7 A x 2 puis F# ] Jaillies toute casqu\u00e9e De ma taie d&rsquo;oreiller, Pl\u00e9thore d&rsquo;id\u00e9es Planent \u00e0\u00a0 mon chevet. Si je me r\u00e9veillais, Elles ne reviendraient plus jamais, jamais. \u00ab\u00a0Et la souplesse des esprits\u00a0\u00bb Il est l&rsquo;heure du lev\u00e9, Ce leurre \u00e9veill\u00e9 Moi feignant d&rsquo;ignorer L&rsquo;enclenchement du cloch\u00e9 Les &hellip; <a href=\"https:\/\/www.jugulaire.fr\/wordpress\/plethore-didees\/\" class=\"more-link\">Continuer la lecture de <span class=\"screen-reader-text\">Pl\u00e9thore d&rsquo;id\u00e9es<\/span> <span class=\"meta-nav\">&rarr;<\/span><\/a><\/p>\n","protected":false},"author":1,"featured_media":0,"parent":0,"menu_order":0,"comment_status":"closed","ping_status":"closed","template":"","meta":{"footnotes":""},"class_list":["post-28","page","type-page","status-publish","hentry"],"_links":{"self":[{"href":"https:\/\/www.jugulaire.fr\/wordpress\/wp-json\/wp\/v2\/pages\/28","targetHints":{"allow":["GET"]}}],"collection":[{"href":"https:\/\/www.jugulaire.fr\/wordpress\/wp-json\/wp\/v2\/pages"}],"about":[{"href":"https:\/\/www.jugulaire.fr\/wordpress\/wp-json\/wp\/v2\/types\/page"}],"author":[{"embeddable":true,"href":"https:\/\/www.jugulaire.fr\/wordpress\/wp-json\/wp\/v2\/users\/1"}],"replies":[{"embeddable":true,"href":"https:\/\/www.jugulaire.fr\/wordpress\/wp-json\/wp\/v2\/comments?post=28"}],"version-history":[{"count":2,"href":"https:\/\/www.jugulaire.fr\/wordpress\/wp-json\/wp\/v2\/pages\/28\/revisions"}],"predecessor-version":[{"id":1683,"href":"https:\/\/www.jugulaire.fr\/wordpress\/wp-json\/wp\/v2\/pages\/28\/revisions\/1683"}],"wp:attachment":[{"href":"https:\/\/www.jugulaire.fr\/wordpress\/wp-json\/wp\/v2\/media?parent=28"}],"curies":[{"name":"wp","href":"https:\/\/api.w.org\/{rel}","templated":true}]}}