{"id":2769,"date":"2023-07-08T13:44:11","date_gmt":"2023-07-08T12:44:11","guid":{"rendered":"https:\/\/www.jugulaire.fr\/wordpress\/?page_id=2769"},"modified":"2023-07-08T13:44:11","modified_gmt":"2023-07-08T12:44:11","slug":"par-dela-les-nuages","status":"publish","type":"page","link":"https:\/\/www.jugulaire.fr\/wordpress\/par-dela-les-nuages\/","title":{"rendered":"Par del\u00e0 les nuages"},"content":{"rendered":"\n<p>Par-del\u00e0 les nuages (Pommet\/Garde)<br>II.3 : P\u00e2ris &#8211; Ath\u00e9na<\/p>\n\n\n\n<p>Il vous fait voyager par-del\u00e0 les nuages<br>Il vous fait d\u00e9couvrir de nouveaux paysages<br>L&rsquo;Amour est un tr\u00e9sor qui vaut bien plus que de l&rsquo;or<br>Ath\u00e9na, ta sagesse sera ma seule faiblesse<\/p>\n\n\n\n<p>Il vous fait chavirer le coeur \u00e0 l&rsquo;abordage<br>Il vous exp\u00e9die le plus doux des messages<br>L&rsquo;Amour que veut mon corps mettra nos deux coeurs d&rsquo;accord<br>Le pouvoir ne m&rsquo;aura pas un jour je serai Roi<\/p>\n\n\n\n<p>Je serai Roi, le Roi de Troie<\/p>\n\n\n\n<p>Il vous condamne le coeur \u00e0 l&rsquo;esclavage<br>Il vous m\u00e9tamorphose le corps encore moins sage<br>L&rsquo;Amour lui jette un sort, H\u00e9l\u00e8ne r\u00eave d&rsquo;un nouveau d\u00e9cor<br>Je mettrai Troie \u00e0 ses pieds elle sera ador\u00e9e<\/p>\n\n\n\n<figure class=\"wp-block-image size-large\"><a href=\"https:\/\/www.jugulaire.fr\/wordpress\/wp-content\/uploads\/Par-dela-les-nuages-1.png\"><img loading=\"lazy\" decoding=\"async\" width=\"1024\" height=\"712\" src=\"https:\/\/www.jugulaire.fr\/wordpress\/wp-content\/uploads\/Par-dela-les-nuages-1-1024x712.png\" alt=\"\" class=\"wp-image-2770\" srcset=\"https:\/\/www.jugulaire.fr\/wordpress\/wp-content\/uploads\/Par-dela-les-nuages-1-1024x712.png 1024w, https:\/\/www.jugulaire.fr\/wordpress\/wp-content\/uploads\/Par-dela-les-nuages-1-300x208.png 300w, https:\/\/www.jugulaire.fr\/wordpress\/wp-content\/uploads\/Par-dela-les-nuages-1-768x534.png 768w, https:\/\/www.jugulaire.fr\/wordpress\/wp-content\/uploads\/Par-dela-les-nuages-1-1536x1067.png 1536w, https:\/\/www.jugulaire.fr\/wordpress\/wp-content\/uploads\/Par-dela-les-nuages-1-2048x1423.png 2048w\" sizes=\"auto, (max-width: 1024px) 100vw, 1024px\" \/><\/a><\/figure>\n","protected":false},"excerpt":{"rendered":"<p>Par-del\u00e0 les nuages (Pommet\/Garde)II.3 : P\u00e2ris &#8211; Ath\u00e9na Il vous fait voyager par-del\u00e0 les nuagesIl vous fait d\u00e9couvrir de nouveaux paysagesL&rsquo;Amour est un tr\u00e9sor qui vaut bien plus que de l&rsquo;orAth\u00e9na, ta sagesse sera ma seule faiblesse Il vous fait chavirer le coeur \u00e0 l&rsquo;abordageIl vous exp\u00e9die le plus doux des messagesL&rsquo;Amour que veut mon &hellip; <a href=\"https:\/\/www.jugulaire.fr\/wordpress\/par-dela-les-nuages\/\" class=\"more-link\">Continuer la lecture de <span class=\"screen-reader-text\">Par del\u00e0 les nuages<\/span> <span class=\"meta-nav\">&rarr;<\/span><\/a><\/p>\n","protected":false},"author":1,"featured_media":0,"parent":0,"menu_order":0,"comment_status":"closed","ping_status":"closed","template":"","meta":{"footnotes":""},"class_list":["post-2769","page","type-page","status-publish","hentry"],"_links":{"self":[{"href":"https:\/\/www.jugulaire.fr\/wordpress\/wp-json\/wp\/v2\/pages\/2769","targetHints":{"allow":["GET"]}}],"collection":[{"href":"https:\/\/www.jugulaire.fr\/wordpress\/wp-json\/wp\/v2\/pages"}],"about":[{"href":"https:\/\/www.jugulaire.fr\/wordpress\/wp-json\/wp\/v2\/types\/page"}],"author":[{"embeddable":true,"href":"https:\/\/www.jugulaire.fr\/wordpress\/wp-json\/wp\/v2\/users\/1"}],"replies":[{"embeddable":true,"href":"https:\/\/www.jugulaire.fr\/wordpress\/wp-json\/wp\/v2\/comments?post=2769"}],"version-history":[{"count":1,"href":"https:\/\/www.jugulaire.fr\/wordpress\/wp-json\/wp\/v2\/pages\/2769\/revisions"}],"predecessor-version":[{"id":2771,"href":"https:\/\/www.jugulaire.fr\/wordpress\/wp-json\/wp\/v2\/pages\/2769\/revisions\/2771"}],"wp:attachment":[{"href":"https:\/\/www.jugulaire.fr\/wordpress\/wp-json\/wp\/v2\/media?parent=2769"}],"curies":[{"name":"wp","href":"https:\/\/api.w.org\/{rel}","templated":true}]}}