{"id":2672,"date":"2023-04-25T13:16:49","date_gmt":"2023-04-25T12:16:49","guid":{"rendered":"https:\/\/www.jugulaire.fr\/wordpress\/?page_id=2672"},"modified":"2023-07-08T10:24:25","modified_gmt":"2023-07-08T09:24:25","slug":"pretresse","status":"publish","type":"page","link":"https:\/\/www.jugulaire.fr\/wordpress\/pretresse\/","title":{"rendered":"Pr\u00e9tresse"},"content":{"rendered":"\n<p class=\"has-off-white-background-color has-background\">(Pommet\/Garde)<br>I.5 : Cassandre, Apollon<\/p>\n\n\n\n<p>Une apparition divine<br>Me montre le chemin<br>Apollon, je le devine<br>M&rsquo;a forg\u00e9 un destin<\/p>\n\n\n\n<p>D&rsquo;Apollon la pr\u00eatresse<br>Sans pass\u00e9, sans douleur<br>Oublier ma d\u00e9tresse<br>Et vivre pour son bonheur<\/p>\n\n\n\n<p>Tu seras ma servante<br>Mon alli\u00e9e, mon amie<br>Bien plus que ma confidente<br>Si tu me donnes ta vie<\/p>\n\n\n\n<p>Oubli\u00e9e la tristesse<br>Les visions de malheur<br>Tu deviens ma pr\u00eatresse<br>Et je t&rsquo;ouvre mon coeur<\/p>\n\n\n\n<p><\/p>\n\n\n\n<p>Mon coeur ne bat que pour toi<br>Tu m&rsquo;as ouvert les yeux<br>Mon temple est ton nouveau toit<br>Aux souffrances dis adieu<\/p>\n\n\n\n<p>Tout mon coeur est en liesse<br>Je d\u00e9couvre le bonheur<br>Je n&rsquo;ai plus de faiblesse<br>Je ne connais plus la peur<\/p>\n\n\n\n<p>Tu as un fr\u00e8re jumeau<br>Berger sur le mont Ida<br>Le gardien de nos troupeaux<br>Sera prince de Troie<\/p>\n\n\n\n<p>Ilion attend un guide<br>Ici est sa destin\u00e9e<br>Son absence est un vide<br>Dans mon coeur je le savais<\/p>\n\n\n\n<p>Si les Dieux et D\u00e9esses<br>Avaient plus de candeur<br>Ils tiendraient leurs promesses<br>Le monde serait meilleur<\/p>\n\n\n\n<p>(Cassandre s&rsquo;en va)<br>Cassandre la pr\u00eatresse<br>Part retrouver son fr\u00e8re<br>Qui par sa maladresse<br>Va provoquer la guerre\u2026<\/p>\n\n\n\n<figure class=\"wp-block-image size-large\"><a href=\"https:\/\/www.jugulaire.fr\/wordpress\/wp-content\/uploads\/pretresse-1.png\"><img loading=\"lazy\" decoding=\"async\" width=\"724\" height=\"1024\" src=\"https:\/\/www.jugulaire.fr\/wordpress\/wp-content\/uploads\/pretresse-1-724x1024.png\" alt=\"\" class=\"wp-image-2753\" srcset=\"https:\/\/www.jugulaire.fr\/wordpress\/wp-content\/uploads\/pretresse-1-724x1024.png 724w, https:\/\/www.jugulaire.fr\/wordpress\/wp-content\/uploads\/pretresse-1-212x300.png 212w, https:\/\/www.jugulaire.fr\/wordpress\/wp-content\/uploads\/pretresse-1-768x1086.png 768w, https:\/\/www.jugulaire.fr\/wordpress\/wp-content\/uploads\/pretresse-1-1087x1536.png 1087w, https:\/\/www.jugulaire.fr\/wordpress\/wp-content\/uploads\/pretresse-1-1449x2048.png 1449w\" sizes=\"auto, (max-width: 724px) 100vw, 724px\" \/><\/a><\/figure>\n","protected":false},"excerpt":{"rendered":"<p>(Pommet\/Garde)I.5 : Cassandre, Apollon Une apparition divineMe montre le cheminApollon, je le devineM&rsquo;a forg\u00e9 un destin D&rsquo;Apollon la pr\u00eatresseSans pass\u00e9, sans douleurOublier ma d\u00e9tresseEt vivre pour son bonheur Tu seras ma servanteMon alli\u00e9e, mon amieBien plus que ma confidenteSi tu me donnes ta vie Oubli\u00e9e la tristesseLes visions de malheurTu deviens ma pr\u00eatresseEt je t&rsquo;ouvre &hellip; <a href=\"https:\/\/www.jugulaire.fr\/wordpress\/pretresse\/\" class=\"more-link\">Continuer la lecture de <span class=\"screen-reader-text\">Pr\u00e9tresse<\/span> <span class=\"meta-nav\">&rarr;<\/span><\/a><\/p>\n","protected":false},"author":1,"featured_media":0,"parent":0,"menu_order":0,"comment_status":"closed","ping_status":"closed","template":"","meta":{"footnotes":""},"class_list":["post-2672","page","type-page","status-publish","hentry"],"_links":{"self":[{"href":"https:\/\/www.jugulaire.fr\/wordpress\/wp-json\/wp\/v2\/pages\/2672","targetHints":{"allow":["GET"]}}],"collection":[{"href":"https:\/\/www.jugulaire.fr\/wordpress\/wp-json\/wp\/v2\/pages"}],"about":[{"href":"https:\/\/www.jugulaire.fr\/wordpress\/wp-json\/wp\/v2\/types\/page"}],"author":[{"embeddable":true,"href":"https:\/\/www.jugulaire.fr\/wordpress\/wp-json\/wp\/v2\/users\/1"}],"replies":[{"embeddable":true,"href":"https:\/\/www.jugulaire.fr\/wordpress\/wp-json\/wp\/v2\/comments?post=2672"}],"version-history":[{"count":3,"href":"https:\/\/www.jugulaire.fr\/wordpress\/wp-json\/wp\/v2\/pages\/2672\/revisions"}],"predecessor-version":[{"id":2754,"href":"https:\/\/www.jugulaire.fr\/wordpress\/wp-json\/wp\/v2\/pages\/2672\/revisions\/2754"}],"wp:attachment":[{"href":"https:\/\/www.jugulaire.fr\/wordpress\/wp-json\/wp\/v2\/media?parent=2672"}],"curies":[{"name":"wp","href":"https:\/\/api.w.org\/{rel}","templated":true}]}}