{"id":2664,"date":"2023-04-25T13:06:00","date_gmt":"2023-04-25T12:06:00","guid":{"rendered":"https:\/\/www.jugulaire.fr\/wordpress\/?page_id=2664"},"modified":"2023-07-08T20:06:36","modified_gmt":"2023-07-08T19:06:36","slug":"la-splendeur-de-troie","status":"publish","type":"page","link":"https:\/\/www.jugulaire.fr\/wordpress\/la-splendeur-de-troie\/","title":{"rendered":"La splendeur de Troie"},"content":{"rendered":"\n<p> (Garde\/Garde)<br>I.2 : Priam, H\u00e9cube<\/p>\n\n\n\n<figure class=\"wp-block-image size-large\"><a href=\"https:\/\/www.jugulaire.fr\/wordpress\/wp-content\/uploads\/la-splendeur-de-Troie-1.png\"><img loading=\"lazy\" decoding=\"async\" width=\"724\" height=\"1024\" src=\"https:\/\/www.jugulaire.fr\/wordpress\/wp-content\/uploads\/la-splendeur-de-Troie-1-724x1024.png\" alt=\"\" class=\"wp-image-2774\" srcset=\"https:\/\/www.jugulaire.fr\/wordpress\/wp-content\/uploads\/la-splendeur-de-Troie-1-724x1024.png 724w, https:\/\/www.jugulaire.fr\/wordpress\/wp-content\/uploads\/la-splendeur-de-Troie-1-212x300.png 212w, https:\/\/www.jugulaire.fr\/wordpress\/wp-content\/uploads\/la-splendeur-de-Troie-1-768x1086.png 768w, https:\/\/www.jugulaire.fr\/wordpress\/wp-content\/uploads\/la-splendeur-de-Troie-1-1086x1536.png 1086w, https:\/\/www.jugulaire.fr\/wordpress\/wp-content\/uploads\/la-splendeur-de-Troie-1-1448x2048.png 1448w\" sizes=\"auto, (max-width: 724px) 100vw, 724px\" \/><\/a><\/figure>\n\n\n\n<p>H\u00e9cube, ma Reine, tu enfantas<br>Ma fille si belle, mon fils soldat<\/p>\n\n\n\n<p>Priam, ton r\u00e8gne, c&rsquo;est mon nirvana<br>Dans cette citadelle que l&rsquo;on nomme Troie<\/p>\n\n\n\n<p>Regarde le ciel au-dessus de nos toits<br>C&rsquo;est le jardin d&rsquo;Eden dans les remparts de Troie<\/p>\n\n\n\n<p>La vie y est si saine et les gens si courtois<br>Que je crois \u00e9ternelle la splendeur de Troie<\/p>\n\n\n\n<p>La splendeur de Troie, c&rsquo;est la chaleur de tes bras<br>La splendeur de Troie, c&rsquo;est la douceur d&rsquo;\u00eatre contre toi<br>La splendeur de Troie, la splendeur c&rsquo;est toi<\/p>\n","protected":false},"excerpt":{"rendered":"<p>(Garde\/Garde)I.2 : Priam, H\u00e9cube H\u00e9cube, ma Reine, tu enfantasMa fille si belle, mon fils soldat Priam, ton r\u00e8gne, c&rsquo;est mon nirvanaDans cette citadelle que l&rsquo;on nomme Troie Regarde le ciel au-dessus de nos toitsC&rsquo;est le jardin d&rsquo;Eden dans les remparts de Troie La vie y est si saine et les gens si courtoisQue je crois &hellip; <a href=\"https:\/\/www.jugulaire.fr\/wordpress\/la-splendeur-de-troie\/\" class=\"more-link\">Continuer la lecture de <span class=\"screen-reader-text\">La splendeur de Troie<\/span> <span class=\"meta-nav\">&rarr;<\/span><\/a><\/p>\n","protected":false},"author":1,"featured_media":0,"parent":0,"menu_order":0,"comment_status":"closed","ping_status":"closed","template":"","meta":{"footnotes":""},"class_list":["post-2664","page","type-page","status-publish","hentry"],"_links":{"self":[{"href":"https:\/\/www.jugulaire.fr\/wordpress\/wp-json\/wp\/v2\/pages\/2664","targetHints":{"allow":["GET"]}}],"collection":[{"href":"https:\/\/www.jugulaire.fr\/wordpress\/wp-json\/wp\/v2\/pages"}],"about":[{"href":"https:\/\/www.jugulaire.fr\/wordpress\/wp-json\/wp\/v2\/types\/page"}],"author":[{"embeddable":true,"href":"https:\/\/www.jugulaire.fr\/wordpress\/wp-json\/wp\/v2\/users\/1"}],"replies":[{"embeddable":true,"href":"https:\/\/www.jugulaire.fr\/wordpress\/wp-json\/wp\/v2\/comments?post=2664"}],"version-history":[{"count":4,"href":"https:\/\/www.jugulaire.fr\/wordpress\/wp-json\/wp\/v2\/pages\/2664\/revisions"}],"predecessor-version":[{"id":2778,"href":"https:\/\/www.jugulaire.fr\/wordpress\/wp-json\/wp\/v2\/pages\/2664\/revisions\/2778"}],"wp:attachment":[{"href":"https:\/\/www.jugulaire.fr\/wordpress\/wp-json\/wp\/v2\/media?parent=2664"}],"curies":[{"name":"wp","href":"https:\/\/api.w.org\/{rel}","templated":true}]}}