{"id":2657,"date":"2023-04-25T12:56:42","date_gmt":"2023-04-25T11:56:42","guid":{"rendered":"https:\/\/www.jugulaire.fr\/wordpress\/?page_id=2657"},"modified":"2023-07-08T10:23:20","modified_gmt":"2023-07-08T09:23:20","slug":"aimee-sans-amour","status":"publish","type":"page","link":"https:\/\/www.jugulaire.fr\/wordpress\/aimee-sans-amour\/","title":{"rendered":"Aim\u00e9e sans amour"},"content":{"rendered":"\n<p class=\"has-off-white-background-color has-background\">(ilion)<br>(Pommet &amp; Garde\/Garde)<\/p>\n\n\n\n<figure class=\"wp-block-image size-large\"><a href=\"https:\/\/www.jugulaire.fr\/wordpress\/wp-content\/uploads\/aimee-sans-amour-1.png\"><img loading=\"lazy\" decoding=\"async\" width=\"724\" height=\"1024\" src=\"https:\/\/www.jugulaire.fr\/wordpress\/wp-content\/uploads\/aimee-sans-amour-1-724x1024.png\" alt=\"\" class=\"wp-image-2717\" srcset=\"https:\/\/www.jugulaire.fr\/wordpress\/wp-content\/uploads\/aimee-sans-amour-1-724x1024.png 724w, https:\/\/www.jugulaire.fr\/wordpress\/wp-content\/uploads\/aimee-sans-amour-1-212x300.png 212w, https:\/\/www.jugulaire.fr\/wordpress\/wp-content\/uploads\/aimee-sans-amour-1-768x1086.png 768w, https:\/\/www.jugulaire.fr\/wordpress\/wp-content\/uploads\/aimee-sans-amour-1-1087x1536.png 1087w, https:\/\/www.jugulaire.fr\/wordpress\/wp-content\/uploads\/aimee-sans-amour-1-1449x2048.png 1449w\" sizes=\"auto, (max-width: 724px) 100vw, 724px\" \/><\/a><\/figure>\n\n\n\n<p><\/p>\n\n\n\n<p>Depuis si longtemps solitaire<br>Je me fonds en sanglots am\u00e8res<br>S&rsquo;affichent heureux les autres coeurs<br>J&rsquo;ai moi aussi droit au bonheur<\/p>\n\n\n\n<p>Je fais tout pour le m\u00e9riter<br>Que l&rsquo;Amour vienne me d\u00e9corer<br>Je suis pourtant bien entour\u00e9e<br>De tant d&rsquo;amis sur qui compter<\/p>\n\n\n\n<p>Des gens qui m&rsquo;aiment et cependant<br>Tellement de vide au-dedans<br>Ces gens essuient m\u00eame par moment<br>Mes joues humides tendrement<\/p>\n\n\n\n<p>Leurs rires, leurs joies,<br>Leurs \u00e9nervements,<br>Me distraient parfois de mes tourments<\/p>\n\n\n\n<p>Aim\u00e9e, mais aim\u00e9e sans Amour<br>A cacher gauchement chaque jour<br>Que je ne peux plus vivre sans toi<br>Toi que je ne connais m\u00eame pas<\/p>\n\n\n\n<p>A trop te vouloir, te d\u00e9sirer,<br>J&rsquo;en oublierais jusqu&rsquo;\u00e0 m&rsquo;aimer<br>Je r\u00eave d&rsquo;\u00eatre ivre dans tes bras<br>De trop boire le son de ta voix<\/p>\n\n\n\n<p>Trop de ces aventures rat\u00e9es<br>Trop de ces amours avort\u00e9es<br>Ne reste m\u00eame pas la complicit\u00e9<br>Ma solitude est \u00e0 pleurer<\/p>\n\n\n\n<p>H\u00e9las l&rsquo;\u00e9poux que j&rsquo;ai choisi<br>Contrainte et forc\u00e9e par la vie<br>Ne m&rsquo;offre pas ce que je demande<br>On ne s&rsquo;aime pas sur commande<\/p>\n\n\n\n<p>Je fais tout pour le m\u00e9riter<br>Que l&rsquo;Amour vienne me d\u00e9vorer<\/p>\n\n\n\n<p>A trop te vouloir, te d\u00e9sirer,<br>J&rsquo;en oublierais jusqu&rsquo;\u00e0 m&rsquo;aimer<br>Je r\u00eave d&rsquo;\u00eatre ivre dans tes bras<br>De trop boire le son de ta voix<\/p>\n\n\n\n<p><\/p>\n\n\n\n<p><\/p>\n\n\n\n<figure class=\"wp-block-image size-large is-resized\"><a href=\"https:\/\/www.jugulaire.fr\/wordpress\/wp-content\/uploads\/entree-Helene-1.png\"><img loading=\"lazy\" decoding=\"async\" src=\"https:\/\/www.jugulaire.fr\/wordpress\/wp-content\/uploads\/entree-Helene-1-724x1024.png\" alt=\"\" class=\"wp-image-2747\" width=\"469\" height=\"663\" srcset=\"https:\/\/www.jugulaire.fr\/wordpress\/wp-content\/uploads\/entree-Helene-1-724x1024.png 724w, https:\/\/www.jugulaire.fr\/wordpress\/wp-content\/uploads\/entree-Helene-1-212x300.png 212w, https:\/\/www.jugulaire.fr\/wordpress\/wp-content\/uploads\/entree-Helene-1-768x1086.png 768w, https:\/\/www.jugulaire.fr\/wordpress\/wp-content\/uploads\/entree-Helene-1-1086x1536.png 1086w, https:\/\/www.jugulaire.fr\/wordpress\/wp-content\/uploads\/entree-Helene-1-1448x2048.png 1448w\" sizes=\"auto, (max-width: 469px) 100vw, 469px\" \/><\/a><\/figure>\n","protected":false},"excerpt":{"rendered":"<p>(ilion)(Pommet &amp; Garde\/Garde) Depuis si longtemps solitaireJe me fonds en sanglots am\u00e8resS&rsquo;affichent heureux les autres coeursJ&rsquo;ai moi aussi droit au bonheur Je fais tout pour le m\u00e9riterQue l&rsquo;Amour vienne me d\u00e9corerJe suis pourtant bien entour\u00e9eDe tant d&rsquo;amis sur qui compter Des gens qui m&rsquo;aiment et cependantTellement de vide au-dedansCes gens essuient m\u00eame par momentMes joues &hellip; <a href=\"https:\/\/www.jugulaire.fr\/wordpress\/aimee-sans-amour\/\" class=\"more-link\">Continuer la lecture de <span class=\"screen-reader-text\">Aim\u00e9e sans amour<\/span> <span class=\"meta-nav\">&rarr;<\/span><\/a><\/p>\n","protected":false},"author":1,"featured_media":0,"parent":0,"menu_order":0,"comment_status":"closed","ping_status":"closed","template":"","meta":{"footnotes":""},"class_list":["post-2657","page","type-page","status-publish","hentry"],"_links":{"self":[{"href":"https:\/\/www.jugulaire.fr\/wordpress\/wp-json\/wp\/v2\/pages\/2657","targetHints":{"allow":["GET"]}}],"collection":[{"href":"https:\/\/www.jugulaire.fr\/wordpress\/wp-json\/wp\/v2\/pages"}],"about":[{"href":"https:\/\/www.jugulaire.fr\/wordpress\/wp-json\/wp\/v2\/types\/page"}],"author":[{"embeddable":true,"href":"https:\/\/www.jugulaire.fr\/wordpress\/wp-json\/wp\/v2\/users\/1"}],"replies":[{"embeddable":true,"href":"https:\/\/www.jugulaire.fr\/wordpress\/wp-json\/wp\/v2\/comments?post=2657"}],"version-history":[{"count":6,"href":"https:\/\/www.jugulaire.fr\/wordpress\/wp-json\/wp\/v2\/pages\/2657\/revisions"}],"predecessor-version":[{"id":2752,"href":"https:\/\/www.jugulaire.fr\/wordpress\/wp-json\/wp\/v2\/pages\/2657\/revisions\/2752"}],"wp:attachment":[{"href":"https:\/\/www.jugulaire.fr\/wordpress\/wp-json\/wp\/v2\/media?parent=2657"}],"curies":[{"name":"wp","href":"https:\/\/api.w.org\/{rel}","templated":true}]}}