{"id":2590,"date":"2022-10-08T07:25:51","date_gmt":"2022-10-08T06:25:51","guid":{"rendered":"https:\/\/www.jugulaire.fr\/wordpress\/?page_id=2590"},"modified":"2025-10-06T09:26:25","modified_gmt":"2025-10-06T08:26:25","slug":"morceaux","status":"publish","type":"page","link":"https:\/\/www.jugulaire.fr\/wordpress\/morceaux\/","title":{"rendered":"Inventaire des morceaux"},"content":{"rendered":"\n<p><em>Les titres en gras exposent le solf\u00e8ge en plus des paroles et grilles d&rsquo;accords<\/em><\/p>\n\n\n\n<h2 class=\"wp-block-heading\">A<\/h2>\n\n\n\n<ul class=\"wp-block-list\">\n<li><a href=\"https:\/\/www.jugulaire.fr\/wordpress\/?page_id=81\" data-type=\"page\" data-id=\"81\"><strong>A mi-chemin<\/strong><\/a><\/li>\n\n\n\n<li><a href=\"https:\/\/www.jugulaire.fr\/wordpress\/?page_id=2460\" data-type=\"page\" data-id=\"2460\">Aidant (un job \u00e0 plein temps)<\/a><\/li>\n\n\n\n<li><a href=\"https:\/\/www.jugulaire.fr\/wordpress\/aimee-sans-amour\/\" data-type=\"page\" data-id=\"2657\"><strong>Aim\u00e9e sans amour<\/strong><\/a><\/li>\n\n\n\n<li><a href=\"https:\/\/www.jugulaire.fr\/wordpress\/?page_id=37\" data-type=\"page\" data-id=\"37\"><strong>Alv\u00e9oles<\/strong><\/a><\/li>\n\n\n\n<li><a href=\"https:\/\/www.jugulaire.fr\/wordpress\/?page_id=1352\" data-type=\"page\" data-id=\"1352\"><strong>Anticipation des myst\u00e8res<\/strong><\/a><\/li>\n\n\n\n<li><a href=\"https:\/\/www.jugulaire.fr\/wordpress\/?page_id=51\" data-type=\"page\" data-id=\"51\">Ath\u00e9e ou sot<\/a><\/li>\n\n\n\n<li><a href=\"https:\/\/www.jugulaire.fr\/wordpress\/aureoles-et-aleas\/\" data-type=\"page\" data-id=\"2684\"><strong>Aur\u00e9oles et al\u00e9as<\/strong><\/a><\/li>\n\n\n\n<li><mark style=\"background-color:#fbca3c\" class=\"has-inline-color\"><a href=\"https:\/\/www.jugulaire.fr\/wordpress\/au-tournois-des-sournois-sourds\/\" data-type=\"page\" data-id=\"2889\">Au tournois des sournois sourds<\/a> (new 2025 !)<\/mark><\/li>\n\n\n\n<li><a href=\"https:\/\/www.jugulaire.fr\/wordpress\/?page_id=1348\" data-type=\"page\" data-id=\"1348\"><strong>Au train o\u00f9 vont les choses<\/strong><\/a><\/li>\n<\/ul>\n\n\n\n<h2 class=\"wp-block-heading\">B<\/h2>\n\n\n\n<ul class=\"wp-block-list\">\n<li><a href=\"https:\/\/www.jugulaire.fr\/wordpress\/?page_id=31\" data-type=\"page\" data-id=\"31\">Bon citoyen<\/a><\/li>\n<\/ul>\n\n\n\n<h2 class=\"wp-block-heading\">C<\/h2>\n\n\n\n<ul class=\"wp-block-list\">\n<li><a href=\"https:\/\/www.jugulaire.fr\/wordpress\/?page_id=33\" data-type=\"page\" data-id=\"33\">Cardiona\u00eff<\/a><\/li>\n\n\n\n<li><a href=\"https:\/\/www.jugulaire.fr\/wordpress\/?page_id=52\" data-type=\"page\" data-id=\"52\">Chamane<\/a><\/li>\n\n\n\n<li><a href=\"https:\/\/www.jugulaire.fr\/wordpress\/?page_id=39\" data-type=\"page\" data-id=\"39\">Citadine<\/a><\/li>\n\n\n\n<li><a href=\"https:\/\/www.jugulaire.fr\/wordpress\/?page_id=1360\" data-type=\"page\" data-id=\"1360\"><strong>Conclure l&rsquo;affaire<\/strong><\/a><\/li>\n\n\n\n<li><mark style=\"background-color:#fbca3c\" class=\"has-inline-color\"><a href=\"https:\/\/www.jugulaire.fr\/wordpress\/conseils-rabat-joie\/\" data-type=\"page\" data-id=\"2910\">Conseils rabat-joie<\/a> (new 2025 !)<\/mark><\/li>\n\n\n\n<li><a href=\"https:\/\/www.jugulaire.fr\/wordpress\/?page_id=53\" data-type=\"page\" data-id=\"53\"><strong>Contre toi<\/strong><\/a><\/li>\n\n\n\n<li><a href=\"https:\/\/www.jugulaire.fr\/wordpress\/?page_id=71\" data-type=\"page\" data-id=\"71\"><strong>Copi\u00e9-coll\u00e9<\/strong><\/a><\/li>\n<\/ul>\n\n\n\n<h2 class=\"wp-block-heading\">D<\/h2>\n\n\n\n<ul class=\"wp-block-list\">\n<li><a href=\"https:\/\/www.jugulaire.fr\/wordpress\/?page_id=2475\" data-type=\"page\" data-id=\"2475\">Dans mon grenier<\/a><\/li>\n\n\n\n<li><a href=\"https:\/\/www.jugulaire.fr\/wordpress\/?page_id=30\" data-type=\"page\" data-id=\"30\">Dans nos cervelles<\/a><\/li>\n\n\n\n<li><a href=\"https:\/\/www.jugulaire.fr\/wordpress\/?page_id=1313\" data-type=\"page\" data-id=\"1313\">D\u00e9mens Kh\u00e2n<\/a><\/li>\n\n\n\n<li><a href=\"https:\/\/www.jugulaire.fr\/wordpress\/de-plus-ou-moins-grands-detours\/\" data-type=\"page\" data-id=\"2689\">De plus ou moins grands d\u00e9tours<\/a><\/li>\n\n\n\n<li><a href=\"https:\/\/www.jugulaire.fr\/wordpress\/?page_id=40\" data-type=\"page\" data-id=\"40\">Des cernes sous les cieux<\/a><\/li>\n\n\n\n<li><a href=\"https:\/\/www.jugulaire.fr\/wordpress\/?page_id=1295\" data-type=\"page\" data-id=\"1295\">D\u00e9tecter Ka\u00efros<\/a><\/li>\n\n\n\n<li><a href=\"https:\/\/www.jugulaire.fr\/wordpress\/?page_id=78\" data-type=\"page\" data-id=\"78\"><strong>Diff\u00e8re<\/strong><\/a><\/li>\n\n\n\n<li><a href=\"https:\/\/www.jugulaire.fr\/wordpress\/?page_id=41\" data-type=\"page\" data-id=\"41\">Douze<\/a><\/li>\n<\/ul>\n\n\n\n<h2 class=\"wp-block-heading\">E<\/h2>\n\n\n\n<ul class=\"wp-block-list\">\n<li><a href=\"https:\/\/www.jugulaire.fr\/wordpress\/?page_id=72\" data-type=\"page\" data-id=\"72\">Ecchymose<\/a><\/li>\n\n\n\n<li><a href=\"https:\/\/www.jugulaire.fr\/wordpress\/?page_id=32\" data-type=\"page\" data-id=\"32\">Ensuite + Room<\/a><\/li>\n\n\n\n<li><a href=\"https:\/\/www.jugulaire.fr\/wordpress\/?page_id=1309\" data-type=\"page\" data-id=\"1309\">Eucharistie<\/a><\/li>\n<\/ul>\n\n\n\n<h2 class=\"wp-block-heading\">F<\/h2>\n\n\n\n<ul class=\"wp-block-list\">\n<li><a href=\"https:\/\/www.jugulaire.fr\/wordpress\/?page_id=2473\" data-type=\"page\" data-id=\"2473\">Fiat lux initial<\/a><\/li>\n\n\n\n<li><a href=\"https:\/\/www.jugulaire.fr\/wordpress\/?page_id=23\" data-type=\"page\" data-id=\"23\">Fortune<\/a><\/li>\n\n\n\n<li><a href=\"https:\/\/www.jugulaire.fr\/wordpress\/?page_id=82\" data-type=\"page\" data-id=\"82\">Fou de patienter<\/a><\/li>\n<\/ul>\n\n\n\n<h2 class=\"wp-block-heading\">G<\/h2>\n\n\n\n<ul class=\"wp-block-list\">\n<li><a href=\"https:\/\/www.jugulaire.fr\/wordpress\/?page_id=1354\" data-type=\"page\" data-id=\"1354\"><strong>Gardenn Party<\/strong><\/a><\/li>\n\n\n\n<li><a href=\"https:\/\/www.jugulaire.fr\/wordpress\/?page_id=1301\" data-type=\"page\" data-id=\"1301\">Germe &amp; soma<\/a><\/li>\n\n\n\n<li>Got to now<\/li>\n<\/ul>\n\n\n\n<h2 class=\"wp-block-heading\">H<\/h2>\n\n\n\n<ul class=\"wp-block-list\">\n<li><a href=\"https:\/\/www.jugulaire.fr\/wordpress\/?page_id=1357\" data-type=\"page\" data-id=\"1357\"><strong>Haute \u00e9nergie renouvelable<\/strong><\/a><\/li>\n\n\n\n<li><a rel=\"noreferrer noopener\" href=\"https:\/\/www.jugulaire.fr\/wordpress\/?page_id=1776\" data-type=\"page\" data-id=\"1776\" target=\"_blank\"><strong>Homme d&rsquo;eau et d&rsquo;os<\/strong><\/a><\/li>\n\n\n\n<li><a href=\"https:\/\/www.jugulaire.fr\/wordpress\/?page_id=183\" data-type=\"page\" data-id=\"183\">HTML for my love<\/a><\/li>\n<\/ul>\n\n\n\n<h2 class=\"wp-block-heading\">I-J-K<\/h2>\n\n\n\n<ul class=\"wp-block-list\">\n<li><a href=\"https:\/\/www.jugulaire.fr\/wordpress\/ilion-ilion\/\" data-type=\"page\" data-id=\"2662\"><strong>Ilion, Ilion<\/strong><\/a><\/li>\n\n\n\n<li><a href=\"https:\/\/www.jugulaire.fr\/wordpress\/?page_id=1305\" data-type=\"page\" data-id=\"1305\">Interlude hors du temps<\/a><\/li>\n\n\n\n<li>Inqui\u00e8te<\/li>\n\n\n\n<li><mark style=\"background-color:#fbca3c\" class=\"has-inline-color\"><a href=\"https:\/\/www.jugulaire.fr\/wordpress\/jamais-y-arriver\/\" data-type=\"page\" data-id=\"2903\">Jamais y arriver<\/a> (new 2025 !)<\/mark><\/li>\n\n\n\n<li><a href=\"https:\/\/www.jugulaire.fr\/wordpress\/je-saigne\/\" data-type=\"page\" data-id=\"2686\"><strong>Je saigne<\/strong><\/a><\/li>\n\n\n\n<li><a href=\"https:\/\/www.jugulaire.fr\/wordpress\/?page_id=2468\" data-type=\"page\" data-id=\"2468\">Je ne peux pas l&rsquo;enlever<\/a><\/li>\n<\/ul>\n\n\n\n<h2 class=\"wp-block-heading\">L<\/h2>\n\n\n\n<ul class=\"wp-block-list\">\n<li><a href=\"https:\/\/www.jugulaire.fr\/wordpress\/?page_id=74\" data-type=\"page\" data-id=\"74\">L&rsquo;apostrophe du kid<\/a><\/li>\n\n\n\n<li><mark style=\"background-color:#fbca3c\" class=\"has-inline-color has-dark-gray-color\"><a href=\"https:\/\/www.jugulaire.fr\/wordpress\/lathanor-en-nous\/\" data-type=\"page\" data-id=\"2897\">L&rsquo;athanor en nous<\/a> (new 2025 !)<\/mark><\/li>\n\n\n\n<li><a href=\"https:\/\/www.jugulaire.fr\/wordpress\/?page_id=73\" data-type=\"page\" data-id=\"73\"><strong>La bonne formule<\/strong><\/a><\/li>\n\n\n\n<li><a href=\"https:\/\/www.jugulaire.fr\/wordpress\/?page_id=34\" data-type=\"page\" data-id=\"34\">La chanson lunaire<\/a><\/li>\n\n\n\n<li>La victoire (des Grecs \u00e0 Ilion)<\/li>\n\n\n\n<li><a href=\"https:\/\/www.jugulaire.fr\/wordpress\/?page_id=35\" data-type=\"page\" data-id=\"35\">La complainte n\u00e9vrotique<\/a><\/li>\n\n\n\n<li><a href=\"https:\/\/www.jugulaire.fr\/wordpress\/?page_id=2462\" data-type=\"page\" data-id=\"2462\">La mise en quarantaine<\/a><\/li>\n\n\n\n<li><a href=\"https:\/\/www.jugulaire.fr\/wordpress\/la-plus-belle-des-trois\/\" data-type=\"page\" data-id=\"2676\"><strong>La plus belle des trois<\/strong><\/a><\/li>\n\n\n\n<li><a href=\"https:\/\/www.jugulaire.fr\/wordpress\/la-splendeur-de-troie\/\" data-type=\"page\" data-id=\"2664\"><strong>La splendeur de Troie<\/strong><\/a><\/li>\n\n\n\n<li><a href=\"https:\/\/www.jugulaire.fr\/wordpress\/?page_id=1303\" data-type=\"page\" data-id=\"1303\">La vie parisienne de Philom\u00e8ne<\/a><\/li>\n\n\n\n<li><a href=\"https:\/\/www.jugulaire.fr\/wordpress\/?page_id=48\" data-type=\"page\" data-id=\"48\">Le bruit des voisins<\/a><\/li>\n\n\n\n<li>Le combat final<\/li>\n\n\n\n<li><a href=\"https:\/\/www.jugulaire.fr\/wordpress\/?page_id=24\" data-type=\"page\" data-id=\"24\">Le d\u00e9luge<\/a><\/li>\n\n\n\n<li><a href=\"https:\/\/www.jugulaire.fr\/wordpress\/?page_id=75\" data-type=\"page\" data-id=\"75\">Le droit de ringard<\/a><\/li>\n\n\n\n<li><a href=\"https:\/\/www.jugulaire.fr\/wordpress\/?page_id=84\" data-type=\"page\" data-id=\"84\">Le foulard et le chiffon<\/a><\/li>\n\n\n\n<li><a href=\"https:\/\/www.jugulaire.fr\/wordpress\/?page_id=1317\" data-type=\"page\" data-id=\"1317\">Le mur du son<\/a><\/li>\n\n\n\n<li><a href=\"https:\/\/www.jugulaire.fr\/wordpress\/lenfer-au-paradis\/\" data-type=\"page\" data-id=\"2713\"><strong>L&rsquo;enfer au paradis<\/strong><\/a><\/li>\n\n\n\n<li><a href=\"https:\/\/www.jugulaire.fr\/wordpress\/?page_id=38\" data-type=\"page\" data-id=\"38\">Le pire des cas<\/a><\/li>\n\n\n\n<li><a href=\"https:\/\/www.jugulaire.fr\/wordpress\/le-presage-de-cassandre\/\" data-type=\"page\" data-id=\"2669\"><strong>Le pr\u00e9sage de Cassandre<\/strong><\/a><\/li>\n\n\n\n<li><a href=\"https:\/\/www.jugulaire.fr\/wordpress\/?page_id=25\" data-type=\"page\" data-id=\"25\">Les f\u00e9es blessent<\/a><\/li>\n\n\n\n<li><a href=\"https:\/\/www.jugulaire.fr\/wordpress\/?page_id=49\" data-type=\"page\" data-id=\"49\">Les lacets<\/a><\/li>\n\n\n\n<li><a href=\"https:\/\/www.jugulaire.fr\/wordpress\/?page_id=26\" data-type=\"page\" data-id=\"26\">Les petits icebergs<\/a><\/li>\n\n\n\n<li><a href=\"https:\/\/www.jugulaire.fr\/wordpress\/?page_id=21\" data-type=\"page\" data-id=\"21\">Les tourmentes r\u00e9volues<\/a><\/li>\n\n\n\n<li><a href=\"https:\/\/www.jugulaire.fr\/wordpress\/?page_id=1293\" data-type=\"page\" data-id=\"1293\">Logigramme (dis-le vite)<\/a><\/li>\n\n\n\n<li><a href=\"https:\/\/www.jugulaire.fr\/wordpress\/?page_id=1315\" data-type=\"page\" data-id=\"1315\">L&rsquo;oiseau qui a le vertige<\/a><\/li>\n<\/ul>\n\n\n\n<h2 class=\"wp-block-heading\">M-N<\/h2>\n\n\n\n<ul class=\"wp-block-list\">\n<li><a href=\"https:\/\/www.jugulaire.fr\/wordpress\/?page_id=1311\" data-type=\"page\" data-id=\"1311\">Midgard<\/a><\/li>\n\n\n\n<li><a href=\"https:\/\/www.jugulaire.fr\/wordpress\/?page_id=27\" data-type=\"page\" data-id=\"27\">Motus<\/a><\/li>\n\n\n\n<li><a href=\"https:\/\/www.jugulaire.fr\/wordpress\/?page_id=1319\" data-type=\"page\" data-id=\"1319\">Mutag\u00e8ne<\/a><\/li>\n\n\n\n<li><mark style=\"background-color:#fbca3c\" class=\"has-inline-color\"><a href=\"https:\/\/www.jugulaire.fr\/wordpress\/nom-love-de-mon-velo\/\" data-type=\"page\" data-id=\"2900\">Nom lov\u00e9 de mon v\u00e9lo<\/a> (new 2025 !)<\/mark><\/li>\n<\/ul>\n\n\n\n<h2 class=\"wp-block-heading\">O<\/h2>\n\n\n\n<ul class=\"wp-block-list\">\n<li><a href=\"https:\/\/www.jugulaire.fr\/wordpress\/?page_id=1350\" data-type=\"page\" data-id=\"1350\"><strong>Ophtalmologiste<\/strong><\/a><\/li>\n\n\n\n<li><a href=\"https:\/\/www.jugulaire.fr\/wordpress\/?page_id=1321\" data-type=\"page\" data-id=\"1321\">Osmose<\/a><\/li>\n<\/ul>\n\n\n\n<h2 class=\"wp-block-heading\">P-Q<\/h2>\n\n\n\n<ul class=\"wp-block-list\">\n<li><a href=\"https:\/\/www.jugulaire.fr\/wordpress\/par-dela-les-nuages\/\" data-type=\"page\" data-id=\"2769\"><strong>Par del\u00e0 les nuages<\/strong><\/a><\/li>\n\n\n\n<li><a href=\"https:\/\/www.jugulaire.fr\/wordpress\/paris-le-berger\/\" data-type=\"page\" data-id=\"2660\"><strong>P\u00e2ris le berger<\/strong><\/a><\/li>\n\n\n\n<li><a href=\"https:\/\/www.jugulaire.fr\/wordpress\/?page_id=1307\" data-type=\"page\" data-id=\"1307\">Petit b\u00e9lier (oh Philom\u00e8ne)<\/a><\/li>\n\n\n\n<li><a href=\"https:\/\/www.jugulaire.fr\/wordpress\/?page_id=2453\" data-type=\"page\" data-id=\"2453\">Petite \u00e2me andine (venue de l&rsquo;espace)<\/a><\/li>\n\n\n\n<li><a href=\"https:\/\/www.jugulaire.fr\/wordpress\/?page_id=36\" data-type=\"page\" data-id=\"36\">Pire<\/a><\/li>\n\n\n\n<li><a href=\"https:\/\/www.jugulaire.fr\/wordpress\/?page_id=28\" data-type=\"page\" data-id=\"28\">Pl\u00e9thore d&rsquo;id\u00e9es<\/a><\/li>\n\n\n\n<li><a href=\"https:\/\/www.jugulaire.fr\/wordpress\/?page_id=22\" data-type=\"page\" data-id=\"22\">Plume de fer<\/a><\/li>\n\n\n\n<li><a href=\"https:\/\/www.jugulaire.fr\/wordpress\/pretresse\/\" data-type=\"page\" data-id=\"2672\"><strong>Pr\u00eatresse<\/strong><\/a><\/li>\n<\/ul>\n\n\n\n<h2 class=\"wp-block-heading\">R<\/h2>\n\n\n\n<ul class=\"wp-block-list\">\n<li><a href=\"https:\/\/www.jugulaire.fr\/wordpress\/?page_id=1299\" data-type=\"page\" data-id=\"1299\">Rh\u00e9torique et lubie<\/a><\/li>\n\n\n\n<li><a href=\"https:\/\/www.jugulaire.fr\/wordpress\/?page_id=77\" data-type=\"page\" data-id=\"77\">Rien de tr\u00e8s inqui\u00e9tant<\/a><\/li>\n<\/ul>\n\n\n\n<h2 class=\"wp-block-heading\">S<\/h2>\n\n\n\n<ul class=\"wp-block-list\">\n<li><a href=\"https:\/\/www.jugulaire.fr\/wordpress\/?page_id=56\" data-type=\"page\" data-id=\"56\">Saccharose<\/a><\/li>\n\n\n\n<li>Songwriter<\/li>\n\n\n\n<li><a href=\"https:\/\/www.jugulaire.fr\/wordpress\/?page_id=1346\" data-type=\"page\" data-id=\"1346\"><strong>Sourd aux alertes<\/strong><\/a><\/li>\n<\/ul>\n\n\n\n<h2 class=\"wp-block-heading\">T<\/h2>\n\n\n\n<ul class=\"wp-block-list\">\n<li><a href=\"https:\/\/www.jugulaire.fr\/wordpress\/?page_id=29\" data-type=\"page\" data-id=\"29\">Temps mort<\/a><\/li>\n\n\n\n<li><a href=\"https:\/\/www.jugulaire.fr\/wordpress\/?page_id=79\" data-type=\"page\" data-id=\"79\">T\u00eate \u00e0 tue-t\u00eate<\/a><\/li>\n\n\n\n<li><a href=\"https:\/\/www.jugulaire.fr\/wordpress\/?page_id=80\" data-type=\"page\" data-id=\"80\">Ticket de vestiaire<\/a><\/li>\n\n\n\n<li><a href=\"https:\/\/www.jugulaire.fr\/wordpress\/?page_id=2458\" data-type=\"page\" data-id=\"2458\">Ton visa (Amandine)<\/a><\/li>\n<\/ul>\n\n\n\n<h2 class=\"wp-block-heading\">U-V-W<\/h2>\n\n\n\n<ul class=\"wp-block-list\">\n<li><a href=\"https:\/\/www.jugulaire.fr\/wordpress\/?page_id=76\" data-type=\"page\" data-id=\"76\">Unique et ludique<\/a><\/li>\n\n\n\n<li><a href=\"https:\/\/www.jugulaire.fr\/wordpress\/?page_id=1297\" data-type=\"page\" data-id=\"1297\">Volcano stress<\/a><\/li>\n\n\n\n<li><a href=\"https:\/\/www.jugulaire.fr\/wordpress\/?page_id=83\" data-type=\"page\" data-id=\"83\">Vue de l&rsquo;esprit<\/a><\/li>\n<\/ul>\n\n\n\n<h2 class=\"wp-block-heading\">X-Y-Z<\/h2>\n","protected":false},"excerpt":{"rendered":"<p>Les titres en gras exposent le solf\u00e8ge en plus des paroles et grilles d&rsquo;accords A B C D E F G H I-J-K L M-N O P-Q R S T U-V-W X-Y-Z<\/p>\n","protected":false},"author":1,"featured_media":0,"parent":0,"menu_order":0,"comment_status":"closed","ping_status":"closed","template":"","meta":{"footnotes":""},"class_list":["post-2590","page","type-page","status-publish","hentry"],"_links":{"self":[{"href":"https:\/\/www.jugulaire.fr\/wordpress\/wp-json\/wp\/v2\/pages\/2590","targetHints":{"allow":["GET"]}}],"collection":[{"href":"https:\/\/www.jugulaire.fr\/wordpress\/wp-json\/wp\/v2\/pages"}],"about":[{"href":"https:\/\/www.jugulaire.fr\/wordpress\/wp-json\/wp\/v2\/types\/page"}],"author":[{"embeddable":true,"href":"https:\/\/www.jugulaire.fr\/wordpress\/wp-json\/wp\/v2\/users\/1"}],"replies":[{"embeddable":true,"href":"https:\/\/www.jugulaire.fr\/wordpress\/wp-json\/wp\/v2\/comments?post=2590"}],"version-history":[{"count":44,"href":"https:\/\/www.jugulaire.fr\/wordpress\/wp-json\/wp\/v2\/pages\/2590\/revisions"}],"predecessor-version":[{"id":2934,"href":"https:\/\/www.jugulaire.fr\/wordpress\/wp-json\/wp\/v2\/pages\/2590\/revisions\/2934"}],"wp:attachment":[{"href":"https:\/\/www.jugulaire.fr\/wordpress\/wp-json\/wp\/v2\/media?parent=2590"}],"curies":[{"name":"wp","href":"https:\/\/api.w.org\/{rel}","templated":true}]}}