{"id":2473,"date":"2021-12-05T17:36:19","date_gmt":"2021-12-05T16:36:19","guid":{"rendered":"https:\/\/www.jugulaire.fr\/wordpress\/?page_id=2473"},"modified":"2024-12-08T10:16:38","modified_gmt":"2024-12-08T09:16:38","slug":"fiat-lux-initial","status":"publish","type":"page","link":"https:\/\/www.jugulaire.fr\/wordpress\/fiat-lux-initial\/","title":{"rendered":"Fiat lux initial"},"content":{"rendered":"\n<figure class=\"wp-block-audio\"><audio controls src=\"https:\/\/www.jugulaire.fr\/wordpress\/wp-content\/uploads\/Jug-07-Fiat-lux-initial.mp3\"><\/audio><\/figure>\n\n\n<p>Am7 D7 Gm7 C7 Fm7 Bb6 &#8230; D4 Dm D<br \/>Am E D? Am Fm Cm7\/G \u2026 D4 Dm D<br \/><strong>Juste assez, geste ajust\u00e9<\/strong><br \/><strong>N\u2019est-ce pas g\u00e9nial ?<\/strong><br \/><strong>Tout vient d\u2019un fiat lux initial<\/strong><\/p>\n<p><strong>Egr\u00e9gores agr\u00e9g\u00e9s venus en voie lact\u00e9e<\/strong><br \/><strong>Les gens, les \u00e9toiles, tout vient du fiat lux initial<\/strong><\/p>\n<p>Gm Cm\/G Fm7\/G D7 x2 Gm Cm D D5+<br \/><strong>Le big bang<\/strong><\/p>\n<p><strong>Le sel, l&rsquo;eau min\u00e9rale, l&rsquo;eau sale, le v\u00e9g\u00e9tal,<\/strong><br \/><strong>La terre cristal en p\u00e9tales, le monde animal <\/strong><br \/><strong>Tout vient du fiat lux initial<\/strong><\/p>\n<p><strong>Les (vertes for\u00eats) vertes for\u00eats (vertes for\u00eats) ont des millions d\u2019ann\u00e9es<\/strong><br \/><strong>D\u2019un \u00e9lan vital m\u00fb par le fiat lux initial<\/strong><\/p>\n<p><strong>Aum Deus Aum Ga\u00efa, la Pachamama, Alleluia Ga\u00efa<\/strong><br \/><strong>Gloria au Yoga, oh Yoga, allez Aum la Pachamama<\/strong><\/p>","protected":false},"excerpt":{"rendered":"<p>Am7 D7 Gm7 C7 Fm7 Bb6 &#8230; D4 Dm DAm E D? Am Fm Cm7\/G \u2026 D4 Dm DJuste assez, geste ajust\u00e9N\u2019est-ce pas g\u00e9nial ?Tout vient d\u2019un fiat lux initial Egr\u00e9gores agr\u00e9g\u00e9s venus en voie lact\u00e9eLes gens, les \u00e9toiles, tout vient du fiat lux initial Gm Cm\/G Fm7\/G D7 x2 Gm Cm D D5+Le big &hellip; <a href=\"https:\/\/www.jugulaire.fr\/wordpress\/fiat-lux-initial\/\" class=\"more-link\">Continuer la lecture de <span class=\"screen-reader-text\">Fiat lux initial<\/span> <span class=\"meta-nav\">&rarr;<\/span><\/a><\/p>\n","protected":false},"author":1,"featured_media":0,"parent":0,"menu_order":0,"comment_status":"closed","ping_status":"closed","template":"","meta":{"footnotes":""},"class_list":["post-2473","page","type-page","status-publish","hentry"],"_links":{"self":[{"href":"https:\/\/www.jugulaire.fr\/wordpress\/wp-json\/wp\/v2\/pages\/2473","targetHints":{"allow":["GET"]}}],"collection":[{"href":"https:\/\/www.jugulaire.fr\/wordpress\/wp-json\/wp\/v2\/pages"}],"about":[{"href":"https:\/\/www.jugulaire.fr\/wordpress\/wp-json\/wp\/v2\/types\/page"}],"author":[{"embeddable":true,"href":"https:\/\/www.jugulaire.fr\/wordpress\/wp-json\/wp\/v2\/users\/1"}],"replies":[{"embeddable":true,"href":"https:\/\/www.jugulaire.fr\/wordpress\/wp-json\/wp\/v2\/comments?post=2473"}],"version-history":[{"count":3,"href":"https:\/\/www.jugulaire.fr\/wordpress\/wp-json\/wp\/v2\/pages\/2473\/revisions"}],"predecessor-version":[{"id":2872,"href":"https:\/\/www.jugulaire.fr\/wordpress\/wp-json\/wp\/v2\/pages\/2473\/revisions\/2872"}],"wp:attachment":[{"href":"https:\/\/www.jugulaire.fr\/wordpress\/wp-json\/wp\/v2\/media?parent=2473"}],"curies":[{"name":"wp","href":"https:\/\/api.w.org\/{rel}","templated":true}]}}