{"id":2462,"date":"2021-12-05T17:19:13","date_gmt":"2021-12-05T16:19:13","guid":{"rendered":"https:\/\/www.jugulaire.fr\/wordpress\/?page_id=2462"},"modified":"2024-12-08T10:13:04","modified_gmt":"2024-12-08T09:13:04","slug":"la-mise-en-quarantaine","status":"publish","type":"page","link":"https:\/\/www.jugulaire.fr\/wordpress\/la-mise-en-quarantaine\/","title":{"rendered":"La mise en quarantaine"},"content":{"rendered":"\n<figure class=\"wp-block-audio\"><audio controls src=\"https:\/\/www.jugulaire.fr\/wordpress\/wp-content\/uploads\/Jug-04-La-mise-en-quarantaine.mp3\"><\/audio><\/figure>\n\n\n<p>C Fm C Fm F Eb G C<\/p>\n<p><strong>J\u2019ai vu mon docteur<\/strong><br \/>\n<strong>J&rsquo;ai quarante ans<\/strong><br \/>\n<strong>La vie c&rsquo;est du bobsleig <\/strong><br \/>\n<strong>Et maintenant \u00e7a redescend <\/strong><br \/>\n<strong>Mais bon<\/strong><\/p>\n<p><strong>Je n&rsquo;ai pas peur<\/strong><br \/>\n<strong>La lumi\u00e8re je la ressens <\/strong><br \/>\n<strong>Je n&rsquo;ai pas peur <\/strong><br \/>\n<strong>Les t\u00e9n\u00e8bres je les comprends<\/strong><\/p>\n<p>(2)<\/p>\n<p><strong>J&rsquo;ai pris de la hauteur <\/strong><br \/>\n<strong>\u00c7a prend du temps <\/strong><br \/>\n<strong>Pour \u00eatre \u00e0 la hauteur <\/strong><br \/>\n<strong>De mes petites ambitions <\/strong><br \/>\n<strong>Alors bon<\/strong><\/p>\n<p><strong>Je n&rsquo;ai pas trop peur<\/strong><br \/>\n<strong>La lumi\u00e8re je la ressens<\/strong><br \/>\n<strong>Je n&rsquo;ai pas trop peur<\/strong><br \/>\n<strong>Les t\u00e9n\u00e8bres je les comprends<\/strong><\/p>\n<p>(pont)<br \/>\nFM7, E4E7, Am7, F, G7, FM7, Dm7, G, C<\/p>\n<p><strong>A chaque anniversaire <\/strong><br \/>\n<strong>Je rejoue mes chansons<\/strong><br \/>\n<strong>Il n&rsquo;y a que \u00e7a que je sais faire <\/strong><br \/>\n<strong>Et qui me rend content<br \/>\n\u00c7a et mes enfants,<br \/>\nEt nos enfants<\/strong><\/p>\n<p>(3)<\/p>\n<p><strong>J&rsquo;ai vu de la lumi\u00e8re <\/strong><br \/>\n<strong>Me suis pench\u00e9 dedans <\/strong><br \/>\n<strong>La porte de derri\u00e8re <\/strong><br \/>\n<strong>Moi claque bruyamment <\/strong><br \/>\n<strong>Mais bon<\/strong><\/p>\n<p><strong>C&rsquo;est normal d&rsquo;avoir peur<\/strong><br \/>\n<strong>La lumi\u00e8re je la comprends<\/strong><br \/>\n<strong>C&rsquo;est normal d&rsquo;avoir peur<\/strong><br \/>\n<strong>Les t\u00e9n\u00e8bres je vais devant.<\/strong><\/p>","protected":false},"excerpt":{"rendered":"<p>C Fm C Fm F Eb G C J\u2019ai vu mon docteur J&rsquo;ai quarante ans La vie c&rsquo;est du bobsleig Et maintenant \u00e7a redescend Mais bon Je n&rsquo;ai pas peur La lumi\u00e8re je la ressens Je n&rsquo;ai pas peur Les t\u00e9n\u00e8bres je les comprends (2) J&rsquo;ai pris de la hauteur \u00c7a prend du temps Pour &hellip; <a href=\"https:\/\/www.jugulaire.fr\/wordpress\/la-mise-en-quarantaine\/\" class=\"more-link\">Continuer la lecture de <span class=\"screen-reader-text\">La mise en quarantaine<\/span> <span class=\"meta-nav\">&rarr;<\/span><\/a><\/p>\n","protected":false},"author":1,"featured_media":0,"parent":0,"menu_order":0,"comment_status":"closed","ping_status":"closed","template":"","meta":{"footnotes":""},"class_list":["post-2462","page","type-page","status-publish","hentry"],"_links":{"self":[{"href":"https:\/\/www.jugulaire.fr\/wordpress\/wp-json\/wp\/v2\/pages\/2462","targetHints":{"allow":["GET"]}}],"collection":[{"href":"https:\/\/www.jugulaire.fr\/wordpress\/wp-json\/wp\/v2\/pages"}],"about":[{"href":"https:\/\/www.jugulaire.fr\/wordpress\/wp-json\/wp\/v2\/types\/page"}],"author":[{"embeddable":true,"href":"https:\/\/www.jugulaire.fr\/wordpress\/wp-json\/wp\/v2\/users\/1"}],"replies":[{"embeddable":true,"href":"https:\/\/www.jugulaire.fr\/wordpress\/wp-json\/wp\/v2\/comments?post=2462"}],"version-history":[{"count":4,"href":"https:\/\/www.jugulaire.fr\/wordpress\/wp-json\/wp\/v2\/pages\/2462\/revisions"}],"predecessor-version":[{"id":2868,"href":"https:\/\/www.jugulaire.fr\/wordpress\/wp-json\/wp\/v2\/pages\/2462\/revisions\/2868"}],"wp:attachment":[{"href":"https:\/\/www.jugulaire.fr\/wordpress\/wp-json\/wp\/v2\/media?parent=2462"}],"curies":[{"name":"wp","href":"https:\/\/api.w.org\/{rel}","templated":true}]}}