{"id":2458,"date":"2021-12-05T16:50:46","date_gmt":"2021-12-05T15:50:46","guid":{"rendered":"https:\/\/www.jugulaire.fr\/wordpress\/?page_id=2458"},"modified":"2024-12-08T10:09:57","modified_gmt":"2024-12-08T09:09:57","slug":"ton-visa","status":"publish","type":"page","link":"https:\/\/www.jugulaire.fr\/wordpress\/ton-visa\/","title":{"rendered":"Ton visa"},"content":{"rendered":"\n<figure class=\"wp-block-audio\"><audio controls src=\"https:\/\/www.jugulaire.fr\/wordpress\/wp-content\/uploads\/Jug-02-Ton-visa.mp3\"><\/audio><\/figure>\n\n\n\n<p>(couplet 1) B, D, G, F#m x2, Em A<br><strong>Amandine<br>Je voudrais tant te parler de Martine<br>Avec le temps et quand tu voudras<br>Car voil\u00e0<\/strong><\/p>\n\n\n\n<p>(couplet 2)<br><strong>Amandine<br>Elle serait g\u00ean\u00e9e que j\u2019\u00e9crive un hymne<br>A son courage et \u00e0 sa joie<br>Lorsqu\u2019elle t\u2019a<\/strong><br>(F#)<br><strong>Rencontr\u00e9e et qu\u2019elle t\u2019a tenue dans ses bras<\/strong><\/p>\n\n\n\n<p>(refrain) Bm, F# x2<br><strong>Lala lala la la, Amandine,<\/strong><\/p>\n\n\n\n<p>(pont)<br>Em, A, D, G, Em7, Am7, C#dim7, F#<br><strong>Je t\u2019aurais confi\u00e9e \u00e0 Martine<br>A ses talents, \u00e0 ses soins, ses mains et sa voix<\/strong><\/p>\n\n\n\n<p>Em, A, D, G, Am7, Em7, C#dim7, F#<br><strong>Une vie nous vient, une se termine<br>C\u2019est un relais, ton chemin, un peu ton visa.<\/strong><\/p>\n\n\n\n<p>(couplet 3 &#8211; lent)<br><strong>Amandine<br>Un jour je te parlerai de Martine<br>De ses talents et de ses choix<br>Son combat<\/strong><br>(F#)<br><strong>F\u00fbt de t\u00e9n\u00e8bres et de lumi\u00e8re gr\u00e2ce \u00e0 toi.<\/strong><\/p>\n\n\n\n<p>(double refrain)<br><strong>Lala lala la la, Amandine,<\/strong><\/p>\n\n\n\n<p>(pont)<br><strong>Dans le grand tableau de famille<br>Elle aurait dit, n\u2019y penses pas et ne t\u2019inqui\u00e8te pas.<\/strong><\/p>\n\n\n\n<p><strong>La vie n\u2019est pas toujours facile<br>Et dans ces moments-l\u00e0, elle a plong\u00e9 en toi,<\/strong><\/p>\n\n\n\n<p>(F#)<br><strong>Sachant que tu auras Philom\u00e8ne avec toi<br>Lala lala la la, Amandine,<\/strong><\/p>\n\n\n\n<p>&#8212;&gt; fin Bm, Em, F#, B majeur<\/p>\n\n\n\n<p><\/p>\n","protected":false},"excerpt":{"rendered":"<p>(couplet 1) B, D, G, F#m x2, Em AAmandineJe voudrais tant te parler de MartineAvec le temps et quand tu voudrasCar voil\u00e0 (couplet 2)AmandineElle serait g\u00ean\u00e9e que j\u2019\u00e9crive un hymneA son courage et \u00e0 sa joieLorsqu\u2019elle t\u2019a(F#)Rencontr\u00e9e et qu\u2019elle t\u2019a tenue dans ses bras (refrain) Bm, F# x2Lala lala la la, Amandine, (pont)Em, A, D, &hellip; <a href=\"https:\/\/www.jugulaire.fr\/wordpress\/ton-visa\/\" class=\"more-link\">Continuer la lecture de <span class=\"screen-reader-text\">Ton visa<\/span> <span class=\"meta-nav\">&rarr;<\/span><\/a><\/p>\n","protected":false},"author":1,"featured_media":0,"parent":0,"menu_order":0,"comment_status":"closed","ping_status":"closed","template":"","meta":{"footnotes":""},"class_list":["post-2458","page","type-page","status-publish","hentry"],"_links":{"self":[{"href":"https:\/\/www.jugulaire.fr\/wordpress\/wp-json\/wp\/v2\/pages\/2458","targetHints":{"allow":["GET"]}}],"collection":[{"href":"https:\/\/www.jugulaire.fr\/wordpress\/wp-json\/wp\/v2\/pages"}],"about":[{"href":"https:\/\/www.jugulaire.fr\/wordpress\/wp-json\/wp\/v2\/types\/page"}],"author":[{"embeddable":true,"href":"https:\/\/www.jugulaire.fr\/wordpress\/wp-json\/wp\/v2\/users\/1"}],"replies":[{"embeddable":true,"href":"https:\/\/www.jugulaire.fr\/wordpress\/wp-json\/wp\/v2\/comments?post=2458"}],"version-history":[{"count":3,"href":"https:\/\/www.jugulaire.fr\/wordpress\/wp-json\/wp\/v2\/pages\/2458\/revisions"}],"predecessor-version":[{"id":2865,"href":"https:\/\/www.jugulaire.fr\/wordpress\/wp-json\/wp\/v2\/pages\/2458\/revisions\/2865"}],"wp:attachment":[{"href":"https:\/\/www.jugulaire.fr\/wordpress\/wp-json\/wp\/v2\/media?parent=2458"}],"curies":[{"name":"wp","href":"https:\/\/api.w.org\/{rel}","templated":true}]}}