{"id":24,"date":"2006-08-14T07:01:08","date_gmt":"2006-08-14T06:01:08","guid":{"rendered":""},"modified":"2016-08-31T15:45:51","modified_gmt":"2016-08-31T14:45:51","slug":"le-deluge","status":"publish","type":"page","link":"https:\/\/www.jugulaire.fr\/wordpress\/le-deluge\/","title":{"rendered":"Le d\u00e9luge"},"content":{"rendered":"<p>[ Gm7 A4 C G\/B Bb A7 Gm A7\/A# ]<\/p>\n<p>Si la pluie tombait tout d&rsquo;un coup<br \/>\nEt qu&rsquo;il ne restait plus que nous.<br \/>\nA nous deux de refaire,<br \/>\nL&rsquo;humanit\u00e9 enti\u00e8re<\/p>\n<p>&#8230; encore.<\/p>\n<p>[ D Gm D Gm ]<\/p>\n<p>Si la nuit tombait tout d&rsquo;un coup<br \/>\nNous \u00e0\u00a0 genoux dans la boue,<br \/>\nPr\u00e9f\u00e9rions-nous l&rsquo;enfer<br \/>\nA rester seuls sur Terre ?<\/p>\n<p>&#8230;encore.<\/p>\n<p>[ Bb C F F<br \/>\nBb C F Dm Gm7 A4 A7 ]<\/p>\n<p>Apeur\u00e9s<br \/>\nA pleurer<br \/>\nSi nus et si peu fiers,<br \/>\nL&rsquo;avenir \u00e0\u00a0  l&rsquo;arri\u00e8re,<br \/>\nApeur\u00e9s.<\/p>\n<p>Si la mort ne voulait pas de nous<br \/>\nReste encore le pari fou,<br \/>\nA nous deux de refaire,<br \/>\nL&rsquo;humanit\u00e9 enti\u00e8re,<\/p>\n<p>&#8230; \u00e0 tort ?<\/p>\n","protected":false},"excerpt":{"rendered":"<p>[ Gm7 A4 C G\/B Bb A7 Gm A7\/A# ] Si la pluie tombait tout d&rsquo;un coup Et qu&rsquo;il ne restait plus que nous. A nous deux de refaire, L&rsquo;humanit\u00e9 enti\u00e8re &#8230; encore. [ D Gm D Gm ] Si la nuit tombait tout d&rsquo;un coup Nous \u00e0\u00a0 genoux dans la boue, Pr\u00e9f\u00e9rions-nous l&rsquo;enfer A &hellip; <a href=\"https:\/\/www.jugulaire.fr\/wordpress\/le-deluge\/\" class=\"more-link\">Continuer la lecture de <span class=\"screen-reader-text\">Le d\u00e9luge<\/span> <span class=\"meta-nav\">&rarr;<\/span><\/a><\/p>\n","protected":false},"author":1,"featured_media":0,"parent":0,"menu_order":0,"comment_status":"closed","ping_status":"closed","template":"","meta":{"footnotes":""},"class_list":["post-24","page","type-page","status-publish","hentry"],"_links":{"self":[{"href":"https:\/\/www.jugulaire.fr\/wordpress\/wp-json\/wp\/v2\/pages\/24","targetHints":{"allow":["GET"]}}],"collection":[{"href":"https:\/\/www.jugulaire.fr\/wordpress\/wp-json\/wp\/v2\/pages"}],"about":[{"href":"https:\/\/www.jugulaire.fr\/wordpress\/wp-json\/wp\/v2\/types\/page"}],"author":[{"embeddable":true,"href":"https:\/\/www.jugulaire.fr\/wordpress\/wp-json\/wp\/v2\/users\/1"}],"replies":[{"embeddable":true,"href":"https:\/\/www.jugulaire.fr\/wordpress\/wp-json\/wp\/v2\/comments?post=24"}],"version-history":[{"count":4,"href":"https:\/\/www.jugulaire.fr\/wordpress\/wp-json\/wp\/v2\/pages\/24\/revisions"}],"predecessor-version":[{"id":1685,"href":"https:\/\/www.jugulaire.fr\/wordpress\/wp-json\/wp\/v2\/pages\/24\/revisions\/1685"}],"wp:attachment":[{"href":"https:\/\/www.jugulaire.fr\/wordpress\/wp-json\/wp\/v2\/media?parent=24"}],"curies":[{"name":"wp","href":"https:\/\/api.w.org\/{rel}","templated":true}]}}