{"id":21,"date":"2006-08-14T21:59:04","date_gmt":"2006-08-14T20:59:04","guid":{"rendered":""},"modified":"2016-08-31T15:49:48","modified_gmt":"2016-08-31T14:49:48","slug":"les-tourmentes-revolues","status":"publish","type":"page","link":"https:\/\/www.jugulaire.fr\/wordpress\/les-tourmentes-revolues\/","title":{"rendered":"Les tourmentes r\u00e9volues"},"content":{"rendered":"<p>[Em Adim Em\/B C Am Bbdim Am\/C]<\/p>\n<p>oh j&rsquo;ai souffl\u00e9 les chandelles<br \/>\nle damoiseau se rebelle<br \/>\nd&rsquo;avoir pleur\u00e9 tant de belles<\/p>\n<p>oh j&rsquo;ai vid\u00e9 la poubelle<br \/>\nde mes joies et de mes peines<br \/>\nmon coeur volage se rebelle<\/p>\n<p>[Em B\/Eb]<\/p>\n<p>[Em E7\/D Am\/C B]<\/p>\n<p>M\u00eame si l&rsquo;amour les tente<br \/>\nc&rsquo;est ma musique qui leur a plu<br \/>\nbien qu&rsquo;elles furent mes amantes<br \/>\nje jure bien qu&rsquo;elles ne le seront plus<br \/>\nni querelles, ni d\u00e9tentes<br \/>\nau diable le fruit d\u00e9fendu<br \/>\naujourd&rsquo;hui celle qui m&rsquo;enchante<br \/>\ncelle qui passe mes nuits nues<br \/>\nDieu fasse qu&rsquo;un jour elle enfante<br \/>\nceux que j&rsquo;ai toujours voulu<\/p>\n<p>[Am]<\/p>\n<p>oh que mon \u00e2me se rappelle<br \/>\ncombien j&rsquo;ai cherch\u00e9 le zen<br \/>\navant de trouver la reine<\/p>\n<p>oh j&rsquo;ai nourri tant de haine<br \/>\nque mes neurones se souviennent<br \/>\ns&rsquo;\u00eatre heurt\u00e9s \u00e0\u00a0 des dilemmes<\/p>\n<p>[Em B\/Eb EM B\/Eb E\/G# Am B7\/A B ]<\/p>\n<p>Et si un jour, son ventre s&rsquo;arrondit<br \/>\nOui mais peut-\u00eatre pas aujourd&rsquo;hui<br \/>\nJe le mettrai \u00e0\u00a0 l&rsquo;abris de tout et tout alibi<br \/>\nQui bousculerait le paradis<br \/>\nEt si d&rsquo;amour, mon peuple s&rsquo;agrandit<br \/>\nAujourd&rsquo;hui<br \/>\nJe le mettrai \u00e0\u00a0 l&rsquo;abris de tout et tout alibi<br \/>\nQui bousculerait le paradis<\/p>\n","protected":false},"excerpt":{"rendered":"<p>[Em Adim Em\/B C Am Bbdim Am\/C] oh j&rsquo;ai souffl\u00e9 les chandelles le damoiseau se rebelle d&rsquo;avoir pleur\u00e9 tant de belles oh j&rsquo;ai vid\u00e9 la poubelle de mes joies et de mes peines mon coeur volage se rebelle [Em B\/Eb] [Em E7\/D Am\/C B] M\u00eame si l&rsquo;amour les tente c&rsquo;est ma musique qui leur a &hellip; <a href=\"https:\/\/www.jugulaire.fr\/wordpress\/les-tourmentes-revolues\/\" class=\"more-link\">Continuer la lecture de <span class=\"screen-reader-text\">Les tourmentes r\u00e9volues<\/span> <span class=\"meta-nav\">&rarr;<\/span><\/a><\/p>\n","protected":false},"author":1,"featured_media":0,"parent":0,"menu_order":0,"comment_status":"closed","ping_status":"closed","template":"","meta":{"footnotes":""},"class_list":["post-21","page","type-page","status-publish","hentry"],"_links":{"self":[{"href":"https:\/\/www.jugulaire.fr\/wordpress\/wp-json\/wp\/v2\/pages\/21","targetHints":{"allow":["GET"]}}],"collection":[{"href":"https:\/\/www.jugulaire.fr\/wordpress\/wp-json\/wp\/v2\/pages"}],"about":[{"href":"https:\/\/www.jugulaire.fr\/wordpress\/wp-json\/wp\/v2\/types\/page"}],"author":[{"embeddable":true,"href":"https:\/\/www.jugulaire.fr\/wordpress\/wp-json\/wp\/v2\/users\/1"}],"replies":[{"embeddable":true,"href":"https:\/\/www.jugulaire.fr\/wordpress\/wp-json\/wp\/v2\/comments?post=21"}],"version-history":[{"count":2,"href":"https:\/\/www.jugulaire.fr\/wordpress\/wp-json\/wp\/v2\/pages\/21\/revisions"}],"predecessor-version":[{"id":1700,"href":"https:\/\/www.jugulaire.fr\/wordpress\/wp-json\/wp\/v2\/pages\/21\/revisions\/1700"}],"wp:attachment":[{"href":"https:\/\/www.jugulaire.fr\/wordpress\/wp-json\/wp\/v2\/media?parent=21"}],"curies":[{"name":"wp","href":"https:\/\/api.w.org\/{rel}","templated":true}]}}