{"id":1971,"date":"2017-09-12T14:54:26","date_gmt":"2017-09-12T13:54:26","guid":{"rendered":"http:\/\/www.jugulaire.fr\/wordpress\/?page_id=1971"},"modified":"2026-05-12T12:39:28","modified_gmt":"2026-05-12T11:39:28","slug":"roland-tr-8-boite-a-rythme","status":"publish","type":"page","link":"https:\/\/www.jugulaire.fr\/wordpress\/roland-tr-8-boite-a-rythme\/","title":{"rendered":"boite \u00e0 rythme Roland TR-8"},"content":{"rendered":"\n<figure class=\"wp-block-image\"><img decoding=\"async\" src=\"https:\/\/static.roland.com\/assets\/images\/products\/gallery\/tr-8_top_gal.jpg\" alt=\"https:\/\/static.roland.com\/assets\/images\/products\/gallery\/tr-8_top_gal.jpg\"\/><\/figure>\n\n\n\n<p>rythmes \u00e0 composer (16 m\u00e9moires de patterns x2 A-B)<\/p>\n\n\n\n<ul class=\"wp-block-list\">\n<li>jeu live (seq en marche ou pas) + 4 roulements<\/li>\n\n\n\n<li>pas-\u00e0-pas (seq en marche ou pas) + plusieurs break (scatter)<\/li>\n<\/ul>\n\n\n\n<p>11 sons vintage x 2 (TR-808 et TR-909 + quelques variantes) en 16 m\u00e9moires de combinaisons de kits<\/p>\n\n\n\n<ul class=\"wp-block-list\">\n<li>Bass Drum (BD) + Snare Drum (SD)<\/li>\n\n\n\n<li>Low Tom (LT) + Mid Tom (MT) + High Tom (HT)<\/li>\n\n\n\n<li>Rim Shot (RS)<\/li>\n\n\n\n<li>Hand Clap (HC)<\/li>\n\n\n\n<li>Closed Hihat (CH) + Open Hihat (OH)<\/li>\n\n\n\n<li>Crash Cymbal (CC)<\/li>\n\n\n\n<li>Ride Cymbal (RC)<\/li>\n\n\n\n<li>+ audio in sidechain compression (8 types)<\/li>\n<\/ul>\n\n\n\n<p>effets applicables par pas (TR-REC+STEP) ou par instrument (KIT+STEP) de plusieurs types (INST+STEP)<\/p>\n\n\n\n<ul class=\"wp-block-list\">\n<li>accent<\/li>\n\n\n\n<li>reverb (8 types))<\/li>\n\n\n\n<li>delay (8 types))<\/li>\n\n\n\n<li>tempo : tap, swing, sync<\/li>\n<\/ul>\n\n\n\n<p><\/p>\n\n\n\n<h1 class=\"wp-block-heading title style-scope ytd-video-primary-info-renderer\">Drum Machine Sound Comparison &#8211; Roland TR-606, 707, 808, 909<\/h1>\n\n\n\n<figure class=\"wp-block-embed is-type-video is-provider-youtube wp-block-embed-youtube wp-embed-aspect-16-9 wp-has-aspect-ratio\"><div class=\"wp-block-embed__wrapper\">\n<iframe loading=\"lazy\" title=\"Drum Machine Sound Comparison - Roland TR-606, 707, 808, 909\" width=\"604\" height=\"340\" src=\"https:\/\/www.youtube.com\/embed\/zSDCXzcO5qM?feature=oembed\" frameborder=\"0\" allow=\"accelerometer; autoplay; clipboard-write; encrypted-media; gyroscope; picture-in-picture; web-share\" referrerpolicy=\"strict-origin-when-cross-origin\" allowfullscreen><\/iframe>\n<\/div><\/figure>\n\n\n\n<p><em>Roland launched the 909 in 1983, three years after the launch of its predecessor, the TR-808.[5] Whereas the 808 uses completely analog sounds, the 909 drum machine also uses samples (for its cymbal and hi-hat sounds). All 30 original TR-707 and TR-727 sounds are 25kHz, 8-bit (or 6-bit for some tones) sample playback engine. 7X7 package inclued modified TR-909 kick and snare + Finger Snap + Big Hand Clap. The TR-8 Ver.1.20 update adds the sounds of the classic Roland TR-606 to the 7X7-TR8 Drum Machine Expansion.<br>\n<\/em><\/p>\n\n\n\n<p>TR-808 (poum k\u00e9 pa till&#8230;)<br>\n<img decoding=\"async\" src=\"http:\/\/www.vintagesynth.com\/sites\/default\/files\/2017-05\/roland_tr808.jpg\" alt=\"http:\/\/www.vintagesynth.com\/sites\/default\/files\/2017-05\/roland_tr808.jpg\"><\/p>\n\n\n\n<p>TR-909 (poing keu pfa tiss&#8230;)<br>\n<img decoding=\"async\" src=\"http:\/\/www.vintagesynth.com\/sites\/default\/files\/2017-05\/roland_tr909.jpg\" alt=\"http:\/\/www.vintagesynth.com\/sites\/default\/files\/2017-05\/roland_tr909.jpg\"><\/p>\n\n\n\n<p>TR-707<\/p>\n\n\n\n<figure class=\"wp-block-image\"><img decoding=\"async\" src=\"http:\/\/www.vintagesynth.com\/sites\/default\/files\/2017-05\/roland_tr707.jpg\" alt=\"http:\/\/www.vintagesynth.com\/sites\/default\/files\/2017-05\/roland_tr707.jpg\"\/><\/figure>\n\n\n\n<p><\/p>\n\n\n\n<p>TR-727<\/p>\n\n\n\n<figure class=\"wp-block-image\"><img decoding=\"async\" src=\"http:\/\/www.vintagesynth.com\/sites\/default\/files\/styles\/750x435sc\/public\/2017-05\/roland_tr727.jpg?itok=xrmaKt2x\" alt=\"http:\/\/www.vintagesynth.com\/sites\/default\/files\/styles\/750x435sc\/public\/2017-05\/roland_tr727.jpg?itok=xrmaKt2x\"\/><\/figure>\n\n\n\n<p><\/p>\n\n\n\n<p>TR-606<\/p>\n\n\n\n<figure class=\"wp-block-image\"><img decoding=\"async\" src=\"http:\/\/3.bp.blogspot.com\/-bg2mRBM1NtU\/VWdhPOdTc9I\/AAAAAAAJmaA\/jADXtRIzT4M\/s1600\/1.jpg\" alt=\"http:\/\/3.bp.blogspot.com\/-bg2mRBM1NtU\/VWdhPOdTc9I\/AAAAAAAJmaA\/jADXtRIzT4M\/s1600\/1.jpg\"\/><\/figure>\n\n\n\n<p><\/p>\n\n\n\n<p><a href=\"https:\/\/www.roland.com\/global\/products\/tr-8\">https:\/\/www.roland.com\/global\/products\/tr-8<\/a><\/p>\n\n\n\n<p><a href=\"https:\/\/www.roland.com\/global\/products\/tr-8\/downloads\">https:\/\/www.roland.com\/global\/products\/tr-8\/downloads<\/a><\/p>\n\n\n\n<p>http:\/\/fr.audiofanzine.com\/bar\/roland\/tr-8\/editorial\/tests\/trminator.html<\/p>\n\n\n\n<p>http:\/\/fr.audiofanzine.com\/bar\/roland\/tr-8\/pedago\/tutoriels\/aide-memoire-roland-tr-8-7268\/<\/p>\n\n\n\n<p>\u00a0<a href=\"https:\/\/www.roland.com\/fr\/products\/rc_7x7-tr8\/\">https:\/\/www.roland.com\/fr\/products\/rc_7x7-tr8\/<\/a><\/p>\n\n\n\n<p><a href=\"https:\/\/medias.audiofanzine.com\/files\/roland-tr-8-aide-memoire-ld-476298.pdf\">https:\/\/medias.audiofanzine.com\/files\/roland-tr-8-aide-memoire-ld-476298.pdf<\/a><\/p>\n\n\n\n<p><blockquote class=\"wp-embedded-content\" data-secret=\"Li2tFUOQJ7\"><a href=\"http:\/\/airainfo.org\/index.php\/tr8\/\">TR-8<\/a><\/blockquote><iframe loading=\"lazy\" class=\"wp-embedded-content\" sandbox=\"allow-scripts\" security=\"restricted\" style=\"position: absolute; visibility: hidden;\" title=\"&#8220;TR-8&#8221; &#8212; Aira Info\" src=\"http:\/\/airainfo.org\/index.php\/tr8\/embed\/#?secret=mcVRnvA5me#?secret=Li2tFUOQJ7\" data-secret=\"Li2tFUOQJ7\" width=\"600\" height=\"338\" frameborder=\"0\" marginwidth=\"0\" marginheight=\"0\" scrolling=\"no\"><\/iframe><\/p>\n\n\n\n<p><a href=\"https:\/\/www.roland.com\/global\/products\/7x7-tr8\">https:\/\/www.roland.com\/global\/products\/7&#215;7-tr8<\/a><\/p>\n\n\n\n<p><a href=\"https:\/\/www.rolandcorp.com.au\/blog\/ultimate-guide-aira-tr-8\">https:\/\/www.rolandcorp.com.au\/blog\/ultimate-guide-aira-tr-8<\/a><\/p>\n\n\n\n<p><a href=\"https:\/\/www.rolandcorp.com.au\/blog\/tr-8-and-effects-part-1-onboard-effects\">https:\/\/www.rolandcorp.com.au\/blog\/tr-8-and-effects-part-1-onboard-effects<\/a><\/p>\n\n\n\n<figure class=\"wp-block-image size-full\"><a href=\"https:\/\/www.jugulaire.fr\/wordpress\/wp-content\/uploads\/gallery01.jpg\"><img loading=\"lazy\" decoding=\"async\" width=\"900\" height=\"550\" src=\"https:\/\/www.jugulaire.fr\/wordpress\/wp-content\/uploads\/gallery01.jpg\" alt=\"\" class=\"wp-image-3006\" srcset=\"https:\/\/www.jugulaire.fr\/wordpress\/wp-content\/uploads\/gallery01.jpg 900w, https:\/\/www.jugulaire.fr\/wordpress\/wp-content\/uploads\/gallery01-300x183.jpg 300w, https:\/\/www.jugulaire.fr\/wordpress\/wp-content\/uploads\/gallery01-768x469.jpg 768w\" sizes=\"auto, (max-width: 900px) 100vw, 900px\" \/><\/a><\/figure>\n\n\n\n<figure class=\"wp-block-image size-full\"><a href=\"https:\/\/www.jugulaire.fr\/wordpress\/wp-content\/uploads\/gallery03.jpg\"><img loading=\"lazy\" decoding=\"async\" width=\"900\" height=\"550\" src=\"https:\/\/www.jugulaire.fr\/wordpress\/wp-content\/uploads\/gallery03.jpg\" alt=\"\" class=\"wp-image-3007\" srcset=\"https:\/\/www.jugulaire.fr\/wordpress\/wp-content\/uploads\/gallery03.jpg 900w, https:\/\/www.jugulaire.fr\/wordpress\/wp-content\/uploads\/gallery03-300x183.jpg 300w, https:\/\/www.jugulaire.fr\/wordpress\/wp-content\/uploads\/gallery03-768x469.jpg 768w\" sizes=\"auto, (max-width: 900px) 100vw, 900px\" \/><\/a><\/figure>\n\n\n\n<figure class=\"wp-block-image size-full\"><a href=\"https:\/\/www.jugulaire.fr\/wordpress\/wp-content\/uploads\/imgext.php_.png\"><img loading=\"lazy\" decoding=\"async\" width=\"536\" height=\"394\" src=\"https:\/\/www.jugulaire.fr\/wordpress\/wp-content\/uploads\/imgext.php_.png\" alt=\"\" class=\"wp-image-3008\" srcset=\"https:\/\/www.jugulaire.fr\/wordpress\/wp-content\/uploads\/imgext.php_.png 536w, https:\/\/www.jugulaire.fr\/wordpress\/wp-content\/uploads\/imgext.php_-300x221.png 300w\" sizes=\"auto, (max-width: 536px) 100vw, 536px\" \/><\/a><\/figure>\n\n\n\n<figure class=\"wp-block-image size-large\"><a href=\"https:\/\/www.jugulaire.fr\/wordpress\/wp-content\/uploads\/7x7-tr8_gal.jpg\"><img loading=\"lazy\" decoding=\"async\" width=\"1024\" height=\"649\" src=\"https:\/\/www.jugulaire.fr\/wordpress\/wp-content\/uploads\/7x7-tr8_gal-1024x649.jpg\" alt=\"\" class=\"wp-image-3009\" srcset=\"https:\/\/www.jugulaire.fr\/wordpress\/wp-content\/uploads\/7x7-tr8_gal-1024x649.jpg 1024w, https:\/\/www.jugulaire.fr\/wordpress\/wp-content\/uploads\/7x7-tr8_gal-300x190.jpg 300w, https:\/\/www.jugulaire.fr\/wordpress\/wp-content\/uploads\/7x7-tr8_gal-768x487.jpg 768w, https:\/\/www.jugulaire.fr\/wordpress\/wp-content\/uploads\/7x7-tr8_gal-1536x974.jpg 1536w, https:\/\/www.jugulaire.fr\/wordpress\/wp-content\/uploads\/7x7-tr8_gal.jpg 1656w\" sizes=\"auto, (max-width: 1024px) 100vw, 1024px\" \/><\/a><\/figure>\n","protected":false},"excerpt":{"rendered":"<p>rythmes \u00e0 composer (16 m\u00e9moires de patterns x2 A-B) 11 sons vintage x 2 (TR-808 et TR-909 + quelques variantes) en 16 m\u00e9moires de combinaisons de kits effets applicables par pas (TR-REC+STEP) ou par instrument (KIT+STEP) de plusieurs types (INST+STEP) Drum Machine Sound Comparison &#8211; Roland TR-606, 707, 808, 909 Roland launched the 909 in &hellip; <a href=\"https:\/\/www.jugulaire.fr\/wordpress\/roland-tr-8-boite-a-rythme\/\" class=\"more-link\">Continuer la lecture de <span class=\"screen-reader-text\">boite \u00e0 rythme Roland TR-8<\/span> <span class=\"meta-nav\">&rarr;<\/span><\/a><\/p>\n","protected":false},"author":1,"featured_media":0,"parent":0,"menu_order":0,"comment_status":"closed","ping_status":"closed","template":"","meta":{"footnotes":""},"class_list":["post-1971","page","type-page","status-publish","hentry"],"_links":{"self":[{"href":"https:\/\/www.jugulaire.fr\/wordpress\/wp-json\/wp\/v2\/pages\/1971","targetHints":{"allow":["GET"]}}],"collection":[{"href":"https:\/\/www.jugulaire.fr\/wordpress\/wp-json\/wp\/v2\/pages"}],"about":[{"href":"https:\/\/www.jugulaire.fr\/wordpress\/wp-json\/wp\/v2\/types\/page"}],"author":[{"embeddable":true,"href":"https:\/\/www.jugulaire.fr\/wordpress\/wp-json\/wp\/v2\/users\/1"}],"replies":[{"embeddable":true,"href":"https:\/\/www.jugulaire.fr\/wordpress\/wp-json\/wp\/v2\/comments?post=1971"}],"version-history":[{"count":20,"href":"https:\/\/www.jugulaire.fr\/wordpress\/wp-json\/wp\/v2\/pages\/1971\/revisions"}],"predecessor-version":[{"id":3014,"href":"https:\/\/www.jugulaire.fr\/wordpress\/wp-json\/wp\/v2\/pages\/1971\/revisions\/3014"}],"wp:attachment":[{"href":"https:\/\/www.jugulaire.fr\/wordpress\/wp-json\/wp\/v2\/media?parent=1971"}],"curies":[{"name":"wp","href":"https:\/\/api.w.org\/{rel}","templated":true}]}}