{"id":19,"date":"2009-06-10T22:38:14","date_gmt":"2009-06-10T21:38:14","guid":{"rendered":"http:\/\/www.jugulaire.fr\/?p=19"},"modified":"2021-12-05T08:13:57","modified_gmt":"2021-12-05T07:13:57","slug":"groupe-cobaye","status":"publish","type":"page","link":"https:\/\/www.jugulaire.fr\/wordpress\/groupe-cobaye\/","title":{"rendered":"Cobaye (rock band)"},"content":{"rendered":"\n<div class=\"wp-block-image\"><figure class=\"alignleft is-resized\"><a href=\"https:\/\/www.jugulaire.fr\/wordpress\/wp-content\/uploads\/2008\/12\/logo-cobaye.png\"><img loading=\"lazy\" decoding=\"async\" src=\"https:\/\/www.jugulaire.fr\/wordpress\/wp-content\/uploads\/2008\/12\/logo-cobaye.png\" alt=\"logo-cobaye\" class=\"wp-image-392\" width=\"116\" height=\"86\" srcset=\"https:\/\/www.jugulaire.fr\/wordpress\/wp-content\/uploads\/2008\/12\/logo-cobaye.png 447w, https:\/\/www.jugulaire.fr\/wordpress\/wp-content\/uploads\/2008\/12\/logo-cobaye-300x223.png 300w\" sizes=\"auto, (max-width: 116px) 100vw, 116px\" \/><\/a><\/figure><\/div>\n\n\n\n<p><strong>Cobaye<\/strong>, groupe de rock de 2003 \u00e0 2006, \u00e9tait : Ga\u00eblle (chant), Fred (guitare), Kiato (batterie), Jug (basse). Voici les vid\u00e9os des 2 concerts du groupe Cobaye au <a rel=\"noreferrer noopener\" href=\"http:\/\/fr.wikipedia.org\/wiki\/Le_Gibus\" target=\"_blank\">Gibus<\/a> lors du festival <a rel=\"noreferrer noopener\" href=\"http:\/\/www.emergenza.net\/fra\/about.asp\" target=\"_blank\">Emergenza<\/a> 2004-2005, au Gibus \u00e0 Paris 11e. Au <strong>1er tour<\/strong>, le 17 d\u00e9cembre 2004, nous avons \u00e9t\u00e9 s\u00e9lectionn\u00e9 \u00e0 l&rsquo;applaudim\u00e8tre pour rejouer au 2\u00e8me tour. Au <strong>2\u00e8me tour, le<\/strong> 25 mars 2005, il fallait \u00eatre un peu plus pro pour aller plus loin, mais on \u00e9tait d\u00e9j\u00e0 contents !<\/p>\n\n\n\n<hr class=\"wp-block-separator\"\/>\n\n\n\n<p><\/p>\n\n\n\n<p><\/p>\n\n\n\n<p>Gibus 1, vid\u00e9o 1\/2 (~10 min)<\/p>\n\n\n\n<ul class=\"wp-block-list\"><li>Le bruit des voisins <small>(Garde\/Garde)<\/small><\/li><li>Les lacets <small>(Garde\/Garde)<\/small><\/li><li>Partir <small>(Grisot\/Queva)<\/small><\/li><\/ul>\n\n\n\n<figure class=\"wp-block-embed is-type-video is-provider-dailymotion wp-block-embed-dailymotion wp-embed-aspect-4-3 wp-has-aspect-ratio\"><div class=\"wp-block-embed__wrapper\">\n<iframe loading=\"lazy\" title=\"Cobaye - Gibus1 - partie1\" frameborder=\"0\" width=\"604\" height=\"453\" src=\"https:\/\/geo.dailymotion.com\/player.html?video=x7uiq1&#038;\" allowfullscreen allow=\"autoplay; fullscreen; picture-in-picture; web-share\"><\/iframe>\n<\/div><\/figure>\n\n\n\n<p>Gibus 1, vid\u00e9o 2\/2 (~10 min)<\/p>\n\n\n\n<ul class=\"wp-block-list\"><li>Losing my religion [reprise de R.E.M.] <small>(Compositeurs-Auteurs : BERRY WILLIAM BRENT \/ BUCK PETER LAWRENCE \/ MILLS MICHAEL E \/ STIPE MICHAEL)<\/small><\/li><li>Cries in the night <small>(Queva\/Bourgougnon)<\/small><\/li><li>J\u2019ai vu [reprise de Niagara] <small>(Auteur : LAPORTE Muriel \/ Compositeur : CHENEVEZ DANIEL)<\/small><\/li><\/ul>\n\n\n\n<figure class=\"wp-block-embed is-type-video is-provider-dailymotion wp-block-embed-dailymotion wp-embed-aspect-4-3 wp-has-aspect-ratio\"><div class=\"wp-block-embed__wrapper\">\n<iframe loading=\"lazy\" title=\"Cobaye - Gibus1 - partie2\" frameborder=\"0\" width=\"604\" height=\"453\" src=\"https:\/\/geo.dailymotion.com\/player.html?video=x7uiz9&#038;\" allowfullscreen allow=\"autoplay; fullscreen; picture-in-picture; web-share\"><\/iframe>\n<\/div><\/figure>\n\n\n\n<p>Gibus 2, vid\u00e9o 1\/2 (~10 min)<\/p>\n\n\n\n<ul class=\"wp-block-list\"><li>Partir <small>(Grisot\/Queva)<\/small><\/li><li>Ath\u00e9e ou sot <small>(Garde\/Garde)<\/small><\/li><li>Les lacets <small>(Garde\/Garde)<\/small><\/li><\/ul>\n\n\n\n<figure class=\"wp-block-embed is-type-video is-provider-dailymotion wp-block-embed-dailymotion\"><div class=\"wp-block-embed__wrapper\">\n<iframe loading=\"lazy\" title=\"Cobaye - Gibus2 - partie1\" frameborder=\"0\" width=\"604\" height=\"489\" src=\"https:\/\/geo.dailymotion.com\/player.html?video=x7unt0&#038;\" allowfullscreen allow=\"autoplay; fullscreen; picture-in-picture; web-share\"><\/iframe>\n<\/div><\/figure>\n\n\n\n<p>Gibus 2, vid\u00e9o 2\/2 (~10 min)<\/p>\n\n\n\n<ul class=\"wp-block-list\"><li>Le bruit des voisins <small>(Garde\/Garde)<\/small><\/li><li>Cries in the night <small>(Queva\/Bourgougnon)<\/small><\/li><li>Copi\u00e9-coll\u00e9 <small>(Garde\/Garde)<\/small><\/li><\/ul>\n\n\n\n<figure class=\"wp-block-embed is-type-video is-provider-dailymotion wp-block-embed-dailymotion\"><div class=\"wp-block-embed__wrapper\">\n<iframe loading=\"lazy\" title=\"Cobaye - Gibus2 - partie2\" frameborder=\"0\" width=\"604\" height=\"489\" src=\"https:\/\/geo.dailymotion.com\/player.html?video=x7uoot&#038;\" allowfullscreen allow=\"autoplay; fullscreen; picture-in-picture; web-share\"><\/iframe>\n<\/div><\/figure>\n\n\n\n<hr class=\"wp-block-separator\"\/>\n\n\n\n<p><strong>Playlist<\/strong><\/p>\n\n\n\n<ul class=\"wp-block-list\"><li>Partir (Grisot\/Queva)<\/li><li>Cries in the night (Queva\/Bourgougnon)<\/li><li>De plus ou moins grand d\u00e9tours (Jug\/Queva-Jug)<\/li><li>Violet (Queva\/Queva)<\/li><li><a href=\"https:\/\/www.jugulaire.fr\/wordpress\/?page_id=71\">Copi\u00e9-coll\u00e9<\/a> (Jug\/Jug)<\/li><li><a href=\"https:\/\/www.jugulaire.fr\/wordpress\/?page_id=51\">Ath\u00e9e ou sot<\/a> (Jug\/Jug)<\/li><li><a href=\"https:\/\/www.jugulaire.fr\/wordpress\/?page_id=52\">Chamane<\/a> (Jug\/Jug)<\/li><li><a href=\"https:\/\/www.jugulaire.fr\/wordpress\/?page_id=48\">Le bruit des voisins<\/a> (Jug\/Jug)<\/li><li><a href=\"https:\/\/www.jugulaire.fr\/wordpress\/?page_id=49\">Les lacets<\/a> (Jug\/Jug)<\/li><li><a href=\"https:\/\/www.jugulaire.fr\/wordpress\/?page_id=56\">Saccharose<\/a> (Jug\/Jug)<\/li><li><a href=\"https:\/\/www.jugulaire.fr\/wordpress\/?page_id=72\">Ecchymose<\/a> (Jug\/Jug)<\/li><li>Losing my religion (reprise de R.E.M.)<\/li><li>J&rsquo;ai vu (reprise de Niagara)<\/li><\/ul>\n\n\n\n<hr class=\"wp-block-separator\"\/>\n\n\n\n<p class=\"has-text-align-center\"><strong><em>extraits de l\u2019ex-site www.cobaye-musique.com<\/em><\/strong><\/p>\n\n\n\n<p><strong>Les avis apr\u00e8s concerts<\/strong><\/p>\n\n\n\n<p><em>\u00abCobaye? Quatre parisiens dans le vent&#8230; c&rsquo;est ainsi que vous entendrez sans doutes parler d&rsquo;eux dans quelques temps. Alors.. dans le vent oui, mais lequel? Justement, c&rsquo;est la la force de ce petit groupe: a chaque pointe de la Rose on trouve un artiste qui peut sembler s&rsquo;opposer aux autres, mais une fois l&rsquo;equipe reunie on comprend que le m\u00e9lange est ce qui fait sa magie: \u00e9quilibr\u00e9e et vive, parfum\u00e9e et piquante a la fois. Bref, Cobaye c&rsquo;est un petit OVNI naviguant entre les faceties musicales des Beatles et le rock plus dur des Guns, avec des textes un peu dans l&rsquo;air actuel hesitants entre Zazie et Biolay. Avec en prime une vraie joie sur scene qui fait oublier les petits defauts de jeunesse que les experiences effaceront d&rsquo;ici peu. Alors.. dans quel vent disez vous? entendons nous bien&#8230; avec Cobaye, on ne parle plus de vent, on parle de tornade&#8230;\u00bb<\/em><\/p>\n\n\n\n<blockquote class=\"wp-block-quote is-layout-flow wp-block-quote-is-layout-flow\"><p>Binome<\/p><\/blockquote>\n\n\n\n<p><em>\u00abEn 2 mots, une dr\u00f4le de b\u00eate bi-schizophrene, avec un conflit ouvert dans sur un premier plan entre songwriting type chanson fran\u00e7aise (&lsquo;les lacets&rsquo;, &lsquo;le bruit des voisins&rsquo;) et une instrumentation de destruction massive (&lsquo;i cry&rsquo;, &lsquo;j&rsquo;ai vu&rsquo;, &lsquo;copi\u00e9-coll\u00e9&rsquo;), et dans un second plan un dialogue civilis\u00e9 et plein de compromis sur l&rsquo;interpr\u00e9tation des compos (mais pour ca il faut avoir connu les premi\u00e8res d\u00e9mos des compos) et des reprises (qui accouche ds l&rsquo;all\u00e9gresse d&rsquo;un &lsquo;j&rsquo;ai vu&rsquo; survolt\u00e9 ou d&rsquo;un &lsquo;losing my religion&rsquo; limite oppressant).<\/em><em>\u00bb<\/em><\/p>\n\n\n\n<blockquote class=\"wp-block-quote is-layout-flow wp-block-quote-is-layout-flow\"><p>Goon<\/p><\/blockquote>\n\n\n\n<p><em>\u00abCobaye, ou la tradition du pop rock fran\u00e7ais agr\u00e9ment\u00e9e des influences de chaque membre du groupe. Des morceaux qui peuvent parfois rappeler Dolly, mais surtout une personnalit\u00e9 propre avec une guitare vintage, une basse aventureuse, une voix joyeuse et une batterie qui sait lier le tout.<\/em><em>\u00bb<\/em><\/p>\n\n\n\n<blockquote class=\"wp-block-quote is-layout-flow wp-block-quote-is-layout-flow\"><p>Yannick<\/p><\/blockquote>\n\n\n\n<hr class=\"wp-block-separator\"\/>\n\n\n\n<p><strong>Fiches signal\u00e9tiques<\/strong><\/p>\n\n\n\n<div class=\"wp-block-image\"><figure class=\"aligncenter\"><a href=\"https:\/\/www.jugulaire.fr\/wordpress\/wp-content\/uploads\/2008\/12\/cobaye-700px.png\"><img loading=\"lazy\" decoding=\"async\" width=\"700\" height=\"424\" src=\"https:\/\/www.jugulaire.fr\/wordpress\/wp-content\/uploads\/2008\/12\/cobaye-700px.png\" alt=\"\" class=\"wp-image-373\" srcset=\"https:\/\/www.jugulaire.fr\/wordpress\/wp-content\/uploads\/2008\/12\/cobaye-700px.png 700w, https:\/\/www.jugulaire.fr\/wordpress\/wp-content\/uploads\/2008\/12\/cobaye-700px-300x181.png 300w\" sizes=\"auto, (max-width: 700px) 100vw, 700px\" \/><\/a><\/figure><\/div>\n\n\n\n<p><small><br><\/small><\/p>\n\n\n\n<p><small> Ga\u00eblle<\/small><\/p>\n\n\n\n<ul class=\"wp-block-list\"><li><span style=\"text-decoration: underline;\"><small>Age<\/small><\/span><small> : benjamine du groupe<\/small><\/li><li><span style=\"text-decoration: underline;\"><small>Signe distinctif<\/small><\/span><small> : perruque blonde et \u00ab\u00a0One take\u00a0\u00bb<\/small><\/li><li><span style=\"text-decoration: underline;\"><small>Dans le groupe<\/small><\/span><small> : je chante et j&rsquo;apporte le caf\u00e9<\/small><\/li><li><span style=\"text-decoration: underline;\"><small>Ce que je veux<\/small><\/span><small> : continuer \u00e0&nbsp; chanter et apporter le caf\u00e9<\/small><\/li><li><span style=\"text-decoration: underline;\"><small>Ce qu&rsquo;ILS veulent<\/small><\/span><small> : me r\u00e9concilier avec mon violon, qui s&rsquo;appelle \u00ab\u00a0Edgar\u00a0\u00bb et vit sa vie de tocard dans un placard.<\/small><\/li><li><span style=\"text-decoration: underline;\"><small>Ce que je veux du groupe<\/small><\/span><small> : beaucoup d&rsquo;argent et des soir\u00e9es priv\u00e9es chez Justin Tbk.<\/small><\/li><li><span style=\"text-decoration: underline;\"><small>En dehors du groupe<\/small><\/span><small> : je chante, j&rsquo;apporte le caf\u00e9 et je me couche trop tard.<\/small><\/li><li><span style=\"text-decoration: underline;\"><small>Pourquoi \u00ab\u00a0Cobaye\u00a0\u00bb ?<\/small><\/span><small> : parce qu&rsquo;on a perdu l&rsquo;espoir de trouver un nom de groupe coh\u00e9rent (nous \u00e9tudions toute proposition)<\/small><\/li><li><span style=\"text-decoration: underline;\"><small>Commentaire perso<\/small><\/span><small> : Vive nous.<\/small><\/li><\/ul>\n\n\n\n<p><small>Fred<\/small><\/p>\n\n\n\n<ul class=\"wp-block-list\"><li><span style=\"text-decoration: underline;\"><small>Signe distinctif<\/small><\/span><small> : Des autocollants sur la guitare<\/small><\/li><li><span style=\"text-decoration: underline;\"><small>Dans le groupe<\/small><\/span><small> : J&rsquo;essaye de jouer de la gratte &amp; surtout, surtout ne chante pas<\/small><\/li><li><span style=\"text-decoration: underline;\"><small>Ce que je veux<\/small><\/span><small> : Apprendre a jouer de la gratte &amp; avoir tous plein de groupieeeeessss<\/small><\/li><li><span style=\"text-decoration: underline;\"><small>Ce qu&rsquo;ILS veulen<\/small><\/span><small>t : J&rsquo;sais pas, dites voire<\/small><\/li><li><span style=\"text-decoration: underline;\"><small>Ce que je veux du groupe<\/small><\/span><small> : Qu&rsquo;indochine fasse notre premiere partie a Bercy<\/small><\/li><li><span style=\"text-decoration: underline;\"><small>En dehors du groupe<\/small><\/span><small> : M&rsquo;occupe d&rsquo;alexandre (6 mois) &#8211; Lit bouquin, BD &amp; comics<\/small><\/li><li><span style=\"text-decoration: underline;\"><small>Pourquoi \u00ab\u00a0Cobaye\u00a0\u00bb<\/small><\/span><small> : En fait on avait trouve un super nom de groupe lors d&rsquo;une soir\u00e9e un peu arros\u00e9 (Tex Mex opera) &amp; on l&rsquo;a tous oublier &#8211; &amp; on s&rsquo;est mis d&rsquo;accord que sur Koby<\/small><\/li><li><span style=\"text-decoration: underline;\"><small>Commentaire perso<\/small><\/span><small> : Comment taire personne !!!!!!!!!!<\/small><\/li><\/ul>\n\n\n\n<p><small>Kiato<\/small><\/p>\n\n\n\n<ul class=\"wp-block-list\"><li><span style=\"text-decoration: underline;\"><small>Signe distinctif<\/small><\/span><small> : 50cm, 3kg2, brun avec des grosse joues<\/small><\/li><li><span style=\"text-decoration: underline;\"><small>Dans le groupe<\/small><\/span><small> : Dernier arriv\u00e9, trop \u00e9mu pour se prononcer<\/small><\/li><li><span style=\"text-decoration: underline;\"><small>Ce que je veux<\/small><\/span><small> : Arr\u00eater de faire mourir les plantes que j&rsquo;ach\u00e8te au bout de trois semaines (si, si c&rsquo;est vrai en plus)<\/small><\/li><li><span style=\"text-decoration: underline;\"><small>Ce qu&rsquo;ILS veulent<\/small><\/span><small> : De moi ???!!! ouh l\u00e0&nbsp;&#8230;<\/small><\/li><li><span style=\"text-decoration: underline;\"><small>Ce que je veux du groupe<\/small><\/span><small> : Faire des sc\u00e8nes tous ensemble et boire du p&rsquo;tit lait apr\u00e8s pour f\u00eater \u00e7a.<\/small><\/li><li><span style=\"text-decoration: underline;\"><small>Pourquoi \u00ab\u00a0Cobaye\u00a0\u00bb<\/small><\/span><small> : Ben moi j&rsquo;ai toujours cru que c&rsquo;\u00e9tait pour pas s&rsquo;appeler &lsquo;Rossinante&rsquo; qu&rsquo;on s&rsquo;est appel\u00e9 Cobaye !?<\/small><\/li><li><span style=\"text-decoration: underline;\"><small>Commentaire perso<\/small><\/span><small> : C&rsquo;est quand qu&rsquo;on joue ?!<\/small><\/li><\/ul>\n\n\n\n<p><small>Jug<\/small><\/p>\n\n\n\n<ul class=\"wp-block-list\"><li><span style=\"text-decoration: underline;\"><small>Age<\/small><\/span><small> : de visage 4 ans de moins qu&rsquo;\u00e0&nbsp; l&rsquo;\u00e9tat civil<\/small><\/li><li><span style=\"text-decoration: underline;\"><small>Signe distinctif<\/small><\/span><small> : humour particulier et one shot avec un verre de rouge<\/small><\/li><li><span style=\"text-decoration: underline;\"><small>Dans le groupe<\/small><\/span><small> : I can play the bass guitar.<\/small><\/li><li><span style=\"text-decoration: underline;\"><small>Ce que je veux<\/small><\/span><small> : vivre dans le monde de yellow submarine.<\/small><\/li><li><span style=\"text-decoration: underline;\"><small>Ce qu&rsquo;ILS veulent<\/small><\/span><small> : me faire croire que c&rsquo;est impossible<\/small><\/li><li><span style=\"text-decoration: underline;\"><small>Ce que je veux du groupe<\/small><\/span><small> : un public euphorique \u00e0 nous entendre (r\u00eave)<\/small><\/li><li><span style=\"text-decoration: underline;\"><small>En dehors du groupe<\/small><\/span><small> : je gagne des sous et je compose des chansons<\/small><\/li><li><span style=\"text-decoration: underline;\"><small>Pourquoi \u00ab\u00a0Cobaye\u00a0\u00bb?<\/small><\/span><small> : parce que la vie est une grande r\u00e9action chimique dont nous sommes les&#8230;<\/small><\/li><li><span style=\"text-decoration: underline;\"><small>Commentaire perso<\/small><\/span><small> : oui il est possible de mettre plein d&rsquo;effets sur le basse.<\/small><\/li><\/ul>\n\n\n\n<p><small><\/small><br>\n<strong>Remerciements<\/strong><br>\n<small> <\/small><\/p>\n\n\n\n<ul class=\"wp-block-list\"><li><small>Studio + pour nous avoir permis d&rsquo;exercer notre talent d\u00e9sormais reconnu bien au del\u00e0&nbsp; des fronti\u00e8res du 11\u00e8me arrondissement en esp\u00e9rant qu&rsquo;ils vont nous faire les r\u00e9p\u00e8ts \u00e0&nbsp; moiti\u00e9 prix vu qu&rsquo;on va devenir c\u00e9l\u00e8bre<\/small><\/li><li><small>Agn\u00e8s parce qu&rsquo;elle accepte que Fred-papa d&rsquo;Alex 6 mois aille faire le guignol dans un groupe de zikos, merci Agn\u00e8s :-)<\/small><\/li><li><small>Goon pour les clich\u00e9s concept<\/small><\/li><li><small>La RATP pour avoir si promptement r\u00e9ouvert la station St Maur apr\u00e9s travaux&#8230;.<\/small><\/li><li><small>La machine a kf\u00e9 de studio + (qui devrait nous faire les kf\u00e9 \u00e0&nbsp; moiti\u00e9 prix vu qu&rsquo;on va devenir pote avec Indochine)<\/small><\/li><li><small>Les voisins de Julien, tellement&#8230;compr\u00e9hensifs et&#8230;absents&#8230;<\/small><\/li><li><small>Le Tex Mex d&rsquo;Op\u00e9ra<\/small><\/li><li><small>Le forum d&rsquo;Audiofanzine.com<\/small><\/li><li><small>Nos employeurs inconscients du temps que nous passons \u00e0&nbsp; r\u00eavasser<\/small><\/li><li><small>Thanks to our boss to let us write e-mail &amp; answer it shortly<\/small><\/li><\/ul>\n\n\n\n<div class=\"wp-block-image\"><figure class=\"aligncenter\"><a href=\"https:\/\/www.jugulaire.fr\/wordpress\/wp-content\/uploads\/2008\/12\/bassiste.png\"><img loading=\"lazy\" decoding=\"async\" width=\"700\" height=\"525\" src=\"https:\/\/www.jugulaire.fr\/wordpress\/wp-content\/uploads\/2008\/12\/bassiste.png\" alt=\"\" class=\"wp-image-365\" srcset=\"https:\/\/www.jugulaire.fr\/wordpress\/wp-content\/uploads\/2008\/12\/bassiste.png 700w, https:\/\/www.jugulaire.fr\/wordpress\/wp-content\/uploads\/2008\/12\/bassiste-300x225.png 300w\" sizes=\"auto, (max-width: 700px) 100vw, 700px\" \/><\/a><figcaption><a href=\"https:\/\/www.jugulaire.fr\/wordpress\/wp-content\/uploads\/2008\/12\/cobaye-700px.png\"><\/a><\/figcaption><\/figure><\/div>\n","protected":false},"excerpt":{"rendered":"<p>Cobaye, groupe de rock de 2003 \u00e0 2006, \u00e9tait : Ga\u00eblle (chant), Fred (guitare), Kiato (batterie), Jug (basse). Voici les vid\u00e9os des 2 concerts du groupe Cobaye au Gibus lors du festival Emergenza 2004-2005, au Gibus \u00e0 Paris 11e. Au 1er tour, le 17 d\u00e9cembre 2004, nous avons \u00e9t\u00e9 s\u00e9lectionn\u00e9 \u00e0 l&rsquo;applaudim\u00e8tre pour rejouer au &hellip; <a href=\"https:\/\/www.jugulaire.fr\/wordpress\/groupe-cobaye\/\" class=\"more-link\">Continuer la lecture de <span class=\"screen-reader-text\">Cobaye (rock band)<\/span> <span class=\"meta-nav\">&rarr;<\/span><\/a><\/p>\n","protected":false},"author":1,"featured_media":0,"parent":0,"menu_order":0,"comment_status":"closed","ping_status":"open","template":"","meta":{"footnotes":""},"class_list":["post-19","page","type-page","status-publish","hentry"],"_links":{"self":[{"href":"https:\/\/www.jugulaire.fr\/wordpress\/wp-json\/wp\/v2\/pages\/19","targetHints":{"allow":["GET"]}}],"collection":[{"href":"https:\/\/www.jugulaire.fr\/wordpress\/wp-json\/wp\/v2\/pages"}],"about":[{"href":"https:\/\/www.jugulaire.fr\/wordpress\/wp-json\/wp\/v2\/types\/page"}],"author":[{"embeddable":true,"href":"https:\/\/www.jugulaire.fr\/wordpress\/wp-json\/wp\/v2\/users\/1"}],"replies":[{"embeddable":true,"href":"https:\/\/www.jugulaire.fr\/wordpress\/wp-json\/wp\/v2\/comments?post=19"}],"version-history":[{"count":24,"href":"https:\/\/www.jugulaire.fr\/wordpress\/wp-json\/wp\/v2\/pages\/19\/revisions"}],"predecessor-version":[{"id":2233,"href":"https:\/\/www.jugulaire.fr\/wordpress\/wp-json\/wp\/v2\/pages\/19\/revisions\/2233"}],"wp:attachment":[{"href":"https:\/\/www.jugulaire.fr\/wordpress\/wp-json\/wp\/v2\/media?parent=19"}],"curies":[{"name":"wp","href":"https:\/\/api.w.org\/{rel}","templated":true}]}}