{"id":183,"date":"2008-12-20T19:52:40","date_gmt":"2008-12-20T18:52:40","guid":{"rendered":"http:\/\/www.jugulaire.fr\/?p=183"},"modified":"2016-08-06T13:38:49","modified_gmt":"2016-08-06T12:38:49","slug":"html-for-my-love","status":"publish","type":"page","link":"https:\/\/www.jugulaire.fr\/wordpress\/html-for-my-love\/","title":{"rendered":"HTML for my love"},"content":{"rendered":"<p>(instrumental)<\/p>\n<p style=\"text-align: left;\"><em>&#8230;Une musiques instrumentale sans v\u00e9ritable collaboration, mais avec beaucoup de collages sonores de vacances (merci \u00e0 Pinkenn pour son r\u00e9flexe \u00e0 enregistrer ou \u00e0 marcher bruyamment sur les galets). A \u00e9couter lorsque vous \u00eates stress\u00e9s&#8230;<\/em><\/p>\n","protected":false},"excerpt":{"rendered":"<p>(instrumental) &#8230;Une musiques instrumentale sans v\u00e9ritable collaboration, mais avec beaucoup de collages sonores de vacances (merci \u00e0 Pinkenn pour son r\u00e9flexe \u00e0 enregistrer ou \u00e0 marcher bruyamment sur les galets). A \u00e9couter lorsque vous \u00eates stress\u00e9s&#8230;<\/p>\n","protected":false},"author":1,"featured_media":0,"parent":0,"menu_order":0,"comment_status":"closed","ping_status":"closed","template":"","meta":{"footnotes":""},"class_list":["post-183","page","type-page","status-publish","hentry"],"_links":{"self":[{"href":"https:\/\/www.jugulaire.fr\/wordpress\/wp-json\/wp\/v2\/pages\/183","targetHints":{"allow":["GET"]}}],"collection":[{"href":"https:\/\/www.jugulaire.fr\/wordpress\/wp-json\/wp\/v2\/pages"}],"about":[{"href":"https:\/\/www.jugulaire.fr\/wordpress\/wp-json\/wp\/v2\/types\/page"}],"author":[{"embeddable":true,"href":"https:\/\/www.jugulaire.fr\/wordpress\/wp-json\/wp\/v2\/users\/1"}],"replies":[{"embeddable":true,"href":"https:\/\/www.jugulaire.fr\/wordpress\/wp-json\/wp\/v2\/comments?post=183"}],"version-history":[{"count":2,"href":"https:\/\/www.jugulaire.fr\/wordpress\/wp-json\/wp\/v2\/pages\/183\/revisions"}],"predecessor-version":[{"id":663,"href":"https:\/\/www.jugulaire.fr\/wordpress\/wp-json\/wp\/v2\/pages\/183\/revisions\/663"}],"wp:attachment":[{"href":"https:\/\/www.jugulaire.fr\/wordpress\/wp-json\/wp\/v2\/media?parent=183"}],"curies":[{"name":"wp","href":"https:\/\/api.w.org\/{rel}","templated":true}]}}