{"id":1776,"date":"2016-09-03T10:01:57","date_gmt":"2016-09-03T09:01:57","guid":{"rendered":"http:\/\/www.jugulaire.fr\/wordpress\/?page_id=1776"},"modified":"2023-07-08T10:02:21","modified_gmt":"2023-07-08T09:02:21","slug":"homme-deau-et-dos","status":"publish","type":"page","link":"https:\/\/www.jugulaire.fr\/wordpress\/homme-deau-et-dos\/","title":{"rendered":"Homme d\u2019eau et d\u2019os"},"content":{"rendered":"\n<p>La guerre est au combattant<br>Ce que le jeu est \u00e0 l\u2019enfant,<br>Un oc\u00e9an,<br>Pour devenir grand.<br>Allons soldat<br>Vers de nouveaux combats.<br>Les braves, armes au bras,<br>Droit dans la bataille,<br>Du rouge sur nos ferrailles,<br>Assaille&nbsp;<\/p>\n\n\n\n<p><strong>Car Homme d\u2019eau et d\u2019os<br>N\u00e9 d\u2019 Hommes d\u2019eau et d\u2019os<br>Si la mort a un ego,<br>Moi je saurai bien lui faire courber le dos.<br>Si elle m\u2019attend,<br>Si elle m\u2019entend,<br>En hurlant, en mentant.<br>La mort est sans sentiment.<\/strong><\/p>\n\n\n\n<p>La guerre est au combattant<br>Ce que l\u2019amour est \u00e0 l\u2019amant,<br>Un oc\u00e9an,<br>Pour devenir m\u00e9fiant.<br>Allons soldat<br>Vers de nouveaux combats.<br>Ravale larmes et b\u00e2t,<br>Adroit dans la bataille,<br>D\u00e9fiant tes fun\u00e9railles,<br>Assaille.<\/p>\n\n\n\n<p><\/p>\n\n\n\n<figure class=\"wp-block-image size-large\"><a href=\"https:\/\/www.jugulaire.fr\/wordpress\/wp-content\/uploads\/Homme-deau-et-dos-1.png\"><img loading=\"lazy\" decoding=\"async\" width=\"724\" height=\"1024\" src=\"https:\/\/www.jugulaire.fr\/wordpress\/wp-content\/uploads\/Homme-deau-et-dos-1-724x1024.png\" alt=\"\" class=\"wp-image-2730\" srcset=\"https:\/\/www.jugulaire.fr\/wordpress\/wp-content\/uploads\/Homme-deau-et-dos-1-724x1024.png 724w, https:\/\/www.jugulaire.fr\/wordpress\/wp-content\/uploads\/Homme-deau-et-dos-1-212x300.png 212w, https:\/\/www.jugulaire.fr\/wordpress\/wp-content\/uploads\/Homme-deau-et-dos-1-768x1086.png 768w, https:\/\/www.jugulaire.fr\/wordpress\/wp-content\/uploads\/Homme-deau-et-dos-1-1086x1536.png 1086w, https:\/\/www.jugulaire.fr\/wordpress\/wp-content\/uploads\/Homme-deau-et-dos-1-1448x2048.png 1448w\" sizes=\"auto, (max-width: 724px) 100vw, 724px\" \/><\/a><\/figure>\n","protected":false},"excerpt":{"rendered":"<p>La guerre est au combattantCe que le jeu est \u00e0 l\u2019enfant,Un oc\u00e9an,Pour devenir grand.Allons soldatVers de nouveaux combats.Les braves, armes au bras,Droit dans la bataille,Du rouge sur nos ferrailles,Assaille&nbsp; Car Homme d\u2019eau et d\u2019osN\u00e9 d\u2019 Hommes d\u2019eau et d\u2019osSi la mort a un ego,Moi je saurai bien lui faire courber le dos.Si elle m\u2019attend,Si elle &hellip; <a href=\"https:\/\/www.jugulaire.fr\/wordpress\/homme-deau-et-dos\/\" class=\"more-link\">Continuer la lecture de <span class=\"screen-reader-text\">Homme d\u2019eau et d\u2019os<\/span> <span class=\"meta-nav\">&rarr;<\/span><\/a><\/p>\n","protected":false},"author":1,"featured_media":0,"parent":0,"menu_order":0,"comment_status":"closed","ping_status":"closed","template":"","meta":{"footnotes":""},"class_list":["post-1776","page","type-page","status-publish","hentry"],"_links":{"self":[{"href":"https:\/\/www.jugulaire.fr\/wordpress\/wp-json\/wp\/v2\/pages\/1776","targetHints":{"allow":["GET"]}}],"collection":[{"href":"https:\/\/www.jugulaire.fr\/wordpress\/wp-json\/wp\/v2\/pages"}],"about":[{"href":"https:\/\/www.jugulaire.fr\/wordpress\/wp-json\/wp\/v2\/types\/page"}],"author":[{"embeddable":true,"href":"https:\/\/www.jugulaire.fr\/wordpress\/wp-json\/wp\/v2\/users\/1"}],"replies":[{"embeddable":true,"href":"https:\/\/www.jugulaire.fr\/wordpress\/wp-json\/wp\/v2\/comments?post=1776"}],"version-history":[{"count":2,"href":"https:\/\/www.jugulaire.fr\/wordpress\/wp-json\/wp\/v2\/pages\/1776\/revisions"}],"predecessor-version":[{"id":2731,"href":"https:\/\/www.jugulaire.fr\/wordpress\/wp-json\/wp\/v2\/pages\/1776\/revisions\/2731"}],"wp:attachment":[{"href":"https:\/\/www.jugulaire.fr\/wordpress\/wp-json\/wp\/v2\/media?parent=1776"}],"curies":[{"name":"wp","href":"https:\/\/api.w.org\/{rel}","templated":true}]}}