{"id":1344,"date":"2016-08-01T21:32:39","date_gmt":"2016-08-01T20:32:39","guid":{"rendered":"http:\/\/www.jugulaire.fr\/wordpress\/?page_id=1344"},"modified":"2016-09-03T16:52:43","modified_gmt":"2016-09-03T15:52:43","slug":"album-balises-heures","status":"publish","type":"page","link":"https:\/\/www.jugulaire.fr\/wordpress\/album-balises-heures\/","title":{"rendered":"[album] Balises &#038; heures"},"content":{"rendered":"<p>recueil de chutes d&rsquo;album : essais, \u00e9tudes, inachev\u00e9s, etc&#8230;<\/p>\n<p>(\u00e0 lister)<\/p>\n<p><img decoding=\"async\" src=\"\/..\/audio\/1993_Balises_et_heures\/Balises_heures-400x400px.png\"><\/p>\n","protected":false},"excerpt":{"rendered":"<p>recueil de chutes d&rsquo;album : essais, \u00e9tudes, inachev\u00e9s, etc&#8230; (\u00e0 lister)<\/p>\n","protected":false},"author":1,"featured_media":0,"parent":0,"menu_order":0,"comment_status":"closed","ping_status":"closed","template":"","meta":{"footnotes":""},"class_list":["post-1344","page","type-page","status-publish","hentry"],"_links":{"self":[{"href":"https:\/\/www.jugulaire.fr\/wordpress\/wp-json\/wp\/v2\/pages\/1344","targetHints":{"allow":["GET"]}}],"collection":[{"href":"https:\/\/www.jugulaire.fr\/wordpress\/wp-json\/wp\/v2\/pages"}],"about":[{"href":"https:\/\/www.jugulaire.fr\/wordpress\/wp-json\/wp\/v2\/types\/page"}],"author":[{"embeddable":true,"href":"https:\/\/www.jugulaire.fr\/wordpress\/wp-json\/wp\/v2\/users\/1"}],"replies":[{"embeddable":true,"href":"https:\/\/www.jugulaire.fr\/wordpress\/wp-json\/wp\/v2\/comments?post=1344"}],"version-history":[{"count":4,"href":"https:\/\/www.jugulaire.fr\/wordpress\/wp-json\/wp\/v2\/pages\/1344\/revisions"}],"predecessor-version":[{"id":1843,"href":"https:\/\/www.jugulaire.fr\/wordpress\/wp-json\/wp\/v2\/pages\/1344\/revisions\/1843"}],"wp:attachment":[{"href":"https:\/\/www.jugulaire.fr\/wordpress\/wp-json\/wp\/v2\/media?parent=1344"}],"curies":[{"name":"wp","href":"https:\/\/api.w.org\/{rel}","templated":true}]}}