{"id":1319,"date":"2016-08-01T21:21:51","date_gmt":"2016-08-01T20:21:51","guid":{"rendered":"http:\/\/www.jugulaire.fr\/wordpress\/?page_id=1319"},"modified":"2016-09-03T13:25:02","modified_gmt":"2016-09-03T12:25:02","slug":"mutagene","status":"publish","type":"page","link":"https:\/\/www.jugulaire.fr\/wordpress\/mutagene\/","title":{"rendered":"Mutag\u00e8ne"},"content":{"rendered":"<p>[wonderplugin_audio id=\u00a0\u00bb15&Prime;]<\/p>\n<table style=\"border-collapse: collapse;\" border=\"0\" cellspacing=\"0\" cellpadding=\"0\">\n<tbody>\n<tr>\n<td>34<\/td>\n<td>Mutag\u00e8ne I &#8211; (Pl\u00e9thore de dance floor guitare Mix)<\/td>\n<td>1:31<\/td>\n<\/tr>\n<tr>\n<td>35<\/td>\n<td>Mutag\u00e8ne II &#8211; (Grunge End)<\/td>\n<td>1:29<\/td>\n<\/tr>\n<tr>\n<td>36<\/td>\n<td>Mutag\u00e8ne III<\/td>\n<td>2:09<\/td>\n<\/tr>\n<tr>\n<td>37<\/td>\n<td>Mutag\u00e8ne IV<\/td>\n<td>1:36<\/td>\n<\/tr>\n<tr>\n<td>38<\/td>\n<td>Mutag\u00e8ne V &#8211; (Or oriental)<\/td>\n<td>0:57<\/td>\n<\/tr>\n<tr>\n<td>39<\/td>\n<td>Mutag\u00e8ne VI &#8211; (Travail)<\/td>\n<td>0:39<\/td>\n<\/tr>\n<\/tbody>\n<\/table>\n<p>&nbsp;<\/p>\n","protected":false},"excerpt":{"rendered":"<p>[wonderplugin_audio id=\u00a0\u00bb15&Prime;] 34 Mutag\u00e8ne I &#8211; (Pl\u00e9thore de dance floor guitare Mix) 1:31 35 Mutag\u00e8ne II &#8211; (Grunge End) 1:29 36 Mutag\u00e8ne III 2:09 37 Mutag\u00e8ne IV 1:36 38 Mutag\u00e8ne V &#8211; (Or oriental) 0:57 39 Mutag\u00e8ne VI &#8211; (Travail) 0:39 &nbsp;<\/p>\n","protected":false},"author":1,"featured_media":0,"parent":0,"menu_order":0,"comment_status":"closed","ping_status":"closed","template":"","meta":{"footnotes":""},"class_list":["post-1319","page","type-page","status-publish","hentry"],"_links":{"self":[{"href":"https:\/\/www.jugulaire.fr\/wordpress\/wp-json\/wp\/v2\/pages\/1319","targetHints":{"allow":["GET"]}}],"collection":[{"href":"https:\/\/www.jugulaire.fr\/wordpress\/wp-json\/wp\/v2\/pages"}],"about":[{"href":"https:\/\/www.jugulaire.fr\/wordpress\/wp-json\/wp\/v2\/types\/page"}],"author":[{"embeddable":true,"href":"https:\/\/www.jugulaire.fr\/wordpress\/wp-json\/wp\/v2\/users\/1"}],"replies":[{"embeddable":true,"href":"https:\/\/www.jugulaire.fr\/wordpress\/wp-json\/wp\/v2\/comments?post=1319"}],"version-history":[{"count":3,"href":"https:\/\/www.jugulaire.fr\/wordpress\/wp-json\/wp\/v2\/pages\/1319\/revisions"}],"predecessor-version":[{"id":1828,"href":"https:\/\/www.jugulaire.fr\/wordpress\/wp-json\/wp\/v2\/pages\/1319\/revisions\/1828"}],"wp:attachment":[{"href":"https:\/\/www.jugulaire.fr\/wordpress\/wp-json\/wp\/v2\/media?parent=1319"}],"curies":[{"name":"wp","href":"https:\/\/api.w.org\/{rel}","templated":true}]}}