{"id":1313,"date":"2016-08-01T21:21:24","date_gmt":"2016-08-01T20:21:24","guid":{"rendered":"http:\/\/www.jugulaire.fr\/wordpress\/?page_id=1313"},"modified":"2016-09-03T13:12:32","modified_gmt":"2016-09-03T12:12:32","slug":"demens-khan","status":"publish","type":"page","link":"https:\/\/www.jugulaire.fr\/wordpress\/demens-khan\/","title":{"rendered":"D\u00e9mens Kh\u00e2n"},"content":{"rendered":"<p>[wonderplugin_audio id=\u00a0\u00bb12&Prime;]<\/p>\n<table style=\"border-collapse: collapse;\" border=\"0\" cellspacing=\"0\" cellpadding=\"0\">\n<tbody>\n<tr>\n<td>12<\/td>\n<td>D\u00e9mens Kh\u00e2n I<\/td>\n<td>2:04<\/td>\n<\/tr>\n<tr>\n<td>13<\/td>\n<td>D\u00e9mens Kh\u00e2n II &#8211; (Wouhou song)<\/td>\n<td>1:59<\/td>\n<\/tr>\n<tr>\n<td>14<\/td>\n<td>D\u00e9mens Kh\u00e2n III<\/td>\n<td>2:22<\/td>\n<\/tr>\n<tr>\n<td>15<\/td>\n<td>D\u00e9mens Kh\u00e2n IV &#8211; (Rejet de greffe)<\/td>\n<td>1:05<\/td>\n<\/tr>\n<tr>\n<td>16<\/td>\n<td>D\u00e9mens Kh\u00e2n V<\/td>\n<td>2:50<\/td>\n<\/tr>\n<tr>\n<td>17<\/td>\n<td>D\u00e9mens Kh\u00e2n VI<\/td>\n<td>3:05<\/td>\n<\/tr>\n<tr>\n<td>18<\/td>\n<td>D\u00e9mens Kh\u00e2n VII &#8211; (Macrobe)<\/td>\n<td>1:33<\/td>\n<\/tr>\n<tr>\n<td>19<\/td>\n<td>D\u00e9mens Kh\u00e2n VIII &#8211; (Epoque \u00e9pique)<\/td>\n<td>2:09<\/td>\n<\/tr>\n<\/tbody>\n<\/table>\n<p>&nbsp;<\/p>\n","protected":false},"excerpt":{"rendered":"<p>[wonderplugin_audio id=\u00a0\u00bb12&Prime;] 12 D\u00e9mens Kh\u00e2n I 2:04 13 D\u00e9mens Kh\u00e2n II &#8211; (Wouhou song) 1:59 14 D\u00e9mens Kh\u00e2n III 2:22 15 D\u00e9mens Kh\u00e2n IV &#8211; (Rejet de greffe) 1:05 16 D\u00e9mens Kh\u00e2n V 2:50 17 D\u00e9mens Kh\u00e2n VI 3:05 18 D\u00e9mens Kh\u00e2n VII &#8211; (Macrobe) 1:33 19 D\u00e9mens Kh\u00e2n VIII &#8211; (Epoque \u00e9pique) 2:09 &nbsp;<\/p>\n","protected":false},"author":1,"featured_media":0,"parent":0,"menu_order":0,"comment_status":"closed","ping_status":"closed","template":"","meta":{"footnotes":""},"class_list":["post-1313","page","type-page","status-publish","hentry"],"_links":{"self":[{"href":"https:\/\/www.jugulaire.fr\/wordpress\/wp-json\/wp\/v2\/pages\/1313","targetHints":{"allow":["GET"]}}],"collection":[{"href":"https:\/\/www.jugulaire.fr\/wordpress\/wp-json\/wp\/v2\/pages"}],"about":[{"href":"https:\/\/www.jugulaire.fr\/wordpress\/wp-json\/wp\/v2\/types\/page"}],"author":[{"embeddable":true,"href":"https:\/\/www.jugulaire.fr\/wordpress\/wp-json\/wp\/v2\/users\/1"}],"replies":[{"embeddable":true,"href":"https:\/\/www.jugulaire.fr\/wordpress\/wp-json\/wp\/v2\/comments?post=1313"}],"version-history":[{"count":3,"href":"https:\/\/www.jugulaire.fr\/wordpress\/wp-json\/wp\/v2\/pages\/1313\/revisions"}],"predecessor-version":[{"id":1825,"href":"https:\/\/www.jugulaire.fr\/wordpress\/wp-json\/wp\/v2\/pages\/1313\/revisions\/1825"}],"wp:attachment":[{"href":"https:\/\/www.jugulaire.fr\/wordpress\/wp-json\/wp\/v2\/media?parent=1313"}],"curies":[{"name":"wp","href":"https:\/\/api.w.org\/{rel}","templated":true}]}}