{"id":1307,"date":"2016-08-01T21:18:46","date_gmt":"2016-08-01T20:18:46","guid":{"rendered":"http:\/\/www.jugulaire.fr\/wordpress\/?page_id=1307"},"modified":"2016-08-23T19:36:30","modified_gmt":"2016-08-23T18:36:30","slug":"petit-belier","status":"publish","type":"page","link":"https:\/\/www.jugulaire.fr\/wordpress\/petit-belier\/","title":{"rendered":"Petit b\u00e9lier"},"content":{"rendered":"<p>G G G G G<br \/>\nC Eb G<br \/>\nEb F G<\/p>\n<p style=\"padding-left: 30px;\"><strong>Philom\u00e8ne, oh Philom\u00e8ne,<\/strong><\/p>\n<p>C\u00a0\u00a0\u00a0\u00a0 G C x2<br \/>\nD\u00a0\u00a0\u00a0\u00a0 A\u00a0 D x 2<br \/>\nEb\u00a0\u00a0 Bb Eb x2<\/p>\n<p style=\"padding-left: 30px;\"><strong>petit b\u00e9b\u00e9, petit b\u00e9lier, petit lutin<\/strong><\/p>\n<p>G G G G G<br \/>\nC Eb G<br \/>\nEb F G C Eb F D G<\/p>\n<p style=\"padding-left: 30px;\"><strong>Philom\u00e8ne, oh Philom\u00e8ne,<br \/>\n&lsquo;M\u00e8ne &lsquo;Lom\u00e8ne oh Phi&rsquo; oh Philom\u00e8ne<br \/>\n<\/strong><\/p>\n<p><a href=\"https:\/\/www.jugulaire.fr\/wordpress\/wp-content\/uploads\/Petit-b\u00e9lier-partition-paysage.png\"><img loading=\"lazy\" decoding=\"async\" class=\"aligncenter size-full wp-image-1628\" src=\"https:\/\/www.jugulaire.fr\/wordpress\/wp-content\/uploads\/Petit-b\u00e9lier-partition-paysage.png\" alt=\"Petit b\u00e9lier - partition paysage\" width=\"4962\" height=\"3507\" srcset=\"https:\/\/www.jugulaire.fr\/wordpress\/wp-content\/uploads\/Petit-b\u00e9lier-partition-paysage.png 4962w, https:\/\/www.jugulaire.fr\/wordpress\/wp-content\/uploads\/Petit-b\u00e9lier-partition-paysage-300x212.png 300w, https:\/\/www.jugulaire.fr\/wordpress\/wp-content\/uploads\/Petit-b\u00e9lier-partition-paysage-768x543.png 768w, https:\/\/www.jugulaire.fr\/wordpress\/wp-content\/uploads\/Petit-b\u00e9lier-partition-paysage-1024x724.png 1024w\" sizes=\"auto, (max-width: 4962px) 100vw, 4962px\" \/><\/a><\/p>\n<p>&nbsp;<\/p>\n","protected":false},"excerpt":{"rendered":"<p>G G G G G C Eb G Eb F G Philom\u00e8ne, oh Philom\u00e8ne, C\u00a0\u00a0\u00a0\u00a0 G C x2 D\u00a0\u00a0\u00a0\u00a0 A\u00a0 D x 2 Eb\u00a0\u00a0 Bb Eb x2 petit b\u00e9b\u00e9, petit b\u00e9lier, petit lutin G G G G G C Eb G Eb F G C Eb F D G Philom\u00e8ne, oh Philom\u00e8ne, &lsquo;M\u00e8ne &lsquo;Lom\u00e8ne oh &hellip; <a href=\"https:\/\/www.jugulaire.fr\/wordpress\/petit-belier\/\" class=\"more-link\">Continuer la lecture de <span class=\"screen-reader-text\">Petit b\u00e9lier<\/span> <span class=\"meta-nav\">&rarr;<\/span><\/a><\/p>\n","protected":false},"author":1,"featured_media":0,"parent":0,"menu_order":0,"comment_status":"closed","ping_status":"closed","template":"","meta":{"footnotes":""},"class_list":["post-1307","page","type-page","status-publish","hentry"],"_links":{"self":[{"href":"https:\/\/www.jugulaire.fr\/wordpress\/wp-json\/wp\/v2\/pages\/1307","targetHints":{"allow":["GET"]}}],"collection":[{"href":"https:\/\/www.jugulaire.fr\/wordpress\/wp-json\/wp\/v2\/pages"}],"about":[{"href":"https:\/\/www.jugulaire.fr\/wordpress\/wp-json\/wp\/v2\/types\/page"}],"author":[{"embeddable":true,"href":"https:\/\/www.jugulaire.fr\/wordpress\/wp-json\/wp\/v2\/users\/1"}],"replies":[{"embeddable":true,"href":"https:\/\/www.jugulaire.fr\/wordpress\/wp-json\/wp\/v2\/comments?post=1307"}],"version-history":[{"count":8,"href":"https:\/\/www.jugulaire.fr\/wordpress\/wp-json\/wp\/v2\/pages\/1307\/revisions"}],"predecessor-version":[{"id":1629,"href":"https:\/\/www.jugulaire.fr\/wordpress\/wp-json\/wp\/v2\/pages\/1307\/revisions\/1629"}],"wp:attachment":[{"href":"https:\/\/www.jugulaire.fr\/wordpress\/wp-json\/wp\/v2\/media?parent=1307"}],"curies":[{"name":"wp","href":"https:\/\/api.w.org\/{rel}","templated":true}]}}