{"id":1305,"date":"2016-08-01T21:18:33","date_gmt":"2016-08-01T20:18:33","guid":{"rendered":"http:\/\/www.jugulaire.fr\/wordpress\/?page_id=1305"},"modified":"2016-08-22T21:44:02","modified_gmt":"2016-08-22T20:44:02","slug":"interlude-hors-du-temps","status":"publish","type":"page","link":"https:\/\/www.jugulaire.fr\/wordpress\/interlude-hors-du-temps\/","title":{"rendered":"Interlude hors du temps"},"content":{"rendered":"<p><em>un ruisseau,<br \/>\ndes pas dans la neiges,<br \/>\nun fauteuil qui grince,<br \/>\nquelques arp\u00e8ges de guitare en La majeur,<br \/>\navec une basse,<br \/>\nun \u00ab\u00a0ouh\u00a0\u00bb dans une reverb&rsquo;,<br \/>\net Philom\u00e8ne b\u00e9b\u00e9<\/em><\/p>\n","protected":false},"excerpt":{"rendered":"<p>un ruisseau, des pas dans la neiges, un fauteuil qui grince, quelques arp\u00e8ges de guitare en La majeur, avec une basse, un \u00ab\u00a0ouh\u00a0\u00bb dans une reverb&rsquo;, et Philom\u00e8ne b\u00e9b\u00e9<\/p>\n","protected":false},"author":1,"featured_media":0,"parent":0,"menu_order":0,"comment_status":"closed","ping_status":"closed","template":"","meta":{"footnotes":""},"class_list":["post-1305","page","type-page","status-publish","hentry"],"_links":{"self":[{"href":"https:\/\/www.jugulaire.fr\/wordpress\/wp-json\/wp\/v2\/pages\/1305","targetHints":{"allow":["GET"]}}],"collection":[{"href":"https:\/\/www.jugulaire.fr\/wordpress\/wp-json\/wp\/v2\/pages"}],"about":[{"href":"https:\/\/www.jugulaire.fr\/wordpress\/wp-json\/wp\/v2\/types\/page"}],"author":[{"embeddable":true,"href":"https:\/\/www.jugulaire.fr\/wordpress\/wp-json\/wp\/v2\/users\/1"}],"replies":[{"embeddable":true,"href":"https:\/\/www.jugulaire.fr\/wordpress\/wp-json\/wp\/v2\/comments?post=1305"}],"version-history":[{"count":5,"href":"https:\/\/www.jugulaire.fr\/wordpress\/wp-json\/wp\/v2\/pages\/1305\/revisions"}],"predecessor-version":[{"id":1627,"href":"https:\/\/www.jugulaire.fr\/wordpress\/wp-json\/wp\/v2\/pages\/1305\/revisions\/1627"}],"wp:attachment":[{"href":"https:\/\/www.jugulaire.fr\/wordpress\/wp-json\/wp\/v2\/media?parent=1305"}],"curies":[{"name":"wp","href":"https:\/\/api.w.org\/{rel}","templated":true}]}}