{"id":1303,"date":"2016-08-01T21:18:22","date_gmt":"2016-08-01T20:18:22","guid":{"rendered":"http:\/\/www.jugulaire.fr\/wordpress\/?page_id=1303"},"modified":"2021-10-24T20:38:36","modified_gmt":"2021-10-24T19:38:36","slug":"la-vie-parisienne-de-philomene","status":"publish","type":"page","link":"https:\/\/www.jugulaire.fr\/wordpress\/la-vie-parisienne-de-philomene\/","title":{"rendered":"La vie parisienne de Philom\u00e8ne"},"content":{"rendered":"\n<pre class=\"wp-block-verse\"><span style=\"color: #999999;\">G B7 C Eb27 D27<\/span><br><span style=\"color: #999999;\"> G B7 C Eb27 D27 G, Eb27 D27 C27<\/span><br><span style=\"color: #999999;\"> G<\/span><\/pre>\n\n\n\n<blockquote class=\"wp-block-quote is-layout-flow wp-block-quote-is-layout-flow\"><p>T&rsquo;\u00e9tais en vacances en Provence<br> T&rsquo;\u00e9tais pas \u00e0 Paris, t&rsquo;\u00e9tais ailleurs qu&rsquo;ici<br> T&rsquo;\u00e9tais en vacances l\u00e0-bas en Provence<br> Avec tous tes amis et tu courais avec Lucie<\/p><p>T&rsquo;\u00e9tais en ballade au bord du lac<br> Cette fois c&rsquo;\u00e9tait \u00e0 Paris, c&rsquo;\u00e9tait pas loin d&rsquo;ici<br> T&rsquo;\u00e9tais en ballade au lac Daumesnil<br> Et c&rsquo;\u00e9tait rigolo quand tu courais avec Margaux<\/p><p>T&rsquo;as pris le m\u00e9tro pour aller chez Ga\u00eblle<br> Le b\u00e9b\u00e9 s&rsquo;appelle Erwan mais t&rsquo;as surtout vu le chat<br> T&rsquo;as pris le m\u00e9tro pour aller chez Ga\u00eblle<br> Le b\u00e9b\u00e9 s&rsquo;appelle Erwan et le chat \u00e9tait dans le placard<\/p><p>Et tu courais avec Lucie<br> Et tu courais avec Margaux<br> Et le b\u00e9b\u00e9 s&rsquo;appelle Erwan<br> Et le chat \u00e9tait dans le placard<br> Et Philom\u00e8ne vit \u00e0 Paris<\/p><\/blockquote>\n","protected":false},"excerpt":{"rendered":"<p>G B7 C Eb27 D27 G B7 C Eb27 D27 G, Eb27 D27 C27 G T&rsquo;\u00e9tais en vacances en Provence T&rsquo;\u00e9tais pas \u00e0 Paris, t&rsquo;\u00e9tais ailleurs qu&rsquo;ici T&rsquo;\u00e9tais en vacances l\u00e0-bas en Provence Avec tous tes amis et tu courais avec Lucie T&rsquo;\u00e9tais en ballade au bord du lac Cette fois c&rsquo;\u00e9tait \u00e0 Paris, c&rsquo;\u00e9tait &hellip; <a href=\"https:\/\/www.jugulaire.fr\/wordpress\/la-vie-parisienne-de-philomene\/\" class=\"more-link\">Continuer la lecture de <span class=\"screen-reader-text\">La vie parisienne de Philom\u00e8ne<\/span> <span class=\"meta-nav\">&rarr;<\/span><\/a><\/p>\n","protected":false},"author":1,"featured_media":0,"parent":0,"menu_order":0,"comment_status":"closed","ping_status":"closed","template":"","meta":{"footnotes":""},"class_list":["post-1303","page","type-page","status-publish","hentry"],"_links":{"self":[{"href":"https:\/\/www.jugulaire.fr\/wordpress\/wp-json\/wp\/v2\/pages\/1303","targetHints":{"allow":["GET"]}}],"collection":[{"href":"https:\/\/www.jugulaire.fr\/wordpress\/wp-json\/wp\/v2\/pages"}],"about":[{"href":"https:\/\/www.jugulaire.fr\/wordpress\/wp-json\/wp\/v2\/types\/page"}],"author":[{"embeddable":true,"href":"https:\/\/www.jugulaire.fr\/wordpress\/wp-json\/wp\/v2\/users\/1"}],"replies":[{"embeddable":true,"href":"https:\/\/www.jugulaire.fr\/wordpress\/wp-json\/wp\/v2\/comments?post=1303"}],"version-history":[{"count":7,"href":"https:\/\/www.jugulaire.fr\/wordpress\/wp-json\/wp\/v2\/pages\/1303\/revisions"}],"predecessor-version":[{"id":2122,"href":"https:\/\/www.jugulaire.fr\/wordpress\/wp-json\/wp\/v2\/pages\/1303\/revisions\/2122"}],"wp:attachment":[{"href":"https:\/\/www.jugulaire.fr\/wordpress\/wp-json\/wp\/v2\/media?parent=1303"}],"curies":[{"name":"wp","href":"https:\/\/api.w.org\/{rel}","templated":true}]}}