{"id":1301,"date":"2016-08-01T21:18:09","date_gmt":"2016-08-01T20:18:09","guid":{"rendered":"http:\/\/www.jugulaire.fr\/wordpress\/?page_id=1301"},"modified":"2016-08-22T20:36:36","modified_gmt":"2016-08-22T19:36:36","slug":"germe-soma","status":"publish","type":"page","link":"https:\/\/www.jugulaire.fr\/wordpress\/germe-soma\/","title":{"rendered":"Germe &#038; soma"},"content":{"rendered":"<p><span style=\"color: #999999;\">80 bpm<\/span><br \/>\n<span style=\"color: #999999;\"> (1)<\/span><br \/>\n<strong><span style=\"color: #999999;\">Bb Fm\/Bb Eb Gm Ab F Bb<\/span><\/strong><br \/>\n<span style=\"color: #999999;\"> ouh\u2026<\/span><\/p>\n<p style=\"padding-left: 30px;\"><strong>Arrive \u00e0 la bonne et due heure<\/strong><br \/>\n<strong> Ce repos de mon \u00e2me<\/strong><br \/>\n<strong> Cette dose de bonne humeur.<\/strong><\/p>\n<p style=\"padding-left: 30px;\"><strong>Justifie les rames et labeurs<\/strong><br \/>\n<strong> Cet \u00e9veil \u00e0 dos d\u2019\u00e2ne<\/strong><br \/>\n<strong> Ce coup de vent dans les voiles<\/strong><\/p>\n<p><span style=\"color: #999999;\"><strong>Ebm Bb Cm Eb Bb F<\/strong><\/span><\/p>\n<p style=\"padding-left: 30px;\"><strong>A tant brasser l\u2019air agit\u00e9.<\/strong><\/p>\n<p><strong><span style=\"color: #999999;\">F4 F5+<\/span><\/strong><br \/>\n<span style=\"color: #999999;\">(2)<\/span><br \/>\n<strong><span style=\"color: #999999;\"> D Dm Gm Am A<\/span><\/strong><\/p>\n<p style=\"padding-left: 30px;\"><strong>Beau dans l\u2019\u00e9lan<\/strong><br \/>\n<strong> Beau dans le nu<\/strong><br \/>\n<strong> Beau dans le lent<\/strong><br \/>\n<strong> Beau dans la vue<\/strong><br \/>\n<strong> Beau dans le rang<\/strong><br \/>\n<strong> Beau dans la rue<\/strong><br \/>\n<strong> Beau dans le vent<\/strong><br \/>\n<strong> Beau dans les nues<\/strong><\/p>\n<p style=\"padding-left: 30px;\"><strong>Beau l\u2019\u00e9l\u00e9gant<\/strong><br \/>\n<strong> Belle est l\u2019\u00e9lue<\/strong><br \/>\n<strong> Bon est le temps<\/strong><br \/>\n<strong> Belle est la mue<\/strong><br \/>\n<strong> Bien est savant<\/strong><br \/>\n<strong> Qui aurait su<\/strong><br \/>\n<strong> Plus dense l\u2019avant<\/strong><br \/>\n<strong> Plus belle l\u2019issue<\/strong><\/p>\n<p><span style=\"color: #999999;\">(3)<\/span><br \/>\n<strong><span style=\"color: #999999;\">D D\/F# Gm Dm\/F A\/E A7\/C#<\/span><\/strong><\/p>\n<p style=\"padding-left: 30px;\"><strong>Il y a un si\u00e8cle je n\u2019existais pas<\/strong><br \/>\n<strong> Devoir et droit, je porte en moi, germe et soma<\/strong><\/p>\n<p style=\"padding-left: 30px;\"><strong>Car dans un si\u00e8cle je n\u2019existerai plus<\/strong><br \/>\n<strong> Mais l\u2019heure venue, m\u2019aura bien plu de vous avoir connu<\/strong><\/p>\n<p style=\"padding-left: 30px;\"><strong>Il y a un si\u00e8cle tu n\u2019existais pas<\/strong><br \/>\n<strong> Voil\u00e0 pourquoi, pas de faux pas, mais je prend sur moi<\/strong><\/p>\n<p style=\"padding-left: 30px;\"><strong>Et dans un si\u00e8cle tu n\u2019existeras plus<\/strong><br \/>\n<strong> Toi non plus, peine perdue ou pari tenu<\/strong><\/p>\n<p><span style=\"color: #999999;\">(4)<br \/>\n(up \u00bd ton)<\/span><br \/>\n<strong><span style=\"color: #999999;\"> Eb Eb\/G Abm Ebm\/Gb Bb\/F Bb7\/D<\/span><\/strong><\/p>\n<p style=\"padding-left: 30px;\"><strong>Je suis germe et soma<\/strong><br \/>\n<strong> Fait de germe et soma<\/strong><br \/>\n<strong> Je donnerai germe et soma<\/strong><\/p>\n","protected":false},"excerpt":{"rendered":"<p>80 bpm (1) Bb Fm\/Bb Eb Gm Ab F Bb ouh\u2026 Arrive \u00e0 la bonne et due heure Ce repos de mon \u00e2me Cette dose de bonne humeur. Justifie les rames et labeurs Cet \u00e9veil \u00e0 dos d\u2019\u00e2ne Ce coup de vent dans les voiles Ebm Bb Cm Eb Bb F A tant brasser l\u2019air &hellip; <a href=\"https:\/\/www.jugulaire.fr\/wordpress\/germe-soma\/\" class=\"more-link\">Continuer la lecture de <span class=\"screen-reader-text\">Germe &#038; soma<\/span> <span class=\"meta-nav\">&rarr;<\/span><\/a><\/p>\n","protected":false},"author":1,"featured_media":0,"parent":0,"menu_order":0,"comment_status":"closed","ping_status":"closed","template":"","meta":{"footnotes":""},"class_list":["post-1301","page","type-page","status-publish","hentry"],"_links":{"self":[{"href":"https:\/\/www.jugulaire.fr\/wordpress\/wp-json\/wp\/v2\/pages\/1301","targetHints":{"allow":["GET"]}}],"collection":[{"href":"https:\/\/www.jugulaire.fr\/wordpress\/wp-json\/wp\/v2\/pages"}],"about":[{"href":"https:\/\/www.jugulaire.fr\/wordpress\/wp-json\/wp\/v2\/types\/page"}],"author":[{"embeddable":true,"href":"https:\/\/www.jugulaire.fr\/wordpress\/wp-json\/wp\/v2\/users\/1"}],"replies":[{"embeddable":true,"href":"https:\/\/www.jugulaire.fr\/wordpress\/wp-json\/wp\/v2\/comments?post=1301"}],"version-history":[{"count":4,"href":"https:\/\/www.jugulaire.fr\/wordpress\/wp-json\/wp\/v2\/pages\/1301\/revisions"}],"predecessor-version":[{"id":1587,"href":"https:\/\/www.jugulaire.fr\/wordpress\/wp-json\/wp\/v2\/pages\/1301\/revisions\/1587"}],"wp:attachment":[{"href":"https:\/\/www.jugulaire.fr\/wordpress\/wp-json\/wp\/v2\/media?parent=1301"}],"curies":[{"name":"wp","href":"https:\/\/api.w.org\/{rel}","templated":true}]}}