{"id":1299,"date":"2016-08-01T21:17:57","date_gmt":"2016-08-01T20:17:57","guid":{"rendered":"http:\/\/www.jugulaire.fr\/wordpress\/?page_id=1299"},"modified":"2016-08-22T21:03:50","modified_gmt":"2016-08-22T20:03:50","slug":"rhetorique","status":"publish","type":"page","link":"https:\/\/www.jugulaire.fr\/wordpress\/rhetorique\/","title":{"rendered":"Rh\u00e9torique et Lubie"},"content":{"rendered":"<p><span style=\"color: #999999;\">98 bpm<\/span><br \/>\n<span style=\"color: #999999;\"> (refrain) F Am Dm C Am\/Gb Ab Bb C<\/span><\/p>\n<p style=\"padding-left: 30px;\"><strong>De ton sourire \u00e9norme<\/strong><br \/>\n<strong> A ton plaisir hors normes<\/strong><br \/>\n<strong> Des ailes qui me transportent en Allier<\/strong><br \/>\n<strong> D\u00e8s lors que j\u2019ai acquiesc\u00e9<\/strong><\/p>\n<p><span style=\"color: #999999;\">(1) Em G Am Dm G C F F7 E E7<\/span><\/p>\n<p style=\"padding-left: 30px;\"><strong>Dans quel monde l\u2019on vit ?<\/strong><br \/>\n<strong> Dans mes livres en stock<\/strong><br \/>\n<strong> J\u2019ai des guides mais pas de mod&rsquo; op&rsquo;<\/strong><br \/>\n<strong> Des id\u00e9es balay\u00e9es<\/strong><\/p>\n<p><span style=\"color: #999999;\">(2) Em&#8230;<\/span><\/p>\n<p style=\"padding-left: 30px;\"><strong>Par une une sorte de lubie<\/strong><br \/>\n<strong> D\u2019une cynique \u00e9poque<\/strong><br \/>\n<strong> Tout s\u2019explique : combien \u00e7a rapporte ?<\/strong><br \/>\n<strong> Budgets allou\u00e9s<\/strong><\/p>\n<p><span style=\"color: #999999;\">(3) Em Am&#8230;<\/span><\/p>\n<p style=\"padding-left: 30px;\"><strong>Comme un coup de folie<\/strong><br \/>\n<strong> Mastoque, ni\u00e9 en bloc<\/strong><br \/>\n<strong> Comment leur dire stop de tout saccager ?<\/strong><\/p>\n<p><span style=\"color: #999999;\">(4) Am&#8230;<\/span><\/p>\n<p style=\"padding-left: 30px;\"><strong>\u00c7a me donne une manie<\/strong><br \/>\n<strong> Un TOC me bloque<\/strong><br \/>\n<strong> Ai-je ferm\u00e9 la porte ? Ai-je tout v\u00e9rifi\u00e9 ?<\/strong><\/p>\n<p><span style=\"color: #999999;\">(refrain) F Am Dm C<\/span><\/p>\n<p style=\"padding-left: 30px;\"><strong>Mais ton sourire \u00e9norme<\/strong><br \/>\n<strong> Et ton plaisir hors norme<\/strong><\/p>\n<p><span style=\"color: #999999;\">Am\/Gb Ab Bb C<\/span><\/p>\n<p style=\"padding-left: 30px;\"><strong>M\u2019appellent et me transforment en alli\u00e9<\/strong><\/p>\n<p><span style=\"color: #999999;\">Fm Bb7 C<\/span><\/p>\n<p style=\"padding-left: 30px;\"><strong>D\u00e8s lors que j\u2019ai acquiesc\u00e9<\/strong><\/p>\n<p><span style=\"color: #999999;\">Ab Gm Am7<\/span><\/p>\n<p style=\"padding-left: 30px;\"><strong>C\u2019est fort comme on est li\u00e9<\/strong><\/p>\n<p><span style=\"color: #999999;\">Ab Bb C<\/span><\/p>\n<p style=\"padding-left: 30px;\"><strong>D\u00e8s \u00e0 peine que je te connaissais<\/strong><\/p>\n<p><span style=\"color: #999999;\">(5) Em&#8230;<\/span><\/p>\n<p style=\"padding-left: 30px;\"><strong>C\u2019est un genre de chienlit<\/strong><br \/>\n<strong> Ce trombinoscope<\/strong><br \/>\n<strong> Je suffoque<\/strong><br \/>\n<strong> D\u2019interloquer mes potes<\/strong><br \/>\n<strong> Avant de n\u00e9gocier<\/strong><\/p>\n<p><span style=\"color: #999999;\">(6) Am&#8230;<\/span><\/p>\n<p style=\"padding-left: 30px;\"><strong>Un pi\u00e8ge ou un d\u00e9fi<\/strong><br \/>\n<strong> Geek pop<\/strong><br \/>\n<strong> Haut d\u00e9bile 321 disloque<\/strong><br \/>\n<strong> Les invit\u00e9s connect\u00e9s<\/strong><\/p>\n<p><span style=\"color: #999999;\">(7) Em&#8230;<\/span><\/p>\n<p style=\"padding-left: 30px;\"><strong>Contre une vraie maladie<\/strong><br \/>\n<strong> Dans le macroscope<\/strong><br \/>\n<strong> Entit\u00e9s viles ou r\u00e9ciproques<\/strong><br \/>\n<strong> Collaborent \u00e9volu\u00e9es<\/strong><\/p>\n<p><span style=\"color: #999999;\">(8) Am&#8230;<\/span><\/p>\n<p style=\"padding-left: 30px;\"><strong>O\u00f9 est le paradis<\/strong><br \/>\n<strong> Univoque ?<\/strong><br \/>\n<strong> Authentique envie qui r\u00e9voque<\/strong><br \/>\n<strong> Cette ville r\u00e9nov\u00e9e<\/strong><\/p>\n<p style=\"padding-left: 30px;\"><strong>\u00c7a me donne le<\/strong><br \/>\n<strong> \u00c7a me donne le<\/strong><\/p>\n<p><span style=\"color: #999999;\">(9) Am&#8230;<\/span><\/p>\n<p style=\"padding-left: 30px;\"><strong>\u00c7a me donne le tournis<\/strong><br \/>\n<strong> Tu t\u2019en moques<\/strong><br \/>\n<strong> Ton avenir sera ton \u00e9poque<\/strong><\/p>\n<p><span style=\"color: #999999;\">F Dm E C Am Em7 G E<\/span><\/p>\n<p style=\"padding-left: 30px;\"><strong>Sur la mienne appuy\u00e9e<\/strong><\/p>\n<p>&nbsp;<\/p>\n","protected":false},"excerpt":{"rendered":"<p>98 bpm (refrain) F Am Dm C Am\/Gb Ab Bb C De ton sourire \u00e9norme A ton plaisir hors normes Des ailes qui me transportent en Allier D\u00e8s lors que j\u2019ai acquiesc\u00e9 (1) Em G Am Dm G C F F7 E E7 Dans quel monde l\u2019on vit ? Dans mes livres en stock J\u2019ai &hellip; <a href=\"https:\/\/www.jugulaire.fr\/wordpress\/rhetorique\/\" class=\"more-link\">Continuer la lecture de <span class=\"screen-reader-text\">Rh\u00e9torique et Lubie<\/span> <span class=\"meta-nav\">&rarr;<\/span><\/a><\/p>\n","protected":false},"author":1,"featured_media":0,"parent":0,"menu_order":0,"comment_status":"closed","ping_status":"closed","template":"","meta":{"footnotes":""},"class_list":["post-1299","page","type-page","status-publish","hentry"],"_links":{"self":[{"href":"https:\/\/www.jugulaire.fr\/wordpress\/wp-json\/wp\/v2\/pages\/1299","targetHints":{"allow":["GET"]}}],"collection":[{"href":"https:\/\/www.jugulaire.fr\/wordpress\/wp-json\/wp\/v2\/pages"}],"about":[{"href":"https:\/\/www.jugulaire.fr\/wordpress\/wp-json\/wp\/v2\/types\/page"}],"author":[{"embeddable":true,"href":"https:\/\/www.jugulaire.fr\/wordpress\/wp-json\/wp\/v2\/users\/1"}],"replies":[{"embeddable":true,"href":"https:\/\/www.jugulaire.fr\/wordpress\/wp-json\/wp\/v2\/comments?post=1299"}],"version-history":[{"count":8,"href":"https:\/\/www.jugulaire.fr\/wordpress\/wp-json\/wp\/v2\/pages\/1299\/revisions"}],"predecessor-version":[{"id":1607,"href":"https:\/\/www.jugulaire.fr\/wordpress\/wp-json\/wp\/v2\/pages\/1299\/revisions\/1607"}],"wp:attachment":[{"href":"https:\/\/www.jugulaire.fr\/wordpress\/wp-json\/wp\/v2\/media?parent=1299"}],"curies":[{"name":"wp","href":"https:\/\/api.w.org\/{rel}","templated":true}]}}