{"id":1295,"date":"2016-08-01T21:17:27","date_gmt":"2016-08-01T20:17:27","guid":{"rendered":"http:\/\/www.jugulaire.fr\/wordpress\/?page_id=1295"},"modified":"2016-08-22T21:17:01","modified_gmt":"2016-08-22T20:17:01","slug":"detecter-kairos","status":"publish","type":"page","link":"https:\/\/www.jugulaire.fr\/wordpress\/detecter-kairos\/","title":{"rendered":"D\u00e9tecter Ka\u00efros"},"content":{"rendered":"<p style=\"text-align: justify;\"><span style=\"color: #999999;\"><em>90 bpm, <\/em><em>riff en <strong>Fa mineur<\/strong> (capodastre 1)<\/em><\/span><br \/>\n<span style=\"color: #999999;\"><i>couplet 1 : \u00a0pens\u00e9e<\/i><\/span><\/p>\n<p style=\"padding-left: 30px;\"><strong>Laniak\u00e9a en cam\u00e9o<\/strong><br \/>\n<strong> Dans la doxa ici-bas<\/strong><br \/>\n<strong> De mon enclos<\/strong><br \/>\n<strong> Ne fait que passer<\/strong><\/p>\n<p><span style=\"color: #999999;\"><strong>Eb Db Bbm Cm Fm<\/strong><\/span><em><span style=\"color: #999999;\"><br \/>\npetit riff<\/span><\/em><br \/>\n<em> <span style=\"color: #999999;\"> couplet 2 : d\u00e9cision<\/span><\/em><\/p>\n<p style=\"padding-left: 30px;\"><strong>Maintenant ou jamais<\/strong><br \/>\n<strong> C\u2019est le moment maintenant<\/strong><br \/>\n<strong> De se lancer, m\u00eame si<\/strong><br \/>\n<strong> dans la royaut\u00e9, la d\u00e9mocratie,<\/strong><br \/>\n<strong> c\u2019est celui qui r\u00e8gne qui reste assis<\/strong><\/p>\n<p><span style=\"color: #999999;\"><i>refaire gimmick<\/i><\/span><br \/>\n<span style=\"color: #999999;\"> <i>couplet 3 : parole<\/i><\/span><\/p>\n<p style=\"padding-left: 30px;\"><strong>Avec ces charismes comme une \u00e9tuve<\/strong><br \/>\n<strong> Ces gargarismes \u00e0 l\u2019eau de p\u00e9diluve<\/strong><br \/>\n<strong> J\u2019en ai assez<\/strong><\/p>\n<p><span style=\"color: #999999;\"><i>mineur \/ majeur &gt; refrain 1<br \/>\n<\/i><strong>Bb F Gm Ebm<\/strong><\/span><\/p>\n<p style=\"padding-left: 30px;\"><strong>Quand trop t\u00f4t, trop tard, trop lent,<\/strong><br \/>\n<strong> Top t\u00f4t, trop tard c\u2019est oscillant.<\/strong><\/p>\n<p><strong><span style=\"color: #999999;\">Bb F Gm Cm Ebm Gm7 Ebm7<\/span><\/strong><\/p>\n<p style=\"padding-left: 30px;\"><strong>Quand trop t\u00f4t, trop tard, trop lent,<\/strong><br \/>\n<strong> Lent, lent, lent.<br \/>\nD\u00e9tect\u00e9, Ka\u00efros est le bon moment<\/strong><\/p>\n<p><span style=\"color: #999999;\"><strong>F Bb <\/strong><em>glisse vers<\/em> <strong>A<\/strong><br \/>\n<i>couplet 3 : cr\u00e9ation<\/i><\/span><\/p>\n<p style=\"padding-left: 30px;\"><strong>Alors je vais transmuter dans mon jargon<\/strong><br \/>\n<strong> Et figurer mes pens\u00e9es<\/strong><br \/>\n<strong> comme modillons, m\u00eame si<\/strong><br \/>\n<strong> dans la royaut\u00e9, la d\u00e9mocratie,<\/strong><br \/>\n<strong> c\u2019est celui qui parle qui a compris<\/strong><\/p>\n<p><span style=\"color: #999999;\"><i>couplet 4 : r\u00e9ussite<\/i><\/span><\/p>\n<p style=\"padding-left: 30px;\"><strong>Pulv\u00e9riser mes gros d\u00e9mons<\/strong><br \/>\n<strong> En poudre et en milliards de petits \u00e9trons, apr\u00e8s tout<\/strong><br \/>\n<strong> dans la royaut\u00e9, la d\u00e9mocratie,<\/strong><br \/>\n<strong> c\u2019est celui qui fait qui r\u00e9ussit<\/strong><\/p>\n<p><span style=\"color: #999999;\"><i>mineur \/ majeur &gt; <\/i><\/span><span style=\"color: #999999;\"><i>refrain 2<\/i><\/span><\/p>\n<p style=\"padding-left: 30px;\"><strong>Quand trop t\u00f4t, trop tard, trop lent,<\/strong><br \/>\n<strong> Trop t\u00f4t, trop tard c\u2019est osci-iiiiiiii-llant.<\/strong><br \/>\n<strong> Quand trop t\u00f4t, trop tard, trop lent,<\/strong><br \/>\n<strong> Lent, lent, lent.<\/strong><\/p>\n<p><span style=\"color: #999999;\"><strong>F Bb mineur<\/strong><\/span><\/p>\n<p style=\"padding-left: 30px;\"><strong>D\u00e9tect\u00e9, Ka\u00efros est le bon moment<\/strong><\/p>\n<p><span style=\"color: #999999;\"><strong>F Bb7<\/strong><\/span><\/p>\n<p style=\"padding-left: 30px;\"><strong>D\u00e9tect\u00e9, Ka\u00efros est le bon moment<\/strong><\/p>\n<p><strong><span style=\"color: #999999;\">Fa Fa <em>choeurs<\/em> C Ab Bb F<\/span><\/strong><\/p>\n<p style=\"padding-left: 30px;\"><strong>D\u00e9tect\u00e9, Ka\u00efros est le bon moment<\/strong><\/p>\n<p><span style=\"color: #999999;\"><em>fin = <strong>Bb Ab F<\/strong><\/em><\/span><\/p>\n<p>&nbsp;<\/p>\n","protected":false},"excerpt":{"rendered":"<p>90 bpm, riff en Fa mineur (capodastre 1) couplet 1 : \u00a0pens\u00e9e Laniak\u00e9a en cam\u00e9o Dans la doxa ici-bas De mon enclos Ne fait que passer Eb Db Bbm Cm Fm petit riff couplet 2 : d\u00e9cision Maintenant ou jamais C\u2019est le moment maintenant De se lancer, m\u00eame si dans la royaut\u00e9, la d\u00e9mocratie, c\u2019est &hellip; <a href=\"https:\/\/www.jugulaire.fr\/wordpress\/detecter-kairos\/\" class=\"more-link\">Continuer la lecture de <span class=\"screen-reader-text\">D\u00e9tecter Ka\u00efros<\/span> <span class=\"meta-nav\">&rarr;<\/span><\/a><\/p>\n","protected":false},"author":1,"featured_media":0,"parent":0,"menu_order":0,"comment_status":"closed","ping_status":"closed","template":"","meta":{"footnotes":""},"class_list":["post-1295","page","type-page","status-publish","hentry"],"_links":{"self":[{"href":"https:\/\/www.jugulaire.fr\/wordpress\/wp-json\/wp\/v2\/pages\/1295","targetHints":{"allow":["GET"]}}],"collection":[{"href":"https:\/\/www.jugulaire.fr\/wordpress\/wp-json\/wp\/v2\/pages"}],"about":[{"href":"https:\/\/www.jugulaire.fr\/wordpress\/wp-json\/wp\/v2\/types\/page"}],"author":[{"embeddable":true,"href":"https:\/\/www.jugulaire.fr\/wordpress\/wp-json\/wp\/v2\/users\/1"}],"replies":[{"embeddable":true,"href":"https:\/\/www.jugulaire.fr\/wordpress\/wp-json\/wp\/v2\/comments?post=1295"}],"version-history":[{"count":9,"href":"https:\/\/www.jugulaire.fr\/wordpress\/wp-json\/wp\/v2\/pages\/1295\/revisions"}],"predecessor-version":[{"id":1612,"href":"https:\/\/www.jugulaire.fr\/wordpress\/wp-json\/wp\/v2\/pages\/1295\/revisions\/1612"}],"wp:attachment":[{"href":"https:\/\/www.jugulaire.fr\/wordpress\/wp-json\/wp\/v2\/media?parent=1295"}],"curies":[{"name":"wp","href":"https:\/\/api.w.org\/{rel}","templated":true}]}}