{"id":1291,"date":"2016-08-01T21:16:57","date_gmt":"2016-08-01T20:16:57","guid":{"rendered":"http:\/\/www.jugulaire.fr\/wordpress\/?page_id=1291"},"modified":"2017-07-18T09:45:52","modified_gmt":"2017-07-18T08:45:52","slug":"triptyque","status":"publish","type":"page","link":"https:\/\/www.jugulaire.fr\/wordpress\/triptyque\/","title":{"rendered":"d\u00e9marche Triptyque : le 3\u00e8me album en 3 volets"},"content":{"rendered":"<p style=\"text-align: justify;\">Pour moi, il n&rsquo;y a plus d&rsquo;un c\u00f4t\u00e9 des compositions musicales et de l&rsquo;autre ma vraie vie. Il n&rsquo;y a pas non plus de recherche progressive d&rsquo;un chef d\u2019\u0153uvre, mais une \u0153uvre musicale enti\u00e8re que je d\u00e9couvre en moi au fur et \u00e0 mesure de ma vie, dont Jug e\u00fbt l&rsquo;air.<\/p>\n<p style=\"text-align: center;\"><img loading=\"lazy\" decoding=\"async\" width=\"1170\" height=\"156\" class=\"size-full wp-image-1016 aligncenter\" title=\"Triptyque - tranche\" src=\"wp-content\/uploads\/Triptyque-tranche.png\" alt=\"\" srcset=\"https:\/\/www.jugulaire.fr\/wordpress\/wp-content\/uploads\/Triptyque-tranche.png 1170w, https:\/\/www.jugulaire.fr\/wordpress\/wp-content\/uploads\/Triptyque-tranche-300x40.png 300w, https:\/\/www.jugulaire.fr\/wordpress\/wp-content\/uploads\/Triptyque-tranche-1024x136.png 1024w\" sizes=\"auto, (max-width: 1170px) 100vw, 1170px\" \/><\/p>\n<p><strong>Origine de la d\u00e9marche<\/strong><\/p>\n<p style=\"text-align: justify;\">Regrouper mes musiques par album a \u00e9t\u00e9 assez naturel apr\u00e8s le projet collectif \u00ab\u00a0<a href=\"https:\/\/www.jugulaire.fr\/wordpress\/?page_id=94\">Ilion<\/a>\u00a0\u00bb (2000), en raison du volume de chansons et comme un plaisant mim\u00e9tisme d&rsquo;amateur. Ainsi, \u00ab\u00a0<a href=\"https:\/\/www.jugulaire.fr\/wordpress\/?page_id=4\">Manufactured by Jug<\/a>\u00a0\u00bb (2005) est un album de chansons au style d&rsquo;\u00e9criture assez personnel. Ensuite, \u00ab\u00a0<a href=\"https:\/\/www.jugulaire.fr\/wordpress\/?page_id=714\">Con&rsquo;Jug&amp;Son<\/a>\u00a0\u00bb (2009) lui fait directement \u00e9cho, avec le m\u00eame joli nombre magique de chansons (21 = 3&#215;7). Mais les collaborations t\u00e9moignent d&rsquo;une \u00e9volution \u00e0 la fois de mon \u00e9tat d&rsquo;esprit et de mon approche musicale. Donc une th\u00e9matique personnelle se d\u00e9gage de ces ensembles, et je me suis rendu compte qu&rsquo;elles s&rsquo;inscrivent dans une suite logique, &#8230;qui a du sens pour moi.<\/p>\n<p style=\"text-align: justify;\">Le 1er, \u00ab\u00a0<strong>Manufactured by Jug<\/strong>\u00ab\u00a0, est de toute \u00e9vidence sous le th\u00e8me de l&rsquo;introspection, avec une sorte de miroir sur la pochette, comme un \u00ab\u00a0connais-toi toi-m\u00eame\u00a0\u00bb. Il est aussi le premier album \u00e0 la fois r\u00e9alis\u00e9 tout seul et assum\u00e9. Ainsi il tombe sous la repr\u00e9sentation symbolique du chiffre 1.<\/p>\n<p style=\"text-align: justify;\">Le 2\u00e8me, \u00ab\u00a0<strong>Con&rsquo;Jug&amp;son<\/strong>\u00a0\u00bb est sous le th\u00e8me des rencontres et croisements, que l&rsquo;on retrouve \u00e9videmment dans les chansons qui marquent mon \u00ab\u00a0chemin de vie\u00a0\u00bb et dans le fait d&rsquo;avoir int\u00e9gr\u00e9 \u00e0 chaque fois les collaborations avec mes potes. Ainsi il tombe sous la repr\u00e9sentation symbolique du chiffre 2.<\/p>\n<p style=\"text-align: justify;\">A partir de l\u00e0, comme je sais compter (!), je sais que le 3\u00e8me album repr\u00e9sentera symboliquement le chiffre 3. Les choses s&rsquo;inversent : je peux d\u00e9terminer \u00e0 l&rsquo;avance le th\u00e8me de mes prochaines \u0153uvres, donc de mes \u00e9tats d&rsquo;\u00e2mes, plut\u00f4t que de les constater \u00e0 posteriori. Je deviens ma\u00eetre de ma catharsis en lui donnant une orientation.<\/p>\n<p><strong>\u00c9laboration du Triptyque<\/strong><\/p>\n<p style=\"text-align: justify;\">Autant s&rsquo;en amuser, donc cherchons ce qui tombe sous la symbolique du chiffre 3. Forc\u00e9ment en 3 dimensions, ce volet sera sous le th\u00e8me de l&rsquo;\u00e9quilibre et de la trinit\u00e9. Et comme ma vie personnelle de trentenaire (pour le moment !) ne me permet plus une production aussi abondante de 21 morceaux \u00e0 la fois comme les 2 premiers albums,\u00a0le th\u00e8me de l&rsquo;\u00e9quilibre indiquant aussi de ne pas faire un album massif d&rsquo;un coup, je d\u00e9coupe le 3\u00e8me album en 3 volets de 7 morceaux. Nous sommes environ en l&rsquo;an 2010 et voil\u00e0 que nait le triptyque. Chaque volet aura son caract\u00e8re, sa th\u00e9matique, et son style musical, symboliquement sur 7 morceaux.<\/p>\n<p style=\"text-align: justify;\">Le triptyque repr\u00e9sente l&rsquo;\u00e9quilibre \u00e0 trouver sous 3 approches : le solide (glace), le liquide (eau), le gazeux (vapeur)&#8230; ; le corps, l&rsquo;esprit, l&rsquo;\u00e2me&#8230; ; etc&#8230; et aucun des 3 n&rsquo;a de sens sans les 2 autres, comme les \u00e9tage d&rsquo;un immeuble. J&rsquo;\u00e9tablis ainsi les 3 volets du Triptyque :<\/p>\n<ul style=\"text-align: justify;\">\n<li>les \u00e9motions en \u00e9tats d&rsquo;\u00e2mes (crypte)<\/li>\n<li>les formes de temps (balcon)<\/li>\n<li>la capacit\u00e9 de concentration (grenier)<\/li>\n<\/ul>\n<p style=\"text-align: justify;\"><strong>Les trois volets<\/strong><\/p>\n<p style=\"text-align: justify;\">Le premier volet<strong> \u00ab\u00a0<a href=\"https:\/\/www.jugulaire.fr\/wordpress\/?page_id=1041\">Crypte<\/a>\u00ab\u00a0<\/strong> f\u00fbt un album sans paroles, sans le format \u00ab\u00a0chanson\u00a0\u00bb, mais avec beaucoup de production, c&rsquo;est-\u00e0-dire de travail sur les sons, pour transcrire certaines formes de stress. C&rsquo;\u00e9tait aussi mon \u00e9tat personnel du moment et mon aspiration musicale apr\u00e8s le gros travail de finalisation sonore de \u00ab\u00a0Conjug&amp;son\u00a0\u00bb. Donc j&rsquo;ai produit des morceaux bas\u00e9s sur des riffs et des boucles malax\u00e9es.<\/p>\n<p style=\"text-align: justify;\">Un jour je suis tomb\u00e9 sur un documentaire \u00e0 la t\u00e9l\u00e9vision expliquant que le peintre Picasso avait de l&rsquo;admiration pour les masques africains qui repr\u00e9sentent nos peurs ou nos probl\u00e8mes, car il est plus facile de faire face \u00e0 une menace quand on lui donne un visage, une identit\u00e9. Le sens du premier tiers \u00e9tait trouv\u00e9. Le masque de la pochette avait \u00e9t\u00e9 dessin\u00e9 par mes soins pour une soir\u00e9e d\u00e9guis\u00e9e.<\/p>\n<p style=\"text-align: justify;\">Le deuxi\u00e8me volet du triptyque s&rsquo;appellera \u00ab\u00a0<a href=\"https:\/\/www.jugulaire.fr\/wordpress\/?page_id=1183\"><strong>Balcon<\/strong><\/a>\u00a0\u00bb et repr\u00e9sentera le temps qui passe sous toutes ses formes. Le pochette montre l&rsquo;immeuble qui s&rsquo;ouvre, l&rsquo;eau des \u00e9motions qui jaillit, l&rsquo;eau accumul\u00e9e, la v\u00e9g\u00e9tation qui foisonne, donc le temps qui passe. Car une fois les \u00e9motions et le ph\u00e9nom\u00e8ne de prolif\u00e9ration des pens\u00e9es bien identifi\u00e9s, il convient de les replacer dans le temps, pour les att\u00e9nuer (relativiser) ou les renforcer (travailler la prise de conscience de l&rsquo;instant pr\u00e9sent). Cela aboutit \u00e0 un album plus acoustique, tout au moins avec moins de synth\u00e9tiseurs et de montages, et une plus grande assurance dans le chant, avec le travail des harmonies vocales aid\u00e9es par une exp\u00e9rience significative comme choriste et un retour au solf\u00e8ge pour poser les id\u00e9es des chansons.<\/p>\n<p style=\"text-align: justify;\">Le troisi\u00e8me volet du triptyque s&rsquo;appellera \u00ab\u00a0<strong>Grenier<\/strong>\u00a0\u00bb et repr\u00e9sentera quelque chose de mental ou spirituel, quelque chose de plus haut, autour des notions de plafond, de peur \u00e0 d\u00e9passer et d&rsquo;accumulation de tout ce qu&rsquo;on a en soi, profitable ou d\u00e9l\u00e9t\u00e8re pour continuer de s&rsquo;\u00e9lever&#8230; Cet album reste \u00e0 paraitre. Vous ai-je perdu ?<\/p>\n<p><strong>Et apr\u00e8s ? Et avant ?<br \/>\n<\/strong><\/p>\n<p style=\"text-align: justify;\">Avec un album num\u00e9rot\u00e9 troisi\u00e8me, ce n&rsquo;est pas forc\u00e9ment une trilogie que je cherche \u00e0 constituer, car il y aura sans doute encore d&rsquo;autres albums apr\u00e8s. Peut-\u00eatre que le 4\u00e8me album sera sous la symbolique du chiffre 4 et ainsi de suite, mais pour l&rsquo;heure je ne sais pas. Par contre, je sortirai probablement du cadre de 3&#215;7=21 morceaux, qui aura \u00e9t\u00e9 \u00e0 peu pr\u00e8s respect\u00e9 sur ces trois albums.<\/p>\n<p style=\"text-align: justify;\">Et pr\u00e9c\u00e9demment, les morceaux instrumentaux de \u00ab\u00a0<a href=\"https:\/\/www.jugulaire.fr\/wordpress\/?page_id=20\">Brouillons les pistes<\/a>\u00a0\u00bb (1997) ou les chansons du spectacle \u00ab\u00a0<a href=\"https:\/\/www.jugulaire.fr\/wordpress\/?page_id=1710\">Ilion<\/a>\u00a0\u00bb (2000) ou d&rsquo;autres choses comme les chutes d&rsquo;albums (regroup\u00e9es dans \u00ab\u00a0<a href=\"https:\/\/www.jugulaire.fr\/wordpress\/?page_id=1344\">Balises &amp; heures<\/a>\u00ab\u00a0) et des remix par exemple, avaient leur existence propre. Dois-je leur attribuer aussi un chiffre symbolique dans cette logique ?<\/p>\n<p><strong>\u00e9tape Quatre<\/strong><\/p>\n<p>Apr\u00e8s l&rsquo;\u00e9tude des temp\u00eates du mental, il faudra regarder le calme socle au fond.<\/p>\n","protected":false},"excerpt":{"rendered":"<p>Pour moi, il n&rsquo;y a plus d&rsquo;un c\u00f4t\u00e9 des compositions musicales et de l&rsquo;autre ma vraie vie. Il n&rsquo;y a pas non plus de recherche progressive d&rsquo;un chef d\u2019\u0153uvre, mais une \u0153uvre musicale enti\u00e8re que je d\u00e9couvre en moi au fur et \u00e0 mesure de ma vie, dont Jug e\u00fbt l&rsquo;air. Origine de la d\u00e9marche &hellip; <a href=\"https:\/\/www.jugulaire.fr\/wordpress\/triptyque\/\" class=\"more-link\">Continuer la lecture de <span class=\"screen-reader-text\">d\u00e9marche Triptyque : le 3\u00e8me album en 3 volets<\/span> <span class=\"meta-nav\">&rarr;<\/span><\/a><\/p>\n","protected":false},"author":1,"featured_media":0,"parent":0,"menu_order":0,"comment_status":"closed","ping_status":"closed","template":"","meta":{"footnotes":""},"class_list":["post-1291","page","type-page","status-publish","hentry"],"_links":{"self":[{"href":"https:\/\/www.jugulaire.fr\/wordpress\/wp-json\/wp\/v2\/pages\/1291","targetHints":{"allow":["GET"]}}],"collection":[{"href":"https:\/\/www.jugulaire.fr\/wordpress\/wp-json\/wp\/v2\/pages"}],"about":[{"href":"https:\/\/www.jugulaire.fr\/wordpress\/wp-json\/wp\/v2\/types\/page"}],"author":[{"embeddable":true,"href":"https:\/\/www.jugulaire.fr\/wordpress\/wp-json\/wp\/v2\/users\/1"}],"replies":[{"embeddable":true,"href":"https:\/\/www.jugulaire.fr\/wordpress\/wp-json\/wp\/v2\/comments?post=1291"}],"version-history":[{"count":28,"href":"https:\/\/www.jugulaire.fr\/wordpress\/wp-json\/wp\/v2\/pages\/1291\/revisions"}],"predecessor-version":[{"id":1958,"href":"https:\/\/www.jugulaire.fr\/wordpress\/wp-json\/wp\/v2\/pages\/1291\/revisions\/1958"}],"wp:attachment":[{"href":"https:\/\/www.jugulaire.fr\/wordpress\/wp-json\/wp\/v2\/media?parent=1291"}],"curies":[{"name":"wp","href":"https:\/\/api.w.org\/{rel}","templated":true}]}}