{"id":1183,"date":"2016-05-24T15:52:38","date_gmt":"2016-05-24T14:52:38","guid":{"rendered":"http:\/\/www.jugulaire.fr\/wordpress\/?page_id=1183"},"modified":"2025-08-20T13:18:13","modified_gmt":"2025-08-20T12:18:13","slug":"2016-balcon","status":"publish","type":"page","link":"https:\/\/www.jugulaire.fr\/wordpress\/2016-balcon\/","title":{"rendered":"album \u00ab\u00a0Balcon\u00a0\u00bb"},"content":{"rendered":"<p style=\"text-align: justify;\"><strong>Balcon<\/strong> est un album de chansons originales, compos\u00e9es, \u00e9crites, orchestr\u00e9es, interpr\u00e9t\u00e9es, mix\u00e9es par Jug en\u00a0home-studio, finalis\u00e9 en 2016.<\/p>\n<div class=\"wp-playlist wp-audio-playlist wp-playlist-light\">\n\t\t\t<div class=\"wp-playlist-current-item\"><\/div>\n\t\t<audio controls=\"controls\" preload=\"none\" width=\"582\"\n\t\t\t><\/audio>\n\t<div class=\"wp-playlist-next\"><\/div>\n\t<div class=\"wp-playlist-prev\"><\/div>\n\t<noscript>\n\t<ol>\n\t\t<li><a href='https:\/\/www.jugulaire.fr\/wordpress\/wp-content\/uploads\/Jug-01-Fou-de-patienter.mp3'>Fou de patienter<\/a><\/li><li><a href='https:\/\/www.jugulaire.fr\/wordpress\/wp-content\/uploads\/Jug-02-Logigramme-dis-le-vite.mp3'>Logigramme (dis-le vite)<\/a><\/li><li><a href='https:\/\/www.jugulaire.fr\/wordpress\/wp-content\/uploads\/Jug-03-Detecter-Kairos.mp3'>D\u00e9tecter Ka\u00efros<\/a><\/li><li><a href='https:\/\/www.jugulaire.fr\/wordpress\/wp-content\/uploads\/Jug-04-Volcano-stress.mp3'>Volcano stress<\/a><\/li><li><a href='https:\/\/www.jugulaire.fr\/wordpress\/wp-content\/uploads\/Jug-05-Rhetorique-et-lubie.mp3'>Rh\u00e9torique et lubie<\/a><\/li><li><a href='https:\/\/www.jugulaire.fr\/wordpress\/wp-content\/uploads\/Jug-06-Germe-et-soma.mp3'>Germe et soma<\/a><\/li><li><a href='https:\/\/www.jugulaire.fr\/wordpress\/wp-content\/uploads\/Jug-07a-La-vie-parisienne-de-Philomene.mp3'>La vie parisienne de Philom\u00e8ne<\/a><\/li><li><a href='https:\/\/www.jugulaire.fr\/wordpress\/wp-content\/uploads\/Jug-07b-Interlude-hors-du-temps.mp3'>Interlude hors du temps<\/a><\/li><li><a href='https:\/\/www.jugulaire.fr\/wordpress\/wp-content\/uploads\/Jug-07c-Petit-belier.mp3'>Petit b\u00e9lier<\/a><\/li>\t<\/ol>\n\t<\/noscript>\n\t<script type=\"application\/json\" class=\"wp-playlist-script\">{\"type\":\"audio\",\"tracklist\":true,\"tracknumbers\":true,\"images\":true,\"artists\":true,\"tracks\":[{\"src\":\"https:\/\/www.jugulaire.fr\/wordpress\/wp-content\/uploads\/Jug-01-Fou-de-patienter.mp3\",\"type\":\"audio\/mpeg\",\"title\":\"Fou de patienter\",\"caption\":\"\",\"description\":\"\\u003Ci\\u003EFou de patienter\\u003C\/i\\u003E tir\\u00e9 de \\u003Ci\\u003EBalcon\\u003C\/i\\u003E par Jug. Date de sortie\\u00a0: 2016. Piste 1. Genre\\u00a0: www.jugulaire.fr.\",\"meta\":{\"artist\":\"Jug\",\"album\":\"Balcon\",\"genre\":\"www.jugulaire.fr\",\"year\":\"2016\",\"length_formatted\":\"3:18\"},\"image\":{\"src\":\"https:\/\/www.jugulaire.fr\/wordpress\/wp-content\/uploads\/Jug-06-Germe-et-soma-mp3-image.jpg\",\"width\":400,\"height\":400},\"thumb\":{\"src\":\"https:\/\/www.jugulaire.fr\/wordpress\/wp-content\/uploads\/Jug-06-Germe-et-soma-mp3-image-150x150.jpg\",\"width\":150,\"height\":150}},{\"src\":\"https:\/\/www.jugulaire.fr\/wordpress\/wp-content\/uploads\/Jug-02-Logigramme-dis-le-vite.mp3\",\"type\":\"audio\/mpeg\",\"title\":\"Logigramme (dis-le vite)\",\"caption\":\"\",\"description\":\"\\u003Ci\\u003ELogigramme (dis-le vite)\\u003C\/i\\u003E tir\\u00e9 de \\u003Ci\\u003EBalcon\\u003C\/i\\u003E par Jug. Date de sortie\\u00a0: 2016. Piste 2. Genre\\u00a0: www.jugulaire.fr.\",\"meta\":{\"artist\":\"Jug\",\"album\":\"Balcon\",\"genre\":\"www.jugulaire.fr\",\"year\":\"2016\",\"length_formatted\":\"3:29\"},\"image\":{\"src\":\"https:\/\/www.jugulaire.fr\/wordpress\/wp-content\/uploads\/Jug-06-Germe-et-soma-mp3-image.jpg\",\"width\":400,\"height\":400},\"thumb\":{\"src\":\"https:\/\/www.jugulaire.fr\/wordpress\/wp-content\/uploads\/Jug-06-Germe-et-soma-mp3-image-150x150.jpg\",\"width\":150,\"height\":150}},{\"src\":\"https:\/\/www.jugulaire.fr\/wordpress\/wp-content\/uploads\/Jug-03-Detecter-Kairos.mp3\",\"type\":\"audio\/mpeg\",\"title\":\"D\\u00e9tecter Ka\\u00efros\",\"caption\":\"\",\"description\":\"\\u003Ci\\u003ED\\u00e9tecter Ka\\u00efros\\u003C\/i\\u003E tir\\u00e9 de \\u003Ci\\u003EBalcon\\u003C\/i\\u003E par Jug. Date de sortie\\u00a0: 2016. Piste 3. Genre\\u00a0: www.jugulaire.fr.\",\"meta\":{\"artist\":\"Jug\",\"album\":\"Balcon\",\"genre\":\"www.jugulaire.fr\",\"year\":\"2016\",\"length_formatted\":\"2:45\"},\"image\":{\"src\":\"https:\/\/www.jugulaire.fr\/wordpress\/wp-content\/uploads\/Jug-06-Germe-et-soma-mp3-image.jpg\",\"width\":400,\"height\":400},\"thumb\":{\"src\":\"https:\/\/www.jugulaire.fr\/wordpress\/wp-content\/uploads\/Jug-06-Germe-et-soma-mp3-image-150x150.jpg\",\"width\":150,\"height\":150}},{\"src\":\"https:\/\/www.jugulaire.fr\/wordpress\/wp-content\/uploads\/Jug-04-Volcano-stress.mp3\",\"type\":\"audio\/mpeg\",\"title\":\"Volcano stress\",\"caption\":\"\",\"description\":\"\\u003Ci\\u003EVolcano stress\\u003C\/i\\u003E tir\\u00e9 de \\u003Ci\\u003EBalcon\\u003C\/i\\u003E par Jug. Date de sortie\\u00a0: 2016. Piste 4. Genre\\u00a0: www.jugulaire.fr.\",\"meta\":{\"artist\":\"Jug\",\"album\":\"Balcon\",\"genre\":\"www.jugulaire.fr\",\"year\":\"2016\",\"length_formatted\":\"3:54\"},\"image\":{\"src\":\"https:\/\/www.jugulaire.fr\/wordpress\/wp-content\/uploads\/Jug-06-Germe-et-soma-mp3-image.jpg\",\"width\":400,\"height\":400},\"thumb\":{\"src\":\"https:\/\/www.jugulaire.fr\/wordpress\/wp-content\/uploads\/Jug-06-Germe-et-soma-mp3-image-150x150.jpg\",\"width\":150,\"height\":150}},{\"src\":\"https:\/\/www.jugulaire.fr\/wordpress\/wp-content\/uploads\/Jug-05-Rhetorique-et-lubie.mp3\",\"type\":\"audio\/mpeg\",\"title\":\"Rh\\u00e9torique et lubie\",\"caption\":\"\",\"description\":\"\\u003Ci\\u003ERh\\u00e9torique et lubie\\u003C\/i\\u003E tir\\u00e9 de \\u003Ci\\u003EBalcon\\u003C\/i\\u003E par Jug. Date de sortie\\u00a0: 2016. Piste 5. Genre\\u00a0: www.jugulaire.fr.\",\"meta\":{\"artist\":\"Jug\",\"album\":\"Balcon\",\"genre\":\"www.jugulaire.fr\",\"year\":\"2016\",\"length_formatted\":\"2:48\"},\"image\":{\"src\":\"https:\/\/www.jugulaire.fr\/wordpress\/wp-content\/uploads\/Jug-06-Germe-et-soma-mp3-image.jpg\",\"width\":400,\"height\":400},\"thumb\":{\"src\":\"https:\/\/www.jugulaire.fr\/wordpress\/wp-content\/uploads\/Jug-06-Germe-et-soma-mp3-image-150x150.jpg\",\"width\":150,\"height\":150}},{\"src\":\"https:\/\/www.jugulaire.fr\/wordpress\/wp-content\/uploads\/Jug-06-Germe-et-soma.mp3\",\"type\":\"audio\/mpeg\",\"title\":\"Germe et soma\",\"caption\":\"\",\"description\":\"\\u003Ci\\u003EGerme et soma\\u003C\/i\\u003E tir\\u00e9 de \\u003Ci\\u003EBalcon\\u003C\/i\\u003E par Jug. Date de sortie\\u00a0: 2016. Piste 6. Genre\\u00a0: www.jugulaire.fr.\",\"meta\":{\"artist\":\"Jug\",\"album\":\"Balcon\",\"genre\":\"www.jugulaire.fr\",\"year\":\"2016\",\"length_formatted\":\"3:29\"},\"image\":{\"src\":\"https:\/\/www.jugulaire.fr\/wordpress\/wp-content\/uploads\/Jug-06-Germe-et-soma-mp3-image.jpg\",\"width\":400,\"height\":400},\"thumb\":{\"src\":\"https:\/\/www.jugulaire.fr\/wordpress\/wp-content\/uploads\/Jug-06-Germe-et-soma-mp3-image-150x150.jpg\",\"width\":150,\"height\":150}},{\"src\":\"https:\/\/www.jugulaire.fr\/wordpress\/wp-content\/uploads\/Jug-07a-La-vie-parisienne-de-Philomene.mp3\",\"type\":\"audio\/mpeg\",\"title\":\"La vie parisienne de Philom\\u00e8ne\",\"caption\":\"\",\"description\":\"\\u003Ci\\u003ELa vie parisienne de Philom\\u00e8ne\\u003C\/i\\u003E tir\\u00e9 de \\u003Ci\\u003EBalcon\\u003C\/i\\u003E par Jug. Date de sortie\\u00a0: 2016. Piste 7. Genre\\u00a0: www.jugulaire.fr.\",\"meta\":{\"artist\":\"Jug\",\"album\":\"Balcon\",\"genre\":\"www.jugulaire.fr\",\"year\":\"2016\",\"length_formatted\":\"2:05\"},\"image\":{\"src\":\"https:\/\/www.jugulaire.fr\/wordpress\/wp-content\/uploads\/Jug-06-Germe-et-soma-mp3-image.jpg\",\"width\":400,\"height\":400},\"thumb\":{\"src\":\"https:\/\/www.jugulaire.fr\/wordpress\/wp-content\/uploads\/Jug-06-Germe-et-soma-mp3-image-150x150.jpg\",\"width\":150,\"height\":150}},{\"src\":\"https:\/\/www.jugulaire.fr\/wordpress\/wp-content\/uploads\/Jug-07b-Interlude-hors-du-temps.mp3\",\"type\":\"audio\/mpeg\",\"title\":\"Interlude hors du temps\",\"caption\":\"\",\"description\":\"\\u003Ci\\u003EInterlude hors du temps\\u003C\/i\\u003E tir\\u00e9 de \\u003Ci\\u003EBalcon\\u003C\/i\\u003E par Jug. Date de sortie\\u00a0: 2016. Piste 8. Genre\\u00a0: www.jugulaire.fr.\",\"meta\":{\"artist\":\"Jug\",\"album\":\"Balcon\",\"genre\":\"www.jugulaire.fr\",\"year\":\"2016\",\"length_formatted\":\"0:57\"},\"image\":{\"src\":\"https:\/\/www.jugulaire.fr\/wordpress\/wp-content\/uploads\/Jug-06-Germe-et-soma-mp3-image.jpg\",\"width\":400,\"height\":400},\"thumb\":{\"src\":\"https:\/\/www.jugulaire.fr\/wordpress\/wp-content\/uploads\/Jug-06-Germe-et-soma-mp3-image-150x150.jpg\",\"width\":150,\"height\":150}},{\"src\":\"https:\/\/www.jugulaire.fr\/wordpress\/wp-content\/uploads\/Jug-07c-Petit-belier.mp3\",\"type\":\"audio\/mpeg\",\"title\":\"Petit b\\u00e9lier\",\"caption\":\"\",\"description\":\"\\u003Ci\\u003EPetit b\\u00e9lier\\u003C\/i\\u003E tir\\u00e9 de \\u003Ci\\u003EBalcon\\u003C\/i\\u003E par Jug. Date de sortie\\u00a0: 2016. Piste 9. Genre\\u00a0: www.jugulaire.fr.\",\"meta\":{\"artist\":\"Jug\",\"album\":\"Balcon\",\"genre\":\"www.jugulaire.fr\",\"year\":\"2016\",\"length_formatted\":\"1:23\"},\"image\":{\"src\":\"https:\/\/www.jugulaire.fr\/wordpress\/wp-content\/uploads\/Jug-06-Germe-et-soma-mp3-image.jpg\",\"width\":400,\"height\":400},\"thumb\":{\"src\":\"https:\/\/www.jugulaire.fr\/wordpress\/wp-content\/uploads\/Jug-06-Germe-et-soma-mp3-image-150x150.jpg\",\"width\":150,\"height\":150}}]}<\/script>\n<\/div>\n\t\n<p style=\"text-align: justify;\"><strong>bonus :<\/strong><\/p>\n<div class=\"wp-playlist wp-audio-playlist wp-playlist-light\">\n\t\t\t<div class=\"wp-playlist-current-item\"><\/div>\n\t\t<audio controls=\"controls\" preload=\"none\" width=\"582\"\n\t\t\t><\/audio>\n\t<div class=\"wp-playlist-next\"><\/div>\n\t<div class=\"wp-playlist-prev\"><\/div>\n\t<noscript>\n\t<ol>\n\t\t<li><a href='https:\/\/www.jugulaire.fr\/wordpress\/wp-content\/uploads\/Jug-bonus-1-Fou-de-patienter-instrumental.mp3'>Fou de patienter (instrumental)<\/a><\/li><li><a href='https:\/\/www.jugulaire.fr\/wordpress\/wp-content\/uploads\/Jug-bonus-2-Logigramme-instrumental.mp3'>Logigramme (instrumental)<\/a><\/li><li><a href='https:\/\/www.jugulaire.fr\/wordpress\/wp-content\/uploads\/Jug-bonus-3-Detecter-Kairos-instrumental.mp3'>D\u00e9tecter Ka\u00efros (instrumental)<\/a><\/li><li><a href='https:\/\/www.jugulaire.fr\/wordpress\/wp-content\/uploads\/Jug-bonus-4-Volcano-stress-instrumental.mp3'>Volcano stress (instrumental)<\/a><\/li><li><a href='https:\/\/www.jugulaire.fr\/wordpress\/wp-content\/uploads\/Jug-bonus-5-Rhetorique-et-lubie-instrumental.mp3'>Rh\u00e9torique et lubie (instrumental)<\/a><\/li><li><a href='https:\/\/www.jugulaire.fr\/wordpress\/wp-content\/uploads\/Jug-bonus-6-Germe-et-soma-instrumental.mp3'>Germe et soma (instrumental)<\/a><\/li><li><a href='https:\/\/www.jugulaire.fr\/wordpress\/wp-content\/uploads\/Jug-bonus-7-Germe-et-soma-a-capella.mp3'>Germe et soma (a capella)<\/a><\/li><li><a href='https:\/\/www.jugulaire.fr\/wordpress\/wp-content\/uploads\/Jug-bonus-8-Rhetorique-adapte-pour-flute.mp3'>Rh\u00e9torique (adapt\u00e9 pour fl\u00fbte)<\/a><\/li><li><a href='https:\/\/www.jugulaire.fr\/wordpress\/wp-content\/uploads\/Jug-bonus-9-Fou-de-patienter-adapte-pour-flute.mp3'>Fou de patienter (adapt\u00e9 pour fl\u00fbte)<\/a><\/li>\t<\/ol>\n\t<\/noscript>\n\t<script type=\"application\/json\" class=\"wp-playlist-script\">{\"type\":\"audio\",\"tracklist\":true,\"tracknumbers\":true,\"images\":true,\"artists\":true,\"tracks\":[{\"src\":\"https:\/\/www.jugulaire.fr\/wordpress\/wp-content\/uploads\/Jug-bonus-1-Fou-de-patienter-instrumental.mp3\",\"type\":\"audio\/mpeg\",\"title\":\"Fou de patienter (instrumental)\",\"caption\":\"\",\"description\":\"\\u003Ci\\u003EFou de patienter (instrumental)\\u003C\/i\\u003E tir\\u00e9 de \\u003Ci\\u003EBalcon\\u003C\/i\\u003E par Jug. Date de sortie\\u00a0: 2016. Piste 10. Genre\\u00a0: www.jugulaire.fr.\",\"meta\":{\"artist\":\"Jug\",\"album\":\"Balcon\",\"genre\":\"www.jugulaire.fr\",\"year\":\"2016\",\"length_formatted\":\"3:00\"},\"image\":{\"src\":\"https:\/\/www.jugulaire.fr\/wordpress\/wp-content\/uploads\/Jug-06-Germe-et-soma-mp3-image.jpg\",\"width\":400,\"height\":400},\"thumb\":{\"src\":\"https:\/\/www.jugulaire.fr\/wordpress\/wp-content\/uploads\/Jug-06-Germe-et-soma-mp3-image-150x150.jpg\",\"width\":150,\"height\":150}},{\"src\":\"https:\/\/www.jugulaire.fr\/wordpress\/wp-content\/uploads\/Jug-bonus-2-Logigramme-instrumental.mp3\",\"type\":\"audio\/mpeg\",\"title\":\"Logigramme (instrumental)\",\"caption\":\"\",\"description\":\"\\u003Ci\\u003ELogigramme (instrumental)\\u003C\/i\\u003E tir\\u00e9 de \\u003Ci\\u003EBalcon\\u003C\/i\\u003E par Jug. Date de sortie\\u00a0: 2016. Piste 11. Genre\\u00a0: www.jugulaire.fr.\",\"meta\":{\"artist\":\"Jug\",\"album\":\"Balcon\",\"genre\":\"www.jugulaire.fr\",\"year\":\"2016\",\"length_formatted\":\"3:29\"},\"image\":{\"src\":\"https:\/\/www.jugulaire.fr\/wordpress\/wp-content\/uploads\/Jug-06-Germe-et-soma-mp3-image.jpg\",\"width\":400,\"height\":400},\"thumb\":{\"src\":\"https:\/\/www.jugulaire.fr\/wordpress\/wp-content\/uploads\/Jug-06-Germe-et-soma-mp3-image-150x150.jpg\",\"width\":150,\"height\":150}},{\"src\":\"https:\/\/www.jugulaire.fr\/wordpress\/wp-content\/uploads\/Jug-bonus-3-Detecter-Kairos-instrumental.mp3\",\"type\":\"audio\/mpeg\",\"title\":\"D\\u00e9tecter Ka\\u00efros (instrumental)\",\"caption\":\"\",\"description\":\"\\u003Ci\\u003ED\\u00e9tecter Ka\\u00efros (instrumental)\\u003C\/i\\u003E tir\\u00e9 de \\u003Ci\\u003EBalcon\\u003C\/i\\u003E par Jug. Date de sortie\\u00a0: 2016. Piste 12. Genre\\u00a0: www.jugulaire.fr.\",\"meta\":{\"artist\":\"Jug\",\"album\":\"Balcon\",\"genre\":\"www.jugulaire.fr\",\"year\":\"2016\",\"length_formatted\":\"2:45\"},\"image\":{\"src\":\"https:\/\/www.jugulaire.fr\/wordpress\/wp-content\/uploads\/Jug-06-Germe-et-soma-mp3-image.jpg\",\"width\":400,\"height\":400},\"thumb\":{\"src\":\"https:\/\/www.jugulaire.fr\/wordpress\/wp-content\/uploads\/Jug-06-Germe-et-soma-mp3-image-150x150.jpg\",\"width\":150,\"height\":150}},{\"src\":\"https:\/\/www.jugulaire.fr\/wordpress\/wp-content\/uploads\/Jug-bonus-4-Volcano-stress-instrumental.mp3\",\"type\":\"audio\/mpeg\",\"title\":\"Volcano stress (instrumental)\",\"caption\":\"\",\"description\":\"\\u003Ci\\u003EVolcano stress (instrumental)\\u003C\/i\\u003E tir\\u00e9 de \\u003Ci\\u003EBalcon\\u003C\/i\\u003E par Jug. Date de sortie\\u00a0: 2016. Piste 13. Genre\\u00a0: www.jugulaire.fr.\",\"meta\":{\"artist\":\"Jug\",\"album\":\"Balcon\",\"genre\":\"www.jugulaire.fr\",\"year\":\"2016\",\"length_formatted\":\"3:54\"},\"image\":{\"src\":\"https:\/\/www.jugulaire.fr\/wordpress\/wp-content\/uploads\/Jug-06-Germe-et-soma-mp3-image.jpg\",\"width\":400,\"height\":400},\"thumb\":{\"src\":\"https:\/\/www.jugulaire.fr\/wordpress\/wp-content\/uploads\/Jug-06-Germe-et-soma-mp3-image-150x150.jpg\",\"width\":150,\"height\":150}},{\"src\":\"https:\/\/www.jugulaire.fr\/wordpress\/wp-content\/uploads\/Jug-bonus-5-Rhetorique-et-lubie-instrumental.mp3\",\"type\":\"audio\/mpeg\",\"title\":\"Rh\\u00e9torique et lubie (instrumental)\",\"caption\":\"\",\"description\":\"\\u003Ci\\u003ERh\\u00e9torique et lubie (instrumental)\\u003C\/i\\u003E tir\\u00e9 de \\u003Ci\\u003EBalcon\\u003C\/i\\u003E par Jug. Date de sortie\\u00a0: 2016. Piste 14. Genre\\u00a0: www.jugulaire.fr.\",\"meta\":{\"artist\":\"Jug\",\"album\":\"Balcon\",\"genre\":\"www.jugulaire.fr\",\"year\":\"2016\",\"length_formatted\":\"2:48\"},\"image\":{\"src\":\"https:\/\/www.jugulaire.fr\/wordpress\/wp-content\/uploads\/Jug-06-Germe-et-soma-mp3-image.jpg\",\"width\":400,\"height\":400},\"thumb\":{\"src\":\"https:\/\/www.jugulaire.fr\/wordpress\/wp-content\/uploads\/Jug-06-Germe-et-soma-mp3-image-150x150.jpg\",\"width\":150,\"height\":150}},{\"src\":\"https:\/\/www.jugulaire.fr\/wordpress\/wp-content\/uploads\/Jug-bonus-6-Germe-et-soma-instrumental.mp3\",\"type\":\"audio\/mpeg\",\"title\":\"Germe et soma (instrumental)\",\"caption\":\"\",\"description\":\"\\u003Ci\\u003EGerme et soma (instrumental)\\u003C\/i\\u003E tir\\u00e9 de \\u003Ci\\u003EBalcon\\u003C\/i\\u003E par Jug. Date de sortie\\u00a0: 2016. Piste 15. Genre\\u00a0: www.jugulaire.fr.\",\"meta\":{\"artist\":\"Jug\",\"album\":\"Balcon\",\"genre\":\"www.jugulaire.fr\",\"year\":\"2016\",\"length_formatted\":\"3:29\"},\"image\":{\"src\":\"https:\/\/www.jugulaire.fr\/wordpress\/wp-content\/uploads\/Jug-06-Germe-et-soma-mp3-image.jpg\",\"width\":400,\"height\":400},\"thumb\":{\"src\":\"https:\/\/www.jugulaire.fr\/wordpress\/wp-content\/uploads\/Jug-06-Germe-et-soma-mp3-image-150x150.jpg\",\"width\":150,\"height\":150}},{\"src\":\"https:\/\/www.jugulaire.fr\/wordpress\/wp-content\/uploads\/Jug-bonus-7-Germe-et-soma-a-capella.mp3\",\"type\":\"audio\/mpeg\",\"title\":\"Germe et soma (a capella)\",\"caption\":\"\",\"description\":\"\\u003Ci\\u003EGerme et soma (a capella)\\u003C\/i\\u003E tir\\u00e9 de \\u003Ci\\u003EBalcon\\u003C\/i\\u003E par Jug. Date de sortie\\u00a0: 2016. Piste 16. Genre\\u00a0: www.jugulaire.fr.\",\"meta\":{\"artist\":\"Jug\",\"album\":\"Balcon\",\"genre\":\"www.jugulaire.fr\",\"year\":\"2016\",\"length_formatted\":\"1:41\"},\"image\":{\"src\":\"https:\/\/www.jugulaire.fr\/wordpress\/wp-content\/uploads\/Jug-06-Germe-et-soma-mp3-image.jpg\",\"width\":400,\"height\":400},\"thumb\":{\"src\":\"https:\/\/www.jugulaire.fr\/wordpress\/wp-content\/uploads\/Jug-06-Germe-et-soma-mp3-image-150x150.jpg\",\"width\":150,\"height\":150}},{\"src\":\"https:\/\/www.jugulaire.fr\/wordpress\/wp-content\/uploads\/Jug-bonus-8-Rhetorique-adapte-pour-flute.mp3\",\"type\":\"audio\/mpeg\",\"title\":\"Rh\\u00e9torique (adapt\\u00e9 pour fl\\u00fbte)\",\"caption\":\"\",\"description\":\"\\u003Ci\\u003ERh\\u00e9torique (adapt\\u00e9 pour fl\\u00fbte)\\u003C\/i\\u003E tir\\u00e9 de \\u003Ci\\u003EBalcon\\u003C\/i\\u003E par Jug. Date de sortie\\u00a0: 2016. Piste 17. Genre\\u00a0: www.jugulaire.fr.\",\"meta\":{\"artist\":\"Jug\",\"album\":\"Balcon\",\"genre\":\"www.jugulaire.fr\",\"year\":\"2016\",\"length_formatted\":\"1:57\"},\"image\":{\"src\":\"https:\/\/www.jugulaire.fr\/wordpress\/wp-content\/uploads\/Jug-06-Germe-et-soma-mp3-image.jpg\",\"width\":400,\"height\":400},\"thumb\":{\"src\":\"https:\/\/www.jugulaire.fr\/wordpress\/wp-content\/uploads\/Jug-06-Germe-et-soma-mp3-image-150x150.jpg\",\"width\":150,\"height\":150}},{\"src\":\"https:\/\/www.jugulaire.fr\/wordpress\/wp-content\/uploads\/Jug-bonus-9-Fou-de-patienter-adapte-pour-flute.mp3\",\"type\":\"audio\/mpeg\",\"title\":\"Fou de patienter (adapt\\u00e9 pour fl\\u00fbte)\",\"caption\":\"\",\"description\":\"\\u003Ci\\u003EFou de patienter (adapt\\u00e9 pour fl\\u00fbte)\\u003C\/i\\u003E tir\\u00e9 de \\u003Ci\\u003EBalcon\\u003C\/i\\u003E par Jug. Date de sortie\\u00a0: 2016. Piste 18. Genre\\u00a0: www.jugulaire.fr.\",\"meta\":{\"artist\":\"Jug\",\"album\":\"Balcon\",\"genre\":\"www.jugulaire.fr\",\"year\":\"2016\",\"length_formatted\":\"3:10\"},\"image\":{\"src\":\"https:\/\/www.jugulaire.fr\/wordpress\/wp-content\/uploads\/Jug-06-Germe-et-soma-mp3-image.jpg\",\"width\":400,\"height\":400},\"thumb\":{\"src\":\"https:\/\/www.jugulaire.fr\/wordpress\/wp-content\/uploads\/Jug-06-Germe-et-soma-mp3-image-150x150.jpg\",\"width\":150,\"height\":150}}]}<\/script>\n<\/div>\n\t\n<p style=\"text-align: justify;\">Depuis tr\u00e8s longtemps je r\u00e9alise enti\u00e8rement des chansons par moi-m\u00eame. C\u2019est mon loisir, ma passion, ma th\u00e9rapie, ma <strong>catharsis<\/strong>. Mes productions sont toujours espac\u00e9es de plusieurs ann\u00e9es et j\u2019ai le plaisir aujourd\u2019hui de partager avec vous mon dernier cru. Ces \u0153uvres, comme les pr\u00e9c\u00e9dentes, ont la pudeur ne pas avoir d\u2019ambition mercantile, mais peut-\u00eatre peuvent-elles <strong>divertir<\/strong> quelques autres \u00e2mes.<\/p>\n<p style=\"text-align: justify;\">Je vous livre donc amicalement cet album dont Jug e\u00fbt l\u2019air, ces 24 minutes de musique dont chaque morceau contient un d\u00e9veloppement musical condens\u00e9 dans un court format radio. Serait-ce l\u2019album de la maturit\u00e9 ? En tout cas, c\u2019est un retour \u00e0 l\u2019exercice singulier d\u2019avoir tout<strong> interpr\u00e9t\u00e9 par moi-m\u00eame<\/strong> en assumant le chant, avec un effort d\u2019homog\u00e9n\u00e9it\u00e9 du son dans le travail en home-studio, et un approfondissement des harmonies.<\/p>\n<p style=\"text-align: justify;\">Cet album constitue le 2\u00e8me volet de la d\u00e9marche <a href=\"https:\/\/www.jugulaire.fr\/wordpress\/?page_id=1291\">Triptyque<\/a>. Apr\u00e8s l&rsquo;absence de texte dans l&rsquo;album pr\u00e9c\u00e9dent, la parole se lib\u00e8re de nouveau pour poursuivre la catharsis. <strong>La th\u00e9matique de l&rsquo;album est la perception des formes du temps<\/strong> : patience, impatience, opportunit\u00e9, pr\u00e9vision, p\u00e9riode, fin, instant pr\u00e9sent. La musique privil\u00e9gie les sons plus acoustiques que les albums pr\u00e9c\u00e9dents (guitare s\u00e8che, harmonies vocales, &#8230;). On y trouvera aussi des sonorit\u00e9s en relation avec l&rsquo;eau liquide pour symboliser l&rsquo;\u00e9coulement du temps et des \u00e9motions. Le 7\u00e8me morceau est une suite de 3 mouvements.<\/p>\n<p style=\"text-align: justify;\">L\u2019album est intitul\u00e9 \u00ab\u00a0balcon\u00a0\u00bb pour bien me faire penser \u00e0 prendre de la hauteur en regardant ce temps qui passe. En \u00e9coutant les chansons, le temps se relativise.<\/p>\n<p><span style=\"text-decoration: underline;\">Face A<\/span><\/p>\n<p style=\"text-align: justify;\"><strong>[01] <a href=\"https:\/\/www.jugulaire.fr\/wordpress\/?page_id=82\">Fou de patienter<\/a><\/strong> : une chanson \u00e0 propos de la patience et de la confiance en l\u2019avenir. Le piano explore des contre-chants et porte des paroles mn\u00e9motechniques.<\/p>\n<p style=\"text-align: justify;\"><strong>[02] <a href=\"https:\/\/www.jugulaire.fr\/wordpress\/?page_id=1293\">Logigramme (dis-le vite)<\/a><\/strong> : une chanson \u00e0 propos de l\u2019impatience, injuste pour l&rsquo;un et p\u00e9nible pour l&rsquo;autre. Partant du rock, grunge, blues, la fin superpose un contre-chant baroque sur un riff de guitare.<\/p>\n<p style=\"text-align: justify;\"><strong>[03] <a href=\"https:\/\/www.jugulaire.fr\/wordpress\/?page_id=1295\">D\u00e9tecter Ka\u00efros<\/a><\/strong> : tract\u00e9e par un gimmick pos\u00e9e sur une boucle de human beat box, cette chanson pop parle de Ka\u00efros qui symbolisait dans l\u2019antiquit\u00e9 la notion d\u2019opportunit\u00e9. C&rsquo;est aussi une diatribe sur les modes de fonctionnement.<\/p>\n<p style=\"text-align: justify;\"><strong>[04] <a href=\"https:\/\/www.jugulaire.fr\/wordpress\/?page_id=1297\">Volcano stress<\/a><\/strong> : avec un titre improbable, cette chanson parle d\u2019anticipation anxieuse att\u00e9nu\u00e9e \u00e0 coup de bouquins et de d\u2019astuces. D\u00e9butant comme un slow m\u00e9lancolique, elle \u00e9volue vers une auto-d\u00e9rision funky.<\/p>\n<p><span style=\"text-decoration: underline;\">Face B<\/span><\/p>\n<p style=\"text-align: justify;\"><strong>[05] <a href=\"https:\/\/www.jugulaire.fr\/wordpress\/?page_id=1299\">Rh\u00e9torique et Lubie<\/a><\/strong> : all\u00e9gresse musicale des causes et cons\u00e9quences du monde dans lequel nous vivons et l\u00e9guerons. Un orchestration de trio de cordes soutient la ballade.<\/p>\n<p style=\"text-align: justify;\"><strong>[06] <a href=\"https:\/\/www.jugulaire.fr\/wordpress\/?page_id=1301\">Germe &amp; soma<\/a><\/strong> : correspond aux deux types de cellules d&rsquo;un organisme vivant, celles constitutive du corps, dit \u201csoma\u201d et celles du potentiel, dit \u201cgerme\u201d. La chanson parle de vertige g\u00e9n\u00e9alogique en changeant de tonalit\u00e9 3 fois au cours du morceau : d\u00e9but en si b\u00e9mol intimiste, puis en r\u00e9 puissant, et final ad libitum en mi b\u00e9mol.<\/p>\n<p style=\"text-align: justify;\"><strong>[07a] <a href=\"https:\/\/www.jugulaire.fr\/wordpress\/?page_id=1303\">La vie parisienne de Philom\u00e8ne<\/a>, [07b] <a href=\"https:\/\/www.jugulaire.fr\/wordpress\/?page_id=1305\">Interlude hors du temps<\/a>, [07c] <a href=\"https:\/\/www.jugulaire.fr\/wordpress\/?page_id=1307\">Petit B\u00e9lier<\/a><\/strong> : Un peu de l\u00e9g\u00e8ret\u00e9 pour cl\u00f4turer l\u2019album, \u00e0 moins que ce n&rsquo;en soit la solution. Le trio porte la notion de l&rsquo;instant pr\u00e9sent avec des morceaux plus simples (quoique&#8230;).<\/p>\n<p>Il existe 1 unique exemplaire en vinyle.<\/p>\n<p>&nbsp;<\/p>\n\n\n<figure class=\"wp-block-image size-full is-resized\"><a href=\"https:\/\/www.jugulaire.fr\/wordpress\/wp-content\/uploads\/Jug-06-Germe-et-soma-mp3-image.jpg\"><img loading=\"lazy\" decoding=\"async\" width=\"400\" height=\"400\" src=\"https:\/\/www.jugulaire.fr\/wordpress\/wp-content\/uploads\/Jug-06-Germe-et-soma-mp3-image.jpg\" alt=\"\" class=\"wp-image-2160\" style=\"width:634px;height:auto\" srcset=\"https:\/\/www.jugulaire.fr\/wordpress\/wp-content\/uploads\/Jug-06-Germe-et-soma-mp3-image.jpg 400w, https:\/\/www.jugulaire.fr\/wordpress\/wp-content\/uploads\/Jug-06-Germe-et-soma-mp3-image-300x300.jpg 300w, https:\/\/www.jugulaire.fr\/wordpress\/wp-content\/uploads\/Jug-06-Germe-et-soma-mp3-image-150x150.jpg 150w\" sizes=\"auto, (max-width: 400px) 100vw, 400px\" \/><\/a><\/figure>\n","protected":false},"excerpt":{"rendered":"<p>Balcon est un album de chansons originales, compos\u00e9es, \u00e9crites, orchestr\u00e9es, interpr\u00e9t\u00e9es, mix\u00e9es par Jug en\u00a0home-studio, finalis\u00e9 en 2016. bonus : Depuis tr\u00e8s longtemps je r\u00e9alise enti\u00e8rement des chansons par moi-m\u00eame. C\u2019est mon loisir, ma passion, ma th\u00e9rapie, ma catharsis. Mes productions sont toujours espac\u00e9es de plusieurs ann\u00e9es et j\u2019ai le plaisir aujourd\u2019hui de partager avec &hellip; <a href=\"https:\/\/www.jugulaire.fr\/wordpress\/2016-balcon\/\" class=\"more-link\">Continuer la lecture de <span class=\"screen-reader-text\">album \u00ab\u00a0Balcon\u00a0\u00bb<\/span> <span class=\"meta-nav\">&rarr;<\/span><\/a><\/p>\n","protected":false},"author":1,"featured_media":0,"parent":0,"menu_order":0,"comment_status":"closed","ping_status":"closed","template":"","meta":{"footnotes":""},"class_list":["post-1183","page","type-page","status-publish","hentry"],"_links":{"self":[{"href":"https:\/\/www.jugulaire.fr\/wordpress\/wp-json\/wp\/v2\/pages\/1183","targetHints":{"allow":["GET"]}}],"collection":[{"href":"https:\/\/www.jugulaire.fr\/wordpress\/wp-json\/wp\/v2\/pages"}],"about":[{"href":"https:\/\/www.jugulaire.fr\/wordpress\/wp-json\/wp\/v2\/types\/page"}],"author":[{"embeddable":true,"href":"https:\/\/www.jugulaire.fr\/wordpress\/wp-json\/wp\/v2\/users\/1"}],"replies":[{"embeddable":true,"href":"https:\/\/www.jugulaire.fr\/wordpress\/wp-json\/wp\/v2\/comments?post=1183"}],"version-history":[{"count":51,"href":"https:\/\/www.jugulaire.fr\/wordpress\/wp-json\/wp\/v2\/pages\/1183\/revisions"}],"predecessor-version":[{"id":2884,"href":"https:\/\/www.jugulaire.fr\/wordpress\/wp-json\/wp\/v2\/pages\/1183\/revisions\/2884"}],"wp:attachment":[{"href":"https:\/\/www.jugulaire.fr\/wordpress\/wp-json\/wp\/v2\/media?parent=1183"}],"curies":[{"name":"wp","href":"https:\/\/api.w.org\/{rel}","templated":true}]}}